{"id":3932,"date":"2026-01-19T14:36:05","date_gmt":"2026-01-19T14:36:05","guid":{"rendered":"https:\/\/nodig.fi\/tallboden\/"},"modified":"2026-01-19T14:36:06","modified_gmt":"2026-01-19T14:36:06","slug":"tallboden","status":"publish","type":"page","link":"https:\/\/nodig.fi\/fi\/tallboden\/","title":{"rendered":"TALLBODEN"},"content":{"rendered":"\t\t<div data-elementor-type=\"wp-page\" data-elementor-id=\"3932\" class=\"elementor elementor-3932 elementor-3894\" data-elementor-post-type=\"page\">\n\t\t\t\t\t\t<section class=\"elementor-section elementor-top-section elementor-element elementor-element-3e89eae elementor-section-boxed elementor-section-height-default elementor-section-height-default\" data-id=\"3e89eae\" data-element_type=\"section\" data-e-type=\"section\">\n\t\t\t\t\t\t<div class=\"elementor-container elementor-column-gap-default\">\n\t\t\t\t\t<div class=\"elementor-column elementor-col-100 elementor-top-column elementor-element elementor-element-411f863\" data-id=\"411f863\" data-element_type=\"column\" data-e-type=\"column\">\n\t\t\t<div class=\"elementor-widget-wrap elementor-element-populated\">\n\t\t\t\t\t\t<div class=\"elementor-element elementor-element-42fc7a7 elementor-widget elementor-widget-heading\" data-id=\"42fc7a7\" data-element_type=\"widget\" data-e-type=\"widget\" data-widget_type=\"heading.default\">\n\t\t\t\t<div class=\"elementor-widget-container\">\n\t\t\t\t\t<h2 class=\"elementor-heading-title elementor-size-default\">TALLBODEN - myyntipiste puutarhamme tuotteille<\/h2>\t\t\t\t<\/div>\n\t\t\t\t<\/div>\n\t\t\t\t<div class=\"elementor-element elementor-element-acf7275 elementor-widget elementor-widget-image\" data-id=\"acf7275\" data-element_type=\"widget\" data-e-type=\"widget\" data-widget_type=\"image.default\">\n\t\t\t\t<div class=\"elementor-widget-container\">\n\t\t\t\t\t\t\t\t\t\t\t\t\t\t\t<img fetchpriority=\"high\" decoding=\"async\" width=\"768\" height=\"1024\" src=\"https:\/\/nodig.fi\/wp-content\/uploads\/2026\/01\/IMG_20251116_105559-768x1024.jpg\" class=\"attachment-medium_large size-medium_large wp-image-3901\" alt=\"\" srcset=\"https:\/\/nodig.fi\/wp-content\/uploads\/2026\/01\/IMG_20251116_105559-768x1024.jpg 768w, https:\/\/nodig.fi\/wp-content\/uploads\/2026\/01\/IMG_20251116_105559-225x300.jpg 225w, https:\/\/nodig.fi\/wp-content\/uploads\/2026\/01\/IMG_20251116_105559-1152x1536.jpg 1152w, https:\/\/nodig.fi\/wp-content\/uploads\/2026\/01\/IMG_20251116_105559-1536x2048.jpg 1536w, https:\/\/nodig.fi\/wp-content\/uploads\/2026\/01\/IMG_20251116_105559-scaled.jpg 1920w\" sizes=\"(max-width: 768px) 100vw, 768px\" \/>\t\t\t\t\t\t\t\t\t\t\t\t\t\t\t<\/div>\n\t\t\t\t<\/div>\n\t\t\t\t\t<\/div>\n\t\t<\/div>\n\t\t\t\t\t<\/div>\n\t\t<\/section>\n\t\t\t\t<section class=\"elementor-section elementor-top-section elementor-element elementor-element-f7c7fe8 elementor-section-boxed elementor-section-height-default elementor-section-height-default\" data-id=\"f7c7fe8\" data-element_type=\"section\" data-e-type=\"section\">\n\t\t\t\t\t\t<div class=\"elementor-container elementor-column-gap-default\">\n\t\t\t\t\t<div class=\"elementor-column elementor-col-50 elementor-top-column elementor-element elementor-element-332cc4f\" data-id=\"332cc4f\" data-element_type=\"column\" data-e-type=\"column\">\n\t\t\t<div class=\"elementor-widget-wrap elementor-element-populated\">\n\t\t\t\t\t\t<div class=\"elementor-element elementor-element-ef9d045 elementor-drop-cap-yes elementor-drop-cap-view-default elementor-widget elementor-widget-text-editor\" data-id=\"ef9d045\" data-element_type=\"widget\" data-e-type=\"widget\" data-settings=\"{&quot;drop_cap&quot;:&quot;yes&quot;}\" data-widget_type=\"text-editor.default\">\n\t\t\t\t<div class=\"elementor-widget-container\">\n\t\t\t\t\t\t\t\t\t<p>Kun kes\u00e4ll\u00e4 2025 raivasimme Olavinl\u00e4hteen ymp\u00e4rist\u00f6\u00e4 ja istutimme kasvustoa saimme idean puutarhatuotteiden myyntikojusta. Ajelimme Paraisilla ymp\u00e4riins\u00e4 ja tutustuimme samankaltaisiin suoramyyntikioskeihin. P\u00e4\u00e4timme uskaltaa yritt\u00e4\u00e4. Rakennuksen paikaksi valikoitui pys\u00e4k\u00f6intialueen kulma l\u00e4himp\u00e4n\u00e4 liittym\u00e4\u00e4mme Sydmontielt\u00e4 p\u00e4in. Rakentaminen alkoi 14.syyskuuta ja viherkatto mehit\u00e4htineen istutettiin joulukuun alussa.<\/p>\n<p>Kioskin koko on reilut 4 neli\u00f6t\u00e4. Myyt\u00e4v\u00e4t tuotteet sijoitetaan hyllyille ja lasioviseen viile\u00e4kaappiin. Myynniss\u00e4 on sesongin vihanneksia, yrttej\u00e4, marjoja ja kukkia, niin ik\u00e4\u00e4n hunajaa, yrttiteet\u00e4, yrttisuolaa ja k\u00e4sit\u00f6it\u00e4. Tarjoamme my\u00f6s yhteisty\u00f6kumppaneillemme mahdollisuutta myyd\u00e4 tuotteitaan puodissa; n\u00e4in valikoima kasvaa merkitt\u00e4v\u00e4sti.<\/p>\n<p>Haluamme ensiluokkaisten tuotteiden ostamisen olevan yksinkertaista ja k\u00e4tev\u00e4\u00e4 itsepalveluperiaatteella koska tahansa. Puoti on auki aina ja maksaminen sujuu MobilePay\u00b4ll\u00e4. Pys\u00e4k\u00f6intialueella on autoille reilusti tilaa k\u00e4\u00e4nty\u00e4.<\/p>\n<p>Tallbodenin Viralliset Avajaiset juhlitaan <span style=\"color: #ff0000;\">sunnuntaina 19.huhtikuuta<\/span> klo 15.<\/p>\n\t\t\t\t\t\t\t\t<\/div>\n\t\t\t\t<\/div>\n\t\t\t\t\t<\/div>\n\t\t<\/div>\n\t\t\t\t<div class=\"elementor-column elementor-col-50 elementor-top-column elementor-element elementor-element-72dae86\" data-id=\"72dae86\" data-element_type=\"column\" data-e-type=\"column\">\n\t\t\t<div class=\"elementor-widget-wrap elementor-element-populated\">\n\t\t\t\t\t\t<div class=\"elementor-element elementor-element-2a61568 elementor-widget elementor-widget-image\" data-id=\"2a61568\" data-element_type=\"widget\" data-e-type=\"widget\" data-widget_type=\"image.default\">\n\t\t\t\t<div class=\"elementor-widget-container\">\n\t\t\t\t\t\t\t\t\t\t\t\t\t\t\t\t<a href=\"https:\/\/nodig.fi\/wp-content\/uploads\/2026\/01\/IMG_20250918_185433-scaled.jpg\" data-elementor-open-lightbox=\"yes\" data-elementor-lightbox-title=\"IMG_20250918_185433\" data-e-action-hash=\"#elementor-action%3Aaction%3Dlightbox%26settings%3DeyJpZCI6MzkwNCwidXJsIjoiaHR0cHM6XC9cL25vZGlnLmZpXC93cC1jb250ZW50XC91cGxvYWRzXC8yMDI2XC8wMVwvSU1HXzIwMjUwOTE4XzE4NTQzMy1zY2FsZWQuanBnIn0%3D\">\n\t\t\t\t\t\t\t<img decoding=\"async\" width=\"768\" height=\"1024\" src=\"https:\/\/nodig.fi\/wp-content\/uploads\/2026\/01\/IMG_20250918_185433-768x1024.jpg\" class=\"attachment-large size-large wp-image-3904\" alt=\"\" srcset=\"https:\/\/nodig.fi\/wp-content\/uploads\/2026\/01\/IMG_20250918_185433-768x1024.jpg 768w, https:\/\/nodig.fi\/wp-content\/uploads\/2026\/01\/IMG_20250918_185433-225x300.jpg 225w, https:\/\/nodig.fi\/wp-content\/uploads\/2026\/01\/IMG_20250918_185433-1152x1536.jpg 1152w, https:\/\/nodig.fi\/wp-content\/uploads\/2026\/01\/IMG_20250918_185433-1536x2048.jpg 1536w, https:\/\/nodig.fi\/wp-content\/uploads\/2026\/01\/IMG_20250918_185433-scaled.jpg 1920w\" sizes=\"(max-width: 768px) 100vw, 768px\" \/>\t\t\t\t\t\t\t\t<\/a>\n\t\t\t\t\t\t\t\t\t\t\t\t\t\t\t<\/div>\n\t\t\t\t<\/div>\n\t\t\t\t\t<\/div>\n\t\t<\/div>\n\t\t\t\t\t<\/div>\n\t\t<\/section>\n\t\t\t\t<\/div>\n\t\t","protected":false},"excerpt":{"rendered":"<p>TALLBODEN &#8211; myyntipiste puutarhamme tuotteille Kun kes\u00e4ll\u00e4 2025 raivasimme Olavinl\u00e4hteen ymp\u00e4rist\u00f6\u00e4 ja istutimme kasvustoa saimme idean puutarhatuotteiden myyntikojusta. Ajelimme Paraisilla ymp\u00e4riins\u00e4 ja tutustuimme samankaltaisiin suoramyyntikioskeihin. P\u00e4\u00e4timme uskaltaa yritt\u00e4\u00e4. Rakennuksen paikaksi valikoitui pys\u00e4k\u00f6intialueen kulma l\u00e4himp\u00e4n\u00e4 liittym\u00e4\u00e4mme Sydmontielt\u00e4 p\u00e4in. Rakentaminen alkoi 14.syyskuuta ja viherkatto mehit\u00e4htineen istutettiin joulukuun alussa. Kioskin koko on reilut 4 neli\u00f6t\u00e4. Myyt\u00e4v\u00e4t tuotteet sijoitetaan [&hellip;]<\/p>\n","protected":false},"author":1,"featured_media":0,"parent":0,"menu_order":0,"comment_status":"closed","ping_status":"closed","template":"","meta":{"inline_featured_image":false,"site-sidebar-layout":"no-sidebar","site-content-layout":"page-builder","ast-site-content-layout":"full-width-container","site-content-style":"default","site-sidebar-style":"default","ast-global-header-display":"","ast-banner-title-visibility":"","ast-main-header-display":"","ast-hfb-above-header-display":"","ast-hfb-below-header-display":"","ast-hfb-mobile-header-display":"","site-post-title":"disabled","ast-breadcrumbs-content":"","ast-featured-img":"disabled","footer-sml-layout":"","ast-disable-related-posts":"","theme-transparent-header-meta":"default","adv-header-id-meta":"","stick-header-meta":"","header-above-stick-meta":"","header-main-stick-meta":"","header-below-stick-meta":"","astra-migrate-meta-layouts":"default","ast-page-background-enabled":"default","ast-page-background-meta":{"desktop":{"background-color":"","background-image":"","background-repeat":"repeat","background-position":"center center","background-size":"auto","background-attachment":"scroll","background-type":"","background-media":"","overlay-type":"","overlay-color":"","overlay-opacity":"","overlay-gradient":""},"tablet":{"background-color":"","background-image":"","background-repeat":"repeat","background-position":"center center","background-size":"auto","background-attachment":"scroll","background-type":"","background-media":"","overlay-type":"","overlay-color":"","overlay-opacity":"","overlay-gradient":""},"mobile":{"background-color":"","background-image":"","background-repeat":"repeat","background-position":"center center","background-size":"auto","background-attachment":"scroll","background-type":"","background-media":"","overlay-type":"","overlay-color":"","overlay-opacity":"","overlay-gradient":""}},"ast-content-background-meta":{"desktop":{"background-color":"var(--ast-global-color-5)","background-image":"","background-repeat":"repeat","background-position":"center center","background-size":"auto","background-attachment":"scroll","background-type":"","background-media":"","overlay-type":"","overlay-color":"","overlay-opacity":"","overlay-gradient":""},"tablet":{"background-color":"var(--ast-global-color-5)","background-image":"","background-repeat":"repeat","background-position":"center center","background-size":"auto","background-attachment":"scroll","background-type":"","background-media":"","overlay-type":"","overlay-color":"","overlay-opacity":"","overlay-gradient":""},"mobile":{"background-color":"var(--ast-global-color-5)","background-image":"","background-repeat":"repeat","background-position":"center center","background-size":"auto","background-attachment":"scroll","background-type":"","background-media":"","overlay-type":"","overlay-color":"","overlay-opacity":"","overlay-gradient":""}},"footnotes":""},"class_list":["post-3932","page","type-page","status-publish","hentry"],"yoast_head":"<!-- This site is optimized with the Yoast SEO plugin v27.5 - https:\/\/yoast.com\/product\/yoast-seo-wordpress\/ -->\n<title>TALLBODEN - Tallbacka No Dig Oy Ab<\/title>\n<meta name=\"robots\" content=\"index, follow, max-snippet:-1, max-image-preview:large, max-video-preview:-1\" \/>\n<link rel=\"canonical\" href=\"https:\/\/nodig.fi\/tallboden\/\" \/>\n<meta property=\"og:locale\" content=\"fi_FI\" \/>\n<meta property=\"og:type\" content=\"article\" \/>\n<meta property=\"og:title\" content=\"TALLBODEN - Tallbacka No Dig Oy Ab\" \/>\n<meta property=\"og:description\" content=\"TALLBODEN &#8211; myyntipiste puutarhamme tuotteille Kun kes\u00e4ll\u00e4 2025 raivasimme Olavinl\u00e4hteen ymp\u00e4rist\u00f6\u00e4 ja istutimme kasvustoa saimme idean puutarhatuotteiden myyntikojusta. Ajelimme Paraisilla ymp\u00e4riins\u00e4 ja tutustuimme samankaltaisiin suoramyyntikioskeihin. P\u00e4\u00e4timme uskaltaa yritt\u00e4\u00e4. Rakennuksen paikaksi valikoitui pys\u00e4k\u00f6intialueen kulma l\u00e4himp\u00e4n\u00e4 liittym\u00e4\u00e4mme Sydmontielt\u00e4 p\u00e4in. Rakentaminen alkoi 14.syyskuuta ja viherkatto mehit\u00e4htineen istutettiin joulukuun alussa. Kioskin koko on reilut 4 neli\u00f6t\u00e4. Myyt\u00e4v\u00e4t tuotteet sijoitetaan [&hellip;]\" \/>\n<meta property=\"og:url\" content=\"https:\/\/nodig.fi\/tallboden\/\" \/>\n<meta property=\"og:site_name\" content=\"Tallbacka No Dig Oy Ab\" \/>\n<meta property=\"article:publisher\" content=\"https:\/\/www.facebook.com\/TallbackaNoDig\/\" \/>\n<meta property=\"article:modified_time\" content=\"2026-01-19T14:36:06+00:00\" \/>\n<meta property=\"og:image\" content=\"https:\/\/nodig.fi\/wp-content\/uploads\/2026\/01\/IMG_20251116_105559-scaled.jpg\" \/>\n\t<meta property=\"og:image:width\" content=\"1920\" \/>\n\t<meta property=\"og:image:height\" content=\"2560\" \/>\n\t<meta property=\"og:image:type\" content=\"image\/jpeg\" \/>\n<meta name=\"twitter:card\" content=\"summary_large_image\" \/>\n<meta name=\"twitter:label1\" content=\"Arvioitu lukuaika\" \/>\n\t<meta name=\"twitter:data1\" content=\"1 minuutti\" \/>\n<script type=\"application\/ld+json\" class=\"yoast-schema-graph\">{\"@context\":\"https:\\\/\\\/schema.org\",\"@graph\":[{\"@type\":\"WebPage\",\"@id\":\"https:\\\/\\\/nodig.fi\\\/tallboden\\\/\",\"url\":\"https:\\\/\\\/nodig.fi\\\/tallboden\\\/\",\"name\":\"TALLBODEN - Tallbacka No Dig Oy Ab\",\"isPartOf\":{\"@id\":\"https:\\\/\\\/nodig.fi\\\/#website\"},\"primaryImageOfPage\":{\"@id\":\"https:\\\/\\\/nodig.fi\\\/tallboden\\\/#primaryimage\"},\"image\":{\"@id\":\"https:\\\/\\\/nodig.fi\\\/tallboden\\\/#primaryimage\"},\"thumbnailUrl\":\"https:\\\/\\\/nodig.fi\\\/wp-content\\\/uploads\\\/2026\\\/01\\\/IMG_20251116_105559-768x1024.jpg\",\"datePublished\":\"2026-01-19T14:36:05+00:00\",\"dateModified\":\"2026-01-19T14:36:06+00:00\",\"breadcrumb\":{\"@id\":\"https:\\\/\\\/nodig.fi\\\/tallboden\\\/#breadcrumb\"},\"inLanguage\":\"fi\",\"potentialAction\":[{\"@type\":\"ReadAction\",\"target\":[\"https:\\\/\\\/nodig.fi\\\/tallboden\\\/\"]}]},{\"@type\":\"ImageObject\",\"inLanguage\":\"fi\",\"@id\":\"https:\\\/\\\/nodig.fi\\\/tallboden\\\/#primaryimage\",\"url\":\"https:\\\/\\\/nodig.fi\\\/wp-content\\\/uploads\\\/2026\\\/01\\\/IMG_20251116_105559-768x1024.jpg\",\"contentUrl\":\"https:\\\/\\\/nodig.fi\\\/wp-content\\\/uploads\\\/2026\\\/01\\\/IMG_20251116_105559-768x1024.jpg\"},{\"@type\":\"BreadcrumbList\",\"@id\":\"https:\\\/\\\/nodig.fi\\\/tallboden\\\/#breadcrumb\",\"itemListElement\":[{\"@type\":\"ListItem\",\"position\":1,\"name\":\"Hem\",\"item\":\"https:\\\/\\\/nodig.fi\\\/\"},{\"@type\":\"ListItem\",\"position\":2,\"name\":\"TALLBODEN\"}]},{\"@type\":\"WebSite\",\"@id\":\"https:\\\/\\\/nodig.fi\\\/#website\",\"url\":\"https:\\\/\\\/nodig.fi\\\/\",\"name\":\"Nodig - Tallbacka Tr\u00e4dg\u00e5rd\",\"description\":\"\",\"publisher\":{\"@id\":\"https:\\\/\\\/nodig.fi\\\/#organization\"},\"potentialAction\":[{\"@type\":\"SearchAction\",\"target\":{\"@type\":\"EntryPoint\",\"urlTemplate\":\"https:\\\/\\\/nodig.fi\\\/?s={search_term_string}\"},\"query-input\":{\"@type\":\"PropertyValueSpecification\",\"valueRequired\":true,\"valueName\":\"search_term_string\"}}],\"inLanguage\":\"fi\"},{\"@type\":\"Organization\",\"@id\":\"https:\\\/\\\/nodig.fi\\\/#organization\",\"name\":\"Tallbacka No Dig Oy Ab\",\"url\":\"https:\\\/\\\/nodig.fi\\\/\",\"logo\":{\"@type\":\"ImageObject\",\"inLanguage\":\"fi\",\"@id\":\"https:\\\/\\\/nodig.fi\\\/#\\\/schema\\\/logo\\\/image\\\/\",\"url\":\"https:\\\/\\\/nodig.fi\\\/wp-content\\\/uploads\\\/2024\\\/02\\\/no_dig.png\",\"contentUrl\":\"https:\\\/\\\/nodig.fi\\\/wp-content\\\/uploads\\\/2024\\\/02\\\/no_dig.png\",\"width\":814,\"height\":814,\"caption\":\"Tallbacka No Dig Oy Ab\"},\"image\":{\"@id\":\"https:\\\/\\\/nodig.fi\\\/#\\\/schema\\\/logo\\\/image\\\/\"},\"sameAs\":[\"https:\\\/\\\/www.facebook.com\\\/TallbackaNoDig\\\/\"]}]}<\/script>\n<!-- \/ Yoast SEO plugin. -->","yoast_head_json":{"title":"TALLBODEN - Tallbacka No Dig Oy Ab","robots":{"index":"index","follow":"follow","max-snippet":"max-snippet:-1","max-image-preview":"max-image-preview:large","max-video-preview":"max-video-preview:-1"},"canonical":"https:\/\/nodig.fi\/tallboden\/","og_locale":"fi_FI","og_type":"article","og_title":"TALLBODEN - Tallbacka No Dig Oy Ab","og_description":"TALLBODEN &#8211; myyntipiste puutarhamme tuotteille Kun kes\u00e4ll\u00e4 2025 raivasimme Olavinl\u00e4hteen ymp\u00e4rist\u00f6\u00e4 ja istutimme kasvustoa saimme idean puutarhatuotteiden myyntikojusta. Ajelimme Paraisilla ymp\u00e4riins\u00e4 ja tutustuimme samankaltaisiin suoramyyntikioskeihin. P\u00e4\u00e4timme uskaltaa yritt\u00e4\u00e4. Rakennuksen paikaksi valikoitui pys\u00e4k\u00f6intialueen kulma l\u00e4himp\u00e4n\u00e4 liittym\u00e4\u00e4mme Sydmontielt\u00e4 p\u00e4in. Rakentaminen alkoi 14.syyskuuta ja viherkatto mehit\u00e4htineen istutettiin joulukuun alussa. Kioskin koko on reilut 4 neli\u00f6t\u00e4. Myyt\u00e4v\u00e4t tuotteet sijoitetaan [&hellip;]","og_url":"https:\/\/nodig.fi\/tallboden\/","og_site_name":"Tallbacka No Dig Oy Ab","article_publisher":"https:\/\/www.facebook.com\/TallbackaNoDig\/","article_modified_time":"2026-01-19T14:36:06+00:00","og_image":[{"width":1920,"height":2560,"url":"https:\/\/nodig.fi\/wp-content\/uploads\/2026\/01\/IMG_20251116_105559-scaled.jpg","type":"image\/jpeg"}],"twitter_card":"summary_large_image","twitter_misc":{"Arvioitu lukuaika":"1 minuutti"},"schema":{"@context":"https:\/\/schema.org","@graph":[{"@type":"WebPage","@id":"https:\/\/nodig.fi\/tallboden\/","url":"https:\/\/nodig.fi\/tallboden\/","name":"TALLBODEN - Tallbacka No Dig Oy Ab","isPartOf":{"@id":"https:\/\/nodig.fi\/#website"},"primaryImageOfPage":{"@id":"https:\/\/nodig.fi\/tallboden\/#primaryimage"},"image":{"@id":"https:\/\/nodig.fi\/tallboden\/#primaryimage"},"thumbnailUrl":"https:\/\/nodig.fi\/wp-content\/uploads\/2026\/01\/IMG_20251116_105559-768x1024.jpg","datePublished":"2026-01-19T14:36:05+00:00","dateModified":"2026-01-19T14:36:06+00:00","breadcrumb":{"@id":"https:\/\/nodig.fi\/tallboden\/#breadcrumb"},"inLanguage":"fi","potentialAction":[{"@type":"ReadAction","target":["https:\/\/nodig.fi\/tallboden\/"]}]},{"@type":"ImageObject","inLanguage":"fi","@id":"https:\/\/nodig.fi\/tallboden\/#primaryimage","url":"https:\/\/nodig.fi\/wp-content\/uploads\/2026\/01\/IMG_20251116_105559-768x1024.jpg","contentUrl":"https:\/\/nodig.fi\/wp-content\/uploads\/2026\/01\/IMG_20251116_105559-768x1024.jpg"},{"@type":"BreadcrumbList","@id":"https:\/\/nodig.fi\/tallboden\/#breadcrumb","itemListElement":[{"@type":"ListItem","position":1,"name":"Hem","item":"https:\/\/nodig.fi\/"},{"@type":"ListItem","position":2,"name":"TALLBODEN"}]},{"@type":"WebSite","@id":"https:\/\/nodig.fi\/#website","url":"https:\/\/nodig.fi\/","name":"Nodig - Tallbacka Tr\u00e4dg\u00e5rd","description":"","publisher":{"@id":"https:\/\/nodig.fi\/#organization"},"potentialAction":[{"@type":"SearchAction","target":{"@type":"EntryPoint","urlTemplate":"https:\/\/nodig.fi\/?s={search_term_string}"},"query-input":{"@type":"PropertyValueSpecification","valueRequired":true,"valueName":"search_term_string"}}],"inLanguage":"fi"},{"@type":"Organization","@id":"https:\/\/nodig.fi\/#organization","name":"Tallbacka No Dig Oy Ab","url":"https:\/\/nodig.fi\/","logo":{"@type":"ImageObject","inLanguage":"fi","@id":"https:\/\/nodig.fi\/#\/schema\/logo\/image\/","url":"https:\/\/nodig.fi\/wp-content\/uploads\/2024\/02\/no_dig.png","contentUrl":"https:\/\/nodig.fi\/wp-content\/uploads\/2024\/02\/no_dig.png","width":814,"height":814,"caption":"Tallbacka No Dig Oy Ab"},"image":{"@id":"https:\/\/nodig.fi\/#\/schema\/logo\/image\/"},"sameAs":["https:\/\/www.facebook.com\/TallbackaNoDig\/"]}]}},"_links":{"self":[{"href":"https:\/\/nodig.fi\/fi\/wp-json\/wp\/v2\/pages\/3932","targetHints":{"allow":["GET"]}}],"collection":[{"href":"https:\/\/nodig.fi\/fi\/wp-json\/wp\/v2\/pages"}],"about":[{"href":"https:\/\/nodig.fi\/fi\/wp-json\/wp\/v2\/types\/page"}],"author":[{"embeddable":true,"href":"https:\/\/nodig.fi\/fi\/wp-json\/wp\/v2\/users\/1"}],"replies":[{"embeddable":true,"href":"https:\/\/nodig.fi\/fi\/wp-json\/wp\/v2\/comments?post=3932"}],"version-history":[{"count":1,"href":"https:\/\/nodig.fi\/fi\/wp-json\/wp\/v2\/pages\/3932\/revisions"}],"predecessor-version":[{"id":3934,"href":"https:\/\/nodig.fi\/fi\/wp-json\/wp\/v2\/pages\/3932\/revisions\/3934"}],"wp:attachment":[{"href":"https:\/\/nodig.fi\/fi\/wp-json\/wp\/v2\/media?parent=3932"}],"curies":[{"name":"wp","href":"https:\/\/api.w.org\/{rel}","templated":true}]}}