{"id":3692,"date":"2025-03-17T09:47:08","date_gmt":"2025-03-17T09:47:08","guid":{"rendered":"https:\/\/nodig.fi\/olavinlampi\/"},"modified":"2026-01-19T14:47:04","modified_gmt":"2026-01-19T14:47:04","slug":"olavinlampi","status":"publish","type":"page","link":"https:\/\/nodig.fi\/fi\/olavinlampi\/","title":{"rendered":"Olavinlampi"},"content":{"rendered":"\t\t<div data-elementor-type=\"wp-page\" data-elementor-id=\"3692\" class=\"elementor elementor-3692 elementor-3490\" data-elementor-post-type=\"page\">\n\t\t\t\t\t\t<section class=\"elementor-section elementor-top-section elementor-element elementor-element-00eed2f elementor-section-boxed elementor-section-height-default elementor-section-height-default\" data-id=\"00eed2f\" data-element_type=\"section\" data-e-type=\"section\">\n\t\t\t\t\t\t<div class=\"elementor-container elementor-column-gap-default\">\n\t\t\t\t\t<div class=\"elementor-column elementor-col-100 elementor-top-column elementor-element elementor-element-bbc3df3\" data-id=\"bbc3df3\" data-element_type=\"column\" data-e-type=\"column\">\n\t\t\t<div class=\"elementor-widget-wrap elementor-element-populated\">\n\t\t\t\t\t\t<div class=\"elementor-element elementor-element-596d22d elementor-widget elementor-widget-heading\" data-id=\"596d22d\" data-element_type=\"widget\" data-e-type=\"widget\" data-widget_type=\"heading.default\">\n\t\t\t\t<div class=\"elementor-widget-container\">\n\t\t\t\t\t<h1 class=\"elementor-heading-title elementor-size-default\">Olavinl\u00e4hde<\/h1>\t\t\t\t<\/div>\n\t\t\t\t<\/div>\n\t\t\t\t\t<\/div>\n\t\t<\/div>\n\t\t\t\t\t<\/div>\n\t\t<\/section>\n\t\t\t\t<section class=\"elementor-section elementor-top-section elementor-element elementor-element-8134fd7 elementor-section-boxed elementor-section-height-default elementor-section-height-default\" data-id=\"8134fd7\" data-element_type=\"section\" data-e-type=\"section\">\n\t\t\t\t\t\t<div class=\"elementor-container elementor-column-gap-default\">\n\t\t\t\t\t<div class=\"elementor-column elementor-col-50 elementor-top-column elementor-element elementor-element-63394fe\" data-id=\"63394fe\" data-element_type=\"column\" data-e-type=\"column\">\n\t\t\t<div class=\"elementor-widget-wrap elementor-element-populated\">\n\t\t\t\t\t\t<div class=\"elementor-element elementor-element-a6dad08 elementor-drop-cap-yes elementor-drop-cap-view-default elementor-widget elementor-widget-text-editor\" data-id=\"a6dad08\" data-element_type=\"widget\" data-e-type=\"widget\" data-settings=\"{&quot;drop_cap&quot;:&quot;yes&quot;}\" data-widget_type=\"text-editor.default\">\n\t\t\t\t<div class=\"elementor-widget-container\">\n\t\t\t\t\t\t\t\t\t<p>Vuosina 2022\u20132024 valmisteltiin Olavinlammen kaivuuta. Alue vuokrattiin Paraisten kaupungilta 2022 ja 2023 suurin osa puustosta kaadettiin.<\/p>\n<p>Vuonna 2024 kaadettiin loputkin lammen alle j\u00e4\u00e4vist\u00e4 puista ja pintamaa kuorittiin pois. Lopulta, maaliskuussa 2025 oli kaivuun aika. Pintamaan ja hiekkakerroksen alla oli sinist\u00e4 savea, jota k\u00e4ytettiin lammen tiivist\u00e4miseen ja reunojen muotoiluun. Luonnonlampi on kooltaan 85 neli\u00f6t\u00e4 ja maksimisyvyydelt\u00e4\u00e4n kaksi metri\u00e4. El\u00e4v\u00e4ksi lammen tekee jatkuvasti vaihtuva vesi, lammen yl\u00e4puolelta juoksee vett\u00e4 ja poistuu ojaan lammen alapuolelle.<\/p>\n<p>Kaivuun j\u00e4lkeen annoimme kasvillisuuden ja el\u00e4inten vallata uusia asuinsijojaan. Erilaiset vesikirput ja sukeltajat, ruohot ja lev\u00e4t saapuivat heti. Linnut pys\u00e4htyiv\u00e4t juomaan. Hein\u00e4sorsapariskunta harkitsi asettumista taloksi, mutta Rosy koira sai ne muuttamaan mielt\u00e4\u00e4n. My\u00f6s sudenkorennot ja mehil\u00e4iset hakeutuivat veden \u00e4\u00e4reen, sammakonpoikaset ja rantak\u00e4\u00e4rme uivat ymp\u00e4riins\u00e4 kuin lastenlaulussa ik\u00e4\u00e4n. Istutimme omenapuun, osmank\u00e4\u00e4min, kotkansiiven ja kylvimme isovesikrassia. Halusimme koota yhteen sy\u00f6t\u00e4vi\u00e4 vesikasveja. Maisemointiin k\u00e4ytimme keltaisia ja sinisi\u00e4 kriikunapuita, punakoivua, alppiruusuja ja hopeasalavaa. L\u00e4hteeseen istutettiin lumpeita, ja laskupuron yli rakennettiin silta. Silta valmistui p\u00e4iv\u00e4\u00e4 ennen Olavinp\u00e4iv\u00e4n (29.hein\u00e4kuuta) juhlallisuuksia, joissa emeritus kirkkoherra Henric Schmidt vihki Olavinl\u00e4hteen.<\/p>\n\t\t\t\t\t\t\t\t<\/div>\n\t\t\t\t<\/div>\n\t\t\t\t\t<\/div>\n\t\t<\/div>\n\t\t\t\t<div class=\"elementor-column elementor-col-50 elementor-top-column elementor-element elementor-element-9ecc7ab\" data-id=\"9ecc7ab\" data-element_type=\"column\" data-e-type=\"column\">\n\t\t\t<div class=\"elementor-widget-wrap elementor-element-populated\">\n\t\t\t\t\t\t<div class=\"elementor-element elementor-element-fe52698 elementor-widget elementor-widget-image\" data-id=\"fe52698\" data-element_type=\"widget\" data-e-type=\"widget\" data-widget_type=\"image.default\">\n\t\t\t\t<div class=\"elementor-widget-container\">\n\t\t\t\t\t\t\t\t\t\t\t\t\t\t\t\t<a href=\"https:\/\/nodig.fi\/wp-content\/uploads\/2026\/01\/IMG_20251226_104157-scaled.jpg\" data-elementor-open-lightbox=\"yes\" data-elementor-lightbox-title=\"IMG_20251226_104157\" data-e-action-hash=\"#elementor-action%3Aaction%3Dlightbox%26settings%3DeyJpZCI6Mzk0MSwidXJsIjoiaHR0cHM6XC9cL25vZGlnLmZpXC93cC1jb250ZW50XC91cGxvYWRzXC8yMDI2XC8wMVwvSU1HXzIwMjUxMjI2XzEwNDE1Ny1zY2FsZWQuanBnIn0%3D\">\n\t\t\t\t\t\t\t<img fetchpriority=\"high\" decoding=\"async\" width=\"768\" height=\"1024\" src=\"https:\/\/nodig.fi\/wp-content\/uploads\/2026\/01\/IMG_20251226_104157-768x1024.jpg\" class=\"attachment-large size-large wp-image-3941\" alt=\"\" srcset=\"https:\/\/nodig.fi\/wp-content\/uploads\/2026\/01\/IMG_20251226_104157-768x1024.jpg 768w, https:\/\/nodig.fi\/wp-content\/uploads\/2026\/01\/IMG_20251226_104157-225x300.jpg 225w, https:\/\/nodig.fi\/wp-content\/uploads\/2026\/01\/IMG_20251226_104157-1152x1536.jpg 1152w, https:\/\/nodig.fi\/wp-content\/uploads\/2026\/01\/IMG_20251226_104157-1536x2048.jpg 1536w, https:\/\/nodig.fi\/wp-content\/uploads\/2026\/01\/IMG_20251226_104157-scaled.jpg 1920w\" sizes=\"(max-width: 768px) 100vw, 768px\" \/>\t\t\t\t\t\t\t\t<\/a>\n\t\t\t\t\t\t\t\t\t\t\t\t\t\t\t<\/div>\n\t\t\t\t<\/div>\n\t\t\t\t\t<\/div>\n\t\t<\/div>\n\t\t\t\t\t<\/div>\n\t\t<\/section>\n\t\t\t\t<section class=\"elementor-section elementor-top-section elementor-element elementor-element-582660c elementor-section-boxed elementor-section-height-default elementor-section-height-default\" data-id=\"582660c\" data-element_type=\"section\" data-e-type=\"section\">\n\t\t\t\t\t\t<div class=\"elementor-container elementor-column-gap-default\">\n\t\t\t\t\t<div class=\"elementor-column elementor-col-50 elementor-top-column elementor-element elementor-element-79a28c4\" data-id=\"79a28c4\" data-element_type=\"column\" data-e-type=\"column\">\n\t\t\t<div class=\"elementor-widget-wrap elementor-element-populated\">\n\t\t\t\t\t\t<div class=\"elementor-element elementor-element-49462d2 elementor-widget elementor-widget-image\" data-id=\"49462d2\" data-element_type=\"widget\" data-e-type=\"widget\" data-widget_type=\"image.default\">\n\t\t\t\t<div class=\"elementor-widget-container\">\n\t\t\t\t\t\t\t\t\t\t\t\t\t\t\t\t<a href=\"https:\/\/nodig.fi\/wp-content\/uploads\/2026\/01\/20250727_083637-scaled.jpg\" data-elementor-open-lightbox=\"yes\" data-elementor-lightbox-title=\"20250727_083637\" data-e-action-hash=\"#elementor-action%3Aaction%3Dlightbox%26settings%3DeyJpZCI6Mzk0NCwidXJsIjoiaHR0cHM6XC9cL25vZGlnLmZpXC93cC1jb250ZW50XC91cGxvYWRzXC8yMDI2XC8wMVwvMjAyNTA3MjdfMDgzNjM3LXNjYWxlZC5qcGcifQ%3D%3D\">\n\t\t\t\t\t\t\t<img decoding=\"async\" width=\"768\" height=\"1024\" src=\"https:\/\/nodig.fi\/wp-content\/uploads\/2026\/01\/20250727_083637-768x1024.jpg\" class=\"attachment-large size-large wp-image-3944\" alt=\"\" srcset=\"https:\/\/nodig.fi\/wp-content\/uploads\/2026\/01\/20250727_083637-768x1024.jpg 768w, https:\/\/nodig.fi\/wp-content\/uploads\/2026\/01\/20250727_083637-225x300.jpg 225w, https:\/\/nodig.fi\/wp-content\/uploads\/2026\/01\/20250727_083637-1152x1536.jpg 1152w, https:\/\/nodig.fi\/wp-content\/uploads\/2026\/01\/20250727_083637-1536x2048.jpg 1536w, https:\/\/nodig.fi\/wp-content\/uploads\/2026\/01\/20250727_083637-scaled.jpg 1920w\" sizes=\"(max-width: 768px) 100vw, 768px\" \/>\t\t\t\t\t\t\t\t<\/a>\n\t\t\t\t\t\t\t\t\t\t\t\t\t\t\t<\/div>\n\t\t\t\t<\/div>\n\t\t\t\t\t<\/div>\n\t\t<\/div>\n\t\t\t\t<div class=\"elementor-column elementor-col-50 elementor-top-column elementor-element elementor-element-adf3673\" data-id=\"adf3673\" data-element_type=\"column\" data-e-type=\"column\">\n\t\t\t<div class=\"elementor-widget-wrap elementor-element-populated\">\n\t\t\t\t\t\t<div class=\"elementor-element elementor-element-7bd80b3 elementor-widget elementor-widget-image\" data-id=\"7bd80b3\" data-element_type=\"widget\" data-e-type=\"widget\" data-widget_type=\"image.default\">\n\t\t\t\t<div class=\"elementor-widget-container\">\n\t\t\t\t\t\t\t\t\t\t\t\t\t\t\t\t<a href=\"https:\/\/nodig.fi\/wp-content\/uploads\/2026\/01\/20250817_184000-scaled.jpg\" data-elementor-open-lightbox=\"yes\" data-elementor-lightbox-title=\"20250817_184000\" data-e-action-hash=\"#elementor-action%3Aaction%3Dlightbox%26settings%3DeyJpZCI6Mzk0NywidXJsIjoiaHR0cHM6XC9cL25vZGlnLmZpXC93cC1jb250ZW50XC91cGxvYWRzXC8yMDI2XC8wMVwvMjAyNTA4MTdfMTg0MDAwLXNjYWxlZC5qcGcifQ%3D%3D\">\n\t\t\t\t\t\t\t<img decoding=\"async\" width=\"768\" height=\"1024\" src=\"https:\/\/nodig.fi\/wp-content\/uploads\/2026\/01\/20250817_184000-768x1024.jpg\" class=\"attachment-large size-large wp-image-3947\" alt=\"\" srcset=\"https:\/\/nodig.fi\/wp-content\/uploads\/2026\/01\/20250817_184000-768x1024.jpg 768w, https:\/\/nodig.fi\/wp-content\/uploads\/2026\/01\/20250817_184000-225x300.jpg 225w, https:\/\/nodig.fi\/wp-content\/uploads\/2026\/01\/20250817_184000-1152x1536.jpg 1152w, https:\/\/nodig.fi\/wp-content\/uploads\/2026\/01\/20250817_184000-1536x2048.jpg 1536w, https:\/\/nodig.fi\/wp-content\/uploads\/2026\/01\/20250817_184000-scaled.jpg 1920w\" sizes=\"(max-width: 768px) 100vw, 768px\" \/>\t\t\t\t\t\t\t\t<\/a>\n\t\t\t\t\t\t\t\t\t\t\t\t\t\t\t<\/div>\n\t\t\t\t<\/div>\n\t\t\t\t\t<\/div>\n\t\t<\/div>\n\t\t\t\t\t<\/div>\n\t\t<\/section>\n\t\t\t\t<\/div>\n\t\t","protected":false},"excerpt":{"rendered":"<p>Olavinl\u00e4hde Vuosina 2022\u20132024 valmisteltiin Olavinlammen kaivuuta. Alue vuokrattiin Paraisten kaupungilta 2022 ja 2023 suurin osa puustosta kaadettiin. Vuonna 2024 kaadettiin loputkin lammen alle j\u00e4\u00e4vist\u00e4 puista ja pintamaa kuorittiin pois. Lopulta, maaliskuussa 2025 oli kaivuun aika. Pintamaan ja hiekkakerroksen alla oli sinist\u00e4 savea, jota k\u00e4ytettiin lammen tiivist\u00e4miseen ja reunojen muotoiluun. Luonnonlampi on kooltaan 85 neli\u00f6t\u00e4 ja [&hellip;]<\/p>\n","protected":false},"author":6,"featured_media":0,"parent":0,"menu_order":0,"comment_status":"closed","ping_status":"closed","template":"","meta":{"inline_featured_image":false,"site-sidebar-layout":"no-sidebar","site-content-layout":"page-builder","ast-site-content-layout":"full-width-container","site-content-style":"default","site-sidebar-style":"default","ast-global-header-display":"","ast-banner-title-visibility":"","ast-main-header-display":"","ast-hfb-above-header-display":"","ast-hfb-below-header-display":"","ast-hfb-mobile-header-display":"","site-post-title":"disabled","ast-breadcrumbs-content":"","ast-featured-img":"disabled","footer-sml-layout":"","ast-disable-related-posts":"","theme-transparent-header-meta":"","adv-header-id-meta":"","stick-header-meta":"","header-above-stick-meta":"","header-main-stick-meta":"","header-below-stick-meta":"","astra-migrate-meta-layouts":"default","ast-page-background-enabled":"default","ast-page-background-meta":{"desktop":{"background-color":"","background-image":"","background-repeat":"repeat","background-position":"center center","background-size":"auto","background-attachment":"scroll","background-type":"","background-media":"","overlay-type":"","overlay-color":"","overlay-opacity":"","overlay-gradient":""},"tablet":{"background-color":"","background-image":"","background-repeat":"repeat","background-position":"center center","background-size":"auto","background-attachment":"scroll","background-type":"","background-media":"","overlay-type":"","overlay-color":"","overlay-opacity":"","overlay-gradient":""},"mobile":{"background-color":"","background-image":"","background-repeat":"repeat","background-position":"center center","background-size":"auto","background-attachment":"scroll","background-type":"","background-media":"","overlay-type":"","overlay-color":"","overlay-opacity":"","overlay-gradient":""}},"ast-content-background-meta":{"desktop":{"background-color":"var(--ast-global-color-5)","background-image":"","background-repeat":"repeat","background-position":"center center","background-size":"auto","background-attachment":"scroll","background-type":"","background-media":"","overlay-type":"","overlay-color":"","overlay-opacity":"","overlay-gradient":""},"tablet":{"background-color":"var(--ast-global-color-5)","background-image":"","background-repeat":"repeat","background-position":"center center","background-size":"auto","background-attachment":"scroll","background-type":"","background-media":"","overlay-type":"","overlay-color":"","overlay-opacity":"","overlay-gradient":""},"mobile":{"background-color":"var(--ast-global-color-5)","background-image":"","background-repeat":"repeat","background-position":"center center","background-size":"auto","background-attachment":"scroll","background-type":"","background-media":"","overlay-type":"","overlay-color":"","overlay-opacity":"","overlay-gradient":""}},"footnotes":""},"class_list":["post-3692","page","type-page","status-publish","hentry"],"yoast_head":"<!-- This site is optimized with the Yoast SEO plugin v27.5 - https:\/\/yoast.com\/product\/yoast-seo-wordpress\/ -->\n<title>Olavinlampi - Tallbacka No Dig Oy Ab<\/title>\n<meta name=\"robots\" content=\"index, follow, max-snippet:-1, max-image-preview:large, max-video-preview:-1\" \/>\n<link rel=\"canonical\" href=\"https:\/\/nodig.fi\/olofsdammen\/\" \/>\n<meta property=\"og:locale\" content=\"fi_FI\" \/>\n<meta property=\"og:type\" content=\"article\" \/>\n<meta property=\"og:title\" content=\"Olavinlampi - Tallbacka No Dig Oy Ab\" \/>\n<meta property=\"og:description\" content=\"Olavinl\u00e4hde Vuosina 2022\u20132024 valmisteltiin Olavinlammen kaivuuta. Alue vuokrattiin Paraisten kaupungilta 2022 ja 2023 suurin osa puustosta kaadettiin. Vuonna 2024 kaadettiin loputkin lammen alle j\u00e4\u00e4vist\u00e4 puista ja pintamaa kuorittiin pois. Lopulta, maaliskuussa 2025 oli kaivuun aika. Pintamaan ja hiekkakerroksen alla oli sinist\u00e4 savea, jota k\u00e4ytettiin lammen tiivist\u00e4miseen ja reunojen muotoiluun. Luonnonlampi on kooltaan 85 neli\u00f6t\u00e4 ja [&hellip;]\" \/>\n<meta property=\"og:url\" content=\"https:\/\/nodig.fi\/olofsdammen\/\" \/>\n<meta property=\"og:site_name\" content=\"Tallbacka No Dig Oy Ab\" \/>\n<meta property=\"article:publisher\" content=\"https:\/\/www.facebook.com\/TallbackaNoDig\/\" \/>\n<meta property=\"article:modified_time\" content=\"2026-01-19T14:47:04+00:00\" \/>\n<meta property=\"og:image\" content=\"https:\/\/nodig.fi\/wp-content\/uploads\/2026\/01\/IMG_20251226_104157-scaled.jpg\" \/>\n\t<meta property=\"og:image:width\" content=\"1920\" \/>\n\t<meta property=\"og:image:height\" content=\"2560\" \/>\n\t<meta property=\"og:image:type\" content=\"image\/jpeg\" \/>\n<meta name=\"twitter:card\" content=\"summary_large_image\" \/>\n<meta name=\"twitter:label1\" content=\"Arvioitu lukuaika\" \/>\n\t<meta name=\"twitter:data1\" content=\"1 minuutti\" \/>\n<script type=\"application\/ld+json\" class=\"yoast-schema-graph\">{\"@context\":\"https:\\\/\\\/schema.org\",\"@graph\":[{\"@type\":\"WebPage\",\"@id\":\"https:\\\/\\\/nodig.fi\\\/olofsdammen\\\/\",\"url\":\"https:\\\/\\\/nodig.fi\\\/olofsdammen\\\/\",\"name\":\"Olavinlampi - Tallbacka No Dig Oy Ab\",\"isPartOf\":{\"@id\":\"https:\\\/\\\/nodig.fi\\\/#website\"},\"primaryImageOfPage\":{\"@id\":\"https:\\\/\\\/nodig.fi\\\/olofsdammen\\\/#primaryimage\"},\"image\":{\"@id\":\"https:\\\/\\\/nodig.fi\\\/olofsdammen\\\/#primaryimage\"},\"thumbnailUrl\":\"https:\\\/\\\/nodig.fi\\\/wp-content\\\/uploads\\\/2026\\\/01\\\/IMG_20251226_104157-768x1024.jpg\",\"datePublished\":\"2025-03-17T09:47:08+00:00\",\"dateModified\":\"2026-01-19T14:47:04+00:00\",\"breadcrumb\":{\"@id\":\"https:\\\/\\\/nodig.fi\\\/olofsdammen\\\/#breadcrumb\"},\"inLanguage\":\"fi\",\"potentialAction\":[{\"@type\":\"ReadAction\",\"target\":[\"https:\\\/\\\/nodig.fi\\\/olofsdammen\\\/\"]}]},{\"@type\":\"ImageObject\",\"inLanguage\":\"fi\",\"@id\":\"https:\\\/\\\/nodig.fi\\\/olofsdammen\\\/#primaryimage\",\"url\":\"https:\\\/\\\/nodig.fi\\\/wp-content\\\/uploads\\\/2026\\\/01\\\/IMG_20251226_104157-768x1024.jpg\",\"contentUrl\":\"https:\\\/\\\/nodig.fi\\\/wp-content\\\/uploads\\\/2026\\\/01\\\/IMG_20251226_104157-768x1024.jpg\"},{\"@type\":\"BreadcrumbList\",\"@id\":\"https:\\\/\\\/nodig.fi\\\/olofsdammen\\\/#breadcrumb\",\"itemListElement\":[{\"@type\":\"ListItem\",\"position\":1,\"name\":\"Hem\",\"item\":\"https:\\\/\\\/nodig.fi\\\/\"},{\"@type\":\"ListItem\",\"position\":2,\"name\":\"Olavinlampi\"}]},{\"@type\":\"WebSite\",\"@id\":\"https:\\\/\\\/nodig.fi\\\/#website\",\"url\":\"https:\\\/\\\/nodig.fi\\\/\",\"name\":\"Nodig - Tallbacka Tr\u00e4dg\u00e5rd\",\"description\":\"\",\"publisher\":{\"@id\":\"https:\\\/\\\/nodig.fi\\\/#organization\"},\"potentialAction\":[{\"@type\":\"SearchAction\",\"target\":{\"@type\":\"EntryPoint\",\"urlTemplate\":\"https:\\\/\\\/nodig.fi\\\/?s={search_term_string}\"},\"query-input\":{\"@type\":\"PropertyValueSpecification\",\"valueRequired\":true,\"valueName\":\"search_term_string\"}}],\"inLanguage\":\"fi\"},{\"@type\":\"Organization\",\"@id\":\"https:\\\/\\\/nodig.fi\\\/#organization\",\"name\":\"Tallbacka No Dig Oy Ab\",\"url\":\"https:\\\/\\\/nodig.fi\\\/\",\"logo\":{\"@type\":\"ImageObject\",\"inLanguage\":\"fi\",\"@id\":\"https:\\\/\\\/nodig.fi\\\/#\\\/schema\\\/logo\\\/image\\\/\",\"url\":\"https:\\\/\\\/nodig.fi\\\/wp-content\\\/uploads\\\/2024\\\/02\\\/no_dig.png\",\"contentUrl\":\"https:\\\/\\\/nodig.fi\\\/wp-content\\\/uploads\\\/2024\\\/02\\\/no_dig.png\",\"width\":814,\"height\":814,\"caption\":\"Tallbacka No Dig Oy Ab\"},\"image\":{\"@id\":\"https:\\\/\\\/nodig.fi\\\/#\\\/schema\\\/logo\\\/image\\\/\"},\"sameAs\":[\"https:\\\/\\\/www.facebook.com\\\/TallbackaNoDig\\\/\"]}]}<\/script>\n<!-- \/ Yoast SEO plugin. -->","yoast_head_json":{"title":"Olavinlampi - Tallbacka No Dig Oy Ab","robots":{"index":"index","follow":"follow","max-snippet":"max-snippet:-1","max-image-preview":"max-image-preview:large","max-video-preview":"max-video-preview:-1"},"canonical":"https:\/\/nodig.fi\/olofsdammen\/","og_locale":"fi_FI","og_type":"article","og_title":"Olavinlampi - Tallbacka No Dig Oy Ab","og_description":"Olavinl\u00e4hde Vuosina 2022\u20132024 valmisteltiin Olavinlammen kaivuuta. Alue vuokrattiin Paraisten kaupungilta 2022 ja 2023 suurin osa puustosta kaadettiin. Vuonna 2024 kaadettiin loputkin lammen alle j\u00e4\u00e4vist\u00e4 puista ja pintamaa kuorittiin pois. Lopulta, maaliskuussa 2025 oli kaivuun aika. Pintamaan ja hiekkakerroksen alla oli sinist\u00e4 savea, jota k\u00e4ytettiin lammen tiivist\u00e4miseen ja reunojen muotoiluun. Luonnonlampi on kooltaan 85 neli\u00f6t\u00e4 ja [&hellip;]","og_url":"https:\/\/nodig.fi\/olofsdammen\/","og_site_name":"Tallbacka No Dig Oy Ab","article_publisher":"https:\/\/www.facebook.com\/TallbackaNoDig\/","article_modified_time":"2026-01-19T14:47:04+00:00","og_image":[{"width":1920,"height":2560,"url":"https:\/\/nodig.fi\/wp-content\/uploads\/2026\/01\/IMG_20251226_104157-scaled.jpg","type":"image\/jpeg"}],"twitter_card":"summary_large_image","twitter_misc":{"Arvioitu lukuaika":"1 minuutti"},"schema":{"@context":"https:\/\/schema.org","@graph":[{"@type":"WebPage","@id":"https:\/\/nodig.fi\/olofsdammen\/","url":"https:\/\/nodig.fi\/olofsdammen\/","name":"Olavinlampi - Tallbacka No Dig Oy Ab","isPartOf":{"@id":"https:\/\/nodig.fi\/#website"},"primaryImageOfPage":{"@id":"https:\/\/nodig.fi\/olofsdammen\/#primaryimage"},"image":{"@id":"https:\/\/nodig.fi\/olofsdammen\/#primaryimage"},"thumbnailUrl":"https:\/\/nodig.fi\/wp-content\/uploads\/2026\/01\/IMG_20251226_104157-768x1024.jpg","datePublished":"2025-03-17T09:47:08+00:00","dateModified":"2026-01-19T14:47:04+00:00","breadcrumb":{"@id":"https:\/\/nodig.fi\/olofsdammen\/#breadcrumb"},"inLanguage":"fi","potentialAction":[{"@type":"ReadAction","target":["https:\/\/nodig.fi\/olofsdammen\/"]}]},{"@type":"ImageObject","inLanguage":"fi","@id":"https:\/\/nodig.fi\/olofsdammen\/#primaryimage","url":"https:\/\/nodig.fi\/wp-content\/uploads\/2026\/01\/IMG_20251226_104157-768x1024.jpg","contentUrl":"https:\/\/nodig.fi\/wp-content\/uploads\/2026\/01\/IMG_20251226_104157-768x1024.jpg"},{"@type":"BreadcrumbList","@id":"https:\/\/nodig.fi\/olofsdammen\/#breadcrumb","itemListElement":[{"@type":"ListItem","position":1,"name":"Hem","item":"https:\/\/nodig.fi\/"},{"@type":"ListItem","position":2,"name":"Olavinlampi"}]},{"@type":"WebSite","@id":"https:\/\/nodig.fi\/#website","url":"https:\/\/nodig.fi\/","name":"Nodig - Tallbacka Tr\u00e4dg\u00e5rd","description":"","publisher":{"@id":"https:\/\/nodig.fi\/#organization"},"potentialAction":[{"@type":"SearchAction","target":{"@type":"EntryPoint","urlTemplate":"https:\/\/nodig.fi\/?s={search_term_string}"},"query-input":{"@type":"PropertyValueSpecification","valueRequired":true,"valueName":"search_term_string"}}],"inLanguage":"fi"},{"@type":"Organization","@id":"https:\/\/nodig.fi\/#organization","name":"Tallbacka No Dig Oy Ab","url":"https:\/\/nodig.fi\/","logo":{"@type":"ImageObject","inLanguage":"fi","@id":"https:\/\/nodig.fi\/#\/schema\/logo\/image\/","url":"https:\/\/nodig.fi\/wp-content\/uploads\/2024\/02\/no_dig.png","contentUrl":"https:\/\/nodig.fi\/wp-content\/uploads\/2024\/02\/no_dig.png","width":814,"height":814,"caption":"Tallbacka No Dig Oy Ab"},"image":{"@id":"https:\/\/nodig.fi\/#\/schema\/logo\/image\/"},"sameAs":["https:\/\/www.facebook.com\/TallbackaNoDig\/"]}]}},"_links":{"self":[{"href":"https:\/\/nodig.fi\/fi\/wp-json\/wp\/v2\/pages\/3692","targetHints":{"allow":["GET"]}}],"collection":[{"href":"https:\/\/nodig.fi\/fi\/wp-json\/wp\/v2\/pages"}],"about":[{"href":"https:\/\/nodig.fi\/fi\/wp-json\/wp\/v2\/types\/page"}],"author":[{"embeddable":true,"href":"https:\/\/nodig.fi\/fi\/wp-json\/wp\/v2\/users\/6"}],"replies":[{"embeddable":true,"href":"https:\/\/nodig.fi\/fi\/wp-json\/wp\/v2\/comments?post=3692"}],"version-history":[{"count":2,"href":"https:\/\/nodig.fi\/fi\/wp-json\/wp\/v2\/pages\/3692\/revisions"}],"predecessor-version":[{"id":3951,"href":"https:\/\/nodig.fi\/fi\/wp-json\/wp\/v2\/pages\/3692\/revisions\/3951"}],"wp:attachment":[{"href":"https:\/\/nodig.fi\/fi\/wp-json\/wp\/v2\/media?parent=3692"}],"curies":[{"name":"wp","href":"https:\/\/api.w.org\/{rel}","templated":true}]}}