{"id":2713,"date":"2024-01-24T18:53:24","date_gmt":"2024-01-24T18:53:24","guid":{"rendered":"https:\/\/nodig.fi\/tt2023-4\/"},"modified":"2024-02-22T18:42:45","modified_gmt":"2024-02-22T18:42:45","slug":"tt2023-4","status":"publish","type":"page","link":"https:\/\/nodig.fi\/fi\/tt2023-4\/","title":{"rendered":"tt2023-4"},"content":{"rendered":"\t\t<div data-elementor-type=\"wp-page\" data-elementor-id=\"2713\" class=\"elementor elementor-2713 elementor-2707\" data-elementor-post-type=\"page\">\n\t\t\t\t\t\t<section class=\"elementor-section elementor-top-section elementor-element elementor-element-f555585 elementor-section-boxed elementor-section-height-default elementor-section-height-default\" data-id=\"f555585\" data-element_type=\"section\" data-e-type=\"section\">\n\t\t\t\t\t\t<div class=\"elementor-container elementor-column-gap-default\">\n\t\t\t\t\t<div class=\"elementor-column elementor-col-50 elementor-top-column elementor-element elementor-element-4c05522\" data-id=\"4c05522\" data-element_type=\"column\" data-e-type=\"column\">\n\t\t\t<div class=\"elementor-widget-wrap elementor-element-populated\">\n\t\t\t\t\t\t<div class=\"elementor-element elementor-element-345bbff elementor-widget elementor-widget-image\" data-id=\"345bbff\" data-element_type=\"widget\" data-e-type=\"widget\" data-widget_type=\"image.default\">\n\t\t\t\t<div class=\"elementor-widget-container\">\n\t\t\t\t\t\t\t\t\t\t\t\t\t\t\t<img fetchpriority=\"high\" decoding=\"async\" width=\"300\" height=\"218\" src=\"https:\/\/nodig.fi\/wp-content\/uploads\/2024\/01\/logomedtext-300x218.png\" class=\"attachment-medium size-medium wp-image-2640\" alt=\"\" srcset=\"https:\/\/nodig.fi\/wp-content\/uploads\/2024\/01\/logomedtext-300x218.png 300w, https:\/\/nodig.fi\/wp-content\/uploads\/2024\/01\/logomedtext-1024x745.png 1024w, https:\/\/nodig.fi\/wp-content\/uploads\/2024\/01\/logomedtext-768x559.png 768w, https:\/\/nodig.fi\/wp-content\/uploads\/2024\/01\/logomedtext-1536x1118.png 1536w, https:\/\/nodig.fi\/wp-content\/uploads\/2024\/01\/logomedtext.png 1904w\" sizes=\"(max-width: 300px) 100vw, 300px\" \/>\t\t\t\t\t\t\t\t\t\t\t\t\t\t\t<\/div>\n\t\t\t\t<\/div>\n\t\t\t\t\t<\/div>\n\t\t<\/div>\n\t\t\t\t<div class=\"elementor-column elementor-col-50 elementor-top-column elementor-element elementor-element-1fb7c24\" data-id=\"1fb7c24\" data-element_type=\"column\" data-e-type=\"column\">\n\t\t\t<div class=\"elementor-widget-wrap elementor-element-populated\">\n\t\t\t\t\t\t<div class=\"elementor-element elementor-element-03bec40 elementor-widget elementor-widget-image\" data-id=\"03bec40\" data-element_type=\"widget\" data-e-type=\"widget\" data-widget_type=\"image.default\">\n\t\t\t\t<div class=\"elementor-widget-container\">\n\t\t\t\t\t\t\t\t\t\t\t\t\t\t\t<img decoding=\"async\" src=\"https:\/\/nodig.fi\/wp-content\/uploads\/elementor\/thumbs\/Nodigtxtline1-r20sf99y0dfurot96b4or6ec6vsu9p4bg2cydigy8s.png\" title=\"Nodigtxtline1\" alt=\"Nodigtxtline1\" loading=\"lazy\" \/>\t\t\t\t\t\t\t\t\t\t\t\t\t\t\t<\/div>\n\t\t\t\t<\/div>\n\t\t\t\t\t<\/div>\n\t\t<\/div>\n\t\t\t\t\t<\/div>\n\t\t<\/section>\n\t\t\t\t<section class=\"elementor-section elementor-top-section elementor-element elementor-element-1013858 elementor-section-boxed elementor-section-height-default elementor-section-height-default\" data-id=\"1013858\" data-element_type=\"section\" data-e-type=\"section\">\n\t\t\t\t\t\t<div class=\"elementor-container elementor-column-gap-default\">\n\t\t\t\t\t<div class=\"elementor-column elementor-col-100 elementor-top-column elementor-element elementor-element-f554864\" data-id=\"f554864\" data-element_type=\"column\" data-e-type=\"column\">\n\t\t\t<div class=\"elementor-widget-wrap elementor-element-populated\">\n\t\t\t\t\t\t<div class=\"elementor-element elementor-element-e8309ed elementor-widget elementor-widget-heading\" data-id=\"e8309ed\" data-element_type=\"widget\" data-e-type=\"widget\" data-widget_type=\"heading.default\">\n\t\t\t\t<div class=\"elementor-widget-container\">\n\t\t\t\t\t<h1 class=\"elementor-heading-title elementor-size-default\">Tallbackan vuosi 2023 - osa 4<\/h1>\t\t\t\t<\/div>\n\t\t\t\t<\/div>\n\t\t\t\t<div class=\"elementor-element elementor-element-5abf91e elementor-widget elementor-widget-text-editor\" data-id=\"5abf91e\" data-element_type=\"widget\" data-e-type=\"widget\" data-widget_type=\"text-editor.default\">\n\t\t\t\t<div class=\"elementor-widget-container\">\n\t\t\t\t\t\t\t\t\t<h2 style=\"text-align: center;\"><strong>Taimikasvihuone<\/strong><\/h2>\n<p>Olemme pitk\u00e4\u00e4n haaveilleet kasvihuoneesta, johon mahtuisi jopa vaativampia hedelm\u00e4puita kuten aprikoosi, persikka tai viikuna.<\/p>\n<p>Talvikasvihuoneen piirustukset hyv\u00e4ksyttiin vuonna 2020, joten takaraja rakentamisen aloittamiselle oli syksyss\u00e4 2023. Talvikasvihuone oli meille kuitenkin liian kallis, joten suunnitelmaa karsittiin muovihuoneeksi. Ty\u00f6t piti aloittaa jo kev\u00e4\u00e4ll\u00e4 2023, sill\u00e4 yrteille 2016 tehty lavakaulusviljelm\u00e4 piti poistaa. Ilmeni, ett\u00e4 alimmat laatikot olivat jo hyvin heikkoja, joten ne olisi joka tapauksessa pit\u00e4nyt uusia. Kokosimme yrttilavojen maa-aineksen talteen isoksi kasaksi odottamaan rakentamisen aloittamista.<\/p>\n<p>Elokuussa alkoivat rakennuksen pohjaty\u00f6t kun t\u00e4m\u00e4 9 kertaa 11 metrin alue kaivettiin auki. Itse rakennuksen koko tulisi olemaan 4,6 kertaa 8 metri\u00e4, korkeus katonharjaan 4,3 metri\u00e4. Vesijohdot, s\u00e4hk\u00f6kaapelit ja viem\u00e4ri asennettiin ja pohja tasattiin sepelill\u00e4. Vesi ja s\u00e4hk\u00f6liittym\u00e4 vedettiin asuintalon kellarista. Perustuksissa k\u00e4ytettiin maa-ankkureita, jotka porattiin maahan. Niihin kiinnitettiin puukehys, johon puolestaan ruuvattiin sein\u00e4palkit, jatkeenaan kattotuolit. Sis\u00e4katon palkit ruuvattiin kattopalkkeihin ja molempiin p\u00e4\u00e4tyihin pystysuorat pattingit. (kts kuva ja piirustus)<\/p>\n<p>Lokakuun loppupuolella p\u00e4\u00e4simme kasvihuonemuovin asennukseen. 20. lokakuuta muovi oli kiinnitetty paikoilleen alumiinilistoin kattotuoleihin ja p\u00e4\u00e4typalkkeihin. Kattoon tehtiin aukot tuuletusluukuille, mutta sitten oli pakko keskeytt\u00e4\u00e4 ty\u00f6 sill\u00e4 talvi ja kylmyys saapuivat varhain. Tuuletusluukut tulivat marraskuussa ja odottelevat nyt mukavampia s\u00e4it\u00e4.<\/p>\n<p>Joulukuussa vedettiin s\u00e4hk\u00f6 kasvihuoneeseen, mutta valaistusta ei ehdittu saada valmiiksi. Taimien k\u00e4sittelynurkkauksen suojalevyt ovat paikoillaan samoin kuin pesualtaan taustalevy.<\/p>\n<p>Kev\u00e4\u00e4ll\u00e4 molemmille puolille kasvihuonetta asennetaan my\u00f6s ovet.<\/p>\n\t\t\t\t\t\t\t\t<\/div>\n\t\t\t\t<\/div>\n\t\t\t\t\t<\/div>\n\t\t<\/div>\n\t\t\t\t\t<\/div>\n\t\t<\/section>\n\t\t\t\t<section class=\"elementor-section elementor-top-section elementor-element elementor-element-75fdfca elementor-section-boxed elementor-section-height-default elementor-section-height-default\" data-id=\"75fdfca\" data-element_type=\"section\" data-e-type=\"section\">\n\t\t\t\t\t\t<div class=\"elementor-container elementor-column-gap-default\">\n\t\t\t\t\t<div class=\"elementor-column elementor-col-50 elementor-top-column elementor-element elementor-element-7288dd1\" data-id=\"7288dd1\" data-element_type=\"column\" data-e-type=\"column\">\n\t\t\t<div class=\"elementor-widget-wrap elementor-element-populated\">\n\t\t\t\t\t\t<div class=\"elementor-element elementor-element-dfa96ee elementor-widget elementor-widget-text-editor\" data-id=\"dfa96ee\" data-element_type=\"widget\" data-e-type=\"widget\" data-widget_type=\"text-editor.default\">\n\t\t\t\t<div class=\"elementor-widget-container\">\n\t\t\t\t\t\t\t\t\t<h3><strong><a href=\"http:\/\/dialog.fi\/fi\/tt2023-3\"><span style=\"color: #ff0000;\">Edellinen<\/span><\/a><\/strong><\/h3>\n\t\t\t\t\t\t\t\t<\/div>\n\t\t\t\t<\/div>\n\t\t\t\t\t<\/div>\n\t\t<\/div>\n\t\t\t\t<div class=\"elementor-column elementor-col-50 elementor-top-column elementor-element elementor-element-bc36d9d\" data-id=\"bc36d9d\" data-element_type=\"column\" data-e-type=\"column\">\n\t\t\t<div class=\"elementor-widget-wrap elementor-element-populated\">\n\t\t\t\t\t\t<div class=\"elementor-element elementor-element-ae0ebaa elementor-widget elementor-widget-text-editor\" data-id=\"ae0ebaa\" data-element_type=\"widget\" data-e-type=\"widget\" data-widget_type=\"text-editor.default\">\n\t\t\t\t<div class=\"elementor-widget-container\">\n\t\t\t\t\t\t\t\t\t<h3 style=\"text-align: right;\"><a href=\"http:\/\/dialog.fi\/fi\/tt2023-5\"><span style=\"color: #ff0000;\"><strong>Seuraava<\/strong><\/span><\/a><\/h3>\n\t\t\t\t\t\t\t\t<\/div>\n\t\t\t\t<\/div>\n\t\t\t\t\t<\/div>\n\t\t<\/div>\n\t\t\t\t\t<\/div>\n\t\t<\/section>\n\t\t\t\t<\/div>\n\t\t","protected":false},"excerpt":{"rendered":"<p>Tallbackan vuosi 2023 &#8211; osa 4 Taimikasvihuone Olemme pitk\u00e4\u00e4n haaveilleet kasvihuoneesta, johon mahtuisi jopa vaativampia hedelm\u00e4puita kuten aprikoosi, persikka tai viikuna. Talvikasvihuoneen piirustukset hyv\u00e4ksyttiin vuonna 2020, joten takaraja rakentamisen aloittamiselle oli syksyss\u00e4 2023. Talvikasvihuone oli meille kuitenkin liian kallis, joten suunnitelmaa karsittiin muovihuoneeksi. Ty\u00f6t piti aloittaa jo kev\u00e4\u00e4ll\u00e4 2023, sill\u00e4 yrteille 2016 tehty lavakaulusviljelm\u00e4 piti [&hellip;]<\/p>\n","protected":false},"author":1,"featured_media":0,"parent":0,"menu_order":0,"comment_status":"closed","ping_status":"closed","template":"","meta":{"inline_featured_image":false,"site-sidebar-layout":"no-sidebar","site-content-layout":"page-builder","ast-site-content-layout":"full-width-container","site-content-style":"default","site-sidebar-style":"default","ast-global-header-display":"","ast-banner-title-visibility":"","ast-main-header-display":"","ast-hfb-above-header-display":"","ast-hfb-below-header-display":"","ast-hfb-mobile-header-display":"","site-post-title":"disabled","ast-breadcrumbs-content":"","ast-featured-img":"disabled","footer-sml-layout":"","ast-disable-related-posts":"","theme-transparent-header-meta":"","adv-header-id-meta":"","stick-header-meta":"","header-above-stick-meta":"","header-main-stick-meta":"","header-below-stick-meta":"","astra-migrate-meta-layouts":"default","ast-page-background-enabled":"default","ast-page-background-meta":{"desktop":{"background-color":"","background-image":"","background-repeat":"repeat","background-position":"center center","background-size":"auto","background-attachment":"scroll","background-type":"","background-media":"","overlay-type":"","overlay-color":"","overlay-opacity":"","overlay-gradient":""},"tablet":{"background-color":"","background-image":"","background-repeat":"repeat","background-position":"center center","background-size":"auto","background-attachment":"scroll","background-type":"","background-media":"","overlay-type":"","overlay-color":"","overlay-opacity":"","overlay-gradient":""},"mobile":{"background-color":"","background-image":"","background-repeat":"repeat","background-position":"center center","background-size":"auto","background-attachment":"scroll","background-type":"","background-media":"","overlay-type":"","overlay-color":"","overlay-opacity":"","overlay-gradient":""}},"ast-content-background-meta":{"desktop":{"background-color":"var(--ast-global-color-5)","background-image":"","background-repeat":"repeat","background-position":"center center","background-size":"auto","background-attachment":"scroll","background-type":"","background-media":"","overlay-type":"","overlay-color":"","overlay-opacity":"","overlay-gradient":""},"tablet":{"background-color":"var(--ast-global-color-5)","background-image":"","background-repeat":"repeat","background-position":"center center","background-size":"auto","background-attachment":"scroll","background-type":"","background-media":"","overlay-type":"","overlay-color":"","overlay-opacity":"","overlay-gradient":""},"mobile":{"background-color":"var(--ast-global-color-5)","background-image":"","background-repeat":"repeat","background-position":"center center","background-size":"auto","background-attachment":"scroll","background-type":"","background-media":"","overlay-type":"","overlay-color":"","overlay-opacity":"","overlay-gradient":""}},"footnotes":""},"class_list":["post-2713","page","type-page","status-publish","hentry"],"yoast_head":"<!-- This site is optimized with the Yoast SEO plugin v27.5 - https:\/\/yoast.com\/product\/yoast-seo-wordpress\/ -->\n<title>tt2023-4 - Tallbacka No Dig Oy Ab<\/title>\n<meta name=\"robots\" content=\"index, follow, max-snippet:-1, max-image-preview:large, max-video-preview:-1\" \/>\n<link rel=\"canonical\" href=\"https:\/\/nodig.fi\/tt2023-4\/\" \/>\n<meta property=\"og:locale\" content=\"fi_FI\" \/>\n<meta property=\"og:type\" content=\"article\" \/>\n<meta property=\"og:title\" content=\"tt2023-4 - Tallbacka No Dig Oy Ab\" \/>\n<meta property=\"og:description\" content=\"Tallbackan vuosi 2023 &#8211; osa 4 Taimikasvihuone Olemme pitk\u00e4\u00e4n haaveilleet kasvihuoneesta, johon mahtuisi jopa vaativampia hedelm\u00e4puita kuten aprikoosi, persikka tai viikuna. Talvikasvihuoneen piirustukset hyv\u00e4ksyttiin vuonna 2020, joten takaraja rakentamisen aloittamiselle oli syksyss\u00e4 2023. Talvikasvihuone oli meille kuitenkin liian kallis, joten suunnitelmaa karsittiin muovihuoneeksi. Ty\u00f6t piti aloittaa jo kev\u00e4\u00e4ll\u00e4 2023, sill\u00e4 yrteille 2016 tehty lavakaulusviljelm\u00e4 piti [&hellip;]\" \/>\n<meta property=\"og:url\" content=\"https:\/\/nodig.fi\/tt2023-4\/\" \/>\n<meta property=\"og:site_name\" content=\"Tallbacka No Dig Oy Ab\" \/>\n<meta property=\"article:publisher\" content=\"https:\/\/www.facebook.com\/TallbackaNoDig\/\" \/>\n<meta property=\"article:modified_time\" content=\"2024-02-22T18:42:45+00:00\" \/>\n<meta property=\"og:image\" content=\"https:\/\/nodig.fi\/wp-content\/uploads\/2024\/01\/logomedtext-300x218.png\" \/>\n<meta name=\"twitter:card\" content=\"summary_large_image\" \/>\n<meta name=\"twitter:label1\" content=\"Arvioitu lukuaika\" \/>\n\t<meta name=\"twitter:data1\" content=\"1 minuutti\" \/>\n<script type=\"application\/ld+json\" class=\"yoast-schema-graph\">{\"@context\":\"https:\\\/\\\/schema.org\",\"@graph\":[{\"@type\":\"WebPage\",\"@id\":\"https:\\\/\\\/nodig.fi\\\/tt2023-4\\\/\",\"url\":\"https:\\\/\\\/nodig.fi\\\/tt2023-4\\\/\",\"name\":\"tt2023-4 - Tallbacka No Dig Oy Ab\",\"isPartOf\":{\"@id\":\"https:\\\/\\\/nodig.fi\\\/#website\"},\"primaryImageOfPage\":{\"@id\":\"https:\\\/\\\/nodig.fi\\\/tt2023-4\\\/#primaryimage\"},\"image\":{\"@id\":\"https:\\\/\\\/nodig.fi\\\/tt2023-4\\\/#primaryimage\"},\"thumbnailUrl\":\"https:\\\/\\\/nodig.fi\\\/wp-content\\\/uploads\\\/2024\\\/01\\\/logomedtext-300x218.png\",\"datePublished\":\"2024-01-24T18:53:24+00:00\",\"dateModified\":\"2024-02-22T18:42:45+00:00\",\"breadcrumb\":{\"@id\":\"https:\\\/\\\/nodig.fi\\\/tt2023-4\\\/#breadcrumb\"},\"inLanguage\":\"fi\",\"potentialAction\":[{\"@type\":\"ReadAction\",\"target\":[\"https:\\\/\\\/nodig.fi\\\/tt2023-4\\\/\"]}]},{\"@type\":\"ImageObject\",\"inLanguage\":\"fi\",\"@id\":\"https:\\\/\\\/nodig.fi\\\/tt2023-4\\\/#primaryimage\",\"url\":\"https:\\\/\\\/nodig.fi\\\/wp-content\\\/uploads\\\/2024\\\/01\\\/logomedtext-300x218.png\",\"contentUrl\":\"https:\\\/\\\/nodig.fi\\\/wp-content\\\/uploads\\\/2024\\\/01\\\/logomedtext-300x218.png\"},{\"@type\":\"BreadcrumbList\",\"@id\":\"https:\\\/\\\/nodig.fi\\\/tt2023-4\\\/#breadcrumb\",\"itemListElement\":[{\"@type\":\"ListItem\",\"position\":1,\"name\":\"Hem\",\"item\":\"https:\\\/\\\/nodig.fi\\\/\"},{\"@type\":\"ListItem\",\"position\":2,\"name\":\"tt2023-4\"}]},{\"@type\":\"WebSite\",\"@id\":\"https:\\\/\\\/nodig.fi\\\/#website\",\"url\":\"https:\\\/\\\/nodig.fi\\\/\",\"name\":\"Nodig - Tallbacka Tr\u00e4dg\u00e5rd\",\"description\":\"\",\"publisher\":{\"@id\":\"https:\\\/\\\/nodig.fi\\\/#organization\"},\"potentialAction\":[{\"@type\":\"SearchAction\",\"target\":{\"@type\":\"EntryPoint\",\"urlTemplate\":\"https:\\\/\\\/nodig.fi\\\/?s={search_term_string}\"},\"query-input\":{\"@type\":\"PropertyValueSpecification\",\"valueRequired\":true,\"valueName\":\"search_term_string\"}}],\"inLanguage\":\"fi\"},{\"@type\":\"Organization\",\"@id\":\"https:\\\/\\\/nodig.fi\\\/#organization\",\"name\":\"Tallbacka No Dig Oy Ab\",\"url\":\"https:\\\/\\\/nodig.fi\\\/\",\"logo\":{\"@type\":\"ImageObject\",\"inLanguage\":\"fi\",\"@id\":\"https:\\\/\\\/nodig.fi\\\/#\\\/schema\\\/logo\\\/image\\\/\",\"url\":\"https:\\\/\\\/nodig.fi\\\/wp-content\\\/uploads\\\/2024\\\/02\\\/no_dig.png\",\"contentUrl\":\"https:\\\/\\\/nodig.fi\\\/wp-content\\\/uploads\\\/2024\\\/02\\\/no_dig.png\",\"width\":814,\"height\":814,\"caption\":\"Tallbacka No Dig Oy Ab\"},\"image\":{\"@id\":\"https:\\\/\\\/nodig.fi\\\/#\\\/schema\\\/logo\\\/image\\\/\"},\"sameAs\":[\"https:\\\/\\\/www.facebook.com\\\/TallbackaNoDig\\\/\"]}]}<\/script>\n<!-- \/ Yoast SEO plugin. -->","yoast_head_json":{"title":"tt2023-4 - Tallbacka No Dig Oy Ab","robots":{"index":"index","follow":"follow","max-snippet":"max-snippet:-1","max-image-preview":"max-image-preview:large","max-video-preview":"max-video-preview:-1"},"canonical":"https:\/\/nodig.fi\/tt2023-4\/","og_locale":"fi_FI","og_type":"article","og_title":"tt2023-4 - Tallbacka No Dig Oy Ab","og_description":"Tallbackan vuosi 2023 &#8211; osa 4 Taimikasvihuone Olemme pitk\u00e4\u00e4n haaveilleet kasvihuoneesta, johon mahtuisi jopa vaativampia hedelm\u00e4puita kuten aprikoosi, persikka tai viikuna. Talvikasvihuoneen piirustukset hyv\u00e4ksyttiin vuonna 2020, joten takaraja rakentamisen aloittamiselle oli syksyss\u00e4 2023. Talvikasvihuone oli meille kuitenkin liian kallis, joten suunnitelmaa karsittiin muovihuoneeksi. Ty\u00f6t piti aloittaa jo kev\u00e4\u00e4ll\u00e4 2023, sill\u00e4 yrteille 2016 tehty lavakaulusviljelm\u00e4 piti [&hellip;]","og_url":"https:\/\/nodig.fi\/tt2023-4\/","og_site_name":"Tallbacka No Dig Oy Ab","article_publisher":"https:\/\/www.facebook.com\/TallbackaNoDig\/","article_modified_time":"2024-02-22T18:42:45+00:00","og_image":[{"url":"https:\/\/nodig.fi\/wp-content\/uploads\/2024\/01\/logomedtext-300x218.png","type":"","width":"","height":""}],"twitter_card":"summary_large_image","twitter_misc":{"Arvioitu lukuaika":"1 minuutti"},"schema":{"@context":"https:\/\/schema.org","@graph":[{"@type":"WebPage","@id":"https:\/\/nodig.fi\/tt2023-4\/","url":"https:\/\/nodig.fi\/tt2023-4\/","name":"tt2023-4 - Tallbacka No Dig Oy Ab","isPartOf":{"@id":"https:\/\/nodig.fi\/#website"},"primaryImageOfPage":{"@id":"https:\/\/nodig.fi\/tt2023-4\/#primaryimage"},"image":{"@id":"https:\/\/nodig.fi\/tt2023-4\/#primaryimage"},"thumbnailUrl":"https:\/\/nodig.fi\/wp-content\/uploads\/2024\/01\/logomedtext-300x218.png","datePublished":"2024-01-24T18:53:24+00:00","dateModified":"2024-02-22T18:42:45+00:00","breadcrumb":{"@id":"https:\/\/nodig.fi\/tt2023-4\/#breadcrumb"},"inLanguage":"fi","potentialAction":[{"@type":"ReadAction","target":["https:\/\/nodig.fi\/tt2023-4\/"]}]},{"@type":"ImageObject","inLanguage":"fi","@id":"https:\/\/nodig.fi\/tt2023-4\/#primaryimage","url":"https:\/\/nodig.fi\/wp-content\/uploads\/2024\/01\/logomedtext-300x218.png","contentUrl":"https:\/\/nodig.fi\/wp-content\/uploads\/2024\/01\/logomedtext-300x218.png"},{"@type":"BreadcrumbList","@id":"https:\/\/nodig.fi\/tt2023-4\/#breadcrumb","itemListElement":[{"@type":"ListItem","position":1,"name":"Hem","item":"https:\/\/nodig.fi\/"},{"@type":"ListItem","position":2,"name":"tt2023-4"}]},{"@type":"WebSite","@id":"https:\/\/nodig.fi\/#website","url":"https:\/\/nodig.fi\/","name":"Nodig - Tallbacka Tr\u00e4dg\u00e5rd","description":"","publisher":{"@id":"https:\/\/nodig.fi\/#organization"},"potentialAction":[{"@type":"SearchAction","target":{"@type":"EntryPoint","urlTemplate":"https:\/\/nodig.fi\/?s={search_term_string}"},"query-input":{"@type":"PropertyValueSpecification","valueRequired":true,"valueName":"search_term_string"}}],"inLanguage":"fi"},{"@type":"Organization","@id":"https:\/\/nodig.fi\/#organization","name":"Tallbacka No Dig Oy Ab","url":"https:\/\/nodig.fi\/","logo":{"@type":"ImageObject","inLanguage":"fi","@id":"https:\/\/nodig.fi\/#\/schema\/logo\/image\/","url":"https:\/\/nodig.fi\/wp-content\/uploads\/2024\/02\/no_dig.png","contentUrl":"https:\/\/nodig.fi\/wp-content\/uploads\/2024\/02\/no_dig.png","width":814,"height":814,"caption":"Tallbacka No Dig Oy Ab"},"image":{"@id":"https:\/\/nodig.fi\/#\/schema\/logo\/image\/"},"sameAs":["https:\/\/www.facebook.com\/TallbackaNoDig\/"]}]}},"_links":{"self":[{"href":"https:\/\/nodig.fi\/fi\/wp-json\/wp\/v2\/pages\/2713","targetHints":{"allow":["GET"]}}],"collection":[{"href":"https:\/\/nodig.fi\/fi\/wp-json\/wp\/v2\/pages"}],"about":[{"href":"https:\/\/nodig.fi\/fi\/wp-json\/wp\/v2\/types\/page"}],"author":[{"embeddable":true,"href":"https:\/\/nodig.fi\/fi\/wp-json\/wp\/v2\/users\/1"}],"replies":[{"embeddable":true,"href":"https:\/\/nodig.fi\/fi\/wp-json\/wp\/v2\/comments?post=2713"}],"version-history":[{"count":5,"href":"https:\/\/nodig.fi\/fi\/wp-json\/wp\/v2\/pages\/2713\/revisions"}],"predecessor-version":[{"id":2978,"href":"https:\/\/nodig.fi\/fi\/wp-json\/wp\/v2\/pages\/2713\/revisions\/2978"}],"wp:attachment":[{"href":"https:\/\/nodig.fi\/fi\/wp-json\/wp\/v2\/media?parent=2713"}],"curies":[{"name":"wp","href":"https:\/\/api.w.org\/{rel}","templated":true}]}}