{"id":2649,"date":"2024-01-23T18:52:27","date_gmt":"2024-01-23T18:52:27","guid":{"rendered":"https:\/\/nodig.fi\/tt2023-1\/"},"modified":"2024-01-27T15:20:57","modified_gmt":"2024-01-27T15:20:57","slug":"tt2023-1","status":"publish","type":"page","link":"https:\/\/nodig.fi\/fi\/tt2023-1\/","title":{"rendered":"tt2023-1"},"content":{"rendered":"\t\t<div data-elementor-type=\"wp-page\" data-elementor-id=\"2649\" class=\"elementor elementor-2649 elementor-2637\" data-elementor-post-type=\"page\">\n\t\t\t\t\t\t<section class=\"elementor-section elementor-top-section elementor-element elementor-element-f555585 elementor-section-boxed elementor-section-height-default elementor-section-height-default\" data-id=\"f555585\" data-element_type=\"section\" data-e-type=\"section\">\n\t\t\t\t\t\t<div class=\"elementor-container elementor-column-gap-default\">\n\t\t\t\t\t<div class=\"elementor-column elementor-col-50 elementor-top-column elementor-element elementor-element-4c05522\" data-id=\"4c05522\" data-element_type=\"column\" data-e-type=\"column\">\n\t\t\t<div class=\"elementor-widget-wrap elementor-element-populated\">\n\t\t\t\t\t\t<div class=\"elementor-element elementor-element-345bbff elementor-widget elementor-widget-image\" data-id=\"345bbff\" data-element_type=\"widget\" data-e-type=\"widget\" data-widget_type=\"image.default\">\n\t\t\t\t<div class=\"elementor-widget-container\">\n\t\t\t\t\t\t\t\t\t\t\t\t\t\t\t<img fetchpriority=\"high\" decoding=\"async\" width=\"300\" height=\"218\" src=\"https:\/\/nodig.fi\/wp-content\/uploads\/2024\/01\/logomedtext-300x218.png\" class=\"attachment-medium size-medium wp-image-2640\" alt=\"\" srcset=\"https:\/\/nodig.fi\/wp-content\/uploads\/2024\/01\/logomedtext-300x218.png 300w, https:\/\/nodig.fi\/wp-content\/uploads\/2024\/01\/logomedtext-1024x745.png 1024w, https:\/\/nodig.fi\/wp-content\/uploads\/2024\/01\/logomedtext-768x559.png 768w, https:\/\/nodig.fi\/wp-content\/uploads\/2024\/01\/logomedtext-1536x1118.png 1536w, https:\/\/nodig.fi\/wp-content\/uploads\/2024\/01\/logomedtext.png 1904w\" sizes=\"(max-width: 300px) 100vw, 300px\" \/>\t\t\t\t\t\t\t\t\t\t\t\t\t\t\t<\/div>\n\t\t\t\t<\/div>\n\t\t\t\t\t<\/div>\n\t\t<\/div>\n\t\t\t\t<div class=\"elementor-column elementor-col-50 elementor-top-column elementor-element elementor-element-1fb7c24\" data-id=\"1fb7c24\" data-element_type=\"column\" data-e-type=\"column\">\n\t\t\t<div class=\"elementor-widget-wrap elementor-element-populated\">\n\t\t\t\t\t\t<div class=\"elementor-element elementor-element-03bec40 elementor-widget elementor-widget-image\" data-id=\"03bec40\" data-element_type=\"widget\" data-e-type=\"widget\" data-widget_type=\"image.default\">\n\t\t\t\t<div class=\"elementor-widget-container\">\n\t\t\t\t\t\t\t\t\t\t\t\t\t\t\t<img decoding=\"async\" src=\"https:\/\/nodig.fi\/wp-content\/uploads\/elementor\/thumbs\/Nodigtxtline1-r20sf99y0dfurot96b4or6ec6vsu9p4bg2cydigy8s.png\" title=\"Nodigtxtline1\" alt=\"Nodigtxtline1\" loading=\"lazy\" \/>\t\t\t\t\t\t\t\t\t\t\t\t\t\t\t<\/div>\n\t\t\t\t<\/div>\n\t\t\t\t\t<\/div>\n\t\t<\/div>\n\t\t\t\t\t<\/div>\n\t\t<\/section>\n\t\t\t\t<section class=\"elementor-section elementor-top-section elementor-element elementor-element-1013858 elementor-section-boxed elementor-section-height-default elementor-section-height-default\" data-id=\"1013858\" data-element_type=\"section\" data-e-type=\"section\">\n\t\t\t\t\t\t<div class=\"elementor-container elementor-column-gap-default\">\n\t\t\t\t\t<div class=\"elementor-column elementor-col-100 elementor-top-column elementor-element elementor-element-f554864\" data-id=\"f554864\" data-element_type=\"column\" data-e-type=\"column\">\n\t\t\t<div class=\"elementor-widget-wrap elementor-element-populated\">\n\t\t\t\t\t\t<div class=\"elementor-element elementor-element-e8309ed elementor-widget elementor-widget-heading\" data-id=\"e8309ed\" data-element_type=\"widget\" data-e-type=\"widget\" data-widget_type=\"heading.default\">\n\t\t\t\t<div class=\"elementor-widget-container\">\n\t\t\t\t\t<h1 class=\"elementor-heading-title elementor-size-default\">Tallbackan vuosi 2023 - osa 1<\/h1>\t\t\t\t<\/div>\n\t\t\t\t<\/div>\n\t\t\t\t<div class=\"elementor-element elementor-element-5abf91e elementor-widget elementor-widget-text-editor\" data-id=\"5abf91e\" data-element_type=\"widget\" data-e-type=\"widget\" data-widget_type=\"text-editor.default\">\n\t\t\t\t<div class=\"elementor-widget-container\">\n\t\t\t\t\t\t\t\t\t<p>Vuosi 2023 on ollut huolten ja pelkojen s\u00e4vytt\u00e4m\u00e4. Pandemia vaimeni, mutta j\u00e4l taustalle ja sota on t\u00e4ytt\u00e4nyt uutiset. Me voimme vain koettaa omalta osaltamme pysy\u00e4 hyv\u00e4n puolella ja jatkaa mielek\u00e4st\u00e4 el\u00e4m\u00e4\u00e4. Meille tuo mielekkyys l\u00f6ytyy puutarhasta.<\/p>\n<p>Puutarhassakaan emme silti ole turvassa rahahuolilta, sairauksilta ja v\u00e4symykselt\u00e4. Tallbackassa p\u00e4\u00e4timme l\u00e4hte\u00e4 NO DIG-viljelyn tielle ja uuden opettelu ja vakiinnuttaminen vie aikansa. P\u00e4\u00e4timme my\u00f6s tehd\u00e4 kaiken julkisesti, toisin sanoen avata puutarhamme vierailijoille, vaikka emme olekaan valmiita emmek\u00e4 tied\u00e4 tai osaa l\u00e4hesk\u00e4\u00e4n kaikkea. Otimme riskin, joka t\u00e4ytyy ottaa, jos haluaa tehd\u00e4 jotain uutta ja valtavirrasta poikkeavaa. Ajoittain tekee kipe\u00e4\u00e4, mutta useimmiten rakkaus kaikkeen mik\u00e4 kasvaa, on tunteista suurin. Olemme siis p\u00e4\u00e4tt\u00e4neet jatkaa.<\/p>\n<h3 style=\"text-align: center;\"><strong>Kompostoinnista<\/strong><\/h3>\n<p>2023 oli vasta toinen NO DIG-menetelm\u00e4n soveltamisvuosi. Olimme saaneet jo hiukan esimakua kompostointitavoista, tarvittavista materiaaleista, ty\u00f6m\u00e5\u00e4\u00e4r\u00e4st\u00e4, ajoituksesta ja ennen kaikkea siit\u00e4, miten paljon valmista kompostia tarvitaan. Tallbackan kompostointip\u00e4\u00e4llikk\u00f6 Outi otti asian vakavasti ja p\u00e4\u00e4tti suunnata p\u00e4\u00e4osan ty\u00f6panoksestaan kompostin tekoon, jotta viljelyspenkeille saataisiin tarvittavaa kompostia riitt\u00e4v\u00e4sti. Olimme saaneet my\u00f6s ik\u00e4vi\u00e4 kokemuksia. Esimerkiksi suurin toivein aloitettu multatehdas bokashikompostilla oli kitker\u00e4 pettymys. Bokashiprosessi ei ollut onnistunut eik\u00e4 oma ideamme bokashin ja mullan kerrostamisesta toiminut. Lopputuloksena saimme kivikovaa pintaa ja tihe\u00e4n rikkaruohomaton. My\u00f6s tavalliset puutarhaj\u00e4tekompostimme olivat olleet liian m\u00e4rki\u00e4 ja j\u00e4\u00e4tyiv\u00e4t talvella eli koko prosessi vei aivan liian kauan.Berkeley Hot Compost -menetelm\u00e4 sen sijaan oli lupaava. Risuhaketta, puutarhan siivousj\u00e4tett\u00e4, hevosenlantaa, lehti\u00e4 ja kahvinporoja oli saatavilla. Miten paljon olisi mahdollista valmistaa kompostia yhden sesongin aikana? T\u00e4t\u00e4 p\u00e4\u00e4timme kokeilla. Kunnon talvi tuli oikeastaan vasta maaliskuussa, joten lunta oli viel\u00e4 pitk\u00e4lle huhtikuulle. Kymmenes p\u00e4iv\u00e4 huhtikuuta ensimm\u00e4iset kaksi (kooltaan I 1,2 x s 1,2 x k 1) lavakauluksista koottua kompostia olivat t\u00e4ynn\u00e4. Berkeleykomposteja aletaan k\u00e4\u00e4nt\u00e4\u00e4 viidennest\u00e4 p\u00e4iv\u00e4st\u00e4 alkaen joka toinen p\u00e4iv\u00e4 kunnes noin kuukauden kuluttua materiaali on muuttunut tasaiseksi, joskin viel\u00e4 karkeaksi kompostimullaksi. Emme k\u00e4ytt\u00e4neet t\u00e4t\u00e4 kompostia ennenkuin loppukes\u00e4st\u00e4 ja syksyll\u00e4, joten aines ehti viel\u00e4 maatua lis\u00e4\u00e4. My\u00f6s lierot tekev\u00e4t kovasti t\u00f6it\u00e4 kunhan alun kuumuus hellitt\u00e4\u00e4. Hankalinta prosessissa on pit\u00e4\u00e4 huolta sopivasta kosteudesta; kes\u00e4ll\u00e4 kompostit tahtovat kuivua liikaa vaikka peittelimme ne huolellisesti pressuilla haihtumisen minimoimiseksi.<\/p>\n<p>Kahden ensimm\u00e4isen j\u00e4lkeen komposteja tuli lis\u00e4\u00e4. Lopulta kokonaism\u00e4\u00e4r\u00e4ksi tuli noin 20, joista osa yhdistettiin j\u00e4lkiprosessin ajaksi. Toisaalta kes\u00e4kuussa aloimme koota my\u00f6s tavallista puutarhakompostia Dowdingin mallin mukaan rakannettuun kiinte\u00e4\u00e4n kompostiimme. Voi sanoa, ett\u00e4 koko kes\u00e4n urakoinnin j\u00e4lkeen lopputulemana saimme syksyll\u00e4 reilun kerroksen hyv\u00e4laatuista kompostia l\u00e4hes kaikkiin viljelyspeteihin. Tyydytt\u00e4vint\u00e4 oli saada komposti levitetty\u00e4 katteeksi jo ennen talven tuloa. T\u00e4ll\u00f6in se ehtii asettua, madot ja muut maan pieneli\u00f6t saavat hajotusty\u00f6ns\u00e4 alkuun ja maa on kev\u00e4\u00e4ll\u00e4 heti lumen sulettua valmis istutuksille. Komposti ei ole lannoite eik\u00e4 se liukene sateisiin eik\u00e4 lumen sulamisvesiin. Maan kasvukunto paranee kohisten kun maaper\u00e4 mikro-organismit runsastuvat ja voivat hyvin.<\/p>\n<p>Kompostikate on monestakin syyst\u00e4 aivan ylivertainen asia maan hyvinvoinnille. Kev\u00e4\u00e4n ja alkukes\u00e4n kuivuudesta tuntuu tulleen jokavuotinen riesa. Kompostilla katettu maa kest\u00e4\u00e4 kuivuutta paljon paremmin, maan pieneli\u00f6st\u00f6 ja sienirihmastot luovat rakenteen, joka sitoo vett\u00e4 tehokkaasti. Olemme vakuuttuneita siit\u00e4, ett\u00e4 puuhake penkkien v\u00e4liss\u00e4 k\u00e4yt\u00e4v\u00e4katteena on loistava keino v\u00e4hent\u00e4\u00e4 haihtumista ja lis\u00e4t\u00e4 sienirihmaston m\u00e4\u00e4r\u00e4\u00e4. NO DIG-pedeill\u00e4 voi k\u00e4vell\u00e4, maasta tulee kimmoisaa eik\u00e4 se tiivisty. Sadevesi imeytyy maahan paremmin mm. lierojen k\u00e4yt\u00e4vien ansiosta. Mit\u00e4\u00e4n keinotekoista lannoitetta ei tarvita eik\u00e4 pH-arvoista sen paremmin kuin hivenainepuutoksistakaan juuri tarvitse murehtia. El\u00e4v\u00e4 maaper\u00e4 tasapainottaa itse itsens\u00e4 ja mikro-organismeilla on keinonsa saada tarvittavia molekyylej\u00e4 kasvien k\u00e4ytt\u00f6\u00f6n. Ihminen ei ymm\u00e4rr\u00e4 n\u00e4ist\u00e4 hienouksista l\u00e4hesk\u00e4\u00e4n kaikkea mutta onneksi meid\u00e4n ei tarvitsekaan! Riitt\u00e4\u00e4 kun j\u00e4rjest\u00e4mme maan eli\u00f6ille ruokaa ja suotuisat elinolosuhteet, niin ty\u00f6 tehd\u00e4\u00e4n puolestamme.<\/p>\n\t\t\t\t\t\t\t\t<\/div>\n\t\t\t\t<\/div>\n\t\t\t\t\t<\/div>\n\t\t<\/div>\n\t\t\t\t\t<\/div>\n\t\t<\/section>\n\t\t\t\t<section class=\"elementor-section elementor-top-section elementor-element elementor-element-180c877 elementor-section-boxed elementor-section-height-default elementor-section-height-default\" data-id=\"180c877\" data-element_type=\"section\" data-e-type=\"section\">\n\t\t\t\t\t\t<div class=\"elementor-container elementor-column-gap-default\">\n\t\t\t\t\t<div class=\"elementor-column elementor-col-100 elementor-top-column elementor-element elementor-element-1c3e468\" data-id=\"1c3e468\" data-element_type=\"column\" data-e-type=\"column\">\n\t\t\t<div class=\"elementor-widget-wrap elementor-element-populated\">\n\t\t\t\t\t\t<div class=\"elementor-element elementor-element-7d6a95b elementor-widget elementor-widget-text-editor\" data-id=\"7d6a95b\" data-element_type=\"widget\" data-e-type=\"widget\" data-widget_type=\"text-editor.default\">\n\t\t\t\t<div class=\"elementor-widget-container\">\n\t\t\t\t\t\t\t\t\t<h3 style=\"text-align: right;\"><a href=\"https:\/\/dialog.fi\/fi\/tt2023-2\/\"><span style=\"color: #ff0000;\"><strong>Seuraava<\/strong><\/span><\/a><\/h3>\n\t\t\t\t\t\t\t\t<\/div>\n\t\t\t\t<\/div>\n\t\t\t\t\t<\/div>\n\t\t<\/div>\n\t\t\t\t\t<\/div>\n\t\t<\/section>\n\t\t\t\t<\/div>\n\t\t","protected":false},"excerpt":{"rendered":"<p>Tallbackan vuosi 2023 &#8211; osa 1 Vuosi 2023 on ollut huolten ja pelkojen s\u00e4vytt\u00e4m\u00e4. Pandemia vaimeni, mutta j\u00e4l taustalle ja sota on t\u00e4ytt\u00e4nyt uutiset. Me voimme vain koettaa omalta osaltamme pysy\u00e4 hyv\u00e4n puolella ja jatkaa mielek\u00e4st\u00e4 el\u00e4m\u00e4\u00e4. Meille tuo mielekkyys l\u00f6ytyy puutarhasta. Puutarhassakaan emme silti ole turvassa rahahuolilta, sairauksilta ja v\u00e4symykselt\u00e4. Tallbackassa p\u00e4\u00e4timme l\u00e4hte\u00e4 NO [&hellip;]<\/p>\n","protected":false},"author":1,"featured_media":0,"parent":0,"menu_order":0,"comment_status":"closed","ping_status":"closed","template":"","meta":{"inline_featured_image":false,"site-sidebar-layout":"no-sidebar","site-content-layout":"page-builder","ast-site-content-layout":"default","site-content-style":"default","site-sidebar-style":"default","ast-global-header-display":"","ast-banner-title-visibility":"","ast-main-header-display":"","ast-hfb-above-header-display":"","ast-hfb-below-header-display":"","ast-hfb-mobile-header-display":"","site-post-title":"disabled","ast-breadcrumbs-content":"","ast-featured-img":"disabled","footer-sml-layout":"","ast-disable-related-posts":"","theme-transparent-header-meta":"","adv-header-id-meta":"","stick-header-meta":"","header-above-stick-meta":"","header-main-stick-meta":"","header-below-stick-meta":"","astra-migrate-meta-layouts":"default","ast-page-background-enabled":"default","ast-page-background-meta":{"desktop":{"background-color":"","background-image":"","background-repeat":"repeat","background-position":"center center","background-size":"auto","background-attachment":"scroll","background-type":"","background-media":"","overlay-type":"","overlay-color":"","overlay-opacity":"","overlay-gradient":""},"tablet":{"background-color":"","background-image":"","background-repeat":"repeat","background-position":"center center","background-size":"auto","background-attachment":"scroll","background-type":"","background-media":"","overlay-type":"","overlay-color":"","overlay-opacity":"","overlay-gradient":""},"mobile":{"background-color":"","background-image":"","background-repeat":"repeat","background-position":"center center","background-size":"auto","background-attachment":"scroll","background-type":"","background-media":"","overlay-type":"","overlay-color":"","overlay-opacity":"","overlay-gradient":""}},"ast-content-background-meta":{"desktop":{"background-color":"var(--ast-global-color-5)","background-image":"","background-repeat":"repeat","background-position":"center center","background-size":"auto","background-attachment":"scroll","background-type":"","background-media":"","overlay-type":"","overlay-color":"","overlay-opacity":"","overlay-gradient":""},"tablet":{"background-color":"var(--ast-global-color-5)","background-image":"","background-repeat":"repeat","background-position":"center center","background-size":"auto","background-attachment":"scroll","background-type":"","background-media":"","overlay-type":"","overlay-color":"","overlay-opacity":"","overlay-gradient":""},"mobile":{"background-color":"var(--ast-global-color-5)","background-image":"","background-repeat":"repeat","background-position":"center center","background-size":"auto","background-attachment":"scroll","background-type":"","background-media":"","overlay-type":"","overlay-color":"","overlay-opacity":"","overlay-gradient":""}},"footnotes":""},"class_list":["post-2649","page","type-page","status-publish","hentry"],"yoast_head":"<!-- This site is optimized with the Yoast SEO plugin v27.5 - https:\/\/yoast.com\/product\/yoast-seo-wordpress\/ -->\n<title>tt2023-1 - Tallbacka No Dig Oy Ab<\/title>\n<meta name=\"robots\" content=\"index, follow, max-snippet:-1, max-image-preview:large, max-video-preview:-1\" \/>\n<link rel=\"canonical\" href=\"https:\/\/nodig.fi\/tt2023-1\/\" \/>\n<meta property=\"og:locale\" content=\"fi_FI\" \/>\n<meta property=\"og:type\" content=\"article\" \/>\n<meta property=\"og:title\" content=\"tt2023-1 - Tallbacka No Dig Oy Ab\" \/>\n<meta property=\"og:description\" content=\"Tallbackan vuosi 2023 &#8211; osa 1 Vuosi 2023 on ollut huolten ja pelkojen s\u00e4vytt\u00e4m\u00e4. Pandemia vaimeni, mutta j\u00e4l taustalle ja sota on t\u00e4ytt\u00e4nyt uutiset. Me voimme vain koettaa omalta osaltamme pysy\u00e4 hyv\u00e4n puolella ja jatkaa mielek\u00e4st\u00e4 el\u00e4m\u00e4\u00e4. Meille tuo mielekkyys l\u00f6ytyy puutarhasta. Puutarhassakaan emme silti ole turvassa rahahuolilta, sairauksilta ja v\u00e4symykselt\u00e4. Tallbackassa p\u00e4\u00e4timme l\u00e4hte\u00e4 NO [&hellip;]\" \/>\n<meta property=\"og:url\" content=\"https:\/\/nodig.fi\/tt2023-1\/\" \/>\n<meta property=\"og:site_name\" content=\"Tallbacka No Dig Oy Ab\" \/>\n<meta property=\"article:publisher\" content=\"https:\/\/www.facebook.com\/TallbackaNoDig\/\" \/>\n<meta property=\"article:modified_time\" content=\"2024-01-27T15:20:57+00:00\" \/>\n<meta property=\"og:image\" content=\"https:\/\/nodig.fi\/wp-content\/uploads\/2024\/01\/logomedtext-300x218.png\" \/>\n<meta name=\"twitter:card\" content=\"summary_large_image\" \/>\n<meta name=\"twitter:label1\" content=\"Arvioitu lukuaika\" \/>\n\t<meta name=\"twitter:data1\" content=\"3 minuuttia\" \/>\n<script type=\"application\/ld+json\" class=\"yoast-schema-graph\">{\"@context\":\"https:\\\/\\\/schema.org\",\"@graph\":[{\"@type\":\"WebPage\",\"@id\":\"https:\\\/\\\/nodig.fi\\\/tt2023-1\\\/\",\"url\":\"https:\\\/\\\/nodig.fi\\\/tt2023-1\\\/\",\"name\":\"tt2023-1 - Tallbacka No Dig Oy Ab\",\"isPartOf\":{\"@id\":\"https:\\\/\\\/nodig.fi\\\/#website\"},\"primaryImageOfPage\":{\"@id\":\"https:\\\/\\\/nodig.fi\\\/tt2023-1\\\/#primaryimage\"},\"image\":{\"@id\":\"https:\\\/\\\/nodig.fi\\\/tt2023-1\\\/#primaryimage\"},\"thumbnailUrl\":\"https:\\\/\\\/nodig.fi\\\/wp-content\\\/uploads\\\/2024\\\/01\\\/logomedtext-300x218.png\",\"datePublished\":\"2024-01-23T18:52:27+00:00\",\"dateModified\":\"2024-01-27T15:20:57+00:00\",\"breadcrumb\":{\"@id\":\"https:\\\/\\\/nodig.fi\\\/tt2023-1\\\/#breadcrumb\"},\"inLanguage\":\"fi\",\"potentialAction\":[{\"@type\":\"ReadAction\",\"target\":[\"https:\\\/\\\/nodig.fi\\\/tt2023-1\\\/\"]}]},{\"@type\":\"ImageObject\",\"inLanguage\":\"fi\",\"@id\":\"https:\\\/\\\/nodig.fi\\\/tt2023-1\\\/#primaryimage\",\"url\":\"https:\\\/\\\/nodig.fi\\\/wp-content\\\/uploads\\\/2024\\\/01\\\/logomedtext-300x218.png\",\"contentUrl\":\"https:\\\/\\\/nodig.fi\\\/wp-content\\\/uploads\\\/2024\\\/01\\\/logomedtext-300x218.png\"},{\"@type\":\"BreadcrumbList\",\"@id\":\"https:\\\/\\\/nodig.fi\\\/tt2023-1\\\/#breadcrumb\",\"itemListElement\":[{\"@type\":\"ListItem\",\"position\":1,\"name\":\"Hem\",\"item\":\"https:\\\/\\\/nodig.fi\\\/\"},{\"@type\":\"ListItem\",\"position\":2,\"name\":\"tt2023-1\"}]},{\"@type\":\"WebSite\",\"@id\":\"https:\\\/\\\/nodig.fi\\\/#website\",\"url\":\"https:\\\/\\\/nodig.fi\\\/\",\"name\":\"Nodig - Tallbacka Tr\u00e4dg\u00e5rd\",\"description\":\"\",\"publisher\":{\"@id\":\"https:\\\/\\\/nodig.fi\\\/#organization\"},\"potentialAction\":[{\"@type\":\"SearchAction\",\"target\":{\"@type\":\"EntryPoint\",\"urlTemplate\":\"https:\\\/\\\/nodig.fi\\\/?s={search_term_string}\"},\"query-input\":{\"@type\":\"PropertyValueSpecification\",\"valueRequired\":true,\"valueName\":\"search_term_string\"}}],\"inLanguage\":\"fi\"},{\"@type\":\"Organization\",\"@id\":\"https:\\\/\\\/nodig.fi\\\/#organization\",\"name\":\"Tallbacka No Dig Oy Ab\",\"url\":\"https:\\\/\\\/nodig.fi\\\/\",\"logo\":{\"@type\":\"ImageObject\",\"inLanguage\":\"fi\",\"@id\":\"https:\\\/\\\/nodig.fi\\\/#\\\/schema\\\/logo\\\/image\\\/\",\"url\":\"https:\\\/\\\/nodig.fi\\\/wp-content\\\/uploads\\\/2024\\\/02\\\/no_dig.png\",\"contentUrl\":\"https:\\\/\\\/nodig.fi\\\/wp-content\\\/uploads\\\/2024\\\/02\\\/no_dig.png\",\"width\":814,\"height\":814,\"caption\":\"Tallbacka No Dig Oy Ab\"},\"image\":{\"@id\":\"https:\\\/\\\/nodig.fi\\\/#\\\/schema\\\/logo\\\/image\\\/\"},\"sameAs\":[\"https:\\\/\\\/www.facebook.com\\\/TallbackaNoDig\\\/\"]}]}<\/script>\n<!-- \/ Yoast SEO plugin. -->","yoast_head_json":{"title":"tt2023-1 - Tallbacka No Dig Oy Ab","robots":{"index":"index","follow":"follow","max-snippet":"max-snippet:-1","max-image-preview":"max-image-preview:large","max-video-preview":"max-video-preview:-1"},"canonical":"https:\/\/nodig.fi\/tt2023-1\/","og_locale":"fi_FI","og_type":"article","og_title":"tt2023-1 - Tallbacka No Dig Oy Ab","og_description":"Tallbackan vuosi 2023 &#8211; osa 1 Vuosi 2023 on ollut huolten ja pelkojen s\u00e4vytt\u00e4m\u00e4. Pandemia vaimeni, mutta j\u00e4l taustalle ja sota on t\u00e4ytt\u00e4nyt uutiset. Me voimme vain koettaa omalta osaltamme pysy\u00e4 hyv\u00e4n puolella ja jatkaa mielek\u00e4st\u00e4 el\u00e4m\u00e4\u00e4. Meille tuo mielekkyys l\u00f6ytyy puutarhasta. Puutarhassakaan emme silti ole turvassa rahahuolilta, sairauksilta ja v\u00e4symykselt\u00e4. Tallbackassa p\u00e4\u00e4timme l\u00e4hte\u00e4 NO [&hellip;]","og_url":"https:\/\/nodig.fi\/tt2023-1\/","og_site_name":"Tallbacka No Dig Oy Ab","article_publisher":"https:\/\/www.facebook.com\/TallbackaNoDig\/","article_modified_time":"2024-01-27T15:20:57+00:00","og_image":[{"url":"https:\/\/nodig.fi\/wp-content\/uploads\/2024\/01\/logomedtext-300x218.png","type":"","width":"","height":""}],"twitter_card":"summary_large_image","twitter_misc":{"Arvioitu lukuaika":"3 minuuttia"},"schema":{"@context":"https:\/\/schema.org","@graph":[{"@type":"WebPage","@id":"https:\/\/nodig.fi\/tt2023-1\/","url":"https:\/\/nodig.fi\/tt2023-1\/","name":"tt2023-1 - Tallbacka No Dig Oy Ab","isPartOf":{"@id":"https:\/\/nodig.fi\/#website"},"primaryImageOfPage":{"@id":"https:\/\/nodig.fi\/tt2023-1\/#primaryimage"},"image":{"@id":"https:\/\/nodig.fi\/tt2023-1\/#primaryimage"},"thumbnailUrl":"https:\/\/nodig.fi\/wp-content\/uploads\/2024\/01\/logomedtext-300x218.png","datePublished":"2024-01-23T18:52:27+00:00","dateModified":"2024-01-27T15:20:57+00:00","breadcrumb":{"@id":"https:\/\/nodig.fi\/tt2023-1\/#breadcrumb"},"inLanguage":"fi","potentialAction":[{"@type":"ReadAction","target":["https:\/\/nodig.fi\/tt2023-1\/"]}]},{"@type":"ImageObject","inLanguage":"fi","@id":"https:\/\/nodig.fi\/tt2023-1\/#primaryimage","url":"https:\/\/nodig.fi\/wp-content\/uploads\/2024\/01\/logomedtext-300x218.png","contentUrl":"https:\/\/nodig.fi\/wp-content\/uploads\/2024\/01\/logomedtext-300x218.png"},{"@type":"BreadcrumbList","@id":"https:\/\/nodig.fi\/tt2023-1\/#breadcrumb","itemListElement":[{"@type":"ListItem","position":1,"name":"Hem","item":"https:\/\/nodig.fi\/"},{"@type":"ListItem","position":2,"name":"tt2023-1"}]},{"@type":"WebSite","@id":"https:\/\/nodig.fi\/#website","url":"https:\/\/nodig.fi\/","name":"Nodig - Tallbacka Tr\u00e4dg\u00e5rd","description":"","publisher":{"@id":"https:\/\/nodig.fi\/#organization"},"potentialAction":[{"@type":"SearchAction","target":{"@type":"EntryPoint","urlTemplate":"https:\/\/nodig.fi\/?s={search_term_string}"},"query-input":{"@type":"PropertyValueSpecification","valueRequired":true,"valueName":"search_term_string"}}],"inLanguage":"fi"},{"@type":"Organization","@id":"https:\/\/nodig.fi\/#organization","name":"Tallbacka No Dig Oy Ab","url":"https:\/\/nodig.fi\/","logo":{"@type":"ImageObject","inLanguage":"fi","@id":"https:\/\/nodig.fi\/#\/schema\/logo\/image\/","url":"https:\/\/nodig.fi\/wp-content\/uploads\/2024\/02\/no_dig.png","contentUrl":"https:\/\/nodig.fi\/wp-content\/uploads\/2024\/02\/no_dig.png","width":814,"height":814,"caption":"Tallbacka No Dig Oy Ab"},"image":{"@id":"https:\/\/nodig.fi\/#\/schema\/logo\/image\/"},"sameAs":["https:\/\/www.facebook.com\/TallbackaNoDig\/"]}]}},"_links":{"self":[{"href":"https:\/\/nodig.fi\/fi\/wp-json\/wp\/v2\/pages\/2649","targetHints":{"allow":["GET"]}}],"collection":[{"href":"https:\/\/nodig.fi\/fi\/wp-json\/wp\/v2\/pages"}],"about":[{"href":"https:\/\/nodig.fi\/fi\/wp-json\/wp\/v2\/types\/page"}],"author":[{"embeddable":true,"href":"https:\/\/nodig.fi\/fi\/wp-json\/wp\/v2\/users\/1"}],"replies":[{"embeddable":true,"href":"https:\/\/nodig.fi\/fi\/wp-json\/wp\/v2\/comments?post=2649"}],"version-history":[{"count":5,"href":"https:\/\/nodig.fi\/fi\/wp-json\/wp\/v2\/pages\/2649\/revisions"}],"predecessor-version":[{"id":2700,"href":"https:\/\/nodig.fi\/fi\/wp-json\/wp\/v2\/pages\/2649\/revisions\/2700"}],"wp:attachment":[{"href":"https:\/\/nodig.fi\/fi\/wp-json\/wp\/v2\/media?parent=2649"}],"curies":[{"name":"wp","href":"https:\/\/api.w.org\/{rel}","templated":true}]}}