{"id":2135,"date":"2022-01-31T14:26:35","date_gmt":"2022-01-31T14:26:35","guid":{"rendered":"https:\/\/nodig.fi\/kantava-ajatus\/"},"modified":"2024-02-28T15:36:33","modified_gmt":"2024-02-28T15:36:33","slug":"kantava-ajatus","status":"publish","type":"page","link":"https:\/\/nodig.fi\/fi\/kantava-ajatus\/","title":{"rendered":"Kantava ajatus"},"content":{"rendered":"\t\t<div data-elementor-type=\"wp-page\" data-elementor-id=\"2135\" class=\"elementor elementor-2135 elementor-757\" data-elementor-post-type=\"page\">\n\t\t\t\t\t\t<section class=\"elementor-section elementor-top-section elementor-element elementor-element-ae0c9f5 elementor-section-boxed elementor-section-height-default elementor-section-height-default\" data-id=\"ae0c9f5\" data-element_type=\"section\" data-e-type=\"section\">\n\t\t\t\t\t\t<div class=\"elementor-container elementor-column-gap-default\">\n\t\t\t\t\t<div class=\"elementor-column elementor-col-100 elementor-top-column elementor-element elementor-element-cf01b9e\" data-id=\"cf01b9e\" data-element_type=\"column\" data-e-type=\"column\" data-settings=\"{&quot;background_background&quot;:&quot;classic&quot;}\">\n\t\t\t<div class=\"elementor-widget-wrap elementor-element-populated\">\n\t\t\t\t\t\t<div class=\"elementor-element elementor-element-530e957 elementor-widget elementor-widget-spacer\" data-id=\"530e957\" data-element_type=\"widget\" data-e-type=\"widget\" data-widget_type=\"spacer.default\">\n\t\t\t\t<div class=\"elementor-widget-container\">\n\t\t\t\t\t\t\t<div class=\"elementor-spacer\">\n\t\t\t<div class=\"elementor-spacer-inner\"><\/div>\n\t\t<\/div>\n\t\t\t\t\t\t<\/div>\n\t\t\t\t<\/div>\n\t\t\t\t\t<\/div>\n\t\t<\/div>\n\t\t\t\t\t<\/div>\n\t\t<\/section>\n\t\t\t\t<section class=\"elementor-section elementor-top-section elementor-element elementor-element-7e5f9f5 elementor-section-boxed elementor-section-height-default elementor-section-height-default\" data-id=\"7e5f9f5\" data-element_type=\"section\" data-e-type=\"section\">\n\t\t\t\t\t\t<div class=\"elementor-container elementor-column-gap-default\">\n\t\t\t\t\t<div class=\"elementor-column elementor-col-50 elementor-top-column elementor-element elementor-element-c5ef2a8\" data-id=\"c5ef2a8\" data-element_type=\"column\" data-e-type=\"column\">\n\t\t\t<div class=\"elementor-widget-wrap elementor-element-populated\">\n\t\t\t\t\t\t<div class=\"elementor-element elementor-element-c641e77 elementor-widget elementor-widget-heading\" data-id=\"c641e77\" data-element_type=\"widget\" data-e-type=\"widget\" data-widget_type=\"heading.default\">\n\t\t\t\t<div class=\"elementor-widget-container\">\n\t\t\t\t\t<h2 class=\"elementor-heading-title elementor-size-default\">Taustaa<\/h2>\t\t\t\t<\/div>\n\t\t\t\t<\/div>\n\t\t\t\t\t<\/div>\n\t\t<\/div>\n\t\t\t\t<div class=\"elementor-column elementor-col-50 elementor-top-column elementor-element elementor-element-24b9f49\" data-id=\"24b9f49\" data-element_type=\"column\" data-e-type=\"column\">\n\t\t\t<div class=\"elementor-widget-wrap elementor-element-populated\">\n\t\t\t\t\t\t<div class=\"elementor-element elementor-element-8cd46fd elementor-widget elementor-widget-text-editor\" data-id=\"8cd46fd\" data-element_type=\"widget\" data-e-type=\"widget\" data-widget_type=\"text-editor.default\">\n\t\t\t\t<div class=\"elementor-widget-container\">\n\t\t\t\t\t\t\t\t\t<p>Firma Dialog fi aloitti konsulttiyrityksen\u00e4 edunvalvonnan ja ty\u00f6ohjauksen aloilla sek\u00e4 tuottajana audiovisuaalisella alalla. <\/p>\n<p>Kun Outi \u00d6hman hankki kiintest\u00f6t Tallbo 3:182 ja Tallbacka 3:183 omistukseensa 1.8.2015 tilanne muuttui. Puutarha ja viljely tulivat osaksi toimintaa. Viljelty pinta-ala on noin 4600 m\u00b2 ja kokonaispinta-ala on 6730 m\u00b2. Vuonna 2018 p\u00e4\u00e4tettiin aloittaa marjojen, hedelmien ja yrttien alkutuotanto.<\/p>\n<p>P\u00e4\u00e4t\u00f6s perustui puutarhaviljelyn aikaisempaan kokemukseen (Outi \u00d6hman on puutarhuri vuodesta 2006) ja siihen, ett\u00e4 havaitsimme maaper\u00e4n ja sijainnin olevan sopivia ammattimaiseen viljelyyn. Maa oli ollut viljelem\u00e4tt\u00e4 noin 20 vuotta ja vanhat marjapensaat ja hedelm\u00e4puut pystyttiin vain osittain pelastamaan.<\/p>\n\t\t\t\t\t\t\t\t<\/div>\n\t\t\t\t<\/div>\n\t\t\t\t\t<\/div>\n\t\t<\/div>\n\t\t\t\t\t<\/div>\n\t\t<\/section>\n\t\t\t\t<section class=\"elementor-section elementor-top-section elementor-element elementor-element-38f7394 elementor-section-boxed elementor-section-height-default elementor-section-height-default\" data-id=\"38f7394\" data-element_type=\"section\" data-e-type=\"section\">\n\t\t\t\t\t\t<div class=\"elementor-container elementor-column-gap-default\">\n\t\t\t\t\t<div class=\"elementor-column elementor-col-50 elementor-top-column elementor-element elementor-element-a14a7d8\" data-id=\"a14a7d8\" data-element_type=\"column\" data-e-type=\"column\">\n\t\t\t<div class=\"elementor-widget-wrap elementor-element-populated\">\n\t\t\t\t\t\t<div class=\"elementor-element elementor-element-44f6ea8 elementor-widget elementor-widget-heading\" data-id=\"44f6ea8\" data-element_type=\"widget\" data-e-type=\"widget\" data-widget_type=\"heading.default\">\n\t\t\t\t<div class=\"elementor-widget-container\">\n\t\t\t\t\t<h2 class=\"elementor-heading-title elementor-size-default\">Perusteltu liikeidea<\/h2>\t\t\t\t<\/div>\n\t\t\t\t<\/div>\n\t\t\t\t\t<\/div>\n\t\t<\/div>\n\t\t\t\t<div class=\"elementor-column elementor-col-50 elementor-top-column elementor-element elementor-element-5a88a4b\" data-id=\"5a88a4b\" data-element_type=\"column\" data-e-type=\"column\">\n\t\t\t<div class=\"elementor-widget-wrap elementor-element-populated\">\n\t\t\t\t\t\t<div class=\"elementor-element elementor-element-57140d4 elementor-widget elementor-widget-text-editor\" data-id=\"57140d4\" data-element_type=\"widget\" data-e-type=\"widget\" data-widget_type=\"text-editor.default\">\n\t\t\t\t<div class=\"elementor-widget-container\">\n\t\t\t\t\t\t\t\t\t<p>Ajatus on, ett\u00e4 voimme tuottaa korkealuokkaista sy\u00f6t\u00e4v\u00e4\u00e4 ekologisesti kest\u00e4v\u00e4lla tavalla ja ett\u00e4 viljelemme marjojen, yrttien, vihannesten ja hedelmien monia lajikkeita. Puutarhaan on istutettu 40 p\u00e4hkin\u00e4pensasta ja tammea, joiden juuriin on ymp\u00e4tty tryffelinsient\u00e4 tuottamaan tryffeleit\u00e4. Puutarha on my\u00f6s suunniteltu vierailupuutarhaksi eli alkutuotanto pyrit\u00e4\u00e4n toteuttamaan esteettisesti miellytt\u00e4v\u00e4ll\u00e4 tavalla. Puutarha voi n\u00e4in ollen vastaanottaa vierailuryhmi\u00e4, jotka haluavat tutustua kest\u00e4v\u00e4\u00e4n l\u00e4hituotantoon.<\/p>\n<p>Haluamme harjoittaa monipuolista viljely\u00e4 tavalla, joka liittyy k\u00e4sitteisiin permakulttuuri ja mets\u00e4puutarha. Myymme alkutuotannosta paikallisille ravintoloitsijoille Tom Hild\u00e9n (Matglad), Eva Johansson (Matmalmen Eva) ja Patrik Lindstr\u00f6m (Hunger och T\u00f6rst). Muita tuotteita ovat t\u00e4ll\u00e4 hetkell\u00e4 yrttijuomasekoitus ja Tallbackan hunaja.<\/p>\n\t\t\t\t\t\t\t\t<\/div>\n\t\t\t\t<\/div>\n\t\t\t\t\t<\/div>\n\t\t<\/div>\n\t\t\t\t\t<\/div>\n\t\t<\/section>\n\t\t\t\t<section class=\"elementor-section elementor-top-section elementor-element elementor-element-6ada1c0 elementor-section-boxed elementor-section-height-default elementor-section-height-default\" data-id=\"6ada1c0\" data-element_type=\"section\" data-e-type=\"section\">\n\t\t\t\t\t\t<div class=\"elementor-container elementor-column-gap-default\">\n\t\t\t\t\t<div class=\"elementor-column elementor-col-50 elementor-top-column elementor-element elementor-element-47bec59\" data-id=\"47bec59\" data-element_type=\"column\" data-e-type=\"column\">\n\t\t\t<div class=\"elementor-widget-wrap elementor-element-populated\">\n\t\t\t\t\t\t<div class=\"elementor-element elementor-element-e9a3eb8 elementor-widget elementor-widget-heading\" data-id=\"e9a3eb8\" data-element_type=\"widget\" data-e-type=\"widget\" data-widget_type=\"heading.default\">\n\t\t\t\t<div class=\"elementor-widget-container\">\n\t\t\t\t\t<h2 class=\"elementor-heading-title elementor-size-default\">Firma DIALOG fi 2002\/ rinnakkaisnimi 2018: Tallbacka Tr\u00e4dg\u00e5rd<\/h2>\t\t\t\t<\/div>\n\t\t\t\t<\/div>\n\t\t\t\t\t<\/div>\n\t\t<\/div>\n\t\t\t\t<div class=\"elementor-column elementor-col-50 elementor-top-column elementor-element elementor-element-4f63b1c\" data-id=\"4f63b1c\" data-element_type=\"column\" data-e-type=\"column\">\n\t\t\t<div class=\"elementor-widget-wrap elementor-element-populated\">\n\t\t\t\t\t\t<div class=\"elementor-element elementor-element-20df04d elementor-widget elementor-widget-text-editor\" data-id=\"20df04d\" data-element_type=\"widget\" data-e-type=\"widget\" data-widget_type=\"text-editor.default\">\n\t\t\t\t<div class=\"elementor-widget-container\">\n\t\t\t\t\t\t\t\t\t<p>Dialog fill\u00e4 on Y-tunnus 2008148-5 joka saatiin 2.7.2002. Firma liittyi verohallintoon\u2006 \u2006 21.12.2005 ja kaupparekisteriin 28.03.2007. Ennakkorekisterin Dialog fi liityi 1.12.2019. Rinnakkaisnimi Tallbacka Tr\u00e4dg\u00e5rd saatiin 1.12.2018, jolloin yrityksest\u00e4 my\u00f6s tuli alkutuottaja.<\/p>\n\t\t\t\t\t\t\t\t<\/div>\n\t\t\t\t<\/div>\n\t\t\t\t\t<\/div>\n\t\t<\/div>\n\t\t\t\t\t<\/div>\n\t\t<\/section>\n\t\t\t\t<\/div>\n\t\t","protected":false},"excerpt":{"rendered":"<p>Taustaa Firma Dialog fi aloitti konsulttiyrityksen\u00e4 edunvalvonnan ja ty\u00f6ohjauksen aloilla sek\u00e4 tuottajana audiovisuaalisella alalla. Kun Outi \u00d6hman hankki kiintest\u00f6t Tallbo 3:182 ja Tallbacka 3:183 omistukseensa 1.8.2015 tilanne muuttui. Puutarha ja viljely tulivat osaksi toimintaa. Viljelty pinta-ala on noin 4600 m\u00b2 ja kokonaispinta-ala on 6730 m\u00b2. Vuonna 2018 p\u00e4\u00e4tettiin aloittaa marjojen, hedelmien ja yrttien alkutuotanto. P\u00e4\u00e4t\u00f6s [&hellip;]<\/p>\n","protected":false},"author":1,"featured_media":0,"parent":0,"menu_order":0,"comment_status":"closed","ping_status":"closed","template":"","meta":{"inline_featured_image":false,"site-sidebar-layout":"no-sidebar","site-content-layout":"page-builder","ast-site-content-layout":"default","site-content-style":"default","site-sidebar-style":"default","ast-global-header-display":"","ast-banner-title-visibility":"","ast-main-header-display":"","ast-hfb-above-header-display":"","ast-hfb-below-header-display":"","ast-hfb-mobile-header-display":"","site-post-title":"disabled","ast-breadcrumbs-content":"","ast-featured-img":"disabled","footer-sml-layout":"","ast-disable-related-posts":"","theme-transparent-header-meta":"default","adv-header-id-meta":"","stick-header-meta":"","header-above-stick-meta":"","header-main-stick-meta":"","header-below-stick-meta":"","astra-migrate-meta-layouts":"default","ast-page-background-enabled":"default","ast-page-background-meta":{"desktop":{"background-color":"","background-image":"","background-repeat":"repeat","background-position":"center center","background-size":"auto","background-attachment":"scroll","background-type":"","background-media":"","overlay-type":"","overlay-color":"","overlay-opacity":"","overlay-gradient":""},"tablet":{"background-color":"","background-image":"","background-repeat":"repeat","background-position":"center center","background-size":"auto","background-attachment":"scroll","background-type":"","background-media":"","overlay-type":"","overlay-color":"","overlay-opacity":"","overlay-gradient":""},"mobile":{"background-color":"","background-image":"","background-repeat":"repeat","background-position":"center center","background-size":"auto","background-attachment":"scroll","background-type":"","background-media":"","overlay-type":"","overlay-color":"","overlay-opacity":"","overlay-gradient":""}},"ast-content-background-meta":{"desktop":{"background-color":"var(--ast-global-color-5)","background-image":"","background-repeat":"repeat","background-position":"center center","background-size":"auto","background-attachment":"scroll","background-type":"","background-media":"","overlay-type":"","overlay-color":"","overlay-opacity":"","overlay-gradient":""},"tablet":{"background-color":"var(--ast-global-color-5)","background-image":"","background-repeat":"repeat","background-position":"center center","background-size":"auto","background-attachment":"scroll","background-type":"","background-media":"","overlay-type":"","overlay-color":"","overlay-opacity":"","overlay-gradient":""},"mobile":{"background-color":"var(--ast-global-color-5)","background-image":"","background-repeat":"repeat","background-position":"center center","background-size":"auto","background-attachment":"scroll","background-type":"","background-media":"","overlay-type":"","overlay-color":"","overlay-opacity":"","overlay-gradient":""}},"footnotes":""},"class_list":["post-2135","page","type-page","status-publish","hentry"],"yoast_head":"<!-- This site is optimized with the Yoast SEO plugin v27.5 - https:\/\/yoast.com\/product\/yoast-seo-wordpress\/ -->\n<title>Kantava ajatus - Tallbacka No Dig Oy Ab<\/title>\n<meta name=\"robots\" content=\"index, follow, max-snippet:-1, max-image-preview:large, max-video-preview:-1\" \/>\n<link rel=\"canonical\" href=\"https:\/\/nodig.fi\/grund\/\" \/>\n<meta property=\"og:locale\" content=\"fi_FI\" \/>\n<meta property=\"og:type\" content=\"article\" \/>\n<meta property=\"og:title\" content=\"Kantava ajatus - Tallbacka No Dig Oy Ab\" \/>\n<meta property=\"og:description\" content=\"Taustaa Firma Dialog fi aloitti konsulttiyrityksen\u00e4 edunvalvonnan ja ty\u00f6ohjauksen aloilla sek\u00e4 tuottajana audiovisuaalisella alalla. Kun Outi \u00d6hman hankki kiintest\u00f6t Tallbo 3:182 ja Tallbacka 3:183 omistukseensa 1.8.2015 tilanne muuttui. Puutarha ja viljely tulivat osaksi toimintaa. Viljelty pinta-ala on noin 4600 m\u00b2 ja kokonaispinta-ala on 6730 m\u00b2. Vuonna 2018 p\u00e4\u00e4tettiin aloittaa marjojen, hedelmien ja yrttien alkutuotanto. P\u00e4\u00e4t\u00f6s [&hellip;]\" \/>\n<meta property=\"og:url\" content=\"https:\/\/nodig.fi\/grund\/\" \/>\n<meta property=\"og:site_name\" content=\"Tallbacka No Dig Oy Ab\" \/>\n<meta property=\"article:publisher\" content=\"https:\/\/www.facebook.com\/TallbackaNoDig\/\" \/>\n<meta property=\"article:modified_time\" content=\"2024-02-28T15:36:33+00:00\" \/>\n<meta name=\"twitter:card\" content=\"summary_large_image\" \/>\n<meta name=\"twitter:label1\" content=\"Arvioitu lukuaika\" \/>\n\t<meta name=\"twitter:data1\" content=\"1 minuutti\" \/>\n<script type=\"application\/ld+json\" class=\"yoast-schema-graph\">{\"@context\":\"https:\\\/\\\/schema.org\",\"@graph\":[{\"@type\":\"WebPage\",\"@id\":\"https:\\\/\\\/nodig.fi\\\/grund\\\/\",\"url\":\"https:\\\/\\\/nodig.fi\\\/grund\\\/\",\"name\":\"Kantava ajatus - Tallbacka No Dig Oy Ab\",\"isPartOf\":{\"@id\":\"https:\\\/\\\/nodig.fi\\\/#website\"},\"datePublished\":\"2022-01-31T14:26:35+00:00\",\"dateModified\":\"2024-02-28T15:36:33+00:00\",\"breadcrumb\":{\"@id\":\"https:\\\/\\\/nodig.fi\\\/grund\\\/#breadcrumb\"},\"inLanguage\":\"fi\",\"potentialAction\":[{\"@type\":\"ReadAction\",\"target\":[\"https:\\\/\\\/nodig.fi\\\/grund\\\/\"]}]},{\"@type\":\"BreadcrumbList\",\"@id\":\"https:\\\/\\\/nodig.fi\\\/grund\\\/#breadcrumb\",\"itemListElement\":[{\"@type\":\"ListItem\",\"position\":1,\"name\":\"Hem\",\"item\":\"https:\\\/\\\/nodig.fi\\\/\"},{\"@type\":\"ListItem\",\"position\":2,\"name\":\"Kantava ajatus\"}]},{\"@type\":\"WebSite\",\"@id\":\"https:\\\/\\\/nodig.fi\\\/#website\",\"url\":\"https:\\\/\\\/nodig.fi\\\/\",\"name\":\"Nodig - Tallbacka Tr\u00e4dg\u00e5rd\",\"description\":\"\",\"publisher\":{\"@id\":\"https:\\\/\\\/nodig.fi\\\/#organization\"},\"potentialAction\":[{\"@type\":\"SearchAction\",\"target\":{\"@type\":\"EntryPoint\",\"urlTemplate\":\"https:\\\/\\\/nodig.fi\\\/?s={search_term_string}\"},\"query-input\":{\"@type\":\"PropertyValueSpecification\",\"valueRequired\":true,\"valueName\":\"search_term_string\"}}],\"inLanguage\":\"fi\"},{\"@type\":\"Organization\",\"@id\":\"https:\\\/\\\/nodig.fi\\\/#organization\",\"name\":\"Tallbacka No Dig Oy Ab\",\"url\":\"https:\\\/\\\/nodig.fi\\\/\",\"logo\":{\"@type\":\"ImageObject\",\"inLanguage\":\"fi\",\"@id\":\"https:\\\/\\\/nodig.fi\\\/#\\\/schema\\\/logo\\\/image\\\/\",\"url\":\"https:\\\/\\\/nodig.fi\\\/wp-content\\\/uploads\\\/2024\\\/02\\\/no_dig.png\",\"contentUrl\":\"https:\\\/\\\/nodig.fi\\\/wp-content\\\/uploads\\\/2024\\\/02\\\/no_dig.png\",\"width\":814,\"height\":814,\"caption\":\"Tallbacka No Dig Oy Ab\"},\"image\":{\"@id\":\"https:\\\/\\\/nodig.fi\\\/#\\\/schema\\\/logo\\\/image\\\/\"},\"sameAs\":[\"https:\\\/\\\/www.facebook.com\\\/TallbackaNoDig\\\/\"]}]}<\/script>\n<!-- \/ Yoast SEO plugin. -->","yoast_head_json":{"title":"Kantava ajatus - Tallbacka No Dig Oy Ab","robots":{"index":"index","follow":"follow","max-snippet":"max-snippet:-1","max-image-preview":"max-image-preview:large","max-video-preview":"max-video-preview:-1"},"canonical":"https:\/\/nodig.fi\/grund\/","og_locale":"fi_FI","og_type":"article","og_title":"Kantava ajatus - Tallbacka No Dig Oy Ab","og_description":"Taustaa Firma Dialog fi aloitti konsulttiyrityksen\u00e4 edunvalvonnan ja ty\u00f6ohjauksen aloilla sek\u00e4 tuottajana audiovisuaalisella alalla. Kun Outi \u00d6hman hankki kiintest\u00f6t Tallbo 3:182 ja Tallbacka 3:183 omistukseensa 1.8.2015 tilanne muuttui. Puutarha ja viljely tulivat osaksi toimintaa. Viljelty pinta-ala on noin 4600 m\u00b2 ja kokonaispinta-ala on 6730 m\u00b2. Vuonna 2018 p\u00e4\u00e4tettiin aloittaa marjojen, hedelmien ja yrttien alkutuotanto. P\u00e4\u00e4t\u00f6s [&hellip;]","og_url":"https:\/\/nodig.fi\/grund\/","og_site_name":"Tallbacka No Dig Oy Ab","article_publisher":"https:\/\/www.facebook.com\/TallbackaNoDig\/","article_modified_time":"2024-02-28T15:36:33+00:00","twitter_card":"summary_large_image","twitter_misc":{"Arvioitu lukuaika":"1 minuutti"},"schema":{"@context":"https:\/\/schema.org","@graph":[{"@type":"WebPage","@id":"https:\/\/nodig.fi\/grund\/","url":"https:\/\/nodig.fi\/grund\/","name":"Kantava ajatus - Tallbacka No Dig Oy Ab","isPartOf":{"@id":"https:\/\/nodig.fi\/#website"},"datePublished":"2022-01-31T14:26:35+00:00","dateModified":"2024-02-28T15:36:33+00:00","breadcrumb":{"@id":"https:\/\/nodig.fi\/grund\/#breadcrumb"},"inLanguage":"fi","potentialAction":[{"@type":"ReadAction","target":["https:\/\/nodig.fi\/grund\/"]}]},{"@type":"BreadcrumbList","@id":"https:\/\/nodig.fi\/grund\/#breadcrumb","itemListElement":[{"@type":"ListItem","position":1,"name":"Hem","item":"https:\/\/nodig.fi\/"},{"@type":"ListItem","position":2,"name":"Kantava ajatus"}]},{"@type":"WebSite","@id":"https:\/\/nodig.fi\/#website","url":"https:\/\/nodig.fi\/","name":"Nodig - Tallbacka Tr\u00e4dg\u00e5rd","description":"","publisher":{"@id":"https:\/\/nodig.fi\/#organization"},"potentialAction":[{"@type":"SearchAction","target":{"@type":"EntryPoint","urlTemplate":"https:\/\/nodig.fi\/?s={search_term_string}"},"query-input":{"@type":"PropertyValueSpecification","valueRequired":true,"valueName":"search_term_string"}}],"inLanguage":"fi"},{"@type":"Organization","@id":"https:\/\/nodig.fi\/#organization","name":"Tallbacka No Dig Oy Ab","url":"https:\/\/nodig.fi\/","logo":{"@type":"ImageObject","inLanguage":"fi","@id":"https:\/\/nodig.fi\/#\/schema\/logo\/image\/","url":"https:\/\/nodig.fi\/wp-content\/uploads\/2024\/02\/no_dig.png","contentUrl":"https:\/\/nodig.fi\/wp-content\/uploads\/2024\/02\/no_dig.png","width":814,"height":814,"caption":"Tallbacka No Dig Oy Ab"},"image":{"@id":"https:\/\/nodig.fi\/#\/schema\/logo\/image\/"},"sameAs":["https:\/\/www.facebook.com\/TallbackaNoDig\/"]}]}},"_links":{"self":[{"href":"https:\/\/nodig.fi\/fi\/wp-json\/wp\/v2\/pages\/2135","targetHints":{"allow":["GET"]}}],"collection":[{"href":"https:\/\/nodig.fi\/fi\/wp-json\/wp\/v2\/pages"}],"about":[{"href":"https:\/\/nodig.fi\/fi\/wp-json\/wp\/v2\/types\/page"}],"author":[{"embeddable":true,"href":"https:\/\/nodig.fi\/fi\/wp-json\/wp\/v2\/users\/1"}],"replies":[{"embeddable":true,"href":"https:\/\/nodig.fi\/fi\/wp-json\/wp\/v2\/comments?post=2135"}],"version-history":[{"count":3,"href":"https:\/\/nodig.fi\/fi\/wp-json\/wp\/v2\/pages\/2135\/revisions"}],"predecessor-version":[{"id":2139,"href":"https:\/\/nodig.fi\/fi\/wp-json\/wp\/v2\/pages\/2135\/revisions\/2139"}],"wp:attachment":[{"href":"https:\/\/nodig.fi\/fi\/wp-json\/wp\/v2\/media?parent=2135"}],"curies":[{"name":"wp","href":"https:\/\/api.w.org\/{rel}","templated":true}]}}