{"id":2052,"date":"2022-01-29T17:22:24","date_gmt":"2022-01-29T17:22:24","guid":{"rendered":"https:\/\/nodig.fi\/dialog\/"},"modified":"2022-02-15T09:22:25","modified_gmt":"2022-02-15T09:22:25","slug":"dialog","status":"publish","type":"page","link":"https:\/\/nodig.fi\/fi\/dialog\/","title":{"rendered":"Dialog"},"content":{"rendered":"\t\t<div data-elementor-type=\"wp-page\" data-elementor-id=\"2052\" class=\"elementor elementor-2052 elementor-49\" data-elementor-post-type=\"page\">\n\t\t\t\t\t\t<section class=\"elementor-section elementor-top-section elementor-element elementor-element-3a491bd elementor-section-boxed elementor-section-height-default elementor-section-height-default\" data-id=\"3a491bd\" data-element_type=\"section\" data-e-type=\"section\">\n\t\t\t\t\t\t<div class=\"elementor-container elementor-column-gap-default\">\n\t\t\t\t\t<div class=\"elementor-column elementor-col-100 elementor-top-column elementor-element elementor-element-29766c11\" data-id=\"29766c11\" data-element_type=\"column\" data-e-type=\"column\">\n\t\t\t<div class=\"elementor-widget-wrap elementor-element-populated\">\n\t\t\t\t\t\t<div class=\"elementor-element elementor-element-e593f8c elementor-widget elementor-widget-heading\" data-id=\"e593f8c\" data-element_type=\"widget\" data-e-type=\"widget\" data-widget_type=\"heading.default\">\n\t\t\t\t<div class=\"elementor-widget-container\">\n\t\t\t\t\t<h2 class=\"elementor-heading-title elementor-size-default\">Dialog<\/h2>\t\t\t\t<\/div>\n\t\t\t\t<\/div>\n\t\t\t\t<div class=\"elementor-element elementor-element-7f78c402 elementor-widget elementor-widget-text-editor\" data-id=\"7f78c402\" data-element_type=\"widget\" data-e-type=\"widget\" data-widget_type=\"text-editor.default\">\n\t\t\t\t<div class=\"elementor-widget-container\">\n\t\t\t\t\t\t\t\t\t<p>Yritys DIALOG fi Y-tunnus 2008148-5 aloitti toimintansa vuonna 2002 konsulttiyhti\u00f6n\u00e4 p\u00e4\u00e4asiassa edunvalvonnan ja ty\u00f6nohjauksen alalla. Yritys toimi my\u00f6s tuottajana audiovisuaalisella alalla. Se on j\u00e4rjest\u00e4nyt musiikkiesityksi\u00e4 ja tehnyt tallenteita eri kokoonpanojen kanssa.<\/p>\n<p>Nimi Dialog fi\u2006 \u2006 voidaan johtaa dialogifilosofiaan ja ajatukseen siit\u00e4, ett\u00e4 kaikki inhimillinen toiminta on luonteeltaan dialogin kaltaista.\u2006 \u2006 Dialogiin olennaisesti liittyv\u00e4 tekij\u00e4 on ep\u00e4varmuus. Kukaan dialogiin osallistujista ei voi omistaa ja kontrolloida prosessia. P\u00e4invastoin,\u2006 \u2006 dialogi rakentuu siit\u00e4, ett\u00e4 luottamus voittaa ep\u00e4varmuuden ja vahvistaa osallistujien v\u00e4liset suhteet. T\u00e4m\u00e4 perusedelletys koskee niin yst\u00e4vyyssuhteita kuin kontaktia vieraaseen ihmiseen. Se mik\u00e4 sitoo yhteen dialogin ja vuorovaikutuksen on esimerkiksi se l\u00e4sn\u00e4olo, joka syntyy soittaessamme yhdess\u00e4 musiikkikappaletta. Tuloksena syntyy intensiivinen kokonaisuus, joka on enemm\u00e4n kuin osiensa summa. Usein t\u00e4m\u00e4 on soittajia yhteensitouttava voima. Sama koskee kaikkia dialogin muotoja, ei pelk\u00e4st\u00e4\u00e4n ihmisten v\u00e4lill\u00e4, vaan my\u00f6s suhteessa luontoon ja suhteessa siihen, mit\u00e4 voidaan nimitt\u00e4\u00e4 henkiseksi kulttuuriksi ts. se n\u00e4kyv\u00e4 mik\u00e4 ilmenee kulttuurin eri osa alueissa.<\/p>\n\t\t\t\t\t\t\t\t<\/div>\n\t\t\t\t<\/div>\n\t\t\t\t\t<\/div>\n\t\t<\/div>\n\t\t\t\t\t<\/div>\n\t\t<\/section>\n\t\t\t\t<section class=\"elementor-section elementor-top-section elementor-element elementor-element-75406dc elementor-section-boxed elementor-section-height-default elementor-section-height-default\" data-id=\"75406dc\" data-element_type=\"section\" data-e-type=\"section\">\n\t\t\t\t\t\t<div class=\"elementor-container elementor-column-gap-default\">\n\t\t\t\t\t<div class=\"elementor-column elementor-col-100 elementor-top-column elementor-element elementor-element-b6f1177\" data-id=\"b6f1177\" data-element_type=\"column\" data-e-type=\"column\">\n\t\t\t<div class=\"elementor-widget-wrap elementor-element-populated\">\n\t\t\t\t\t\t<div class=\"elementor-element elementor-element-e3c5bf1 elementor-widget elementor-widget-text-editor\" data-id=\"e3c5bf1\" data-element_type=\"widget\" data-e-type=\"widget\" data-widget_type=\"text-editor.default\">\n\t\t\t\t<div class=\"elementor-widget-container\">\n\t\t\t\t\t\t\t\t\t<h4><strong>Musiikkiyhtyeit\u00e4:<\/strong><\/h4>\n\t\t\t\t\t\t\t\t<\/div>\n\t\t\t\t<\/div>\n\t\t\t\t\t<\/div>\n\t\t<\/div>\n\t\t\t\t\t<\/div>\n\t\t<\/section>\n\t\t\t\t<section class=\"elementor-section elementor-top-section elementor-element elementor-element-e1ee84a elementor-section-boxed elementor-section-height-default elementor-section-height-default\" data-id=\"e1ee84a\" data-element_type=\"section\" data-e-type=\"section\">\n\t\t\t\t\t\t<div class=\"elementor-container elementor-column-gap-default\">\n\t\t\t\t\t<div class=\"elementor-column elementor-col-50 elementor-top-column elementor-element elementor-element-987a4fb\" data-id=\"987a4fb\" data-element_type=\"column\" data-e-type=\"column\">\n\t\t\t<div class=\"elementor-widget-wrap elementor-element-populated\">\n\t\t\t\t\t\t<div class=\"elementor-element elementor-element-6a312b2 elementor-widget elementor-widget-text-editor\" data-id=\"6a312b2\" data-element_type=\"widget\" data-e-type=\"widget\" data-widget_type=\"text-editor.default\">\n\t\t\t\t<div class=\"elementor-widget-container\">\n\t\t\t\t\t\t\t\t\t<p>Ini\u00f6 hembygdsboksf\u00f6rening<br \/>Jocke och Nalle<br \/>Suitcase<\/p>\n<p>The Fifth Jazz Edition<br \/>Hasse o Nalle<\/p>\n\t\t\t\t\t\t\t\t<\/div>\n\t\t\t\t<\/div>\n\t\t\t\t\t<\/div>\n\t\t<\/div>\n\t\t\t\t<div class=\"elementor-column elementor-col-50 elementor-top-column elementor-element elementor-element-547367c\" data-id=\"547367c\" data-element_type=\"column\" data-e-type=\"column\">\n\t\t\t<div class=\"elementor-widget-wrap elementor-element-populated\">\n\t\t\t\t\t\t<div class=\"elementor-element elementor-element-d8fed65 elementor-widget elementor-widget-text-editor\" data-id=\"d8fed65\" data-element_type=\"widget\" data-e-type=\"widget\" data-widget_type=\"text-editor.default\">\n\t\t\t\t<div class=\"elementor-widget-container\">\n\t\t\t\t\t\t\t\t\t<p>CD skiva \u201dMusiken ljuder\u201d1998 Ini\u00f6 visor och dragspelsmusik<br \/>\nCD skivor \u201dJocke och Nalle\u201d2001 och \u201dMera\u201d2004<br \/>\nallroundband<br \/>\nCD skiva \u201dLilla Snigel\u201d 2010 Lasten lauluja tukiviittomilla ruotsiksi<br \/>\njazzyhtye (my\u00f6s muuta ohjelmistossa)<br \/>\nlaulelma ja popduo<\/p>\n\t\t\t\t\t\t\t\t<\/div>\n\t\t\t\t<\/div>\n\t\t\t\t\t<\/div>\n\t\t<\/div>\n\t\t\t\t\t<\/div>\n\t\t<\/section>\n\t\t\t\t<\/div>\n\t\t","protected":false},"excerpt":{"rendered":"<p>Dialog Yritys DIALOG fi Y-tunnus 2008148-5 aloitti toimintansa vuonna 2002 konsulttiyhti\u00f6n\u00e4 p\u00e4\u00e4asiassa edunvalvonnan ja ty\u00f6nohjauksen alalla. Yritys toimi my\u00f6s tuottajana audiovisuaalisella alalla. Se on j\u00e4rjest\u00e4nyt musiikkiesityksi\u00e4 ja tehnyt tallenteita eri kokoonpanojen kanssa. Nimi Dialog fi\u2006 \u2006 voidaan johtaa dialogifilosofiaan ja ajatukseen siit\u00e4, ett\u00e4 kaikki inhimillinen toiminta on luonteeltaan dialogin kaltaista.\u2006 \u2006 Dialogiin olennaisesti liittyv\u00e4 tekij\u00e4 [&hellip;]<\/p>\n","protected":false},"author":1,"featured_media":0,"parent":0,"menu_order":0,"comment_status":"closed","ping_status":"closed","template":"elementor_header_footer","meta":{"inline_featured_image":false,"site-sidebar-layout":"default","site-content-layout":"default","ast-site-content-layout":"default","site-content-style":"default","site-sidebar-style":"default","ast-global-header-display":"","ast-banner-title-visibility":"","ast-main-header-display":"","ast-hfb-above-header-display":"","ast-hfb-below-header-display":"","ast-hfb-mobile-header-display":"","site-post-title":"","ast-breadcrumbs-content":"","ast-featured-img":"","footer-sml-layout":"","ast-disable-related-posts":"","theme-transparent-header-meta":"default","adv-header-id-meta":"","stick-header-meta":"","header-above-stick-meta":"","header-main-stick-meta":"","header-below-stick-meta":"","astra-migrate-meta-layouts":"default","ast-page-background-enabled":"default","ast-page-background-meta":{"desktop":{"background-color":"","background-image":"","background-repeat":"repeat","background-position":"center center","background-size":"auto","background-attachment":"scroll","background-type":"","background-media":"","overlay-type":"","overlay-color":"","overlay-opacity":"","overlay-gradient":""},"tablet":{"background-color":"","background-image":"","background-repeat":"repeat","background-position":"center center","background-size":"auto","background-attachment":"scroll","background-type":"","background-media":"","overlay-type":"","overlay-color":"","overlay-opacity":"","overlay-gradient":""},"mobile":{"background-color":"","background-image":"","background-repeat":"repeat","background-position":"center center","background-size":"auto","background-attachment":"scroll","background-type":"","background-media":"","overlay-type":"","overlay-color":"","overlay-opacity":"","overlay-gradient":""}},"ast-content-background-meta":{"desktop":{"background-color":"var(--ast-global-color-5)","background-image":"","background-repeat":"repeat","background-position":"center center","background-size":"auto","background-attachment":"scroll","background-type":"","background-media":"","overlay-type":"","overlay-color":"","overlay-opacity":"","overlay-gradient":""},"tablet":{"background-color":"var(--ast-global-color-5)","background-image":"","background-repeat":"repeat","background-position":"center center","background-size":"auto","background-attachment":"scroll","background-type":"","background-media":"","overlay-type":"","overlay-color":"","overlay-opacity":"","overlay-gradient":""},"mobile":{"background-color":"var(--ast-global-color-5)","background-image":"","background-repeat":"repeat","background-position":"center center","background-size":"auto","background-attachment":"scroll","background-type":"","background-media":"","overlay-type":"","overlay-color":"","overlay-opacity":"","overlay-gradient":""}},"footnotes":""},"class_list":["post-2052","page","type-page","status-publish","hentry"],"yoast_head":"<!-- This site is optimized with the Yoast SEO plugin v27.5 - https:\/\/yoast.com\/product\/yoast-seo-wordpress\/ -->\n<title>Dialog - Tallbacka No Dig Oy Ab<\/title>\n<meta name=\"robots\" content=\"index, follow, max-snippet:-1, max-image-preview:large, max-video-preview:-1\" \/>\n<link rel=\"canonical\" href=\"https:\/\/nodig.fi\/fi\/dialog\/\" \/>\n<meta property=\"og:locale\" content=\"fi_FI\" \/>\n<meta property=\"og:type\" content=\"article\" \/>\n<meta property=\"og:title\" content=\"Dialog - Tallbacka No Dig Oy Ab\" \/>\n<meta property=\"og:description\" content=\"Dialog Yritys DIALOG fi Y-tunnus 2008148-5 aloitti toimintansa vuonna 2002 konsulttiyhti\u00f6n\u00e4 p\u00e4\u00e4asiassa edunvalvonnan ja ty\u00f6nohjauksen alalla. Yritys toimi my\u00f6s tuottajana audiovisuaalisella alalla. Se on j\u00e4rjest\u00e4nyt musiikkiesityksi\u00e4 ja tehnyt tallenteita eri kokoonpanojen kanssa. Nimi Dialog fi\u2006 \u2006 voidaan johtaa dialogifilosofiaan ja ajatukseen siit\u00e4, ett\u00e4 kaikki inhimillinen toiminta on luonteeltaan dialogin kaltaista.\u2006 \u2006 Dialogiin olennaisesti liittyv\u00e4 tekij\u00e4 [&hellip;]\" \/>\n<meta property=\"og:url\" content=\"https:\/\/nodig.fi\/fi\/dialog\/\" \/>\n<meta property=\"og:site_name\" content=\"Tallbacka No Dig Oy Ab\" \/>\n<meta property=\"article:publisher\" content=\"https:\/\/www.facebook.com\/TallbackaNoDig\/\" \/>\n<meta property=\"article:modified_time\" content=\"2022-02-15T09:22:25+00:00\" \/>\n<meta name=\"twitter:card\" content=\"summary_large_image\" \/>\n<meta name=\"twitter:label1\" content=\"Arvioitu lukuaika\" \/>\n\t<meta name=\"twitter:data1\" content=\"1 minuutti\" \/>\n<script type=\"application\/ld+json\" class=\"yoast-schema-graph\">{\"@context\":\"https:\\\/\\\/schema.org\",\"@graph\":[{\"@type\":\"WebPage\",\"@id\":\"https:\\\/\\\/nodig.fi\\\/fi\\\/dialog\\\/\",\"url\":\"https:\\\/\\\/nodig.fi\\\/fi\\\/dialog\\\/\",\"name\":\"Dialog - Tallbacka No Dig Oy Ab\",\"isPartOf\":{\"@id\":\"https:\\\/\\\/nodig.fi\\\/#website\"},\"datePublished\":\"2022-01-29T17:22:24+00:00\",\"dateModified\":\"2022-02-15T09:22:25+00:00\",\"breadcrumb\":{\"@id\":\"https:\\\/\\\/nodig.fi\\\/fi\\\/dialog\\\/#breadcrumb\"},\"inLanguage\":\"fi\",\"potentialAction\":[{\"@type\":\"ReadAction\",\"target\":[\"https:\\\/\\\/nodig.fi\\\/fi\\\/dialog\\\/\"]}]},{\"@type\":\"BreadcrumbList\",\"@id\":\"https:\\\/\\\/nodig.fi\\\/fi\\\/dialog\\\/#breadcrumb\",\"itemListElement\":[{\"@type\":\"ListItem\",\"position\":1,\"name\":\"Hem\",\"item\":\"https:\\\/\\\/nodig.fi\\\/\"},{\"@type\":\"ListItem\",\"position\":2,\"name\":\"Dialog\"}]},{\"@type\":\"WebSite\",\"@id\":\"https:\\\/\\\/nodig.fi\\\/#website\",\"url\":\"https:\\\/\\\/nodig.fi\\\/\",\"name\":\"Nodig - Tallbacka Tr\u00e4dg\u00e5rd\",\"description\":\"\",\"publisher\":{\"@id\":\"https:\\\/\\\/nodig.fi\\\/#organization\"},\"potentialAction\":[{\"@type\":\"SearchAction\",\"target\":{\"@type\":\"EntryPoint\",\"urlTemplate\":\"https:\\\/\\\/nodig.fi\\\/?s={search_term_string}\"},\"query-input\":{\"@type\":\"PropertyValueSpecification\",\"valueRequired\":true,\"valueName\":\"search_term_string\"}}],\"inLanguage\":\"fi\"},{\"@type\":\"Organization\",\"@id\":\"https:\\\/\\\/nodig.fi\\\/#organization\",\"name\":\"Tallbacka No Dig Oy Ab\",\"url\":\"https:\\\/\\\/nodig.fi\\\/\",\"logo\":{\"@type\":\"ImageObject\",\"inLanguage\":\"fi\",\"@id\":\"https:\\\/\\\/nodig.fi\\\/#\\\/schema\\\/logo\\\/image\\\/\",\"url\":\"https:\\\/\\\/nodig.fi\\\/wp-content\\\/uploads\\\/2024\\\/02\\\/no_dig.png\",\"contentUrl\":\"https:\\\/\\\/nodig.fi\\\/wp-content\\\/uploads\\\/2024\\\/02\\\/no_dig.png\",\"width\":814,\"height\":814,\"caption\":\"Tallbacka No Dig Oy Ab\"},\"image\":{\"@id\":\"https:\\\/\\\/nodig.fi\\\/#\\\/schema\\\/logo\\\/image\\\/\"},\"sameAs\":[\"https:\\\/\\\/www.facebook.com\\\/TallbackaNoDig\\\/\"]}]}<\/script>\n<!-- \/ Yoast SEO plugin. -->","yoast_head_json":{"title":"Dialog - Tallbacka No Dig Oy Ab","robots":{"index":"index","follow":"follow","max-snippet":"max-snippet:-1","max-image-preview":"max-image-preview:large","max-video-preview":"max-video-preview:-1"},"canonical":"https:\/\/nodig.fi\/fi\/dialog\/","og_locale":"fi_FI","og_type":"article","og_title":"Dialog - Tallbacka No Dig Oy Ab","og_description":"Dialog Yritys DIALOG fi Y-tunnus 2008148-5 aloitti toimintansa vuonna 2002 konsulttiyhti\u00f6n\u00e4 p\u00e4\u00e4asiassa edunvalvonnan ja ty\u00f6nohjauksen alalla. Yritys toimi my\u00f6s tuottajana audiovisuaalisella alalla. Se on j\u00e4rjest\u00e4nyt musiikkiesityksi\u00e4 ja tehnyt tallenteita eri kokoonpanojen kanssa. Nimi Dialog fi\u2006 \u2006 voidaan johtaa dialogifilosofiaan ja ajatukseen siit\u00e4, ett\u00e4 kaikki inhimillinen toiminta on luonteeltaan dialogin kaltaista.\u2006 \u2006 Dialogiin olennaisesti liittyv\u00e4 tekij\u00e4 [&hellip;]","og_url":"https:\/\/nodig.fi\/fi\/dialog\/","og_site_name":"Tallbacka No Dig Oy Ab","article_publisher":"https:\/\/www.facebook.com\/TallbackaNoDig\/","article_modified_time":"2022-02-15T09:22:25+00:00","twitter_card":"summary_large_image","twitter_misc":{"Arvioitu lukuaika":"1 minuutti"},"schema":{"@context":"https:\/\/schema.org","@graph":[{"@type":"WebPage","@id":"https:\/\/nodig.fi\/fi\/dialog\/","url":"https:\/\/nodig.fi\/fi\/dialog\/","name":"Dialog - Tallbacka No Dig Oy Ab","isPartOf":{"@id":"https:\/\/nodig.fi\/#website"},"datePublished":"2022-01-29T17:22:24+00:00","dateModified":"2022-02-15T09:22:25+00:00","breadcrumb":{"@id":"https:\/\/nodig.fi\/fi\/dialog\/#breadcrumb"},"inLanguage":"fi","potentialAction":[{"@type":"ReadAction","target":["https:\/\/nodig.fi\/fi\/dialog\/"]}]},{"@type":"BreadcrumbList","@id":"https:\/\/nodig.fi\/fi\/dialog\/#breadcrumb","itemListElement":[{"@type":"ListItem","position":1,"name":"Hem","item":"https:\/\/nodig.fi\/"},{"@type":"ListItem","position":2,"name":"Dialog"}]},{"@type":"WebSite","@id":"https:\/\/nodig.fi\/#website","url":"https:\/\/nodig.fi\/","name":"Nodig - Tallbacka Tr\u00e4dg\u00e5rd","description":"","publisher":{"@id":"https:\/\/nodig.fi\/#organization"},"potentialAction":[{"@type":"SearchAction","target":{"@type":"EntryPoint","urlTemplate":"https:\/\/nodig.fi\/?s={search_term_string}"},"query-input":{"@type":"PropertyValueSpecification","valueRequired":true,"valueName":"search_term_string"}}],"inLanguage":"fi"},{"@type":"Organization","@id":"https:\/\/nodig.fi\/#organization","name":"Tallbacka No Dig Oy Ab","url":"https:\/\/nodig.fi\/","logo":{"@type":"ImageObject","inLanguage":"fi","@id":"https:\/\/nodig.fi\/#\/schema\/logo\/image\/","url":"https:\/\/nodig.fi\/wp-content\/uploads\/2024\/02\/no_dig.png","contentUrl":"https:\/\/nodig.fi\/wp-content\/uploads\/2024\/02\/no_dig.png","width":814,"height":814,"caption":"Tallbacka No Dig Oy Ab"},"image":{"@id":"https:\/\/nodig.fi\/#\/schema\/logo\/image\/"},"sameAs":["https:\/\/www.facebook.com\/TallbackaNoDig\/"]}]}},"_links":{"self":[{"href":"https:\/\/nodig.fi\/fi\/wp-json\/wp\/v2\/pages\/2052","targetHints":{"allow":["GET"]}}],"collection":[{"href":"https:\/\/nodig.fi\/fi\/wp-json\/wp\/v2\/pages"}],"about":[{"href":"https:\/\/nodig.fi\/fi\/wp-json\/wp\/v2\/types\/page"}],"author":[{"embeddable":true,"href":"https:\/\/nodig.fi\/fi\/wp-json\/wp\/v2\/users\/1"}],"replies":[{"embeddable":true,"href":"https:\/\/nodig.fi\/fi\/wp-json\/wp\/v2\/comments?post=2052"}],"version-history":[{"count":4,"href":"https:\/\/nodig.fi\/fi\/wp-json\/wp\/v2\/pages\/2052\/revisions"}],"predecessor-version":[{"id":2233,"href":"https:\/\/nodig.fi\/fi\/wp-json\/wp\/v2\/pages\/2052\/revisions\/2233"}],"wp:attachment":[{"href":"https:\/\/nodig.fi\/fi\/wp-json\/wp\/v2\/media?parent=2052"}],"curies":[{"name":"wp","href":"https:\/\/api.w.org\/{rel}","templated":true}]}}