{"id":2042,"date":"2022-01-29T17:00:46","date_gmt":"2022-01-29T17:00:46","guid":{"rendered":"https:\/\/nodig.fi\/metsapuutarha\/"},"modified":"2024-02-29T17:19:16","modified_gmt":"2024-02-29T17:19:16","slug":"metsapuutarha","status":"publish","type":"page","link":"https:\/\/nodig.fi\/fi\/metsapuutarha\/","title":{"rendered":"Mets\u00e4puutarha"},"content":{"rendered":"\t\t<div data-elementor-type=\"wp-page\" data-elementor-id=\"2042\" class=\"elementor elementor-2042 elementor-1227\" data-elementor-post-type=\"page\">\n\t\t\t\t\t\t<section class=\"elementor-section elementor-top-section elementor-element elementor-element-c46ed8a elementor-section-boxed elementor-section-height-default elementor-section-height-default\" data-id=\"c46ed8a\" data-element_type=\"section\" data-e-type=\"section\">\n\t\t\t\t\t\t<div class=\"elementor-container elementor-column-gap-default\">\n\t\t\t\t\t<div class=\"elementor-column elementor-col-100 elementor-top-column elementor-element elementor-element-529b120\" data-id=\"529b120\" data-element_type=\"column\" data-e-type=\"column\">\n\t\t\t<div class=\"elementor-widget-wrap elementor-element-populated\">\n\t\t\t\t\t\t<div class=\"elementor-element elementor-element-1cc3e61 elementor-widget elementor-widget-heading\" data-id=\"1cc3e61\" data-element_type=\"widget\" data-e-type=\"widget\" data-widget_type=\"heading.default\">\n\t\t\t\t<div class=\"elementor-widget-container\">\n\t\t\t\t\t<h2 class=\"elementor-heading-title elementor-size-default\">Mets\u00e4puutarha<\/h2>\t\t\t\t<\/div>\n\t\t\t\t<\/div>\n\t\t\t\t\t<\/div>\n\t\t<\/div>\n\t\t\t\t\t<\/div>\n\t\t<\/section>\n\t\t\t\t<section class=\"elementor-section elementor-top-section elementor-element elementor-element-caf6b7a elementor-section-boxed elementor-section-height-default elementor-section-height-default\" data-id=\"caf6b7a\" data-element_type=\"section\" data-e-type=\"section\">\n\t\t\t\t\t\t<div class=\"elementor-container elementor-column-gap-default\">\n\t\t\t\t\t<div class=\"elementor-column elementor-col-33 elementor-top-column elementor-element elementor-element-bba3b4c\" data-id=\"bba3b4c\" data-element_type=\"column\" data-e-type=\"column\">\n\t\t\t<div class=\"elementor-widget-wrap\">\n\t\t\t\t\t\t\t<\/div>\n\t\t<\/div>\n\t\t\t\t<div class=\"elementor-column elementor-col-33 elementor-top-column elementor-element elementor-element-9258e1c\" data-id=\"9258e1c\" data-element_type=\"column\" data-e-type=\"column\">\n\t\t\t<div class=\"elementor-widget-wrap elementor-element-populated\">\n\t\t\t\t\t\t<div class=\"elementor-element elementor-element-e3c9b1a elementor-widget elementor-widget-image\" data-id=\"e3c9b1a\" data-element_type=\"widget\" data-e-type=\"widget\" data-widget_type=\"image.default\">\n\t\t\t\t<div class=\"elementor-widget-container\">\n\t\t\t\t\t\t\t\t\t\t\t\t\t\t\t<img fetchpriority=\"high\" decoding=\"async\" width=\"890\" height=\"668\" src=\"https:\/\/nodig.fi\/wp-content\/uploads\/2021\/03\/skogstradgard.jpg\" class=\"attachment-large size-large wp-image-1403\" alt=\"\" srcset=\"https:\/\/nodig.fi\/wp-content\/uploads\/2021\/03\/skogstradgard.jpg 1000w, https:\/\/nodig.fi\/wp-content\/uploads\/2021\/03\/skogstradgard-300x225.jpg 300w, https:\/\/nodig.fi\/wp-content\/uploads\/2021\/03\/skogstradgard-768x576.jpg 768w\" sizes=\"(max-width: 890px) 100vw, 890px\" \/>\t\t\t\t\t\t\t\t\t\t\t\t\t\t\t<\/div>\n\t\t\t\t<\/div>\n\t\t\t\t<div class=\"elementor-element elementor-element-b3f4f2e elementor-widget elementor-widget-text-editor\" data-id=\"b3f4f2e\" data-element_type=\"widget\" data-e-type=\"widget\" data-widget_type=\"text-editor.default\">\n\t\t\t\t<div class=\"elementor-widget-container\">\n\t\t\t\t\t\t\t\t\t<h4 lang=\"sv-FI\"><strong><span style=\"font-size: medium;\">Mets\u00e4puutarha -\u2006 \u2006 k\u00e4ytet\u00e4\u00e4n permakulttuurissa metaforana<\/span><\/strong><\/h4>\n<p lang=\"sv-FI\">\nPermakulttuurissa ja luonnonmukaisessa viljelyss\u00e4 ajatus mets\u00e4puutarhasta on mielenkiintoinen ja suuntaa-antava. Luettuamme talvella 2019 kirjan Skogstr\u00e4dg\u00e5rden olemme soveltaneet siin\u00e4 esitettyj\u00e4 ideoita. Samalla totesimme, ett\u00e4 monet aikaisemmin tekemist\u00e4mme ratkaisuista puitten, pensaitten ja yrttien kasvattamiseksi yhdess\u00e4 voidaan kytke\u00e4 permakulttuurin ajatusmaailmaan. Sadeveden talteenotto ja kasteluj\u00e4rjestelm\u00e4n rakentaminen ovat my\u00f6s osa permakulttuurin kokonaisajattelua. Puutarhan suunnittelussa olemme alusta saakka huomioineet maaper\u00e4\u00e4, valo- ja tuuliolosuhteita siin\u00e4 miten sijoitamme eri kasveja puutarhaan. <\/p>\n<p>Viljelypenkkien ja kompostoinnin kehitt\u00e4misen osalta olemme vasta alussa. Bokashimenetelm\u00e4\u00e4, miss\u00e4 fermentoidaan keitti\u00f6j\u00e4tett\u00e4 EM-liuoksella ja k\u00e4ytet\u00e4\u00e4n suotonestett\u00e4 lannoitteena, olemme soveltaneet vuodesta 2019. Sen lis\u00e4ksi olemme yhteisty\u00f6ss\u00e4 Kamomilla-p\u00e4iv\u00e4kodin kanssa (2020). P\u00e4\u00e4m\u00e4\u00e4r\u00e4n\u00e4 on ottaa talteen muutoin roskiin joutuva ruoka ja tehd\u00e4 siit\u00e4 hyv\u00e4\u00e4 kompostia puutarhaan. T\u00e4m\u00e4 l\u00e4htee oivalluksesta, ett\u00e4 maata pit\u00e4\u00e4 viljell\u00e4, jotta saisimme siit\u00e4 hyvi\u00e4 tuotteita. Palaamme t\u00e4h\u00e4n aiheeseen saatuamme lis\u00e4\u00e4 kokemuksia.<\/p>\n<p>K\u00e4ytetty kirjallisuus:<\/p>\n<p><strong><span style=\"font-size: medium; color: #e71017;\">P\u00e5 svenska\/Ruotsiksi\/In Swedish<\/span><\/strong><\/p>\n<p><strong>ARVIDSSON<\/strong> Ylva, Johan och Siri: Permakultur! Framtiden i din tr\u00e4dg\u00e5rd. 2017<br \/>\n<strong>BLOMQVIST<\/strong> Leif,<br \/>\n\u2013 V\u00e5ra fruktsorter, \u00c4pplen, p\u00e4ron, plommon, k\u00f6rsb\u00e4r. 2010<br \/>\n\u2013 V\u00e5ra tr\u00e4dg\u00e5rdsb\u00e4r, H\u00e4lsosam vardagslyx fr\u00e5n egen tr\u00e4dg\u00e5rd.\u2006 \u2006 2020<br \/>\n<strong>ISRAELSSON<\/strong> Lena,<br \/>\n\u2013 Handbok f\u00f6r k\u00f6kstr\u00e4dg\u00e5rden 2018 e-bok<br \/>\n\u2013 Gourmettr\u00e4dg\u00e5rden, K\u00f6ksv\u00e4xterna som smakar b\u00e4st 2013<br \/>\n\u2013 Jordens t\u00e4ppor, K\u00f6kstr\u00e4dg\u00e5rdar i hela v\u00e4rlden 2002<br \/>\n\u2013 Gr\u00f6nsaksodling, f\u00f6r nyb\u00f6rjare 2017 e-bok<br \/>\n<strong>MATHIASSON<\/strong> Eva, <strong>WIDLUNDH<\/strong>, Susanna: Sk\u00f6rda regnvatten 2014<br \/>\n<strong>PETTERSSON<\/strong> Eva, L\u00e4tt att odla naturligt, Hur du lyckas med ekologiska odlingar. 2020<br \/>\n<strong>RINGQVIST<\/strong> Jonas: Odla till f\u00f6rs\u00e4ljning, att f\u00f6rs\u00f6rja sig p\u00e5 sm\u00e5skalig 2016<br \/>\n<strong>ROBILD<\/strong>, Eva: Chili 222 sorter att odla och \u00e4ta 2018<br \/>\n<strong>WED\u00c9N<\/strong>, Christina: Tryffel, mat f\u00f6r gudar, gutar &#038; svin 2017<br \/>\n<strong>WEISS<\/strong> Philipp, SJ\u00d6BERG, Annevi, LARSSON, Daniel:<br \/>\n\u2006 \u2013 Fler\u00e5riga gr\u00f6nsaker, uppt\u00e4ck, odla, njut 2008<br \/>\n\u2013 Skogstr\u00e4dg\u00e5rden, odla \u00e4tbart \u00f6verallt 2018<br \/>\n<strong><span style=\"font-size: medium; color: #e71017;\">Suomeksi\/P\u00e5 finska\/In Finnish<\/span><\/strong><br \/>\n<strong>GALAMBOSI<\/strong> Bertalan: Yrttien viljely 2016<br \/>\n<strong>HAVENITH<\/strong> Christian: Marjat, puutarhan ja mets\u00e4n herkut 2016<br \/>\n<strong>R\u00c5MAN<\/strong>, Tina, <strong>RUNDQUIST<\/strong>, Ewa-Marie, <strong>LAGACHE<\/strong>, Justine:<br \/>\n\u2013 Lantakirja, opas puutarhan maanalaiseen el\u00e4m\u00e4\u00e4n 2017<br \/>\n<strong>ROSENBERG<\/strong> Joel,<br \/>\nP\u00e4hkin\u00f6it\u00e4 omasta puutarhasta,\u2006 \u2006 opas suomalaisten p\u00e4hkin\u00f6iden kasvattamiseen. 2021<br \/>\n<strong><span style=\"color: #e71017;\">In English\/P\u00e5 engelska\/Englanniksi<\/span><\/strong><br \/>\n<strong>DOWDING <\/strong>Charles,<br \/>\n\u2013 Organic gardening, The natural no-dig way 2018<br \/>\n\u2013 How to create a new vegetable garden,<br \/>\n\u2006- Producing a beautiful and fruitful garden from scratch 2015<\/p>\n\t\t\t\t\t\t\t\t<\/div>\n\t\t\t\t<\/div>\n\t\t\t\t\t<\/div>\n\t\t<\/div>\n\t\t\t\t<div class=\"elementor-column elementor-col-33 elementor-top-column elementor-element elementor-element-3693454\" data-id=\"3693454\" data-element_type=\"column\" data-e-type=\"column\">\n\t\t\t<div class=\"elementor-widget-wrap\">\n\t\t\t\t\t\t\t<\/div>\n\t\t<\/div>\n\t\t\t\t\t<\/div>\n\t\t<\/section>\n\t\t\t\t<\/div>\n\t\t","protected":false},"excerpt":{"rendered":"<p>Mets\u00e4puutarha Mets\u00e4puutarha -\u2006 \u2006 k\u00e4ytet\u00e4\u00e4n permakulttuurissa metaforana Permakulttuurissa ja luonnonmukaisessa viljelyss\u00e4 ajatus mets\u00e4puutarhasta on mielenkiintoinen ja suuntaa-antava. Luettuamme talvella 2019 kirjan Skogstr\u00e4dg\u00e5rden olemme soveltaneet siin\u00e4 esitettyj\u00e4 ideoita. Samalla totesimme, ett\u00e4 monet aikaisemmin tekemist\u00e4mme ratkaisuista puitten, pensaitten ja yrttien kasvattamiseksi yhdess\u00e4 voidaan kytke\u00e4 permakulttuurin ajatusmaailmaan. Sadeveden talteenotto ja kasteluj\u00e4rjestelm\u00e4n rakentaminen ovat my\u00f6s osa permakulttuurin kokonaisajattelua. Puutarhan [&hellip;]<\/p>\n","protected":false},"author":1,"featured_media":0,"parent":0,"menu_order":0,"comment_status":"closed","ping_status":"closed","template":"elementor_header_footer","meta":{"inline_featured_image":false,"site-sidebar-layout":"no-sidebar","site-content-layout":"page-builder","ast-site-content-layout":"default","site-content-style":"default","site-sidebar-style":"default","ast-global-header-display":"","ast-banner-title-visibility":"","ast-main-header-display":"","ast-hfb-above-header-display":"","ast-hfb-below-header-display":"","ast-hfb-mobile-header-display":"","site-post-title":"disabled","ast-breadcrumbs-content":"","ast-featured-img":"disabled","footer-sml-layout":"","ast-disable-related-posts":"","theme-transparent-header-meta":"default","adv-header-id-meta":"","stick-header-meta":"","header-above-stick-meta":"","header-main-stick-meta":"","header-below-stick-meta":"","astra-migrate-meta-layouts":"default","ast-page-background-enabled":"default","ast-page-background-meta":{"desktop":{"background-color":"","background-image":"","background-repeat":"repeat","background-position":"center center","background-size":"auto","background-attachment":"scroll","background-type":"","background-media":"","overlay-type":"","overlay-color":"","overlay-opacity":"","overlay-gradient":""},"tablet":{"background-color":"","background-image":"","background-repeat":"repeat","background-position":"center center","background-size":"auto","background-attachment":"scroll","background-type":"","background-media":"","overlay-type":"","overlay-color":"","overlay-opacity":"","overlay-gradient":""},"mobile":{"background-color":"","background-image":"","background-repeat":"repeat","background-position":"center center","background-size":"auto","background-attachment":"scroll","background-type":"","background-media":"","overlay-type":"","overlay-color":"","overlay-opacity":"","overlay-gradient":""}},"ast-content-background-meta":{"desktop":{"background-color":"var(--ast-global-color-5)","background-image":"","background-repeat":"repeat","background-position":"center center","background-size":"auto","background-attachment":"scroll","background-type":"","background-media":"","overlay-type":"","overlay-color":"","overlay-opacity":"","overlay-gradient":""},"tablet":{"background-color":"var(--ast-global-color-5)","background-image":"","background-repeat":"repeat","background-position":"center center","background-size":"auto","background-attachment":"scroll","background-type":"","background-media":"","overlay-type":"","overlay-color":"","overlay-opacity":"","overlay-gradient":""},"mobile":{"background-color":"var(--ast-global-color-5)","background-image":"","background-repeat":"repeat","background-position":"center center","background-size":"auto","background-attachment":"scroll","background-type":"","background-media":"","overlay-type":"","overlay-color":"","overlay-opacity":"","overlay-gradient":""}},"footnotes":""},"class_list":["post-2042","page","type-page","status-publish","hentry"],"yoast_head":"<!-- This site is optimized with the Yoast SEO plugin v27.5 - https:\/\/yoast.com\/product\/yoast-seo-wordpress\/ -->\n<title>Mets\u00e4puutarha - Tallbacka No Dig Oy Ab<\/title>\n<meta name=\"robots\" content=\"index, follow, max-snippet:-1, max-image-preview:large, max-video-preview:-1\" \/>\n<link rel=\"canonical\" href=\"https:\/\/nodig.fi\/skogstradgard\/\" \/>\n<meta property=\"og:locale\" content=\"fi_FI\" \/>\n<meta property=\"og:type\" content=\"article\" \/>\n<meta property=\"og:title\" content=\"Mets\u00e4puutarha - Tallbacka No Dig Oy Ab\" \/>\n<meta property=\"og:description\" content=\"Mets\u00e4puutarha Mets\u00e4puutarha -\u2006 \u2006 k\u00e4ytet\u00e4\u00e4n permakulttuurissa metaforana Permakulttuurissa ja luonnonmukaisessa viljelyss\u00e4 ajatus mets\u00e4puutarhasta on mielenkiintoinen ja suuntaa-antava. Luettuamme talvella 2019 kirjan Skogstr\u00e4dg\u00e5rden olemme soveltaneet siin\u00e4 esitettyj\u00e4 ideoita. Samalla totesimme, ett\u00e4 monet aikaisemmin tekemist\u00e4mme ratkaisuista puitten, pensaitten ja yrttien kasvattamiseksi yhdess\u00e4 voidaan kytke\u00e4 permakulttuurin ajatusmaailmaan. Sadeveden talteenotto ja kasteluj\u00e4rjestelm\u00e4n rakentaminen ovat my\u00f6s osa permakulttuurin kokonaisajattelua. Puutarhan [&hellip;]\" \/>\n<meta property=\"og:url\" content=\"https:\/\/nodig.fi\/skogstradgard\/\" \/>\n<meta property=\"og:site_name\" content=\"Tallbacka No Dig Oy Ab\" \/>\n<meta property=\"article:publisher\" content=\"https:\/\/www.facebook.com\/TallbackaNoDig\/\" \/>\n<meta property=\"article:modified_time\" content=\"2024-02-29T17:19:16+00:00\" \/>\n<meta property=\"og:image\" content=\"https:\/\/nodig.fi\/wp-content\/uploads\/2021\/03\/skogstradgard.jpg\" \/>\n<meta name=\"twitter:card\" content=\"summary_large_image\" \/>\n<meta name=\"twitter:label1\" content=\"Arvioitu lukuaika\" \/>\n\t<meta name=\"twitter:data1\" content=\"2 minuuttia\" \/>\n<script type=\"application\/ld+json\" class=\"yoast-schema-graph\">{\"@context\":\"https:\\\/\\\/schema.org\",\"@graph\":[{\"@type\":\"WebPage\",\"@id\":\"https:\\\/\\\/nodig.fi\\\/skogstradgard\\\/\",\"url\":\"https:\\\/\\\/nodig.fi\\\/skogstradgard\\\/\",\"name\":\"Mets\u00e4puutarha - Tallbacka No Dig Oy Ab\",\"isPartOf\":{\"@id\":\"https:\\\/\\\/nodig.fi\\\/#website\"},\"primaryImageOfPage\":{\"@id\":\"https:\\\/\\\/nodig.fi\\\/skogstradgard\\\/#primaryimage\"},\"image\":{\"@id\":\"https:\\\/\\\/nodig.fi\\\/skogstradgard\\\/#primaryimage\"},\"thumbnailUrl\":\"https:\\\/\\\/nodig.fi\\\/wp-content\\\/uploads\\\/2021\\\/03\\\/skogstradgard.jpg\",\"datePublished\":\"2022-01-29T17:00:46+00:00\",\"dateModified\":\"2024-02-29T17:19:16+00:00\",\"breadcrumb\":{\"@id\":\"https:\\\/\\\/nodig.fi\\\/skogstradgard\\\/#breadcrumb\"},\"inLanguage\":\"fi\",\"potentialAction\":[{\"@type\":\"ReadAction\",\"target\":[\"https:\\\/\\\/nodig.fi\\\/skogstradgard\\\/\"]}]},{\"@type\":\"ImageObject\",\"inLanguage\":\"fi\",\"@id\":\"https:\\\/\\\/nodig.fi\\\/skogstradgard\\\/#primaryimage\",\"url\":\"https:\\\/\\\/nodig.fi\\\/wp-content\\\/uploads\\\/2021\\\/03\\\/skogstradgard.jpg\",\"contentUrl\":\"https:\\\/\\\/nodig.fi\\\/wp-content\\\/uploads\\\/2021\\\/03\\\/skogstradgard.jpg\"},{\"@type\":\"BreadcrumbList\",\"@id\":\"https:\\\/\\\/nodig.fi\\\/skogstradgard\\\/#breadcrumb\",\"itemListElement\":[{\"@type\":\"ListItem\",\"position\":1,\"name\":\"Hem\",\"item\":\"https:\\\/\\\/nodig.fi\\\/\"},{\"@type\":\"ListItem\",\"position\":2,\"name\":\"Mets\u00e4puutarha\"}]},{\"@type\":\"WebSite\",\"@id\":\"https:\\\/\\\/nodig.fi\\\/#website\",\"url\":\"https:\\\/\\\/nodig.fi\\\/\",\"name\":\"Nodig - Tallbacka Tr\u00e4dg\u00e5rd\",\"description\":\"\",\"publisher\":{\"@id\":\"https:\\\/\\\/nodig.fi\\\/#organization\"},\"potentialAction\":[{\"@type\":\"SearchAction\",\"target\":{\"@type\":\"EntryPoint\",\"urlTemplate\":\"https:\\\/\\\/nodig.fi\\\/?s={search_term_string}\"},\"query-input\":{\"@type\":\"PropertyValueSpecification\",\"valueRequired\":true,\"valueName\":\"search_term_string\"}}],\"inLanguage\":\"fi\"},{\"@type\":\"Organization\",\"@id\":\"https:\\\/\\\/nodig.fi\\\/#organization\",\"name\":\"Tallbacka No Dig Oy Ab\",\"url\":\"https:\\\/\\\/nodig.fi\\\/\",\"logo\":{\"@type\":\"ImageObject\",\"inLanguage\":\"fi\",\"@id\":\"https:\\\/\\\/nodig.fi\\\/#\\\/schema\\\/logo\\\/image\\\/\",\"url\":\"https:\\\/\\\/nodig.fi\\\/wp-content\\\/uploads\\\/2024\\\/02\\\/no_dig.png\",\"contentUrl\":\"https:\\\/\\\/nodig.fi\\\/wp-content\\\/uploads\\\/2024\\\/02\\\/no_dig.png\",\"width\":814,\"height\":814,\"caption\":\"Tallbacka No Dig Oy Ab\"},\"image\":{\"@id\":\"https:\\\/\\\/nodig.fi\\\/#\\\/schema\\\/logo\\\/image\\\/\"},\"sameAs\":[\"https:\\\/\\\/www.facebook.com\\\/TallbackaNoDig\\\/\"]}]}<\/script>\n<!-- \/ Yoast SEO plugin. -->","yoast_head_json":{"title":"Mets\u00e4puutarha - Tallbacka No Dig Oy Ab","robots":{"index":"index","follow":"follow","max-snippet":"max-snippet:-1","max-image-preview":"max-image-preview:large","max-video-preview":"max-video-preview:-1"},"canonical":"https:\/\/nodig.fi\/skogstradgard\/","og_locale":"fi_FI","og_type":"article","og_title":"Mets\u00e4puutarha - Tallbacka No Dig Oy Ab","og_description":"Mets\u00e4puutarha Mets\u00e4puutarha -\u2006 \u2006 k\u00e4ytet\u00e4\u00e4n permakulttuurissa metaforana Permakulttuurissa ja luonnonmukaisessa viljelyss\u00e4 ajatus mets\u00e4puutarhasta on mielenkiintoinen ja suuntaa-antava. Luettuamme talvella 2019 kirjan Skogstr\u00e4dg\u00e5rden olemme soveltaneet siin\u00e4 esitettyj\u00e4 ideoita. Samalla totesimme, ett\u00e4 monet aikaisemmin tekemist\u00e4mme ratkaisuista puitten, pensaitten ja yrttien kasvattamiseksi yhdess\u00e4 voidaan kytke\u00e4 permakulttuurin ajatusmaailmaan. Sadeveden talteenotto ja kasteluj\u00e4rjestelm\u00e4n rakentaminen ovat my\u00f6s osa permakulttuurin kokonaisajattelua. Puutarhan [&hellip;]","og_url":"https:\/\/nodig.fi\/skogstradgard\/","og_site_name":"Tallbacka No Dig Oy Ab","article_publisher":"https:\/\/www.facebook.com\/TallbackaNoDig\/","article_modified_time":"2024-02-29T17:19:16+00:00","og_image":[{"url":"https:\/\/nodig.fi\/wp-content\/uploads\/2021\/03\/skogstradgard.jpg","type":"","width":"","height":""}],"twitter_card":"summary_large_image","twitter_misc":{"Arvioitu lukuaika":"2 minuuttia"},"schema":{"@context":"https:\/\/schema.org","@graph":[{"@type":"WebPage","@id":"https:\/\/nodig.fi\/skogstradgard\/","url":"https:\/\/nodig.fi\/skogstradgard\/","name":"Mets\u00e4puutarha - Tallbacka No Dig Oy Ab","isPartOf":{"@id":"https:\/\/nodig.fi\/#website"},"primaryImageOfPage":{"@id":"https:\/\/nodig.fi\/skogstradgard\/#primaryimage"},"image":{"@id":"https:\/\/nodig.fi\/skogstradgard\/#primaryimage"},"thumbnailUrl":"https:\/\/nodig.fi\/wp-content\/uploads\/2021\/03\/skogstradgard.jpg","datePublished":"2022-01-29T17:00:46+00:00","dateModified":"2024-02-29T17:19:16+00:00","breadcrumb":{"@id":"https:\/\/nodig.fi\/skogstradgard\/#breadcrumb"},"inLanguage":"fi","potentialAction":[{"@type":"ReadAction","target":["https:\/\/nodig.fi\/skogstradgard\/"]}]},{"@type":"ImageObject","inLanguage":"fi","@id":"https:\/\/nodig.fi\/skogstradgard\/#primaryimage","url":"https:\/\/nodig.fi\/wp-content\/uploads\/2021\/03\/skogstradgard.jpg","contentUrl":"https:\/\/nodig.fi\/wp-content\/uploads\/2021\/03\/skogstradgard.jpg"},{"@type":"BreadcrumbList","@id":"https:\/\/nodig.fi\/skogstradgard\/#breadcrumb","itemListElement":[{"@type":"ListItem","position":1,"name":"Hem","item":"https:\/\/nodig.fi\/"},{"@type":"ListItem","position":2,"name":"Mets\u00e4puutarha"}]},{"@type":"WebSite","@id":"https:\/\/nodig.fi\/#website","url":"https:\/\/nodig.fi\/","name":"Nodig - Tallbacka Tr\u00e4dg\u00e5rd","description":"","publisher":{"@id":"https:\/\/nodig.fi\/#organization"},"potentialAction":[{"@type":"SearchAction","target":{"@type":"EntryPoint","urlTemplate":"https:\/\/nodig.fi\/?s={search_term_string}"},"query-input":{"@type":"PropertyValueSpecification","valueRequired":true,"valueName":"search_term_string"}}],"inLanguage":"fi"},{"@type":"Organization","@id":"https:\/\/nodig.fi\/#organization","name":"Tallbacka No Dig Oy Ab","url":"https:\/\/nodig.fi\/","logo":{"@type":"ImageObject","inLanguage":"fi","@id":"https:\/\/nodig.fi\/#\/schema\/logo\/image\/","url":"https:\/\/nodig.fi\/wp-content\/uploads\/2024\/02\/no_dig.png","contentUrl":"https:\/\/nodig.fi\/wp-content\/uploads\/2024\/02\/no_dig.png","width":814,"height":814,"caption":"Tallbacka No Dig Oy Ab"},"image":{"@id":"https:\/\/nodig.fi\/#\/schema\/logo\/image\/"},"sameAs":["https:\/\/www.facebook.com\/TallbackaNoDig\/"]}]}},"_links":{"self":[{"href":"https:\/\/nodig.fi\/fi\/wp-json\/wp\/v2\/pages\/2042","targetHints":{"allow":["GET"]}}],"collection":[{"href":"https:\/\/nodig.fi\/fi\/wp-json\/wp\/v2\/pages"}],"about":[{"href":"https:\/\/nodig.fi\/fi\/wp-json\/wp\/v2\/types\/page"}],"author":[{"embeddable":true,"href":"https:\/\/nodig.fi\/fi\/wp-json\/wp\/v2\/users\/1"}],"replies":[{"embeddable":true,"href":"https:\/\/nodig.fi\/fi\/wp-json\/wp\/v2\/comments?post=2042"}],"version-history":[{"count":2,"href":"https:\/\/nodig.fi\/fi\/wp-json\/wp\/v2\/pages\/2042\/revisions"}],"predecessor-version":[{"id":3183,"href":"https:\/\/nodig.fi\/fi\/wp-json\/wp\/v2\/pages\/2042\/revisions\/3183"}],"wp:attachment":[{"href":"https:\/\/nodig.fi\/fi\/wp-json\/wp\/v2\/media?parent=2042"}],"curies":[{"name":"wp","href":"https:\/\/api.w.org\/{rel}","templated":true}]}}