{"id":1878,"date":"2022-01-25T17:22:13","date_gmt":"2022-01-25T17:22:13","guid":{"rendered":"https:\/\/nodig.fi\/monivuotisia-vihanneksia\/"},"modified":"2024-02-27T19:27:05","modified_gmt":"2024-02-27T19:27:05","slug":"monivuotisia-vihanneksia","status":"publish","type":"page","link":"https:\/\/nodig.fi\/fi\/monivuotisia-vihanneksia\/","title":{"rendered":"MONIVUOTISIA VIHANNEKSIA"},"content":{"rendered":"\t\t<div data-elementor-type=\"wp-page\" data-elementor-id=\"1878\" class=\"elementor elementor-1878 elementor-1869\" data-elementor-post-type=\"page\">\n\t\t\t\t\t\t<section class=\"elementor-section elementor-top-section elementor-element elementor-element-b1375f9 elementor-section-boxed elementor-section-height-default elementor-section-height-default\" data-id=\"b1375f9\" data-element_type=\"section\" data-e-type=\"section\">\n\t\t\t\t\t\t<div class=\"elementor-container elementor-column-gap-default\">\n\t\t\t\t\t<div class=\"elementor-column elementor-col-100 elementor-top-column elementor-element elementor-element-4055d7d\" data-id=\"4055d7d\" data-element_type=\"column\" data-e-type=\"column\">\n\t\t\t<div class=\"elementor-widget-wrap elementor-element-populated\">\n\t\t\t\t\t\t<div class=\"elementor-element elementor-element-1dd5882 elementor-widget elementor-widget-heading\" data-id=\"1dd5882\" data-element_type=\"widget\" data-e-type=\"widget\" data-widget_type=\"heading.default\">\n\t\t\t\t<div class=\"elementor-widget-container\">\n\t\t\t\t\t<h2 class=\"elementor-heading-title elementor-size-default\">MONIVUOTISIA VIHANNEKSIA<\/h2>\t\t\t\t<\/div>\n\t\t\t\t<\/div>\n\t\t\t\t\t<\/div>\n\t\t<\/div>\n\t\t\t\t\t<\/div>\n\t\t<\/section>\n\t\t\t\t<section class=\"elementor-section elementor-top-section elementor-element elementor-element-3ee92ec elementor-section-boxed elementor-section-height-default elementor-section-height-default\" data-id=\"3ee92ec\" data-element_type=\"section\" data-e-type=\"section\">\n\t\t\t\t\t\t<div class=\"elementor-container elementor-column-gap-default\">\n\t\t\t\t\t<div class=\"elementor-column elementor-col-100 elementor-top-column elementor-element elementor-element-93ee7a3\" data-id=\"93ee7a3\" data-element_type=\"column\" data-e-type=\"column\">\n\t\t\t<div class=\"elementor-widget-wrap elementor-element-populated\">\n\t\t\t\t\t\t<div class=\"elementor-element elementor-element-f082703 elementor-widget elementor-widget-text-editor\" data-id=\"f082703\" data-element_type=\"widget\" data-e-type=\"widget\" data-widget_type=\"text-editor.default\">\n\t\t\t\t<div class=\"elementor-widget-container\">\n\t\t\t\t\t\t\t\t\t<p><strong>HYV\u00c4NHEIKINSAVIKKA<\/strong> (<em>Chenopodium bonus-henricus<\/em>)<\/p>\n<p>T\u00e4m\u00e4 ikivanha koko Euroopassa viljelty ravintoarvoiltaan rikas kasvi joutui syrj\u00e4\u00e4n pinaatin tielt\u00e4 ja on nykyisin melko unohdettu. Hyv\u00e4nheikinsavikka on vahva ja pitk\u00e4ik\u00e4inen, sit\u00e4 ei paljoa tarvitse hoitaa. Sit\u00e4 eiv\u00e4t kasvitaudit tai tuholaiset vaivaa, juuristo on syv\u00e4 ja vahva.<br \/>\nKasvin k\u00e4yt\u00f6ss\u00e4 on huomioitava, ett\u00e4 se sis\u00e4lt\u00e4\u00e4 v\u00e4h\u00e4n saponiinia, joten kevyt kypsennys on tarpeen. Lehti\u00e4 k\u00e4ytet\u00e4\u00e4n pinaatin tavoin, eik\u00e4 niitten k\u00e4ytett\u00e4vyys lopu kukinnan alkaessa. Versoja voi valkaista ja sy\u00f6d\u00e4 kuten parsaa. Kukintoja voi k\u00e4ytt\u00e4\u00e4 kuten parsakaalia, jos siementen antaa kehitty\u00e4, niit\u00e4 voi k\u00e4ytt\u00e4\u00e4 kuin quinoaa.<\/p>\n<p><strong>K\u00d6YNN\u00d6SPINAATTI<\/strong> (<em>Hablitzia tamnoides<\/em>)<\/p>\n<p>K\u00f6ynn\u00f6spinaatti ei ole meill\u00e4 uusi kasvi, mutta silti melko tuntematon. Viihtyess\u00e4\u00e4n se talvehtii hyvin ja ehtii kasvaa kolmemetriseksi kes\u00e4n aikana. Satoa se antaa jo varhain kev\u00e4\u00e4ll\u00e4, aina juhannuksen tienoilla saakka. Lehti\u00e4 ja nuoria versoja voi k\u00e4ytt\u00e4\u00e4 kuten pinaattia tai raakana salaatissa.<\/p>\n<p><strong>HUMALA<\/strong> (<em>Humulus lupulus<\/em>) <img fetchpriority=\"high\" decoding=\"async\" class=\"size-medium wp-image-1888 alignleft\" src=\"https:\/\/nodig.fi\/wp-content\/uploads\/2022\/01\/humle-200x300.jpg\" alt=\"\" width=\"200\" height=\"300\" srcset=\"https:\/\/nodig.fi\/wp-content\/uploads\/2022\/01\/humle-200x300.jpg 200w, https:\/\/nodig.fi\/wp-content\/uploads\/2022\/01\/humle.jpg 213w\" sizes=\"(max-width: 200px) 100vw, 200px\" \/><\/p>\n<p>Humalaa on viljelty Pohjolassa l\u00e4hinn\u00e4 oluen mausteeksi. Muualla Euroopassa kasvi on hyvin arvostettu varhaisvihannes, jonka versoja myyd\u00e4\u00e4n torilla nipuissa.<br \/>\nHumala on meid\u00e4n ilmastossamme nopeimmin kasvava kasvi. Se tarvitsee tuen jopa kuusimetriseksi venyess\u00e4\u00e4n. Oluen mausteena k\u00e4ytet\u00e4\u00e4n emikasvin k\u00e4pyj\u00e4 ja tarkoitukseen on jalostettu useita lajikkeita.<br \/>\nVersoja ja nuoria lehti\u00e4 voi sy\u00f6d\u00e4 raakana tai kypsennettyn\u00e4. Jos kasvin kitkeryys ei miellyt\u00e4, voi versoja valkaista vaikka mustan muovi\u00e4mp\u00e4rin alla. Kasvi ei juuri k\u00e4rsi vaikka kaikki versot korjattaisiin kertaalleen.<\/p>\n<p><strong>PIPARJUURI<\/strong> (<em>Armoracia rusticana<\/em>)<\/p>\n<p>Piparjuurta viljell\u00e4\u00e4n vahvanmakuisen juurensa takia. Sit\u00e4 voidaan k\u00e4ytt\u00e4\u00e4 kalliin ja vaikeasti kasvatettavan aidon wasabin (Eutrema japonicum) tilalla. Piparjuurta sis\u00e4lt\u00e4v\u00e4t s\u00e4ilykkeet eiv\u00e4t homehdu. My\u00f6s nuoret lehdet, versot, kukat ja kukkavarret ovat maukkaita.<\/p>\n<p><strong>KARHUNJUURI<\/strong> (<em>Meum athamanticum<\/em>)<\/p>\n<p>Karhunjuuri on hyvin kaunis kasvi, joka kasvaa hitaasti, eik\u00e4 juuri kaipaa hoitoa. Se pit\u00e4\u00e4 auringosta ja kalkkipitoisesta maasta, joten Tallbacka voisi olla oikea paikka t\u00e4lle harvinaiselle yrtille.<br \/>\nHienoliuskaisia lehti\u00e4 voi k\u00e4ytt\u00e4\u00e4 kuten tilli\u00e4, vaikkei maku aivan sama olekaan. Karhunjuuri sopii erityisen hyvin kylmiin kastikkeisiin ja kalan kanssa. Se on hieno koristeena ja kukkakimpuissa.<br \/>\n<strong><br \/>\nLIPSTIKKA<\/strong> (<em>Levisticum officinale<\/em>)<\/p>\n<p>Ikivanha mauste ja l\u00e4\u00e4kekasvi, johon liittyy my\u00f6s monia uskomuksia. Lipstikka kasvaa l\u00e4hes miss\u00e4 vain, voi tulla yli pari metri\u00e4 korkeaksi ja viihtyy my\u00f6s puolivarjossa. Jos tuoreita lehti\u00e4 haluaa k\u00e4ytt\u00e4\u00e4 koko kes\u00e4n on kasvi leikattava v\u00e4lill\u00e4 alas.<br \/>\nLipstikka on sellerinmakuinen liemimauste ja yrttisuolan raaka-aine.<\/p>\n<p><strong>SAKSANKIRVELI<\/strong> (<em>Myrrhis odorata<\/em>)<\/p>\n<p>Saksankirvelill\u00e4 on nimens\u00e4 mukaisesti voimakas tuoksu. Se viihtyy puolivarjossa ja levi\u00e4\u00e4 helposti siemenist\u00e4. Saksankirveli kuuluu sellerikasveihin ja on siten jossain vihanneksen ja mausteyrtin v\u00e4limaastossa. Kasvin kaikki osat maistuvat anikselta ja ovat k\u00e4ytt\u00f6kelpoisia. Erikoisuutena voi mainita, ett\u00e4 raa\u2019at vihre\u00e4t siemenet k\u00e4yv\u00e4t aniskarkeista!<\/p>\n<p><strong>PINAATTIHIERAKKA<\/strong> (<em>Rumex patientia<\/em>)<\/p>\n<p>Pinaattihierakka on hyvin kest\u00e4v\u00e4 ja tuottoisa kasvi. Se kasvaa l\u00e4hes miss\u00e4 tahansa. Hyv\u00e4ss\u00e4 maassa ja puolivarjossa maku on parhaimmillaan. Kasvin ei pid\u00e4 antaa kukkia jos lehti\u00e4 halutaan korjata pitk\u00e4\u00e4n.<br \/>\nPinaattihierakka sis\u00e4lt\u00e4\u00e4 oksaalihappoa, joten on parasta lehti\u00e4 kypsent\u00e4\u00e4 ennen nauttimista. Soveltuu hyvin esimerkiksi k\u00e4\u00e4ryleitten tekoon.<\/p>\n<p><strong>TARHASUOLAHEIN\u00c4<\/strong> (<em>Rumex rugosus<\/em>)<\/p>\n<p>Tarhasuolahein\u00e4 muistuttaa villi\u00e4 sukulaistaan niittysuolahein\u00e4\u00e4, mutta on isompi ja maultaan miedompi. Kilpisuolahein\u00e4\u00e4 (Rumex scutatus) pidet\u00e4\u00e4n maultaan hienoimpana, mutta se ei ole yht\u00e4 talvenkest\u00e4v\u00e4.<br \/>\nTarhasuolahein\u00e4 tuottaa uusia hienoja lehti\u00e4 koko kes\u00e4n jos se leikataan alas v\u00e4lill\u00e4. Sill\u00e4 on vahva paalujuuri, joten kasvia voi k\u00e4ytt\u00e4\u00e4 maanparannukseenkin. Etanoista saattaa olla harmia.<\/p>\n<p><strong>RAPARPERI<\/strong> (<em>Rheum rhabarberum<\/em>)<\/p>\n<p>Raparperi on vakiintunut viljelyskasviksi t\u00e4\u00e4ll\u00e4 pohjolassa vasta 1800-luvulla, vaikka sit\u00e4 on viljelty tuhansia vuosia. Raparperin suosion kasvu liittyy sokerin saatavuuteen, perinteisesti raparperist\u00e4 tehd\u00e4\u00e4n kev\u00e4\u00e4n ensimm\u00e4isi\u00e4 j\u00e4lkiruokia. Happamuus tulee oksaalihaposta.<br \/>\nRaparperist\u00e4 on useita lajikkeita ja hybridej\u00e4. Tavallisin lajike meill\u00e4 on Victoria. On olemassa my\u00f6s lajikkeita, joitten oksaalihappopitoisuus on pienempi kuten Glaskins Perpetual. Olemme Tallbackassa kokeilleet useita lajikkeita, toistaiseksi n\u00e4ytt\u00e4\u00e4 silt\u00e4 ett\u00e4 vain Victoria ja Maatiainen menestyv\u00e4t.<\/p>\n<h4 style=\"text-align: center;\">MONIVUOTISIA SIPULIKASVEJA<strong><\/strong><\/h4>\n<p>Er\u00e4s seikka, joka on pakottanut minut tutkimaan maanparannusta, katteiden k\u00e4ytt\u00f6\u00e4 ja kompostin tekoa on monivuotisten sipulikasvien viljely. Vanhassa vihannesmaassa pillisipulit kasvoivat muutama vuosi aivan valtaviksi. Kun sitten aioimme viljell\u00e4 niit\u00e4 uudemmalla puolella oli tulos masentava. Kiinansipuli ei kasvanut, kitui vain, ruohosipuli kellastui ennen aikojaan, pilli\/ salaattisipuli ei edes it\u00e4nyt. Kokeilin monta kertaa, kylvin kev\u00e4\u00e4ll\u00e4, syksyll\u00e4, istutin taimia jne. Tulos yht\u00e4 laiha. Ep\u00e4ilin kirousta tai myrkytyst\u00e4.<\/p>\n<p>Viime kes\u00e4n\u00e4 tein aivan konkreettisen testin. Kiinansipulipenkkiin, joka oli junnannut muuttumattomana kuukausia, levitettiin katteeksi bokashimultaa. Haju oli muutaman p\u00e4iv\u00e4n ajan makea ja outo ja koiran mielenrauha j\u00e4rkkyi. Mutta jo parin viikon p\u00e4\u00e4st\u00e4 n\u00e4kyi muutos, lehtien v\u00e4ri muuttui, tuppaat l\u00e4htiv\u00e4t terhakkaan kasvuun ja alkoivat pian my\u00f6s kukkia.<br \/>\nSyksyll\u00e4 levitin kompostia ruohosipuleille ja ilmasipuleille. Saimme lahjaksi <strong>kajpsipulia<\/strong> <em>Allium scorodoprasum<\/em>, <strong>nurmilaukkaa<\/strong> <em>Allium oleraceum<\/em> ja <strong>ilmasipulia<\/strong> <em>Allium x proliferum<\/em> sek\u00e4 jokseenkin h\u00e4mment\u00e4v\u00e4n monivuotisen <strong>purjon<\/strong> <em>Allium ampeloprasum babingtonii<\/em>, jotka kaikki sijoitimme pieneen \u201dlastentarhaan\u201d.<\/p>\n<p><img decoding=\"async\" class=\"size-medium wp-image-2093 aligncenter\" src=\"https:\/\/nodig.fi\/wp-content\/uploads\/2022\/01\/onion1-215x300.jpg\" alt=\"\" width=\"215\" height=\"300\" srcset=\"https:\/\/nodig.fi\/wp-content\/uploads\/2022\/01\/onion1-215x300.jpg 215w, https:\/\/nodig.fi\/wp-content\/uploads\/2022\/01\/onion1.jpg 229w\" sizes=\"(max-width: 215px) 100vw, 215px\" \/><\/p>\n<p>Alun hankaluuksien j\u00e4lkeen my\u00f6s karhunlaukka Allium ursinum viljelm\u00e4 alkaa n\u00e4ytt\u00e4\u00e4 lupaavalta. Kasvi on vakiintunut ja l\u00e4htenyt lis\u00e4\u00e4ntym\u00e4\u00e4n. Karhunlaukka on upea mauste, kev\u00e4\u00e4n todellinen luksustuote. <\/p>\n\t\t\t\t\t\t\t\t<\/div>\n\t\t\t\t<\/div>\n\t\t\t\t\t<\/div>\n\t\t<\/div>\n\t\t\t\t\t<\/div>\n\t\t<\/section>\n\t\t\t\t<\/div>\n\t\t","protected":false},"excerpt":{"rendered":"<p>MONIVUOTISIA VIHANNEKSIA HYV\u00c4NHEIKINSAVIKKA (Chenopodium bonus-henricus) T\u00e4m\u00e4 ikivanha koko Euroopassa viljelty ravintoarvoiltaan rikas kasvi joutui syrj\u00e4\u00e4n pinaatin tielt\u00e4 ja on nykyisin melko unohdettu. Hyv\u00e4nheikinsavikka on vahva ja pitk\u00e4ik\u00e4inen, sit\u00e4 ei paljoa tarvitse hoitaa. Sit\u00e4 eiv\u00e4t kasvitaudit tai tuholaiset vaivaa, juuristo on syv\u00e4 ja vahva. Kasvin k\u00e4yt\u00f6ss\u00e4 on huomioitava, ett\u00e4 se sis\u00e4lt\u00e4\u00e4 v\u00e4h\u00e4n saponiinia, joten kevyt kypsennys [&hellip;]<\/p>\n","protected":false},"author":1,"featured_media":0,"parent":0,"menu_order":0,"comment_status":"closed","ping_status":"closed","template":"","meta":{"inline_featured_image":false,"site-sidebar-layout":"no-sidebar","site-content-layout":"page-builder","ast-site-content-layout":"default","site-content-style":"default","site-sidebar-style":"default","ast-global-header-display":"","ast-banner-title-visibility":"","ast-main-header-display":"","ast-hfb-above-header-display":"","ast-hfb-below-header-display":"","ast-hfb-mobile-header-display":"","site-post-title":"disabled","ast-breadcrumbs-content":"","ast-featured-img":"disabled","footer-sml-layout":"","ast-disable-related-posts":"","theme-transparent-header-meta":"","adv-header-id-meta":"","stick-header-meta":"","header-above-stick-meta":"","header-main-stick-meta":"","header-below-stick-meta":"","astra-migrate-meta-layouts":"default","ast-page-background-enabled":"default","ast-page-background-meta":{"desktop":{"background-color":"","background-image":"","background-repeat":"repeat","background-position":"center center","background-size":"auto","background-attachment":"scroll","background-type":"","background-media":"","overlay-type":"","overlay-color":"","overlay-opacity":"","overlay-gradient":""},"tablet":{"background-color":"","background-image":"","background-repeat":"repeat","background-position":"center center","background-size":"auto","background-attachment":"scroll","background-type":"","background-media":"","overlay-type":"","overlay-color":"","overlay-opacity":"","overlay-gradient":""},"mobile":{"background-color":"","background-image":"","background-repeat":"repeat","background-position":"center center","background-size":"auto","background-attachment":"scroll","background-type":"","background-media":"","overlay-type":"","overlay-color":"","overlay-opacity":"","overlay-gradient":""}},"ast-content-background-meta":{"desktop":{"background-color":"var(--ast-global-color-5)","background-image":"","background-repeat":"repeat","background-position":"center center","background-size":"auto","background-attachment":"scroll","background-type":"","background-media":"","overlay-type":"","overlay-color":"","overlay-opacity":"","overlay-gradient":""},"tablet":{"background-color":"var(--ast-global-color-5)","background-image":"","background-repeat":"repeat","background-position":"center center","background-size":"auto","background-attachment":"scroll","background-type":"","background-media":"","overlay-type":"","overlay-color":"","overlay-opacity":"","overlay-gradient":""},"mobile":{"background-color":"var(--ast-global-color-5)","background-image":"","background-repeat":"repeat","background-position":"center center","background-size":"auto","background-attachment":"scroll","background-type":"","background-media":"","overlay-type":"","overlay-color":"","overlay-opacity":"","overlay-gradient":""}},"footnotes":""},"class_list":["post-1878","page","type-page","status-publish","hentry"],"yoast_head":"<!-- This site is optimized with the Yoast SEO plugin v27.5 - https:\/\/yoast.com\/product\/yoast-seo-wordpress\/ -->\n<title>MONIVUOTISIA VIHANNEKSIA - Tallbacka No Dig Oy Ab<\/title>\n<meta name=\"robots\" content=\"index, follow, max-snippet:-1, max-image-preview:large, max-video-preview:-1\" \/>\n<link rel=\"canonical\" href=\"https:\/\/nodig.fi\/flergron\/\" \/>\n<meta property=\"og:locale\" content=\"fi_FI\" \/>\n<meta property=\"og:type\" content=\"article\" \/>\n<meta property=\"og:title\" content=\"MONIVUOTISIA VIHANNEKSIA - Tallbacka No Dig Oy Ab\" \/>\n<meta property=\"og:description\" content=\"MONIVUOTISIA VIHANNEKSIA HYV\u00c4NHEIKINSAVIKKA (Chenopodium bonus-henricus) T\u00e4m\u00e4 ikivanha koko Euroopassa viljelty ravintoarvoiltaan rikas kasvi joutui syrj\u00e4\u00e4n pinaatin tielt\u00e4 ja on nykyisin melko unohdettu. Hyv\u00e4nheikinsavikka on vahva ja pitk\u00e4ik\u00e4inen, sit\u00e4 ei paljoa tarvitse hoitaa. Sit\u00e4 eiv\u00e4t kasvitaudit tai tuholaiset vaivaa, juuristo on syv\u00e4 ja vahva. Kasvin k\u00e4yt\u00f6ss\u00e4 on huomioitava, ett\u00e4 se sis\u00e4lt\u00e4\u00e4 v\u00e4h\u00e4n saponiinia, joten kevyt kypsennys [&hellip;]\" \/>\n<meta property=\"og:url\" content=\"https:\/\/nodig.fi\/flergron\/\" \/>\n<meta property=\"og:site_name\" content=\"Tallbacka No Dig Oy Ab\" \/>\n<meta property=\"article:publisher\" content=\"https:\/\/www.facebook.com\/TallbackaNoDig\/\" \/>\n<meta property=\"article:modified_time\" content=\"2024-02-27T19:27:05+00:00\" \/>\n<meta property=\"og:image\" content=\"https:\/\/nodig.fi\/wp-content\/uploads\/2022\/01\/humle-200x300.jpg\" \/>\n<meta name=\"twitter:card\" content=\"summary_large_image\" \/>\n<meta name=\"twitter:label1\" content=\"Arvioitu lukuaika\" \/>\n\t<meta name=\"twitter:data1\" content=\"4 minuuttia\" \/>\n<script type=\"application\/ld+json\" class=\"yoast-schema-graph\">{\"@context\":\"https:\\\/\\\/schema.org\",\"@graph\":[{\"@type\":\"WebPage\",\"@id\":\"https:\\\/\\\/nodig.fi\\\/flergron\\\/\",\"url\":\"https:\\\/\\\/nodig.fi\\\/flergron\\\/\",\"name\":\"MONIVUOTISIA VIHANNEKSIA - Tallbacka No Dig Oy Ab\",\"isPartOf\":{\"@id\":\"https:\\\/\\\/nodig.fi\\\/#website\"},\"primaryImageOfPage\":{\"@id\":\"https:\\\/\\\/nodig.fi\\\/flergron\\\/#primaryimage\"},\"image\":{\"@id\":\"https:\\\/\\\/nodig.fi\\\/flergron\\\/#primaryimage\"},\"thumbnailUrl\":\"https:\\\/\\\/nodig.fi\\\/wp-content\\\/uploads\\\/2022\\\/01\\\/humle-200x300.jpg\",\"datePublished\":\"2022-01-25T17:22:13+00:00\",\"dateModified\":\"2024-02-27T19:27:05+00:00\",\"breadcrumb\":{\"@id\":\"https:\\\/\\\/nodig.fi\\\/flergron\\\/#breadcrumb\"},\"inLanguage\":\"fi\",\"potentialAction\":[{\"@type\":\"ReadAction\",\"target\":[\"https:\\\/\\\/nodig.fi\\\/flergron\\\/\"]}]},{\"@type\":\"ImageObject\",\"inLanguage\":\"fi\",\"@id\":\"https:\\\/\\\/nodig.fi\\\/flergron\\\/#primaryimage\",\"url\":\"https:\\\/\\\/nodig.fi\\\/wp-content\\\/uploads\\\/2022\\\/01\\\/humle-200x300.jpg\",\"contentUrl\":\"https:\\\/\\\/nodig.fi\\\/wp-content\\\/uploads\\\/2022\\\/01\\\/humle-200x300.jpg\"},{\"@type\":\"BreadcrumbList\",\"@id\":\"https:\\\/\\\/nodig.fi\\\/flergron\\\/#breadcrumb\",\"itemListElement\":[{\"@type\":\"ListItem\",\"position\":1,\"name\":\"Hem\",\"item\":\"https:\\\/\\\/nodig.fi\\\/\"},{\"@type\":\"ListItem\",\"position\":2,\"name\":\"MONIVUOTISIA VIHANNEKSIA\"}]},{\"@type\":\"WebSite\",\"@id\":\"https:\\\/\\\/nodig.fi\\\/#website\",\"url\":\"https:\\\/\\\/nodig.fi\\\/\",\"name\":\"Nodig - Tallbacka Tr\u00e4dg\u00e5rd\",\"description\":\"\",\"publisher\":{\"@id\":\"https:\\\/\\\/nodig.fi\\\/#organization\"},\"potentialAction\":[{\"@type\":\"SearchAction\",\"target\":{\"@type\":\"EntryPoint\",\"urlTemplate\":\"https:\\\/\\\/nodig.fi\\\/?s={search_term_string}\"},\"query-input\":{\"@type\":\"PropertyValueSpecification\",\"valueRequired\":true,\"valueName\":\"search_term_string\"}}],\"inLanguage\":\"fi\"},{\"@type\":\"Organization\",\"@id\":\"https:\\\/\\\/nodig.fi\\\/#organization\",\"name\":\"Tallbacka No Dig Oy Ab\",\"url\":\"https:\\\/\\\/nodig.fi\\\/\",\"logo\":{\"@type\":\"ImageObject\",\"inLanguage\":\"fi\",\"@id\":\"https:\\\/\\\/nodig.fi\\\/#\\\/schema\\\/logo\\\/image\\\/\",\"url\":\"https:\\\/\\\/nodig.fi\\\/wp-content\\\/uploads\\\/2024\\\/02\\\/no_dig.png\",\"contentUrl\":\"https:\\\/\\\/nodig.fi\\\/wp-content\\\/uploads\\\/2024\\\/02\\\/no_dig.png\",\"width\":814,\"height\":814,\"caption\":\"Tallbacka No Dig Oy Ab\"},\"image\":{\"@id\":\"https:\\\/\\\/nodig.fi\\\/#\\\/schema\\\/logo\\\/image\\\/\"},\"sameAs\":[\"https:\\\/\\\/www.facebook.com\\\/TallbackaNoDig\\\/\"]}]}<\/script>\n<!-- \/ Yoast SEO plugin. -->","yoast_head_json":{"title":"MONIVUOTISIA VIHANNEKSIA - Tallbacka No Dig Oy Ab","robots":{"index":"index","follow":"follow","max-snippet":"max-snippet:-1","max-image-preview":"max-image-preview:large","max-video-preview":"max-video-preview:-1"},"canonical":"https:\/\/nodig.fi\/flergron\/","og_locale":"fi_FI","og_type":"article","og_title":"MONIVUOTISIA VIHANNEKSIA - Tallbacka No Dig Oy Ab","og_description":"MONIVUOTISIA VIHANNEKSIA HYV\u00c4NHEIKINSAVIKKA (Chenopodium bonus-henricus) T\u00e4m\u00e4 ikivanha koko Euroopassa viljelty ravintoarvoiltaan rikas kasvi joutui syrj\u00e4\u00e4n pinaatin tielt\u00e4 ja on nykyisin melko unohdettu. Hyv\u00e4nheikinsavikka on vahva ja pitk\u00e4ik\u00e4inen, sit\u00e4 ei paljoa tarvitse hoitaa. Sit\u00e4 eiv\u00e4t kasvitaudit tai tuholaiset vaivaa, juuristo on syv\u00e4 ja vahva. Kasvin k\u00e4yt\u00f6ss\u00e4 on huomioitava, ett\u00e4 se sis\u00e4lt\u00e4\u00e4 v\u00e4h\u00e4n saponiinia, joten kevyt kypsennys [&hellip;]","og_url":"https:\/\/nodig.fi\/flergron\/","og_site_name":"Tallbacka No Dig Oy Ab","article_publisher":"https:\/\/www.facebook.com\/TallbackaNoDig\/","article_modified_time":"2024-02-27T19:27:05+00:00","og_image":[{"url":"https:\/\/nodig.fi\/wp-content\/uploads\/2022\/01\/humle-200x300.jpg","type":"","width":"","height":""}],"twitter_card":"summary_large_image","twitter_misc":{"Arvioitu lukuaika":"4 minuuttia"},"schema":{"@context":"https:\/\/schema.org","@graph":[{"@type":"WebPage","@id":"https:\/\/nodig.fi\/flergron\/","url":"https:\/\/nodig.fi\/flergron\/","name":"MONIVUOTISIA VIHANNEKSIA - Tallbacka No Dig Oy Ab","isPartOf":{"@id":"https:\/\/nodig.fi\/#website"},"primaryImageOfPage":{"@id":"https:\/\/nodig.fi\/flergron\/#primaryimage"},"image":{"@id":"https:\/\/nodig.fi\/flergron\/#primaryimage"},"thumbnailUrl":"https:\/\/nodig.fi\/wp-content\/uploads\/2022\/01\/humle-200x300.jpg","datePublished":"2022-01-25T17:22:13+00:00","dateModified":"2024-02-27T19:27:05+00:00","breadcrumb":{"@id":"https:\/\/nodig.fi\/flergron\/#breadcrumb"},"inLanguage":"fi","potentialAction":[{"@type":"ReadAction","target":["https:\/\/nodig.fi\/flergron\/"]}]},{"@type":"ImageObject","inLanguage":"fi","@id":"https:\/\/nodig.fi\/flergron\/#primaryimage","url":"https:\/\/nodig.fi\/wp-content\/uploads\/2022\/01\/humle-200x300.jpg","contentUrl":"https:\/\/nodig.fi\/wp-content\/uploads\/2022\/01\/humle-200x300.jpg"},{"@type":"BreadcrumbList","@id":"https:\/\/nodig.fi\/flergron\/#breadcrumb","itemListElement":[{"@type":"ListItem","position":1,"name":"Hem","item":"https:\/\/nodig.fi\/"},{"@type":"ListItem","position":2,"name":"MONIVUOTISIA VIHANNEKSIA"}]},{"@type":"WebSite","@id":"https:\/\/nodig.fi\/#website","url":"https:\/\/nodig.fi\/","name":"Nodig - Tallbacka Tr\u00e4dg\u00e5rd","description":"","publisher":{"@id":"https:\/\/nodig.fi\/#organization"},"potentialAction":[{"@type":"SearchAction","target":{"@type":"EntryPoint","urlTemplate":"https:\/\/nodig.fi\/?s={search_term_string}"},"query-input":{"@type":"PropertyValueSpecification","valueRequired":true,"valueName":"search_term_string"}}],"inLanguage":"fi"},{"@type":"Organization","@id":"https:\/\/nodig.fi\/#organization","name":"Tallbacka No Dig Oy Ab","url":"https:\/\/nodig.fi\/","logo":{"@type":"ImageObject","inLanguage":"fi","@id":"https:\/\/nodig.fi\/#\/schema\/logo\/image\/","url":"https:\/\/nodig.fi\/wp-content\/uploads\/2024\/02\/no_dig.png","contentUrl":"https:\/\/nodig.fi\/wp-content\/uploads\/2024\/02\/no_dig.png","width":814,"height":814,"caption":"Tallbacka No Dig Oy Ab"},"image":{"@id":"https:\/\/nodig.fi\/#\/schema\/logo\/image\/"},"sameAs":["https:\/\/www.facebook.com\/TallbackaNoDig\/"]}]}},"_links":{"self":[{"href":"https:\/\/nodig.fi\/fi\/wp-json\/wp\/v2\/pages\/1878","targetHints":{"allow":["GET"]}}],"collection":[{"href":"https:\/\/nodig.fi\/fi\/wp-json\/wp\/v2\/pages"}],"about":[{"href":"https:\/\/nodig.fi\/fi\/wp-json\/wp\/v2\/types\/page"}],"author":[{"embeddable":true,"href":"https:\/\/nodig.fi\/fi\/wp-json\/wp\/v2\/users\/1"}],"replies":[{"embeddable":true,"href":"https:\/\/nodig.fi\/fi\/wp-json\/wp\/v2\/comments?post=1878"}],"version-history":[{"count":3,"href":"https:\/\/nodig.fi\/fi\/wp-json\/wp\/v2\/pages\/1878\/revisions"}],"predecessor-version":[{"id":2099,"href":"https:\/\/nodig.fi\/fi\/wp-json\/wp\/v2\/pages\/1878\/revisions\/2099"}],"wp:attachment":[{"href":"https:\/\/nodig.fi\/fi\/wp-json\/wp\/v2\/media?parent=1878"}],"curies":[{"name":"wp","href":"https:\/\/api.w.org\/{rel}","templated":true}]}}