{"id":1858,"date":"2022-01-25T15:45:05","date_gmt":"2022-01-25T15:45:05","guid":{"rendered":"https:\/\/nodig.fi\/pahkinoita\/"},"modified":"2022-01-26T13:57:53","modified_gmt":"2022-01-26T13:57:53","slug":"pahkinoita","status":"publish","type":"page","link":"https:\/\/nodig.fi\/fi\/pahkinoita\/","title":{"rendered":"P\u00e4hkin\u00f6it\u00e4"},"content":{"rendered":"\t\t<div data-elementor-type=\"wp-page\" data-elementor-id=\"1858\" class=\"elementor elementor-1858 elementor-1852\" data-elementor-post-type=\"page\">\n\t\t\t\t\t\t<section class=\"elementor-section elementor-top-section elementor-element elementor-element-a2ab403 elementor-section-boxed elementor-section-height-default elementor-section-height-default\" data-id=\"a2ab403\" data-element_type=\"section\" data-e-type=\"section\">\n\t\t\t\t\t\t<div class=\"elementor-container elementor-column-gap-default\">\n\t\t\t\t\t<div class=\"elementor-column elementor-col-100 elementor-top-column elementor-element elementor-element-3870ddd\" data-id=\"3870ddd\" data-element_type=\"column\" data-e-type=\"column\">\n\t\t\t<div class=\"elementor-widget-wrap elementor-element-populated\">\n\t\t\t\t\t\t<div class=\"elementor-element elementor-element-6473836 elementor-widget elementor-widget-heading\" data-id=\"6473836\" data-element_type=\"widget\" data-e-type=\"widget\" data-widget_type=\"heading.default\">\n\t\t\t\t<div class=\"elementor-widget-container\">\n\t\t\t\t\t<h2 class=\"elementor-heading-title elementor-size-default\">P\u00e4hkin\u00f6it\u00e4<\/h2>\t\t\t\t<\/div>\n\t\t\t\t<\/div>\n\t\t\t\t\t<\/div>\n\t\t<\/div>\n\t\t\t\t\t<\/div>\n\t\t<\/section>\n\t\t\t\t<section class=\"elementor-section elementor-top-section elementor-element elementor-element-a98811e elementor-section-boxed elementor-section-height-default elementor-section-height-default\" data-id=\"a98811e\" data-element_type=\"section\" data-e-type=\"section\">\n\t\t\t\t\t\t<div class=\"elementor-container elementor-column-gap-default\">\n\t\t\t\t\t<div class=\"elementor-column elementor-col-100 elementor-top-column elementor-element elementor-element-58f8ddb\" data-id=\"58f8ddb\" data-element_type=\"column\" data-e-type=\"column\">\n\t\t\t<div class=\"elementor-widget-wrap elementor-element-populated\">\n\t\t\t\t\t\t<div class=\"elementor-element elementor-element-bb57911 elementor-widget elementor-widget-text-editor\" data-id=\"bb57911\" data-element_type=\"widget\" data-e-type=\"widget\" data-widget_type=\"text-editor.default\">\n\t\t\t\t<div class=\"elementor-widget-container\">\n\t\t\t\t\t\t\t\t\t<p>Mets\u00e4puutarhaideologiaan kuuluu, ett\u00e4 my\u00f6s sy\u00f6t\u00e4vi\u00e4 kasveja viljell\u00e4\u00e4n luonnonmukaisessa ymp\u00e4rist\u00f6ss\u00e4, siit\u00e4 juontuu nimi \u2019mets\u00e4puutarha\u2019. Pensaitten, puitten ja aluskasvillisuuden luonnollinen sijoittuminen tietyll\u00e4 alueella opastaa meit\u00e4 j\u00e4ljittelem\u00e4\u00e4n ja ymm\u00e4rt\u00e4m\u00e4\u00e4n miten kasvit parhaiten kasvavat. Hedelm\u00e4puu hy\u00f6tyy lajikirjosta ja esimerkiksi p\u00e4hkin\u00e4pensaan ja siin\u00e4 viihtyvien hy\u00f6nteisten tarjoamasta suojasta ja avusta.<\/p>\n<p>Saaristossa p\u00e4hkin\u00f6it\u00e4 on ker\u00e4tty aina, kilpaa lintujen ja oravien kanssa. P\u00e4hkin\u00e4puusta on valmistettu puuastioita. Koska my\u00f6s tryffelisieni viihtyy p\u00e4hkin\u00e4pensaan juuristossa, on meill\u00e4 mahdollisuus jopa tuplasatoon.<\/p>\n<p>Tallbacka Tr\u00e4dg\u00e5rdissa kasvaa monia p\u00e4hkin\u00e4lajeja. Tavallisen kotimaisen p\u00e4hkin\u00e4pensaan (19 kpl) lis\u00e4ksi meilt\u00e4 l\u00f6ytyy turkinp\u00e4hkin\u00e4\u00e4(10kpl), joka l\u00e4mpim\u00e4mmill\u00e4 seuduilla kasvaa isoksi puuksi ja jonka p\u00e4hkin\u00e4t kasvavat usean rykelm\u00e4ss\u00e4, punainen amerikkalainen p\u00e4hkin\u00e4 ja keskieurooppalainen lajike, jonka p\u00e4hkin\u00e4t ovat isompia. T\u00e4m\u00e4n lis\u00e4ksi meill\u00e4 on muutamia lajeja saksanp\u00e4hkin\u00e4\u00e4 (7 kpl), joiden kest\u00e4vyytt\u00e4 haluamme kokeilla nyt kun ilmasto koko ajan l\u00e4mpenee.<\/p>\n<p>Vakka-Suomen Taimi ja Arboretum Mustila aloittivat hiljattain p\u00e4hkin\u00e4projektin, joka pyrkii l\u00f6yt\u00e4m\u00e4\u00e4n ja jalostamaan meill\u00e4 Suomessa kaupalliseen tuotantoon kelpaavia kantoja. Enemm\u00e4n tietoa <a href=\"https:\/\/www.vakkataimi.fi\/_files\/ugd\/c6e88f_22dec9ef8f0448f8afaeb1011a5a070b.pdf\" rel=\"noopener\" target=\"_blank\">hankkeesta<\/a>:<br \/>\nEr\u00e4s hankkeen puuhamiehist\u00e4 on Joel Rosenberg, joka julkaisi ensimm\u00e4isen suomenkielisen p\u00e4hkin\u00e4nviljely\u00e4 k\u00e4sittelev\u00e4n kirjan <strong>P\u00e4hkin\u00f6it\u00e4 omasta puutarhasta<\/strong><em>. (Into 2021)<\/p>\n\t\t\t\t\t\t\t\t<\/div>\n\t\t\t\t<\/div>\n\t\t\t\t\t<\/div>\n\t\t<\/div>\n\t\t\t\t\t<\/div>\n\t\t<\/section>\n\t\t\t\t<\/div>\n\t\t","protected":false},"excerpt":{"rendered":"<p>P\u00e4hkin\u00f6it\u00e4 Mets\u00e4puutarhaideologiaan kuuluu, ett\u00e4 my\u00f6s sy\u00f6t\u00e4vi\u00e4 kasveja viljell\u00e4\u00e4n luonnonmukaisessa ymp\u00e4rist\u00f6ss\u00e4, siit\u00e4 juontuu nimi \u2019mets\u00e4puutarha\u2019. Pensaitten, puitten ja aluskasvillisuuden luonnollinen sijoittuminen tietyll\u00e4 alueella opastaa meit\u00e4 j\u00e4ljittelem\u00e4\u00e4n ja ymm\u00e4rt\u00e4m\u00e4\u00e4n miten kasvit parhaiten kasvavat. Hedelm\u00e4puu hy\u00f6tyy lajikirjosta ja esimerkiksi p\u00e4hkin\u00e4pensaan ja siin\u00e4 viihtyvien hy\u00f6nteisten tarjoamasta suojasta ja avusta. Saaristossa p\u00e4hkin\u00f6it\u00e4 on ker\u00e4tty aina, kilpaa lintujen ja oravien kanssa. [&hellip;]<\/p>\n","protected":false},"author":1,"featured_media":0,"parent":0,"menu_order":0,"comment_status":"closed","ping_status":"closed","template":"","meta":{"inline_featured_image":false,"site-sidebar-layout":"no-sidebar","site-content-layout":"page-builder","ast-site-content-layout":"default","site-content-style":"default","site-sidebar-style":"default","ast-global-header-display":"","ast-banner-title-visibility":"","ast-main-header-display":"","ast-hfb-above-header-display":"","ast-hfb-below-header-display":"","ast-hfb-mobile-header-display":"","site-post-title":"disabled","ast-breadcrumbs-content":"","ast-featured-img":"disabled","footer-sml-layout":"","ast-disable-related-posts":"","theme-transparent-header-meta":"","adv-header-id-meta":"","stick-header-meta":"","header-above-stick-meta":"","header-main-stick-meta":"","header-below-stick-meta":"","astra-migrate-meta-layouts":"default","ast-page-background-enabled":"default","ast-page-background-meta":{"desktop":{"background-color":"","background-image":"","background-repeat":"repeat","background-position":"center center","background-size":"auto","background-attachment":"scroll","background-type":"","background-media":"","overlay-type":"","overlay-color":"","overlay-opacity":"","overlay-gradient":""},"tablet":{"background-color":"","background-image":"","background-repeat":"repeat","background-position":"center center","background-size":"auto","background-attachment":"scroll","background-type":"","background-media":"","overlay-type":"","overlay-color":"","overlay-opacity":"","overlay-gradient":""},"mobile":{"background-color":"","background-image":"","background-repeat":"repeat","background-position":"center center","background-size":"auto","background-attachment":"scroll","background-type":"","background-media":"","overlay-type":"","overlay-color":"","overlay-opacity":"","overlay-gradient":""}},"ast-content-background-meta":{"desktop":{"background-color":"var(--ast-global-color-5)","background-image":"","background-repeat":"repeat","background-position":"center center","background-size":"auto","background-attachment":"scroll","background-type":"","background-media":"","overlay-type":"","overlay-color":"","overlay-opacity":"","overlay-gradient":""},"tablet":{"background-color":"var(--ast-global-color-5)","background-image":"","background-repeat":"repeat","background-position":"center center","background-size":"auto","background-attachment":"scroll","background-type":"","background-media":"","overlay-type":"","overlay-color":"","overlay-opacity":"","overlay-gradient":""},"mobile":{"background-color":"var(--ast-global-color-5)","background-image":"","background-repeat":"repeat","background-position":"center center","background-size":"auto","background-attachment":"scroll","background-type":"","background-media":"","overlay-type":"","overlay-color":"","overlay-opacity":"","overlay-gradient":""}},"footnotes":""},"class_list":["post-1858","page","type-page","status-publish","hentry"],"yoast_head":"<!-- This site is optimized with the Yoast SEO plugin v27.5 - https:\/\/yoast.com\/product\/yoast-seo-wordpress\/ -->\n<title>P\u00e4hkin\u00f6it\u00e4 - Tallbacka No Dig Oy Ab<\/title>\n<meta name=\"robots\" content=\"index, follow, max-snippet:-1, max-image-preview:large, max-video-preview:-1\" \/>\n<link rel=\"canonical\" href=\"https:\/\/nodig.fi\/fi\/pahkinoita\/\" \/>\n<meta property=\"og:locale\" content=\"fi_FI\" \/>\n<meta property=\"og:type\" content=\"article\" \/>\n<meta property=\"og:title\" content=\"P\u00e4hkin\u00f6it\u00e4 - Tallbacka No Dig Oy Ab\" \/>\n<meta property=\"og:description\" content=\"P\u00e4hkin\u00f6it\u00e4 Mets\u00e4puutarhaideologiaan kuuluu, ett\u00e4 my\u00f6s sy\u00f6t\u00e4vi\u00e4 kasveja viljell\u00e4\u00e4n luonnonmukaisessa ymp\u00e4rist\u00f6ss\u00e4, siit\u00e4 juontuu nimi \u2019mets\u00e4puutarha\u2019. Pensaitten, puitten ja aluskasvillisuuden luonnollinen sijoittuminen tietyll\u00e4 alueella opastaa meit\u00e4 j\u00e4ljittelem\u00e4\u00e4n ja ymm\u00e4rt\u00e4m\u00e4\u00e4n miten kasvit parhaiten kasvavat. Hedelm\u00e4puu hy\u00f6tyy lajikirjosta ja esimerkiksi p\u00e4hkin\u00e4pensaan ja siin\u00e4 viihtyvien hy\u00f6nteisten tarjoamasta suojasta ja avusta. Saaristossa p\u00e4hkin\u00f6it\u00e4 on ker\u00e4tty aina, kilpaa lintujen ja oravien kanssa. [&hellip;]\" \/>\n<meta property=\"og:url\" content=\"https:\/\/nodig.fi\/fi\/pahkinoita\/\" \/>\n<meta property=\"og:site_name\" content=\"Tallbacka No Dig Oy Ab\" \/>\n<meta property=\"article:publisher\" content=\"https:\/\/www.facebook.com\/TallbackaNoDig\/\" \/>\n<meta property=\"article:modified_time\" content=\"2022-01-26T13:57:53+00:00\" \/>\n<meta name=\"twitter:card\" content=\"summary_large_image\" \/>\n<meta name=\"twitter:label1\" content=\"Arvioitu lukuaika\" \/>\n\t<meta name=\"twitter:data1\" content=\"1 minuutti\" \/>\n<script type=\"application\/ld+json\" class=\"yoast-schema-graph\">{\"@context\":\"https:\\\/\\\/schema.org\",\"@graph\":[{\"@type\":\"WebPage\",\"@id\":\"https:\\\/\\\/nodig.fi\\\/fi\\\/pahkinoita\\\/\",\"url\":\"https:\\\/\\\/nodig.fi\\\/fi\\\/pahkinoita\\\/\",\"name\":\"P\u00e4hkin\u00f6it\u00e4 - Tallbacka No Dig Oy Ab\",\"isPartOf\":{\"@id\":\"https:\\\/\\\/nodig.fi\\\/#website\"},\"datePublished\":\"2022-01-25T15:45:05+00:00\",\"dateModified\":\"2022-01-26T13:57:53+00:00\",\"breadcrumb\":{\"@id\":\"https:\\\/\\\/nodig.fi\\\/fi\\\/pahkinoita\\\/#breadcrumb\"},\"inLanguage\":\"fi\",\"potentialAction\":[{\"@type\":\"ReadAction\",\"target\":[\"https:\\\/\\\/nodig.fi\\\/fi\\\/pahkinoita\\\/\"]}]},{\"@type\":\"BreadcrumbList\",\"@id\":\"https:\\\/\\\/nodig.fi\\\/fi\\\/pahkinoita\\\/#breadcrumb\",\"itemListElement\":[{\"@type\":\"ListItem\",\"position\":1,\"name\":\"Hem\",\"item\":\"https:\\\/\\\/nodig.fi\\\/\"},{\"@type\":\"ListItem\",\"position\":2,\"name\":\"P\u00e4hkin\u00f6it\u00e4\"}]},{\"@type\":\"WebSite\",\"@id\":\"https:\\\/\\\/nodig.fi\\\/#website\",\"url\":\"https:\\\/\\\/nodig.fi\\\/\",\"name\":\"Nodig - Tallbacka Tr\u00e4dg\u00e5rd\",\"description\":\"\",\"publisher\":{\"@id\":\"https:\\\/\\\/nodig.fi\\\/#organization\"},\"potentialAction\":[{\"@type\":\"SearchAction\",\"target\":{\"@type\":\"EntryPoint\",\"urlTemplate\":\"https:\\\/\\\/nodig.fi\\\/?s={search_term_string}\"},\"query-input\":{\"@type\":\"PropertyValueSpecification\",\"valueRequired\":true,\"valueName\":\"search_term_string\"}}],\"inLanguage\":\"fi\"},{\"@type\":\"Organization\",\"@id\":\"https:\\\/\\\/nodig.fi\\\/#organization\",\"name\":\"Tallbacka No Dig Oy Ab\",\"url\":\"https:\\\/\\\/nodig.fi\\\/\",\"logo\":{\"@type\":\"ImageObject\",\"inLanguage\":\"fi\",\"@id\":\"https:\\\/\\\/nodig.fi\\\/#\\\/schema\\\/logo\\\/image\\\/\",\"url\":\"https:\\\/\\\/nodig.fi\\\/wp-content\\\/uploads\\\/2024\\\/02\\\/no_dig.png\",\"contentUrl\":\"https:\\\/\\\/nodig.fi\\\/wp-content\\\/uploads\\\/2024\\\/02\\\/no_dig.png\",\"width\":814,\"height\":814,\"caption\":\"Tallbacka No Dig Oy Ab\"},\"image\":{\"@id\":\"https:\\\/\\\/nodig.fi\\\/#\\\/schema\\\/logo\\\/image\\\/\"},\"sameAs\":[\"https:\\\/\\\/www.facebook.com\\\/TallbackaNoDig\\\/\"]}]}<\/script>\n<!-- \/ Yoast SEO plugin. -->","yoast_head_json":{"title":"P\u00e4hkin\u00f6it\u00e4 - Tallbacka No Dig Oy Ab","robots":{"index":"index","follow":"follow","max-snippet":"max-snippet:-1","max-image-preview":"max-image-preview:large","max-video-preview":"max-video-preview:-1"},"canonical":"https:\/\/nodig.fi\/fi\/pahkinoita\/","og_locale":"fi_FI","og_type":"article","og_title":"P\u00e4hkin\u00f6it\u00e4 - Tallbacka No Dig Oy Ab","og_description":"P\u00e4hkin\u00f6it\u00e4 Mets\u00e4puutarhaideologiaan kuuluu, ett\u00e4 my\u00f6s sy\u00f6t\u00e4vi\u00e4 kasveja viljell\u00e4\u00e4n luonnonmukaisessa ymp\u00e4rist\u00f6ss\u00e4, siit\u00e4 juontuu nimi \u2019mets\u00e4puutarha\u2019. Pensaitten, puitten ja aluskasvillisuuden luonnollinen sijoittuminen tietyll\u00e4 alueella opastaa meit\u00e4 j\u00e4ljittelem\u00e4\u00e4n ja ymm\u00e4rt\u00e4m\u00e4\u00e4n miten kasvit parhaiten kasvavat. Hedelm\u00e4puu hy\u00f6tyy lajikirjosta ja esimerkiksi p\u00e4hkin\u00e4pensaan ja siin\u00e4 viihtyvien hy\u00f6nteisten tarjoamasta suojasta ja avusta. Saaristossa p\u00e4hkin\u00f6it\u00e4 on ker\u00e4tty aina, kilpaa lintujen ja oravien kanssa. [&hellip;]","og_url":"https:\/\/nodig.fi\/fi\/pahkinoita\/","og_site_name":"Tallbacka No Dig Oy Ab","article_publisher":"https:\/\/www.facebook.com\/TallbackaNoDig\/","article_modified_time":"2022-01-26T13:57:53+00:00","twitter_card":"summary_large_image","twitter_misc":{"Arvioitu lukuaika":"1 minuutti"},"schema":{"@context":"https:\/\/schema.org","@graph":[{"@type":"WebPage","@id":"https:\/\/nodig.fi\/fi\/pahkinoita\/","url":"https:\/\/nodig.fi\/fi\/pahkinoita\/","name":"P\u00e4hkin\u00f6it\u00e4 - Tallbacka No Dig Oy Ab","isPartOf":{"@id":"https:\/\/nodig.fi\/#website"},"datePublished":"2022-01-25T15:45:05+00:00","dateModified":"2022-01-26T13:57:53+00:00","breadcrumb":{"@id":"https:\/\/nodig.fi\/fi\/pahkinoita\/#breadcrumb"},"inLanguage":"fi","potentialAction":[{"@type":"ReadAction","target":["https:\/\/nodig.fi\/fi\/pahkinoita\/"]}]},{"@type":"BreadcrumbList","@id":"https:\/\/nodig.fi\/fi\/pahkinoita\/#breadcrumb","itemListElement":[{"@type":"ListItem","position":1,"name":"Hem","item":"https:\/\/nodig.fi\/"},{"@type":"ListItem","position":2,"name":"P\u00e4hkin\u00f6it\u00e4"}]},{"@type":"WebSite","@id":"https:\/\/nodig.fi\/#website","url":"https:\/\/nodig.fi\/","name":"Nodig - Tallbacka Tr\u00e4dg\u00e5rd","description":"","publisher":{"@id":"https:\/\/nodig.fi\/#organization"},"potentialAction":[{"@type":"SearchAction","target":{"@type":"EntryPoint","urlTemplate":"https:\/\/nodig.fi\/?s={search_term_string}"},"query-input":{"@type":"PropertyValueSpecification","valueRequired":true,"valueName":"search_term_string"}}],"inLanguage":"fi"},{"@type":"Organization","@id":"https:\/\/nodig.fi\/#organization","name":"Tallbacka No Dig Oy Ab","url":"https:\/\/nodig.fi\/","logo":{"@type":"ImageObject","inLanguage":"fi","@id":"https:\/\/nodig.fi\/#\/schema\/logo\/image\/","url":"https:\/\/nodig.fi\/wp-content\/uploads\/2024\/02\/no_dig.png","contentUrl":"https:\/\/nodig.fi\/wp-content\/uploads\/2024\/02\/no_dig.png","width":814,"height":814,"caption":"Tallbacka No Dig Oy Ab"},"image":{"@id":"https:\/\/nodig.fi\/#\/schema\/logo\/image\/"},"sameAs":["https:\/\/www.facebook.com\/TallbackaNoDig\/"]}]}},"_links":{"self":[{"href":"https:\/\/nodig.fi\/fi\/wp-json\/wp\/v2\/pages\/1858","targetHints":{"allow":["GET"]}}],"collection":[{"href":"https:\/\/nodig.fi\/fi\/wp-json\/wp\/v2\/pages"}],"about":[{"href":"https:\/\/nodig.fi\/fi\/wp-json\/wp\/v2\/types\/page"}],"author":[{"embeddable":true,"href":"https:\/\/nodig.fi\/fi\/wp-json\/wp\/v2\/users\/1"}],"replies":[{"embeddable":true,"href":"https:\/\/nodig.fi\/fi\/wp-json\/wp\/v2\/comments?post=1858"}],"version-history":[{"count":3,"href":"https:\/\/nodig.fi\/fi\/wp-json\/wp\/v2\/pages\/1858\/revisions"}],"predecessor-version":[{"id":1900,"href":"https:\/\/nodig.fi\/fi\/wp-json\/wp\/v2\/pages\/1858\/revisions\/1900"}],"wp:attachment":[{"href":"https:\/\/nodig.fi\/fi\/wp-json\/wp\/v2\/media?parent=1858"}],"curies":[{"name":"wp","href":"https:\/\/api.w.org\/{rel}","templated":true}]}}