{"id":1783,"date":"2022-01-24T20:07:06","date_gmt":"2022-01-24T20:07:06","guid":{"rendered":"https:\/\/nodig.fi\/hunajaa\/"},"modified":"2024-02-28T15:41:31","modified_gmt":"2024-02-28T15:41:31","slug":"hunajaa","status":"publish","type":"page","link":"https:\/\/nodig.fi\/fi\/hunajaa\/","title":{"rendered":"Hunajaa"},"content":{"rendered":"\t\t<div data-elementor-type=\"wp-page\" data-elementor-id=\"1783\" class=\"elementor elementor-1783 elementor-1770\" data-elementor-post-type=\"page\">\n\t\t\t\t\t\t<section class=\"elementor-section elementor-top-section elementor-element elementor-element-ccec7e8 elementor-section-boxed elementor-section-height-default elementor-section-height-default\" data-id=\"ccec7e8\" data-element_type=\"section\" data-e-type=\"section\">\n\t\t\t\t\t\t<div class=\"elementor-container elementor-column-gap-default\">\n\t\t\t\t\t<div class=\"elementor-column elementor-col-100 elementor-top-column elementor-element elementor-element-4e61556\" data-id=\"4e61556\" data-element_type=\"column\" data-e-type=\"column\">\n\t\t\t<div class=\"elementor-widget-wrap elementor-element-populated\">\n\t\t\t\t\t\t<div class=\"elementor-element elementor-element-a51ed24 elementor-widget elementor-widget-heading\" data-id=\"a51ed24\" data-element_type=\"widget\" data-e-type=\"widget\" data-widget_type=\"heading.default\">\n\t\t\t\t<div class=\"elementor-widget-container\">\n\t\t\t\t\t<h2 class=\"elementor-heading-title elementor-size-default\">Hunajaa<\/h2>\t\t\t\t<\/div>\n\t\t\t\t<\/div>\n\t\t\t\t\t<\/div>\n\t\t<\/div>\n\t\t\t\t\t<\/div>\n\t\t<\/section>\n\t\t\t\t<section class=\"elementor-section elementor-top-section elementor-element elementor-element-bb67323 elementor-section-boxed elementor-section-height-default elementor-section-height-default\" data-id=\"bb67323\" data-element_type=\"section\" data-e-type=\"section\">\n\t\t\t\t\t\t<div class=\"elementor-container elementor-column-gap-default\">\n\t\t\t\t\t<div class=\"elementor-column elementor-col-100 elementor-top-column elementor-element elementor-element-447535c\" data-id=\"447535c\" data-element_type=\"column\" data-e-type=\"column\">\n\t\t\t<div class=\"elementor-widget-wrap elementor-element-populated\">\n\t\t\t\t\t\t<div class=\"elementor-element elementor-element-1b53710 elementor-widget elementor-widget-text-editor\" data-id=\"1b53710\" data-element_type=\"widget\" data-e-type=\"widget\" data-widget_type=\"text-editor.default\">\n\t\t\t\t<div class=\"elementor-widget-container\">\n\t\t\t\t\t\t\t\t\t<p>Vuonna 2018 Tallbacka Tr\u00e4dg\u00e5rd aloitti yhteisty\u00f6n Vikbo torpin Titti Edfeltin kanssa. Sovimme kahden mehil\u00e4ispes\u00e4n sijoittamisesta tien ja puutarhan v\u00e4limaastoon. Hankin itselleni mehil\u00e4ishoitajan suojavarustuksen, luin aiheesta ja sain mahdollisuuden oppia mehil\u00e4ishoitoa k\u00e4yt\u00e4nn\u00f6ss\u00e4 Tittin seurassa.\u2006 \u2006 Pian huomasin kuitenkin, ett\u00e4 puutarhaty\u00f6 vei kaiken aikani. Nyky\u00e4\u00e4n on niin, ett\u00e4 Titti Edfelt ja Jerker Hagstr\u00f6m hoitavat mehil\u00e4isyhdyskuntia.<\/p>\n<p><img fetchpriority=\"high\" decoding=\"async\" class=\"alignnone size-medium wp-image-1772 alignright\" src=\"https:\/\/nodig.fi\/wp-content\/uploads\/2022\/01\/skyddsutrustning-300x300.jpg\" alt=\"\" width=\"300\" height=\"300\" srcset=\"https:\/\/nodig.fi\/wp-content\/uploads\/2022\/01\/skyddsutrustning-300x300.jpg 300w, https:\/\/nodig.fi\/wp-content\/uploads\/2022\/01\/skyddsutrustning-150x150.jpg 150w, https:\/\/nodig.fi\/wp-content\/uploads\/2022\/01\/skyddsutrustning.jpg 750w\" sizes=\"(max-width: 300px) 100vw, 300px\" \/> <img decoding=\"async\" class=\"alignnone size-medium wp-image-1775 alignright\" src=\"https:\/\/nodig.fi\/wp-content\/uploads\/2022\/01\/bikupor-300x300.jpg\" alt=\"\" width=\"300\" height=\"300\" srcset=\"https:\/\/nodig.fi\/wp-content\/uploads\/2022\/01\/bikupor-300x300.jpg 300w, https:\/\/nodig.fi\/wp-content\/uploads\/2022\/01\/bikupor-150x150.jpg 150w, https:\/\/nodig.fi\/wp-content\/uploads\/2022\/01\/bikupor.jpg 750w\" sizes=\"(max-width: 300px) 100vw, 300px\" \/><\/p>\n<p>N\u00e4itten mehil\u00e4isyhdyskuntien tuottaman hunajan voimme kuitenkin myyd\u00e4 Tallbackan hunajana &#8211; se sis\u00e4ltyy myyt\u00e4viin tuotteisiimme. L\u00f6yd\u00e4t sen kotisivultamme otsikon vierailupuutarha\/ tuotteet alta.\u2006<\/p>\n\t\t\t\t\t\t\t\t<\/div>\n\t\t\t\t<\/div>\n\t\t\t\t\t<\/div>\n\t\t<\/div>\n\t\t\t\t\t<\/div>\n\t\t<\/section>\n\t\t\t\t<\/div>\n\t\t","protected":false},"excerpt":{"rendered":"<p>Hunajaa Vuonna 2018 Tallbacka Tr\u00e4dg\u00e5rd aloitti yhteisty\u00f6n Vikbo torpin Titti Edfeltin kanssa. Sovimme kahden mehil\u00e4ispes\u00e4n sijoittamisesta tien ja puutarhan v\u00e4limaastoon. Hankin itselleni mehil\u00e4ishoitajan suojavarustuksen, luin aiheesta ja sain mahdollisuuden oppia mehil\u00e4ishoitoa k\u00e4yt\u00e4nn\u00f6ss\u00e4 Tittin seurassa.\u2006 \u2006 Pian huomasin kuitenkin, ett\u00e4 puutarhaty\u00f6 vei kaiken aikani. Nyky\u00e4\u00e4n on niin, ett\u00e4 Titti Edfelt ja Jerker Hagstr\u00f6m hoitavat mehil\u00e4isyhdyskuntia. N\u00e4itten [&hellip;]<\/p>\n","protected":false},"author":1,"featured_media":0,"parent":0,"menu_order":0,"comment_status":"closed","ping_status":"closed","template":"","meta":{"inline_featured_image":false,"site-sidebar-layout":"no-sidebar","site-content-layout":"page-builder","ast-site-content-layout":"default","site-content-style":"default","site-sidebar-style":"default","ast-global-header-display":"","ast-banner-title-visibility":"","ast-main-header-display":"","ast-hfb-above-header-display":"","ast-hfb-below-header-display":"","ast-hfb-mobile-header-display":"","site-post-title":"disabled","ast-breadcrumbs-content":"","ast-featured-img":"disabled","footer-sml-layout":"","ast-disable-related-posts":"","theme-transparent-header-meta":"","adv-header-id-meta":"","stick-header-meta":"","header-above-stick-meta":"","header-main-stick-meta":"","header-below-stick-meta":"","astra-migrate-meta-layouts":"default","ast-page-background-enabled":"default","ast-page-background-meta":{"desktop":{"background-color":"","background-image":"","background-repeat":"repeat","background-position":"center center","background-size":"auto","background-attachment":"scroll","background-type":"","background-media":"","overlay-type":"","overlay-color":"","overlay-opacity":"","overlay-gradient":""},"tablet":{"background-color":"","background-image":"","background-repeat":"repeat","background-position":"center center","background-size":"auto","background-attachment":"scroll","background-type":"","background-media":"","overlay-type":"","overlay-color":"","overlay-opacity":"","overlay-gradient":""},"mobile":{"background-color":"","background-image":"","background-repeat":"repeat","background-position":"center center","background-size":"auto","background-attachment":"scroll","background-type":"","background-media":"","overlay-type":"","overlay-color":"","overlay-opacity":"","overlay-gradient":""}},"ast-content-background-meta":{"desktop":{"background-color":"var(--ast-global-color-5)","background-image":"","background-repeat":"repeat","background-position":"center center","background-size":"auto","background-attachment":"scroll","background-type":"","background-media":"","overlay-type":"","overlay-color":"","overlay-opacity":"","overlay-gradient":""},"tablet":{"background-color":"var(--ast-global-color-5)","background-image":"","background-repeat":"repeat","background-position":"center center","background-size":"auto","background-attachment":"scroll","background-type":"","background-media":"","overlay-type":"","overlay-color":"","overlay-opacity":"","overlay-gradient":""},"mobile":{"background-color":"var(--ast-global-color-5)","background-image":"","background-repeat":"repeat","background-position":"center center","background-size":"auto","background-attachment":"scroll","background-type":"","background-media":"","overlay-type":"","overlay-color":"","overlay-opacity":"","overlay-gradient":""}},"footnotes":""},"class_list":["post-1783","page","type-page","status-publish","hentry"],"yoast_head":"<!-- This site is optimized with the Yoast SEO plugin v27.5 - https:\/\/yoast.com\/product\/yoast-seo-wordpress\/ -->\n<title>Hunajaa - Tallbacka No Dig Oy Ab<\/title>\n<meta name=\"robots\" content=\"index, follow, max-snippet:-1, max-image-preview:large, max-video-preview:-1\" \/>\n<link rel=\"canonical\" href=\"https:\/\/nodig.fi\/honung\/\" \/>\n<meta property=\"og:locale\" content=\"fi_FI\" \/>\n<meta property=\"og:type\" content=\"article\" \/>\n<meta property=\"og:title\" content=\"Hunajaa - Tallbacka No Dig Oy Ab\" \/>\n<meta property=\"og:description\" content=\"Hunajaa Vuonna 2018 Tallbacka Tr\u00e4dg\u00e5rd aloitti yhteisty\u00f6n Vikbo torpin Titti Edfeltin kanssa. Sovimme kahden mehil\u00e4ispes\u00e4n sijoittamisesta tien ja puutarhan v\u00e4limaastoon. Hankin itselleni mehil\u00e4ishoitajan suojavarustuksen, luin aiheesta ja sain mahdollisuuden oppia mehil\u00e4ishoitoa k\u00e4yt\u00e4nn\u00f6ss\u00e4 Tittin seurassa.\u2006 \u2006 Pian huomasin kuitenkin, ett\u00e4 puutarhaty\u00f6 vei kaiken aikani. Nyky\u00e4\u00e4n on niin, ett\u00e4 Titti Edfelt ja Jerker Hagstr\u00f6m hoitavat mehil\u00e4isyhdyskuntia. N\u00e4itten [&hellip;]\" \/>\n<meta property=\"og:url\" content=\"https:\/\/nodig.fi\/honung\/\" \/>\n<meta property=\"og:site_name\" content=\"Tallbacka No Dig Oy Ab\" \/>\n<meta property=\"article:publisher\" content=\"https:\/\/www.facebook.com\/TallbackaNoDig\/\" \/>\n<meta property=\"article:modified_time\" content=\"2024-02-28T15:41:31+00:00\" \/>\n<meta property=\"og:image\" content=\"https:\/\/nodig.fi\/wp-content\/uploads\/2022\/01\/skyddsutrustning-300x300.jpg\" \/>\n<meta name=\"twitter:card\" content=\"summary_large_image\" \/>\n<script type=\"application\/ld+json\" class=\"yoast-schema-graph\">{\"@context\":\"https:\\\/\\\/schema.org\",\"@graph\":[{\"@type\":\"WebPage\",\"@id\":\"https:\\\/\\\/nodig.fi\\\/honung\\\/\",\"url\":\"https:\\\/\\\/nodig.fi\\\/honung\\\/\",\"name\":\"Hunajaa - Tallbacka No Dig Oy Ab\",\"isPartOf\":{\"@id\":\"https:\\\/\\\/nodig.fi\\\/#website\"},\"primaryImageOfPage\":{\"@id\":\"https:\\\/\\\/nodig.fi\\\/honung\\\/#primaryimage\"},\"image\":{\"@id\":\"https:\\\/\\\/nodig.fi\\\/honung\\\/#primaryimage\"},\"thumbnailUrl\":\"https:\\\/\\\/nodig.fi\\\/wp-content\\\/uploads\\\/2022\\\/01\\\/skyddsutrustning-300x300.jpg\",\"datePublished\":\"2022-01-24T20:07:06+00:00\",\"dateModified\":\"2024-02-28T15:41:31+00:00\",\"breadcrumb\":{\"@id\":\"https:\\\/\\\/nodig.fi\\\/honung\\\/#breadcrumb\"},\"inLanguage\":\"fi\",\"potentialAction\":[{\"@type\":\"ReadAction\",\"target\":[\"https:\\\/\\\/nodig.fi\\\/honung\\\/\"]}]},{\"@type\":\"ImageObject\",\"inLanguage\":\"fi\",\"@id\":\"https:\\\/\\\/nodig.fi\\\/honung\\\/#primaryimage\",\"url\":\"https:\\\/\\\/nodig.fi\\\/wp-content\\\/uploads\\\/2022\\\/01\\\/skyddsutrustning-300x300.jpg\",\"contentUrl\":\"https:\\\/\\\/nodig.fi\\\/wp-content\\\/uploads\\\/2022\\\/01\\\/skyddsutrustning-300x300.jpg\"},{\"@type\":\"BreadcrumbList\",\"@id\":\"https:\\\/\\\/nodig.fi\\\/honung\\\/#breadcrumb\",\"itemListElement\":[{\"@type\":\"ListItem\",\"position\":1,\"name\":\"Hem\",\"item\":\"https:\\\/\\\/nodig.fi\\\/\"},{\"@type\":\"ListItem\",\"position\":2,\"name\":\"Hunajaa\"}]},{\"@type\":\"WebSite\",\"@id\":\"https:\\\/\\\/nodig.fi\\\/#website\",\"url\":\"https:\\\/\\\/nodig.fi\\\/\",\"name\":\"Nodig - Tallbacka Tr\u00e4dg\u00e5rd\",\"description\":\"\",\"publisher\":{\"@id\":\"https:\\\/\\\/nodig.fi\\\/#organization\"},\"potentialAction\":[{\"@type\":\"SearchAction\",\"target\":{\"@type\":\"EntryPoint\",\"urlTemplate\":\"https:\\\/\\\/nodig.fi\\\/?s={search_term_string}\"},\"query-input\":{\"@type\":\"PropertyValueSpecification\",\"valueRequired\":true,\"valueName\":\"search_term_string\"}}],\"inLanguage\":\"fi\"},{\"@type\":\"Organization\",\"@id\":\"https:\\\/\\\/nodig.fi\\\/#organization\",\"name\":\"Tallbacka No Dig Oy Ab\",\"url\":\"https:\\\/\\\/nodig.fi\\\/\",\"logo\":{\"@type\":\"ImageObject\",\"inLanguage\":\"fi\",\"@id\":\"https:\\\/\\\/nodig.fi\\\/#\\\/schema\\\/logo\\\/image\\\/\",\"url\":\"https:\\\/\\\/nodig.fi\\\/wp-content\\\/uploads\\\/2024\\\/02\\\/no_dig.png\",\"contentUrl\":\"https:\\\/\\\/nodig.fi\\\/wp-content\\\/uploads\\\/2024\\\/02\\\/no_dig.png\",\"width\":814,\"height\":814,\"caption\":\"Tallbacka No Dig Oy Ab\"},\"image\":{\"@id\":\"https:\\\/\\\/nodig.fi\\\/#\\\/schema\\\/logo\\\/image\\\/\"},\"sameAs\":[\"https:\\\/\\\/www.facebook.com\\\/TallbackaNoDig\\\/\"]}]}<\/script>\n<!-- \/ Yoast SEO plugin. -->","yoast_head_json":{"title":"Hunajaa - Tallbacka No Dig Oy Ab","robots":{"index":"index","follow":"follow","max-snippet":"max-snippet:-1","max-image-preview":"max-image-preview:large","max-video-preview":"max-video-preview:-1"},"canonical":"https:\/\/nodig.fi\/honung\/","og_locale":"fi_FI","og_type":"article","og_title":"Hunajaa - Tallbacka No Dig Oy Ab","og_description":"Hunajaa Vuonna 2018 Tallbacka Tr\u00e4dg\u00e5rd aloitti yhteisty\u00f6n Vikbo torpin Titti Edfeltin kanssa. Sovimme kahden mehil\u00e4ispes\u00e4n sijoittamisesta tien ja puutarhan v\u00e4limaastoon. Hankin itselleni mehil\u00e4ishoitajan suojavarustuksen, luin aiheesta ja sain mahdollisuuden oppia mehil\u00e4ishoitoa k\u00e4yt\u00e4nn\u00f6ss\u00e4 Tittin seurassa.\u2006 \u2006 Pian huomasin kuitenkin, ett\u00e4 puutarhaty\u00f6 vei kaiken aikani. Nyky\u00e4\u00e4n on niin, ett\u00e4 Titti Edfelt ja Jerker Hagstr\u00f6m hoitavat mehil\u00e4isyhdyskuntia. N\u00e4itten [&hellip;]","og_url":"https:\/\/nodig.fi\/honung\/","og_site_name":"Tallbacka No Dig Oy Ab","article_publisher":"https:\/\/www.facebook.com\/TallbackaNoDig\/","article_modified_time":"2024-02-28T15:41:31+00:00","og_image":[{"url":"https:\/\/nodig.fi\/wp-content\/uploads\/2022\/01\/skyddsutrustning-300x300.jpg","type":"","width":"","height":""}],"twitter_card":"summary_large_image","schema":{"@context":"https:\/\/schema.org","@graph":[{"@type":"WebPage","@id":"https:\/\/nodig.fi\/honung\/","url":"https:\/\/nodig.fi\/honung\/","name":"Hunajaa - Tallbacka No Dig Oy Ab","isPartOf":{"@id":"https:\/\/nodig.fi\/#website"},"primaryImageOfPage":{"@id":"https:\/\/nodig.fi\/honung\/#primaryimage"},"image":{"@id":"https:\/\/nodig.fi\/honung\/#primaryimage"},"thumbnailUrl":"https:\/\/nodig.fi\/wp-content\/uploads\/2022\/01\/skyddsutrustning-300x300.jpg","datePublished":"2022-01-24T20:07:06+00:00","dateModified":"2024-02-28T15:41:31+00:00","breadcrumb":{"@id":"https:\/\/nodig.fi\/honung\/#breadcrumb"},"inLanguage":"fi","potentialAction":[{"@type":"ReadAction","target":["https:\/\/nodig.fi\/honung\/"]}]},{"@type":"ImageObject","inLanguage":"fi","@id":"https:\/\/nodig.fi\/honung\/#primaryimage","url":"https:\/\/nodig.fi\/wp-content\/uploads\/2022\/01\/skyddsutrustning-300x300.jpg","contentUrl":"https:\/\/nodig.fi\/wp-content\/uploads\/2022\/01\/skyddsutrustning-300x300.jpg"},{"@type":"BreadcrumbList","@id":"https:\/\/nodig.fi\/honung\/#breadcrumb","itemListElement":[{"@type":"ListItem","position":1,"name":"Hem","item":"https:\/\/nodig.fi\/"},{"@type":"ListItem","position":2,"name":"Hunajaa"}]},{"@type":"WebSite","@id":"https:\/\/nodig.fi\/#website","url":"https:\/\/nodig.fi\/","name":"Nodig - Tallbacka Tr\u00e4dg\u00e5rd","description":"","publisher":{"@id":"https:\/\/nodig.fi\/#organization"},"potentialAction":[{"@type":"SearchAction","target":{"@type":"EntryPoint","urlTemplate":"https:\/\/nodig.fi\/?s={search_term_string}"},"query-input":{"@type":"PropertyValueSpecification","valueRequired":true,"valueName":"search_term_string"}}],"inLanguage":"fi"},{"@type":"Organization","@id":"https:\/\/nodig.fi\/#organization","name":"Tallbacka No Dig Oy Ab","url":"https:\/\/nodig.fi\/","logo":{"@type":"ImageObject","inLanguage":"fi","@id":"https:\/\/nodig.fi\/#\/schema\/logo\/image\/","url":"https:\/\/nodig.fi\/wp-content\/uploads\/2024\/02\/no_dig.png","contentUrl":"https:\/\/nodig.fi\/wp-content\/uploads\/2024\/02\/no_dig.png","width":814,"height":814,"caption":"Tallbacka No Dig Oy Ab"},"image":{"@id":"https:\/\/nodig.fi\/#\/schema\/logo\/image\/"},"sameAs":["https:\/\/www.facebook.com\/TallbackaNoDig\/"]}]}},"_links":{"self":[{"href":"https:\/\/nodig.fi\/fi\/wp-json\/wp\/v2\/pages\/1783","targetHints":{"allow":["GET"]}}],"collection":[{"href":"https:\/\/nodig.fi\/fi\/wp-json\/wp\/v2\/pages"}],"about":[{"href":"https:\/\/nodig.fi\/fi\/wp-json\/wp\/v2\/types\/page"}],"author":[{"embeddable":true,"href":"https:\/\/nodig.fi\/fi\/wp-json\/wp\/v2\/users\/1"}],"replies":[{"embeddable":true,"href":"https:\/\/nodig.fi\/fi\/wp-json\/wp\/v2\/comments?post=1783"}],"version-history":[{"count":1,"href":"https:\/\/nodig.fi\/fi\/wp-json\/wp\/v2\/pages\/1783\/revisions"}],"predecessor-version":[{"id":1785,"href":"https:\/\/nodig.fi\/fi\/wp-json\/wp\/v2\/pages\/1783\/revisions\/1785"}],"wp:attachment":[{"href":"https:\/\/nodig.fi\/fi\/wp-json\/wp\/v2\/media?parent=1783"}],"curies":[{"name":"wp","href":"https:\/\/api.w.org\/{rel}","templated":true}]}}