{"id":178,"date":"2020-12-17T18:44:21","date_gmt":"2020-12-17T18:44:21","guid":{"rendered":"https:\/\/nodig.fi\/tallbacka-tradgard\/"},"modified":"2024-02-28T20:21:52","modified_gmt":"2024-02-28T20:21:52","slug":"tallbacka-tradgard","status":"publish","type":"page","link":"https:\/\/nodig.fi\/fi\/tallbacka-tradgard\/","title":{"rendered":"Tallbacka puutarha"},"content":{"rendered":"\t\t<div data-elementor-type=\"wp-page\" data-elementor-id=\"178\" class=\"elementor elementor-178 elementor-51\" data-elementor-post-type=\"page\">\n\t\t\t\t\t\t<section class=\"elementor-section elementor-top-section elementor-element elementor-element-2cf0927 elementor-section-boxed elementor-section-height-default elementor-section-height-default\" data-id=\"2cf0927\" data-element_type=\"section\" data-e-type=\"section\">\n\t\t\t\t\t\t<div class=\"elementor-container elementor-column-gap-default\">\n\t\t\t\t\t<div class=\"elementor-column elementor-col-100 elementor-top-column elementor-element elementor-element-17bbcbb\" data-id=\"17bbcbb\" data-element_type=\"column\" data-e-type=\"column\">\n\t\t\t<div class=\"elementor-widget-wrap elementor-element-populated\">\n\t\t\t\t\t\t<div class=\"elementor-element elementor-element-a20e0bb elementor-widget elementor-widget-heading\" data-id=\"a20e0bb\" data-element_type=\"widget\" data-e-type=\"widget\" data-widget_type=\"heading.default\">\n\t\t\t\t<div class=\"elementor-widget-container\">\n\t\t\t\t\t<h2 class=\"elementor-heading-title elementor-size-default\">Tallbacka Puutarha<\/h2>\t\t\t\t<\/div>\n\t\t\t\t<\/div>\n\t\t\t\t\t<\/div>\n\t\t<\/div>\n\t\t\t\t\t<\/div>\n\t\t<\/section>\n\t\t\t\t<section class=\"elementor-section elementor-top-section elementor-element elementor-element-ac84b28 elementor-section-boxed elementor-section-height-default elementor-section-height-default\" data-id=\"ac84b28\" data-element_type=\"section\" data-e-type=\"section\">\n\t\t\t\t\t\t<div class=\"elementor-container elementor-column-gap-default\">\n\t\t\t\t\t<div class=\"elementor-column elementor-col-100 elementor-top-column elementor-element elementor-element-d3d2bca\" data-id=\"d3d2bca\" data-element_type=\"column\" data-e-type=\"column\">\n\t\t\t<div class=\"elementor-widget-wrap elementor-element-populated\">\n\t\t\t\t\t\t<div class=\"elementor-element elementor-element-70e135c elementor-widget elementor-widget-text-editor\" data-id=\"70e135c\" data-element_type=\"widget\" data-e-type=\"widget\" data-widget_type=\"text-editor.default\">\n\t\t\t\t<div class=\"elementor-widget-container\">\n\t\t\t\t\t\t\t\t\t<p>Tallbacka Tr\u00e4dg\u00e5rd kasvattaa marjoja, hedelmi\u00e4, yrttej\u00e4, tryffeleit\u00e4, p\u00e4hkin\u00f6it\u00e4 ja vihanneksia.<\/p>\n<p>Kaikki alkoi intohimosta marjoihin ja hedelmiin. Pian mukaan tulivat yrtit, vihannekset ja tryffelipuut. Kaikki on ollut uuden opettelua ja suurta seikkailua.<br \/>\nAlusta alkaen olemme viljelleet monia eri kasveja ja yritysten ja erehdysten kautta koettaneet l\u00f6yt\u00e4\u00e4 ne lajit jotka puutarhassamme antavat maukkaimman sadon.<br \/>\nPermakulttuurin hengess\u00e4 keskitymme maaper\u00e4\u00e4n ja koko ekosysteemin hyvinvointiin. Haluamme tuottaa maistuvaa l\u00e4hiruokaa ja kehitty\u00e4 koko ajan; t\u00e4m\u00e4 jatkuva prosessi on vierailijoitten n\u00e4ht\u00e4v\u00e4n\u00e4.<\/p>\n\t\t\t\t\t\t\t\t<\/div>\n\t\t\t\t<\/div>\n\t\t\t\t\t<\/div>\n\t\t<\/div>\n\t\t\t\t\t<\/div>\n\t\t<\/section>\n\t\t\t\t<section class=\"elementor-section elementor-top-section elementor-element elementor-element-d6ce47a elementor-section-boxed elementor-section-height-default elementor-section-height-default\" data-id=\"d6ce47a\" data-element_type=\"section\" data-e-type=\"section\">\n\t\t\t\t\t\t<div class=\"elementor-container elementor-column-gap-default\">\n\t\t\t\t\t<div class=\"elementor-column elementor-col-100 elementor-top-column elementor-element elementor-element-16dda2e3\" data-id=\"16dda2e3\" data-element_type=\"column\" data-e-type=\"column\">\n\t\t\t<div class=\"elementor-widget-wrap elementor-element-populated\">\n\t\t\t\t\t\t<div class=\"elementor-element elementor-element-1926f0e elementor-widget elementor-widget-ucaddon_uc_tiles_grid_image\" data-id=\"1926f0e\" data-element_type=\"widget\" data-e-type=\"widget\" data-widget_type=\"ucaddon_uc_tiles_grid_image.default\">\n\t\t\t\t<div class=\"elementor-widget-container\">\n\t\t\t\t\t\n<!-- start Tile Grid Image Gallery -->\n\t\t<link id='uc_ac_assets_file_unite_gallery_css_30623-css' href='https:\/\/nodig.fi\/wp-content\/uploads\/ac_assets\/uc_tiles_grid_image\/unite-gallery.css' type='text\/css' rel='stylesheet' >\n\n\n<div id=\"uc_uc_tiles_grid_image_elementor_1926f0e\" style=\"display:none;\">\n\t<img decoding=\"async\" alt=\"&lt;span  class=&quot;uc_style_uc_tiles_grid_image_elementor_uc_items_attribute_title&quot; style=&quot;color:#ffffff;&quot;&gt;Kron\u00e4rtskockor&lt;\/span&gt;\"\n          \n     src=\"https:\/\/nodig.fi\/wp-content\/uploads\/2020\/12\/kronor.jpg\"\n          \n     data-image=\"https:\/\/nodig.fi\/wp-content\/uploads\/2020\/12\/kronor.jpg\"\n     data-description=\"\">\n<img decoding=\"async\" alt=\"&lt;span  class=&quot;uc_style_uc_tiles_grid_image_elementor_uc_items_attribute_title&quot; style=&quot;color:#ffffff;&quot;&gt;Solrosor&lt;\/span&gt;\"\n          \n     src=\"https:\/\/nodig.fi\/wp-content\/uploads\/2021\/02\/solrosor.jpg\"\n          \n     data-image=\"https:\/\/nodig.fi\/wp-content\/uploads\/2021\/02\/solrosor.jpg\"\n     data-description=\"\">\n<img decoding=\"async\" alt=\"&lt;span  class=&quot;uc_style_uc_tiles_grid_image_elementor_uc_items_attribute_title&quot; style=&quot;color:#ffffff;&quot;&gt;Kallb\u00e4nkar&lt;\/span&gt;\"\n          \n     src=\"https:\/\/nodig.fi\/wp-content\/uploads\/2020\/12\/kallb.jpg\"\n          \n     data-image=\"https:\/\/nodig.fi\/wp-content\/uploads\/2020\/12\/kallb.jpg\"\n     data-description=\"\">\n<img decoding=\"async\" alt=\"&lt;span  class=&quot;uc_style_uc_tiles_grid_image_elementor_uc_items_attribute_title&quot; style=&quot;color:#ffffff;&quot;&gt;Potatis&lt;\/span&gt;\"\n          \n     src=\"https:\/\/nodig.fi\/wp-content\/uploads\/2020\/12\/potatis.jpg\"\n          \n     data-image=\"https:\/\/nodig.fi\/wp-content\/uploads\/2020\/12\/potatis.jpg\"\n     data-description=\"\">\n<img decoding=\"async\" alt=\"&lt;span  class=&quot;uc_style_uc_tiles_grid_image_elementor_uc_items_attribute_title&quot; style=&quot;color:#ffffff;&quot;&gt;Det ny v\u00e4xthuset inreds&lt;\/span&gt;\"\n          \n     src=\"https:\/\/nodig.fi\/wp-content\/uploads\/2020\/12\/halm.jpg\"\n          \n     data-image=\"https:\/\/nodig.fi\/wp-content\/uploads\/2020\/12\/halm.jpg\"\n     data-description=\"\">\n<img decoding=\"async\" alt=\"&lt;span  class=&quot;uc_style_uc_tiles_grid_image_elementor_uc_items_attribute_title&quot; style=&quot;color:#ffffff;&quot;&gt;Hosta&lt;\/span&gt;\"\n          \n     src=\"https:\/\/nodig.fi\/wp-content\/uploads\/2020\/12\/tegelbruk.jpg\"\n          \n     data-image=\"https:\/\/nodig.fi\/wp-content\/uploads\/2020\/12\/tegelbruk.jpg\"\n     data-description=\"\">\n\n<\/div>\n<!-- end Tile Grid Image Gallery -->\t\t\t\t<\/div>\n\t\t\t\t<\/div>\n\t\t\t\t<div class=\"elementor-element elementor-element-3740396e elementor-widget elementor-widget-text-editor\" data-id=\"3740396e\" data-element_type=\"widget\" data-e-type=\"widget\" data-widget_type=\"text-editor.default\">\n\t\t\t\t<div class=\"elementor-widget-container\">\n\t\t\t\t\t\t\t\t\t<div class=\"wp-block-group\">\n<div class=\"wp-block-group__inner-container\"><\/div>\n<\/div>\n<ul>\n<li>Omistajat: Bj\u00f6rn Nalle \u00d6hman ja Outi \u00d6hman<\/li>\n<li>Osoite: Sydmontie 54, 21600 Parainen. <a href=\"https:\/\/goo.gl\/maps\/5bt75YgW5hg7oDaa9\" target=\"_blank\" rel=\"noreferrer noopener\">Sijainti kartalla<\/a>.<\/li>\n<li>Puhelin Nalle: +358 400 629 193 e-posti: <a href=\"mailto:bjorn.ohman@nodig.fi\">bjorn.ohman\u200b@nodig.fi<\/a><\/li>\n<li>Puhelin Outi: +358 400 495 815 e-posti: <a href=\"mailto:outi.ohman@nodig.fi\">outi.ohman\u200b@nodig.fi<\/a><\/li>\n<\/ul>\n\t\t\t\t\t\t\t\t<\/div>\n\t\t\t\t<\/div>\n\t\t\t\t\t<\/div>\n\t\t<\/div>\n\t\t\t\t\t<\/div>\n\t\t<\/section>\n\t\t\t\t<section class=\"elementor-section elementor-top-section elementor-element elementor-element-1465623 elementor-section-boxed elementor-section-height-default elementor-section-height-default\" data-id=\"1465623\" data-element_type=\"section\" data-e-type=\"section\">\n\t\t\t\t\t\t<div class=\"elementor-container elementor-column-gap-default\">\n\t\t\t\t\t\t<\/div>\n\t\t<\/section>\n\t\t\t\t<\/div>\n\t\t","protected":false},"excerpt":{"rendered":"<p>Tallbacka Puutarha Tallbacka Tr\u00e4dg\u00e5rd kasvattaa marjoja, hedelmi\u00e4, yrttej\u00e4, tryffeleit\u00e4, p\u00e4hkin\u00f6it\u00e4 ja vihanneksia. Kaikki alkoi intohimosta marjoihin ja hedelmiin. Pian mukaan tulivat yrtit, vihannekset ja tryffelipuut. Kaikki on ollut uuden opettelua ja suurta seikkailua. Alusta alkaen olemme viljelleet monia eri kasveja ja yritysten ja erehdysten kautta koettaneet l\u00f6yt\u00e4\u00e4 ne lajit jotka puutarhassamme antavat maukkaimman sadon. Permakulttuurin [&hellip;]<\/p>\n","protected":false},"author":1,"featured_media":0,"parent":0,"menu_order":0,"comment_status":"closed","ping_status":"closed","template":"elementor_header_footer","meta":{"inline_featured_image":false,"site-sidebar-layout":"default","site-content-layout":"default","ast-site-content-layout":"default","site-content-style":"default","site-sidebar-style":"default","ast-global-header-display":"","ast-banner-title-visibility":"","ast-main-header-display":"disabled","ast-hfb-above-header-display":"","ast-hfb-below-header-display":"","ast-hfb-mobile-header-display":"","site-post-title":"disabled","ast-breadcrumbs-content":"","ast-featured-img":"","footer-sml-layout":"disabled","ast-disable-related-posts":"","theme-transparent-header-meta":"default","adv-header-id-meta":"","stick-header-meta":"","header-above-stick-meta":"","header-main-stick-meta":"","header-below-stick-meta":"","astra-migrate-meta-layouts":"default","ast-page-background-enabled":"default","ast-page-background-meta":{"desktop":{"background-color":"","background-image":"","background-repeat":"repeat","background-position":"center center","background-size":"auto","background-attachment":"scroll","background-type":"","background-media":"","overlay-type":"","overlay-color":"","overlay-opacity":"","overlay-gradient":""},"tablet":{"background-color":"","background-image":"","background-repeat":"repeat","background-position":"center center","background-size":"auto","background-attachment":"scroll","background-type":"","background-media":"","overlay-type":"","overlay-color":"","overlay-opacity":"","overlay-gradient":""},"mobile":{"background-color":"","background-image":"","background-repeat":"repeat","background-position":"center center","background-size":"auto","background-attachment":"scroll","background-type":"","background-media":"","overlay-type":"","overlay-color":"","overlay-opacity":"","overlay-gradient":""}},"ast-content-background-meta":{"desktop":{"background-color":"var(--ast-global-color-5)","background-image":"","background-repeat":"repeat","background-position":"center center","background-size":"auto","background-attachment":"scroll","background-type":"","background-media":"","overlay-type":"","overlay-color":"","overlay-opacity":"","overlay-gradient":""},"tablet":{"background-color":"var(--ast-global-color-5)","background-image":"","background-repeat":"repeat","background-position":"center center","background-size":"auto","background-attachment":"scroll","background-type":"","background-media":"","overlay-type":"","overlay-color":"","overlay-opacity":"","overlay-gradient":""},"mobile":{"background-color":"var(--ast-global-color-5)","background-image":"","background-repeat":"repeat","background-position":"center center","background-size":"auto","background-attachment":"scroll","background-type":"","background-media":"","overlay-type":"","overlay-color":"","overlay-opacity":"","overlay-gradient":""}},"footnotes":""},"class_list":["post-178","page","type-page","status-publish","hentry"],"yoast_head":"<!-- This site is optimized with the Yoast SEO plugin v27.5 - https:\/\/yoast.com\/product\/yoast-seo-wordpress\/ -->\n<title>Tallbacka puutarha - Tallbacka No Dig Oy Ab<\/title>\n<meta name=\"robots\" content=\"index, follow, max-snippet:-1, max-image-preview:large, max-video-preview:-1\" \/>\n<link rel=\"canonical\" href=\"https:\/\/nodig.fi\/omtt\/\" \/>\n<meta property=\"og:locale\" content=\"fi_FI\" \/>\n<meta property=\"og:type\" content=\"article\" \/>\n<meta property=\"og:title\" content=\"Tallbacka puutarha - Tallbacka No Dig Oy Ab\" \/>\n<meta property=\"og:description\" content=\"Tallbacka Puutarha Tallbacka Tr\u00e4dg\u00e5rd kasvattaa marjoja, hedelmi\u00e4, yrttej\u00e4, tryffeleit\u00e4, p\u00e4hkin\u00f6it\u00e4 ja vihanneksia. Kaikki alkoi intohimosta marjoihin ja hedelmiin. Pian mukaan tulivat yrtit, vihannekset ja tryffelipuut. Kaikki on ollut uuden opettelua ja suurta seikkailua. Alusta alkaen olemme viljelleet monia eri kasveja ja yritysten ja erehdysten kautta koettaneet l\u00f6yt\u00e4\u00e4 ne lajit jotka puutarhassamme antavat maukkaimman sadon. Permakulttuurin [&hellip;]\" \/>\n<meta property=\"og:url\" content=\"https:\/\/nodig.fi\/omtt\/\" \/>\n<meta property=\"og:site_name\" content=\"Tallbacka No Dig Oy Ab\" \/>\n<meta property=\"article:publisher\" content=\"https:\/\/www.facebook.com\/TallbackaNoDig\/\" \/>\n<meta property=\"article:modified_time\" content=\"2024-02-28T20:21:52+00:00\" \/>\n<meta property=\"og:image\" content=\"https:\/\/nodig.fi\/wp-content\/uploads\/2020\/12\/kronor.jpg\" \/>\n<meta name=\"twitter:card\" content=\"summary_large_image\" \/>\n<meta name=\"twitter:label1\" content=\"Arvioitu lukuaika\" \/>\n\t<meta name=\"twitter:data1\" content=\"1 minuutti\" \/>\n<script type=\"application\/ld+json\" class=\"yoast-schema-graph\">{\"@context\":\"https:\\\/\\\/schema.org\",\"@graph\":[{\"@type\":\"WebPage\",\"@id\":\"https:\\\/\\\/nodig.fi\\\/omtt\\\/\",\"url\":\"https:\\\/\\\/nodig.fi\\\/omtt\\\/\",\"name\":\"Tallbacka puutarha - Tallbacka No Dig Oy Ab\",\"isPartOf\":{\"@id\":\"https:\\\/\\\/nodig.fi\\\/#website\"},\"primaryImageOfPage\":{\"@id\":\"https:\\\/\\\/nodig.fi\\\/omtt\\\/#primaryimage\"},\"image\":{\"@id\":\"https:\\\/\\\/nodig.fi\\\/omtt\\\/#primaryimage\"},\"thumbnailUrl\":\"https:\\\/\\\/nodig.fi\\\/wp-content\\\/uploads\\\/2020\\\/12\\\/kronor.jpg\",\"datePublished\":\"2020-12-17T18:44:21+00:00\",\"dateModified\":\"2024-02-28T20:21:52+00:00\",\"breadcrumb\":{\"@id\":\"https:\\\/\\\/nodig.fi\\\/omtt\\\/#breadcrumb\"},\"inLanguage\":\"fi\",\"potentialAction\":[{\"@type\":\"ReadAction\",\"target\":[\"https:\\\/\\\/nodig.fi\\\/omtt\\\/\"]}]},{\"@type\":\"ImageObject\",\"inLanguage\":\"fi\",\"@id\":\"https:\\\/\\\/nodig.fi\\\/omtt\\\/#primaryimage\",\"url\":\"https:\\\/\\\/nodig.fi\\\/wp-content\\\/uploads\\\/2020\\\/12\\\/kronor.jpg\",\"contentUrl\":\"https:\\\/\\\/nodig.fi\\\/wp-content\\\/uploads\\\/2020\\\/12\\\/kronor.jpg\"},{\"@type\":\"BreadcrumbList\",\"@id\":\"https:\\\/\\\/nodig.fi\\\/omtt\\\/#breadcrumb\",\"itemListElement\":[{\"@type\":\"ListItem\",\"position\":1,\"name\":\"Hem\",\"item\":\"https:\\\/\\\/nodig.fi\\\/\"},{\"@type\":\"ListItem\",\"position\":2,\"name\":\"Tallbacka puutarha\"}]},{\"@type\":\"WebSite\",\"@id\":\"https:\\\/\\\/nodig.fi\\\/#website\",\"url\":\"https:\\\/\\\/nodig.fi\\\/\",\"name\":\"Nodig - Tallbacka Tr\u00e4dg\u00e5rd\",\"description\":\"\",\"publisher\":{\"@id\":\"https:\\\/\\\/nodig.fi\\\/#organization\"},\"potentialAction\":[{\"@type\":\"SearchAction\",\"target\":{\"@type\":\"EntryPoint\",\"urlTemplate\":\"https:\\\/\\\/nodig.fi\\\/?s={search_term_string}\"},\"query-input\":{\"@type\":\"PropertyValueSpecification\",\"valueRequired\":true,\"valueName\":\"search_term_string\"}}],\"inLanguage\":\"fi\"},{\"@type\":\"Organization\",\"@id\":\"https:\\\/\\\/nodig.fi\\\/#organization\",\"name\":\"Tallbacka No Dig Oy Ab\",\"url\":\"https:\\\/\\\/nodig.fi\\\/\",\"logo\":{\"@type\":\"ImageObject\",\"inLanguage\":\"fi\",\"@id\":\"https:\\\/\\\/nodig.fi\\\/#\\\/schema\\\/logo\\\/image\\\/\",\"url\":\"https:\\\/\\\/nodig.fi\\\/wp-content\\\/uploads\\\/2024\\\/02\\\/no_dig.png\",\"contentUrl\":\"https:\\\/\\\/nodig.fi\\\/wp-content\\\/uploads\\\/2024\\\/02\\\/no_dig.png\",\"width\":814,\"height\":814,\"caption\":\"Tallbacka No Dig Oy Ab\"},\"image\":{\"@id\":\"https:\\\/\\\/nodig.fi\\\/#\\\/schema\\\/logo\\\/image\\\/\"},\"sameAs\":[\"https:\\\/\\\/www.facebook.com\\\/TallbackaNoDig\\\/\"]}]}<\/script>\n<!-- \/ Yoast SEO plugin. -->","yoast_head_json":{"title":"Tallbacka puutarha - Tallbacka No Dig Oy Ab","robots":{"index":"index","follow":"follow","max-snippet":"max-snippet:-1","max-image-preview":"max-image-preview:large","max-video-preview":"max-video-preview:-1"},"canonical":"https:\/\/nodig.fi\/omtt\/","og_locale":"fi_FI","og_type":"article","og_title":"Tallbacka puutarha - Tallbacka No Dig Oy Ab","og_description":"Tallbacka Puutarha Tallbacka Tr\u00e4dg\u00e5rd kasvattaa marjoja, hedelmi\u00e4, yrttej\u00e4, tryffeleit\u00e4, p\u00e4hkin\u00f6it\u00e4 ja vihanneksia. Kaikki alkoi intohimosta marjoihin ja hedelmiin. Pian mukaan tulivat yrtit, vihannekset ja tryffelipuut. Kaikki on ollut uuden opettelua ja suurta seikkailua. Alusta alkaen olemme viljelleet monia eri kasveja ja yritysten ja erehdysten kautta koettaneet l\u00f6yt\u00e4\u00e4 ne lajit jotka puutarhassamme antavat maukkaimman sadon. Permakulttuurin [&hellip;]","og_url":"https:\/\/nodig.fi\/omtt\/","og_site_name":"Tallbacka No Dig Oy Ab","article_publisher":"https:\/\/www.facebook.com\/TallbackaNoDig\/","article_modified_time":"2024-02-28T20:21:52+00:00","og_image":[{"url":"https:\/\/nodig.fi\/wp-content\/uploads\/2020\/12\/kronor.jpg","type":"","width":"","height":""}],"twitter_card":"summary_large_image","twitter_misc":{"Arvioitu lukuaika":"1 minuutti"},"schema":{"@context":"https:\/\/schema.org","@graph":[{"@type":"WebPage","@id":"https:\/\/nodig.fi\/omtt\/","url":"https:\/\/nodig.fi\/omtt\/","name":"Tallbacka puutarha - Tallbacka No Dig Oy Ab","isPartOf":{"@id":"https:\/\/nodig.fi\/#website"},"primaryImageOfPage":{"@id":"https:\/\/nodig.fi\/omtt\/#primaryimage"},"image":{"@id":"https:\/\/nodig.fi\/omtt\/#primaryimage"},"thumbnailUrl":"https:\/\/nodig.fi\/wp-content\/uploads\/2020\/12\/kronor.jpg","datePublished":"2020-12-17T18:44:21+00:00","dateModified":"2024-02-28T20:21:52+00:00","breadcrumb":{"@id":"https:\/\/nodig.fi\/omtt\/#breadcrumb"},"inLanguage":"fi","potentialAction":[{"@type":"ReadAction","target":["https:\/\/nodig.fi\/omtt\/"]}]},{"@type":"ImageObject","inLanguage":"fi","@id":"https:\/\/nodig.fi\/omtt\/#primaryimage","url":"https:\/\/nodig.fi\/wp-content\/uploads\/2020\/12\/kronor.jpg","contentUrl":"https:\/\/nodig.fi\/wp-content\/uploads\/2020\/12\/kronor.jpg"},{"@type":"BreadcrumbList","@id":"https:\/\/nodig.fi\/omtt\/#breadcrumb","itemListElement":[{"@type":"ListItem","position":1,"name":"Hem","item":"https:\/\/nodig.fi\/"},{"@type":"ListItem","position":2,"name":"Tallbacka puutarha"}]},{"@type":"WebSite","@id":"https:\/\/nodig.fi\/#website","url":"https:\/\/nodig.fi\/","name":"Nodig - Tallbacka Tr\u00e4dg\u00e5rd","description":"","publisher":{"@id":"https:\/\/nodig.fi\/#organization"},"potentialAction":[{"@type":"SearchAction","target":{"@type":"EntryPoint","urlTemplate":"https:\/\/nodig.fi\/?s={search_term_string}"},"query-input":{"@type":"PropertyValueSpecification","valueRequired":true,"valueName":"search_term_string"}}],"inLanguage":"fi"},{"@type":"Organization","@id":"https:\/\/nodig.fi\/#organization","name":"Tallbacka No Dig Oy Ab","url":"https:\/\/nodig.fi\/","logo":{"@type":"ImageObject","inLanguage":"fi","@id":"https:\/\/nodig.fi\/#\/schema\/logo\/image\/","url":"https:\/\/nodig.fi\/wp-content\/uploads\/2024\/02\/no_dig.png","contentUrl":"https:\/\/nodig.fi\/wp-content\/uploads\/2024\/02\/no_dig.png","width":814,"height":814,"caption":"Tallbacka No Dig Oy Ab"},"image":{"@id":"https:\/\/nodig.fi\/#\/schema\/logo\/image\/"},"sameAs":["https:\/\/www.facebook.com\/TallbackaNoDig\/"]}]}},"_links":{"self":[{"href":"https:\/\/nodig.fi\/fi\/wp-json\/wp\/v2\/pages\/178","targetHints":{"allow":["GET"]}}],"collection":[{"href":"https:\/\/nodig.fi\/fi\/wp-json\/wp\/v2\/pages"}],"about":[{"href":"https:\/\/nodig.fi\/fi\/wp-json\/wp\/v2\/types\/page"}],"author":[{"embeddable":true,"href":"https:\/\/nodig.fi\/fi\/wp-json\/wp\/v2\/users\/1"}],"replies":[{"embeddable":true,"href":"https:\/\/nodig.fi\/fi\/wp-json\/wp\/v2\/comments?post=178"}],"version-history":[{"count":5,"href":"https:\/\/nodig.fi\/fi\/wp-json\/wp\/v2\/pages\/178\/revisions"}],"predecessor-version":[{"id":3170,"href":"https:\/\/nodig.fi\/fi\/wp-json\/wp\/v2\/pages\/178\/revisions\/3170"}],"wp:attachment":[{"href":"https:\/\/nodig.fi\/fi\/wp-json\/wp\/v2\/media?parent=178"}],"curies":[{"name":"wp","href":"https:\/\/api.w.org\/{rel}","templated":true}]}}