{"id":1696,"date":"2022-01-17T17:27:58","date_gmt":"2022-01-17T17:27:58","guid":{"rendered":"https:\/\/nodig.fi\/tryffellandia\/"},"modified":"2024-02-29T17:52:04","modified_gmt":"2024-02-29T17:52:04","slug":"tryffellandia","status":"publish","type":"page","link":"https:\/\/nodig.fi\/fi\/tryffellandia\/","title":{"rendered":"Tryffellandia"},"content":{"rendered":"\t\t<div data-elementor-type=\"wp-page\" data-elementor-id=\"1696\" class=\"elementor elementor-1696 elementor-1690\" data-elementor-post-type=\"page\">\n\t\t\t\t\t\t<section class=\"elementor-section elementor-top-section elementor-element elementor-element-bd53c6a elementor-section-boxed elementor-section-height-default elementor-section-height-default\" data-id=\"bd53c6a\" data-element_type=\"section\" data-e-type=\"section\">\n\t\t\t\t\t\t<div class=\"elementor-container elementor-column-gap-default\">\n\t\t\t\t\t<div class=\"elementor-column elementor-col-100 elementor-top-column elementor-element elementor-element-9e14743\" data-id=\"9e14743\" data-element_type=\"column\" data-e-type=\"column\">\n\t\t\t<div class=\"elementor-widget-wrap elementor-element-populated\">\n\t\t\t\t\t\t<div class=\"elementor-element elementor-element-f6c9f34 elementor-widget elementor-widget-heading\" data-id=\"f6c9f34\" data-element_type=\"widget\" data-e-type=\"widget\" data-widget_type=\"heading.default\">\n\t\t\t\t<div class=\"elementor-widget-container\">\n\t\t\t\t\t<h2 class=\"elementor-heading-title elementor-size-default\">Tryffellandia<\/h2>\t\t\t\t<\/div>\n\t\t\t\t<\/div>\n\t\t\t\t\t<\/div>\n\t\t<\/div>\n\t\t\t\t\t<\/div>\n\t\t<\/section>\n\t\t\t\t<section class=\"elementor-section elementor-top-section elementor-element elementor-element-4c02fa8 elementor-section-boxed elementor-section-height-default elementor-section-height-default\" data-id=\"4c02fa8\" data-element_type=\"section\" data-e-type=\"section\">\n\t\t\t\t\t\t<div class=\"elementor-container elementor-column-gap-default\">\n\t\t\t\t\t<div class=\"elementor-column elementor-col-100 elementor-top-column elementor-element elementor-element-071a655\" data-id=\"071a655\" data-element_type=\"column\" data-e-type=\"column\">\n\t\t\t<div class=\"elementor-widget-wrap elementor-element-populated\">\n\t\t\t\t\t\t<div class=\"elementor-element elementor-element-23f3baa elementor-widget elementor-widget-text-editor\" data-id=\"23f3baa\" data-element_type=\"widget\" data-e-type=\"widget\" data-widget_type=\"text-editor.default\">\n\t\t\t\t<div class=\"elementor-widget-container\">\n\t\t\t\t\t\t\t\t\t<p>Muistan el\u00e4v\u00e4sti miten h\u00e4mm\u00e4stynyt olin lukiessani \u00c5bo Underr\u00e4ttelserist\u00e4 Anders af Heurlinin tryffelinviljelysuunnitelmista Kuitian kartanossa. Onko se oikeasti mahdollista, pohdin ja unohdin asian. Samassa artikkelissa sain ensi kertaa kuulla Lasse Ingmannista ja h\u00e4nen Baltic Truffle -yhti\u00f6st\u00e4\u00e4n, joka myy tryffelisienell\u00e4 ymp\u00e4ttyj\u00e4 taimia.<\/p>\n<p>Vuonna 2017 suunnittelimme puutarhan uuden osan k\u00e4ytt\u00f6\u00f6nottoa ja minusta sinne oli tulossa aivan liikaa marjapensaita &#8211; en ikin\u00e4 jaksaisi poimia kaikkia noita marjoja. Silloin muistin tryffeliviljelyn ja otin yhteytt\u00e4 Lasse Ingmanniin. H\u00e4n k\u00e4vi puutarhassamme ja yst\u00e4v\u00e4llisesti opasti meit\u00e4. H\u00e4n toimitti tryffelitarhaan tarvitsemamme p\u00e4hkin\u00e4pensaan ja tammen taimet. Yhteens\u00e4 niit\u00e4 oli 40 kpl, jotka istutimme toteuttaessamme oman Tryffelandiamme. Mutta kes\u00e4n 2018 kuivuus oli l\u00e4hes tuhoisaa. Meill\u00e4 oli niukasti puuhaketta ja niukasti vett\u00e4 kasteluun, joten on ihme, ett\u00e4 taimet selvisiv\u00e4t ensimm\u00e4isest\u00e4 kes\u00e4st\u00e4\u00e4n. J\u00e4lkeenp\u00e4in olen n\u00e4hnyt niitten k\u00e4rsineen, ne lopettivat kasvamisen &#8211; mutta nyt viisi vuotta my\u00f6hemmin ne ovat hyvin toipuneet. Muutama vuosi lis\u00e4\u00e4 ja voimme odottaa mustatryffelisatoa!<\/p>\n<p>Yhteisty\u00f6 Lassen ja Baltic Truffelin kanssa on ollut t\u00e4rke\u00e4\u00e4, kun olemme halunneet saada tryffelip\u00e4hkin\u00e4t ja -tammet viihtym\u00e4\u00e4n. Yll\u00e4tt\u00e4v\u00e4sti maaper\u00e4 t\u00e4\u00e4ll\u00e4 Paraisilla on ollut etu. Korkea pH-arvo (7,2) ei kuitenkaan ole ollut riitt\u00e4v\u00e4n ylh\u00e4\u00e4ll\u00e4, vaan olemme joutuneet lis\u00e4\u00e4m\u00e4\u00e4n kalkkia tavoittaaksemme optimaalisen arvon 7,8. Korkea pH on v\u00e4ltt\u00e4m\u00e4t\u00f6n, jotta tryffelisienen ja is\u00e4nt\u00e4puun juurien symbioosi vahvistuu. Korkean pH-arvon johdosta is\u00e4nt\u00e4puun on vaikeaa yksin saada ravinteita maasta, vaan se tarvitsee tryffelisienen apua &#8211; symbioosi hy\u00f6dytt\u00e4\u00e4 kumpaakin osapuolta.<\/p>\n<p>Nyt nelj\u00e4nnen sesongin p\u00e4\u00e4tteeksi, olemme lis\u00e4nneet puiden ymp\u00e4rille puuhaketta ja kalkkia. T\u00e4ll\u00e4 tavalla olemme laajentaneet puita ymp\u00e4r\u00f6iv\u00e4\u00e4 nurmesta vapaata aluetta. Toivomme ett\u00e4 tryffelisieni t\u00e4ll\u00e4 tavalla saa suotuisammat olosuhteet kehitty\u00e4 auringolta ja kuivuudelta suojassa. Lassen mukaan ensimm\u00e4iset sienet l\u00f6ydet\u00e4\u00e4n l\u00e4helt\u00e4 is\u00e4nt\u00e4puita. <\/p>\n<p>Vuoden 2018 lopulla saimme Lasselta lahjaksi kolme tryffelikuusta. Ne ovat nyt juurtuneet ja kasvavat Etel\u00e4isen Portin kummallakin puolella uuden ja vanhan puutarha-alueen v\u00e4liss\u00e4. Kasvu on l\u00e4htenyt k\u00e4yntiin ja tulevina vuosina saamme n\u00e4hd\u00e4 l\u00f6yd\u00e4mmek\u00f6 kuusten alta tryffelisieni\u00e4.<\/p>\n<p><img fetchpriority=\"high\" decoding=\"async\" src=\"https:\/\/nodig.fi\/wp-content\/uploads\/2022\/01\/tryffel1-300x225.jpg\" alt=\"\" class=\"alignnone size-medium wp-image-1656\" width=\"300\" height=\"225\" srcset=\"https:\/\/nodig.fi\/wp-content\/uploads\/2022\/01\/tryffel1-300x225.jpg 300w, https:\/\/nodig.fi\/wp-content\/uploads\/2022\/01\/tryffel1.jpg 320w\" sizes=\"(max-width: 300px) 100vw, 300px\" \/><img decoding=\"async\" class=\"size-medium wp-image-1979 alignright\" src=\"https:\/\/nodig.fi\/wp-content\/uploads\/2022\/01\/tryffel2-300x225.jpg\" alt=\"\" width=\"300\" height=\"225\" srcset=\"https:\/\/nodig.fi\/wp-content\/uploads\/2022\/01\/tryffel2-300x225.jpg 300w, https:\/\/nodig.fi\/wp-content\/uploads\/2022\/01\/tryffel2.jpg 320w\" sizes=\"(max-width: 300px) 100vw, 300px\" \/><\/p>\n<\/p>\n<p>Kirja \u201dTryffel &#8211; mat f\u00f6r gudar, gutar och svin\u201d julkaistiin ensi kerran ruotsiksi vuonna 2008. Kirjailija Christina Wed\u00e9n on biologi ja v\u00e4itteli vuonna 2004 tohtoriksi Uppsalan yliopistossa. H\u00e4nen v\u00e4it\u00f6skirjansa k\u00e4sitteli bourgognetryffeli\u00e4 Ruotsissa. H\u00e4n jatkaa ty\u00f6t\u00e4\u00e4n Uppsalan yliopistossa tutkien Skandinavian ensimm\u00e4isi\u00e4 tryffeliviljelmi\u00e4 Gotlannissa.<\/p>\n\t\t\t\t\t\t\t\t<\/div>\n\t\t\t\t<\/div>\n\t\t\t\t\t<\/div>\n\t\t<\/div>\n\t\t\t\t\t<\/div>\n\t\t<\/section>\n\t\t\t\t<\/div>\n\t\t","protected":false},"excerpt":{"rendered":"<p>Tryffellandia Muistan el\u00e4v\u00e4sti miten h\u00e4mm\u00e4stynyt olin lukiessani \u00c5bo Underr\u00e4ttelserist\u00e4 Anders af Heurlinin tryffelinviljelysuunnitelmista Kuitian kartanossa. Onko se oikeasti mahdollista, pohdin ja unohdin asian. Samassa artikkelissa sain ensi kertaa kuulla Lasse Ingmannista ja h\u00e4nen Baltic Truffle -yhti\u00f6st\u00e4\u00e4n, joka myy tryffelisienell\u00e4 ymp\u00e4ttyj\u00e4 taimia. Vuonna 2017 suunnittelimme puutarhan uuden osan k\u00e4ytt\u00f6\u00f6nottoa ja minusta sinne oli tulossa aivan liikaa [&hellip;]<\/p>\n","protected":false},"author":1,"featured_media":0,"parent":0,"menu_order":0,"comment_status":"closed","ping_status":"closed","template":"","meta":{"inline_featured_image":false,"site-sidebar-layout":"no-sidebar","site-content-layout":"page-builder","ast-site-content-layout":"default","site-content-style":"default","site-sidebar-style":"default","ast-global-header-display":"","ast-banner-title-visibility":"","ast-main-header-display":"","ast-hfb-above-header-display":"","ast-hfb-below-header-display":"","ast-hfb-mobile-header-display":"","site-post-title":"disabled","ast-breadcrumbs-content":"","ast-featured-img":"disabled","footer-sml-layout":"","ast-disable-related-posts":"","theme-transparent-header-meta":"","adv-header-id-meta":"","stick-header-meta":"","header-above-stick-meta":"","header-main-stick-meta":"","header-below-stick-meta":"","astra-migrate-meta-layouts":"default","ast-page-background-enabled":"default","ast-page-background-meta":{"desktop":{"background-color":"","background-image":"","background-repeat":"repeat","background-position":"center center","background-size":"auto","background-attachment":"scroll","background-type":"","background-media":"","overlay-type":"","overlay-color":"","overlay-opacity":"","overlay-gradient":""},"tablet":{"background-color":"","background-image":"","background-repeat":"repeat","background-position":"center center","background-size":"auto","background-attachment":"scroll","background-type":"","background-media":"","overlay-type":"","overlay-color":"","overlay-opacity":"","overlay-gradient":""},"mobile":{"background-color":"","background-image":"","background-repeat":"repeat","background-position":"center center","background-size":"auto","background-attachment":"scroll","background-type":"","background-media":"","overlay-type":"","overlay-color":"","overlay-opacity":"","overlay-gradient":""}},"ast-content-background-meta":{"desktop":{"background-color":"var(--ast-global-color-5)","background-image":"","background-repeat":"repeat","background-position":"center center","background-size":"auto","background-attachment":"scroll","background-type":"","background-media":"","overlay-type":"","overlay-color":"","overlay-opacity":"","overlay-gradient":""},"tablet":{"background-color":"var(--ast-global-color-5)","background-image":"","background-repeat":"repeat","background-position":"center center","background-size":"auto","background-attachment":"scroll","background-type":"","background-media":"","overlay-type":"","overlay-color":"","overlay-opacity":"","overlay-gradient":""},"mobile":{"background-color":"var(--ast-global-color-5)","background-image":"","background-repeat":"repeat","background-position":"center center","background-size":"auto","background-attachment":"scroll","background-type":"","background-media":"","overlay-type":"","overlay-color":"","overlay-opacity":"","overlay-gradient":""}},"footnotes":""},"class_list":["post-1696","page","type-page","status-publish","hentry"],"yoast_head":"<!-- This site is optimized with the Yoast SEO plugin v27.5 - https:\/\/yoast.com\/product\/yoast-seo-wordpress\/ -->\n<title>Tryffellandia - Tallbacka No Dig Oy Ab<\/title>\n<meta name=\"robots\" content=\"index, follow, max-snippet:-1, max-image-preview:large, max-video-preview:-1\" \/>\n<link rel=\"canonical\" href=\"https:\/\/nodig.fi\/tryffellandia\/\" \/>\n<meta property=\"og:locale\" content=\"fi_FI\" \/>\n<meta property=\"og:type\" content=\"article\" \/>\n<meta property=\"og:title\" content=\"Tryffellandia - Tallbacka No Dig Oy Ab\" \/>\n<meta property=\"og:description\" content=\"Tryffellandia Muistan el\u00e4v\u00e4sti miten h\u00e4mm\u00e4stynyt olin lukiessani \u00c5bo Underr\u00e4ttelserist\u00e4 Anders af Heurlinin tryffelinviljelysuunnitelmista Kuitian kartanossa. Onko se oikeasti mahdollista, pohdin ja unohdin asian. Samassa artikkelissa sain ensi kertaa kuulla Lasse Ingmannista ja h\u00e4nen Baltic Truffle -yhti\u00f6st\u00e4\u00e4n, joka myy tryffelisienell\u00e4 ymp\u00e4ttyj\u00e4 taimia. Vuonna 2017 suunnittelimme puutarhan uuden osan k\u00e4ytt\u00f6\u00f6nottoa ja minusta sinne oli tulossa aivan liikaa [&hellip;]\" \/>\n<meta property=\"og:url\" content=\"https:\/\/nodig.fi\/tryffellandia\/\" \/>\n<meta property=\"og:site_name\" content=\"Tallbacka No Dig Oy Ab\" \/>\n<meta property=\"article:publisher\" content=\"https:\/\/www.facebook.com\/TallbackaNoDig\/\" \/>\n<meta property=\"article:modified_time\" content=\"2024-02-29T17:52:04+00:00\" \/>\n<meta property=\"og:image\" content=\"https:\/\/nodig.fi\/wp-content\/uploads\/2022\/01\/tryffel1-300x225.jpg\" \/>\n<meta name=\"twitter:card\" content=\"summary_large_image\" \/>\n<meta name=\"twitter:label1\" content=\"Arvioitu lukuaika\" \/>\n\t<meta name=\"twitter:data1\" content=\"2 minuuttia\" \/>\n<script type=\"application\/ld+json\" class=\"yoast-schema-graph\">{\"@context\":\"https:\\\/\\\/schema.org\",\"@graph\":[{\"@type\":\"WebPage\",\"@id\":\"https:\\\/\\\/nodig.fi\\\/tryffellandia\\\/\",\"url\":\"https:\\\/\\\/nodig.fi\\\/tryffellandia\\\/\",\"name\":\"Tryffellandia - Tallbacka No Dig Oy Ab\",\"isPartOf\":{\"@id\":\"https:\\\/\\\/nodig.fi\\\/#website\"},\"primaryImageOfPage\":{\"@id\":\"https:\\\/\\\/nodig.fi\\\/tryffellandia\\\/#primaryimage\"},\"image\":{\"@id\":\"https:\\\/\\\/nodig.fi\\\/tryffellandia\\\/#primaryimage\"},\"thumbnailUrl\":\"https:\\\/\\\/nodig.fi\\\/wp-content\\\/uploads\\\/2022\\\/01\\\/tryffel1-300x225.jpg\",\"datePublished\":\"2022-01-17T17:27:58+00:00\",\"dateModified\":\"2024-02-29T17:52:04+00:00\",\"breadcrumb\":{\"@id\":\"https:\\\/\\\/nodig.fi\\\/tryffellandia\\\/#breadcrumb\"},\"inLanguage\":\"fi\",\"potentialAction\":[{\"@type\":\"ReadAction\",\"target\":[\"https:\\\/\\\/nodig.fi\\\/tryffellandia\\\/\"]}]},{\"@type\":\"ImageObject\",\"inLanguage\":\"fi\",\"@id\":\"https:\\\/\\\/nodig.fi\\\/tryffellandia\\\/#primaryimage\",\"url\":\"https:\\\/\\\/nodig.fi\\\/wp-content\\\/uploads\\\/2022\\\/01\\\/tryffel1-300x225.jpg\",\"contentUrl\":\"https:\\\/\\\/nodig.fi\\\/wp-content\\\/uploads\\\/2022\\\/01\\\/tryffel1-300x225.jpg\"},{\"@type\":\"BreadcrumbList\",\"@id\":\"https:\\\/\\\/nodig.fi\\\/tryffellandia\\\/#breadcrumb\",\"itemListElement\":[{\"@type\":\"ListItem\",\"position\":1,\"name\":\"Hem\",\"item\":\"https:\\\/\\\/nodig.fi\\\/\"},{\"@type\":\"ListItem\",\"position\":2,\"name\":\"Tryffellandia\"}]},{\"@type\":\"WebSite\",\"@id\":\"https:\\\/\\\/nodig.fi\\\/#website\",\"url\":\"https:\\\/\\\/nodig.fi\\\/\",\"name\":\"Nodig - Tallbacka Tr\u00e4dg\u00e5rd\",\"description\":\"\",\"publisher\":{\"@id\":\"https:\\\/\\\/nodig.fi\\\/#organization\"},\"potentialAction\":[{\"@type\":\"SearchAction\",\"target\":{\"@type\":\"EntryPoint\",\"urlTemplate\":\"https:\\\/\\\/nodig.fi\\\/?s={search_term_string}\"},\"query-input\":{\"@type\":\"PropertyValueSpecification\",\"valueRequired\":true,\"valueName\":\"search_term_string\"}}],\"inLanguage\":\"fi\"},{\"@type\":\"Organization\",\"@id\":\"https:\\\/\\\/nodig.fi\\\/#organization\",\"name\":\"Tallbacka No Dig Oy Ab\",\"url\":\"https:\\\/\\\/nodig.fi\\\/\",\"logo\":{\"@type\":\"ImageObject\",\"inLanguage\":\"fi\",\"@id\":\"https:\\\/\\\/nodig.fi\\\/#\\\/schema\\\/logo\\\/image\\\/\",\"url\":\"https:\\\/\\\/nodig.fi\\\/wp-content\\\/uploads\\\/2024\\\/02\\\/no_dig.png\",\"contentUrl\":\"https:\\\/\\\/nodig.fi\\\/wp-content\\\/uploads\\\/2024\\\/02\\\/no_dig.png\",\"width\":814,\"height\":814,\"caption\":\"Tallbacka No Dig Oy Ab\"},\"image\":{\"@id\":\"https:\\\/\\\/nodig.fi\\\/#\\\/schema\\\/logo\\\/image\\\/\"},\"sameAs\":[\"https:\\\/\\\/www.facebook.com\\\/TallbackaNoDig\\\/\"]}]}<\/script>\n<!-- \/ Yoast SEO plugin. -->","yoast_head_json":{"title":"Tryffellandia - Tallbacka No Dig Oy Ab","robots":{"index":"index","follow":"follow","max-snippet":"max-snippet:-1","max-image-preview":"max-image-preview:large","max-video-preview":"max-video-preview:-1"},"canonical":"https:\/\/nodig.fi\/tryffellandia\/","og_locale":"fi_FI","og_type":"article","og_title":"Tryffellandia - Tallbacka No Dig Oy Ab","og_description":"Tryffellandia Muistan el\u00e4v\u00e4sti miten h\u00e4mm\u00e4stynyt olin lukiessani \u00c5bo Underr\u00e4ttelserist\u00e4 Anders af Heurlinin tryffelinviljelysuunnitelmista Kuitian kartanossa. Onko se oikeasti mahdollista, pohdin ja unohdin asian. Samassa artikkelissa sain ensi kertaa kuulla Lasse Ingmannista ja h\u00e4nen Baltic Truffle -yhti\u00f6st\u00e4\u00e4n, joka myy tryffelisienell\u00e4 ymp\u00e4ttyj\u00e4 taimia. Vuonna 2017 suunnittelimme puutarhan uuden osan k\u00e4ytt\u00f6\u00f6nottoa ja minusta sinne oli tulossa aivan liikaa [&hellip;]","og_url":"https:\/\/nodig.fi\/tryffellandia\/","og_site_name":"Tallbacka No Dig Oy Ab","article_publisher":"https:\/\/www.facebook.com\/TallbackaNoDig\/","article_modified_time":"2024-02-29T17:52:04+00:00","og_image":[{"url":"https:\/\/nodig.fi\/wp-content\/uploads\/2022\/01\/tryffel1-300x225.jpg","type":"","width":"","height":""}],"twitter_card":"summary_large_image","twitter_misc":{"Arvioitu lukuaika":"2 minuuttia"},"schema":{"@context":"https:\/\/schema.org","@graph":[{"@type":"WebPage","@id":"https:\/\/nodig.fi\/tryffellandia\/","url":"https:\/\/nodig.fi\/tryffellandia\/","name":"Tryffellandia - Tallbacka No Dig Oy Ab","isPartOf":{"@id":"https:\/\/nodig.fi\/#website"},"primaryImageOfPage":{"@id":"https:\/\/nodig.fi\/tryffellandia\/#primaryimage"},"image":{"@id":"https:\/\/nodig.fi\/tryffellandia\/#primaryimage"},"thumbnailUrl":"https:\/\/nodig.fi\/wp-content\/uploads\/2022\/01\/tryffel1-300x225.jpg","datePublished":"2022-01-17T17:27:58+00:00","dateModified":"2024-02-29T17:52:04+00:00","breadcrumb":{"@id":"https:\/\/nodig.fi\/tryffellandia\/#breadcrumb"},"inLanguage":"fi","potentialAction":[{"@type":"ReadAction","target":["https:\/\/nodig.fi\/tryffellandia\/"]}]},{"@type":"ImageObject","inLanguage":"fi","@id":"https:\/\/nodig.fi\/tryffellandia\/#primaryimage","url":"https:\/\/nodig.fi\/wp-content\/uploads\/2022\/01\/tryffel1-300x225.jpg","contentUrl":"https:\/\/nodig.fi\/wp-content\/uploads\/2022\/01\/tryffel1-300x225.jpg"},{"@type":"BreadcrumbList","@id":"https:\/\/nodig.fi\/tryffellandia\/#breadcrumb","itemListElement":[{"@type":"ListItem","position":1,"name":"Hem","item":"https:\/\/nodig.fi\/"},{"@type":"ListItem","position":2,"name":"Tryffellandia"}]},{"@type":"WebSite","@id":"https:\/\/nodig.fi\/#website","url":"https:\/\/nodig.fi\/","name":"Nodig - Tallbacka Tr\u00e4dg\u00e5rd","description":"","publisher":{"@id":"https:\/\/nodig.fi\/#organization"},"potentialAction":[{"@type":"SearchAction","target":{"@type":"EntryPoint","urlTemplate":"https:\/\/nodig.fi\/?s={search_term_string}"},"query-input":{"@type":"PropertyValueSpecification","valueRequired":true,"valueName":"search_term_string"}}],"inLanguage":"fi"},{"@type":"Organization","@id":"https:\/\/nodig.fi\/#organization","name":"Tallbacka No Dig Oy Ab","url":"https:\/\/nodig.fi\/","logo":{"@type":"ImageObject","inLanguage":"fi","@id":"https:\/\/nodig.fi\/#\/schema\/logo\/image\/","url":"https:\/\/nodig.fi\/wp-content\/uploads\/2024\/02\/no_dig.png","contentUrl":"https:\/\/nodig.fi\/wp-content\/uploads\/2024\/02\/no_dig.png","width":814,"height":814,"caption":"Tallbacka No Dig Oy Ab"},"image":{"@id":"https:\/\/nodig.fi\/#\/schema\/logo\/image\/"},"sameAs":["https:\/\/www.facebook.com\/TallbackaNoDig\/"]}]}},"_links":{"self":[{"href":"https:\/\/nodig.fi\/fi\/wp-json\/wp\/v2\/pages\/1696","targetHints":{"allow":["GET"]}}],"collection":[{"href":"https:\/\/nodig.fi\/fi\/wp-json\/wp\/v2\/pages"}],"about":[{"href":"https:\/\/nodig.fi\/fi\/wp-json\/wp\/v2\/types\/page"}],"author":[{"embeddable":true,"href":"https:\/\/nodig.fi\/fi\/wp-json\/wp\/v2\/users\/1"}],"replies":[{"embeddable":true,"href":"https:\/\/nodig.fi\/fi\/wp-json\/wp\/v2\/comments?post=1696"}],"version-history":[{"count":4,"href":"https:\/\/nodig.fi\/fi\/wp-json\/wp\/v2\/pages\/1696\/revisions"}],"predecessor-version":[{"id":2016,"href":"https:\/\/nodig.fi\/fi\/wp-json\/wp\/v2\/pages\/1696\/revisions\/2016"}],"wp:attachment":[{"href":"https:\/\/nodig.fi\/fi\/wp-json\/wp\/v2\/media?parent=1696"}],"curies":[{"name":"wp","href":"https:\/\/api.w.org\/{rel}","templated":true}]}}