{"id":1646,"date":"2022-01-17T14:54:35","date_gmt":"2022-01-17T14:54:35","guid":{"rendered":"https:\/\/nodig.fi\/tallbacka-tradgard-2021\/"},"modified":"2024-02-29T17:35:58","modified_gmt":"2024-02-29T17:35:58","slug":"tallbacka-21","status":"publish","type":"page","link":"https:\/\/nodig.fi\/fi\/tallbacka-21\/","title":{"rendered":"Tallbacka Tr\u00e4dg\u00e5rd 2021"},"content":{"rendered":"\t\t<div data-elementor-type=\"wp-page\" data-elementor-id=\"1646\" class=\"elementor elementor-1646 elementor-1609\" data-elementor-post-type=\"page\">\n\t\t\t\t\t\t<section class=\"elementor-section elementor-top-section elementor-element elementor-element-f834fbc elementor-section-boxed elementor-section-height-default elementor-section-height-default\" data-id=\"f834fbc\" data-element_type=\"section\" data-e-type=\"section\">\n\t\t\t\t\t\t<div class=\"elementor-container elementor-column-gap-default\">\n\t\t\t\t\t<div class=\"elementor-column elementor-col-100 elementor-top-column elementor-element elementor-element-09e71e9\" data-id=\"09e71e9\" data-element_type=\"column\" data-e-type=\"column\">\n\t\t\t<div class=\"elementor-widget-wrap elementor-element-populated\">\n\t\t\t\t\t\t<div class=\"elementor-element elementor-element-e2fc61f elementor-widget elementor-widget-heading\" data-id=\"e2fc61f\" data-element_type=\"widget\" data-e-type=\"widget\" data-widget_type=\"heading.default\">\n\t\t\t\t<div class=\"elementor-widget-container\">\n\t\t\t\t\t<h2 class=\"elementor-heading-title elementor-size-default\">TALLBACKAN VUOSI 2021<\/h2>\t\t\t\t<\/div>\n\t\t\t\t<\/div>\n\t\t\t\t\t<\/div>\n\t\t<\/div>\n\t\t\t\t\t<\/div>\n\t\t<\/section>\n\t\t\t\t<section class=\"elementor-section elementor-top-section elementor-element elementor-element-a6defe8 elementor-section-boxed elementor-section-height-default elementor-section-height-default\" data-id=\"a6defe8\" data-element_type=\"section\" data-e-type=\"section\">\n\t\t\t\t\t\t<div class=\"elementor-container elementor-column-gap-default\">\n\t\t\t\t\t<div class=\"elementor-column elementor-col-33 elementor-top-column elementor-element elementor-element-3beacb0\" data-id=\"3beacb0\" data-element_type=\"column\" data-e-type=\"column\">\n\t\t\t<div class=\"elementor-widget-wrap elementor-element-populated\">\n\t\t\t\t\t\t<div class=\"elementor-element elementor-element-c3284aa elementor-widget elementor-widget-text-editor\" data-id=\"c3284aa\" data-element_type=\"widget\" data-e-type=\"widget\" data-widget_type=\"text-editor.default\">\n\t\t\t\t<div class=\"elementor-widget-container\">\n\t\t\t\t\t\t\t\t\t<p>Viime talvena 20\/21 aloitimme Facebook- sivuston ja saimme kotisivun hyv\u00e4\u00e4n alkuun. Moni t\u00e4rke\u00e4 asia oli uusi ja suunta hakusessa: kasvihuone, kylv\u00f6 lokerikkoihin ja pikkutaimien koulinta, NO DIG-penkit, kohopenkit nurmelle perustettuna, bokashimultatehdas jne. Tammikuussa valmistui my\u00f6s iso kartta\/viljelysuunnitelma. Siihen tukeutuen tilasimme siemeni\u00e4 ja tarvikkeita. Kev\u00e4\u00e4n kuluessa opimme koko ajan lis\u00e4\u00e4 NO DIG-metodista, sen tavasta kylv\u00e4\u00e4 ja istuttaa taimia, korjata satoa ja pident\u00e4\u00e4 satokautta. Aloimme tavoitella kahta satoa sesongissa.<\/p>\n<p>Saimme paljon t\u00e4rke\u00e4\u00e4 kokemusta lajikkeista. Moni asia opittiin ep\u00e4onnistumisten kautta. Katkerinta taisi olla sokeriherneitten t\u00e4ysi tuho. Lajike oli parhaaksi mainittu <em>Carouby de Mausanne<\/em> ja rakensimme herneillemme ihanan rustiikkiset tuet. Mutta kylvimme liian my\u00f6h\u00e4\u00e4n, alkukes\u00e4n s\u00e4\u00e4 ei suosinut, ehk\u00e4 paikkakin oli jollain tavoin ep\u00e4sopiva. Herneet eiv\u00e4t kasvaneet, sairastuivat johonkin sienitautiin ja maistuivat aivan kauheilta. P\u00e4iv\u00e4, jolloin revin koko nelj\u00e4n paririvin kasvuston alas, oli synkk\u00e4 ja surullinen. Tuolloin ajattelin, ett\u00e4 nyt sai herneenviljely loppua.<\/p>\n<p>Kev\u00e4tt\u00e4 leimasi my\u00f6s kiire ja v\u00e4symys. Ty\u00f6paikkaa vaihdettuani minulla oli vain muutama lomap\u00e4iv\u00e4, vapaata aikaa ei lainkaan. Nalle panosti kahden ekok\u00e4ym\u00e4l\u00e4n rakentamiseen vierailijoiden k\u00e4ytt\u00f6\u00f6n. Alkukes\u00e4\u00e4n sijoittui sek\u00e4 Aura Tr\u00e4dg\u00e5rdsv\u00e4nner -yhdistyksen tutustumisk\u00e4ynti ett\u00e4 ensimm\u00e4inen osallistumisemme Avoimet Puutarhat -tapahtumaan. Molemmat olivat omiaan aiheuttamaan paineita ja stressi\u00e4. Samoihin aikoihin koimme valtavan kirvainvaasion, hedelm\u00e4puut hukkuivat kirvamassojen alle. Puutarha ei n\u00e4ytt\u00e4nyt hyv\u00e4lt\u00e4 juuri silloin kuin olisi pit\u00e4nyt.<br \/>\nKurpitsan vuosi -projektimme sit\u00e4 vastoin onnistui. Pitk\u00e4t kohopenkit toimivat hyvin, apilakate esti rikkaruohot tehokkaasti, osansa teki varmasti my\u00f6s musta muovikate penkkien p\u00e4\u00e4ll\u00e4 huhti\/toukokuussa ennen taimien istutusta. Mahdolliset rikkaruohot kuolivat valonpuutteeseen.<\/p>\n\t\t\t\t\t\t\t\t<\/div>\n\t\t\t\t<\/div>\n\t\t\t\t\t<\/div>\n\t\t<\/div>\n\t\t\t\t<div class=\"elementor-column elementor-col-33 elementor-top-column elementor-element elementor-element-daca279\" data-id=\"daca279\" data-element_type=\"column\" data-e-type=\"column\">\n\t\t\t<div class=\"elementor-widget-wrap elementor-element-populated\">\n\t\t\t\t\t\t<div class=\"elementor-element elementor-element-ea15b33 elementor-widget elementor-widget-text-editor\" data-id=\"ea15b33\" data-element_type=\"widget\" data-e-type=\"widget\" data-widget_type=\"text-editor.default\">\n\t\t\t\t<div class=\"elementor-widget-container\">\n\t\t\t\t\t\t\t\t\t<p>Alkuun s\u00e4ik\u00e4hdin sahanpurun mahdollisia haittavaikutuksia ja maatuvan orgaanisen j\u00e4tteen aiheuttamaa typpikatoa, mutta ongelma ei oikeasti ollut suuri. Muutama kastelu EMa-liuoksella auttoi kasvit jaksamaan pahimman yli. Lajikkeita oli paljon, yhteens\u00e4 16. Kaikista saimme jonkin verran satoa, mutta osa j\u00e4\u00e4nee kertakokeiluiksi. Hienoimmat uudet tuttavuudet olivat ihana k\u00e4\u00e4rmem\u00e4inen <em>Tromboncino<\/em>, maukas ja hyvin s\u00e4ilyv\u00e4 <em>Delicata Zeppelin<\/em> ja sininen hylje, <em>Guatemalan Blue<\/em>. N\u00e4it\u00e4 viljelemme varmasti ensi vuonnakin. Kes\u00e4kurpitsoista parhaat olivat <em>Costata Romanesca<\/em> ja perusvihre\u00e4 <em>Black Beauty<\/em>. Syksyn aivan liian aikainen halla vei ensin kes\u00e4kurpitsat ja sitten viikon p\u00e4\u00e4st\u00e4 talvikurpitsat. Olisimme saaneet paremman s\u00e4ilyvyyden jos muutama viikko olisi suotu lis\u00e4\u00e4\u2026<\/p>\n<p>Hein\u00e4kuun valtava helleaalto ja kuivuus aiheutti eniten harmia kaikelle viljelylle. L\u00e4mp\u00f6tila huiteli pitk\u00e4\u00e4n kolmissakymmeniss\u00e4 eik\u00e4 taivaalta saatu lainkaan sadetta. Kasvu pys\u00e4htyi, kasvit k\u00e4rsiv\u00e4t ja sesonki lyheni oudosti \u201dkeskelt\u00e4\u201d. Kastelimme voimiemme ja uskalluksemme mukaan, mutta sadetta ei mik\u00e4\u00e4n kasteluj\u00e4rjestelm\u00e4 korvaa. Ja l\u00e4mp\u00f6tila oli kertakaikkiaan yli optimin, eniten tietysti kasvihuoneessa. Siell\u00e4 ei voinut p\u00e4ivisin oleskella lainkaan. Tomaatit s\u00e4ilyiv\u00e4t hengiss\u00e4, juuri muuta ei voi sanoa. Chilit p\u00e4rj\u00e4siv\u00e4t paremmin, mutta hedelm\u00e4\u00e4 nekin alkoivat tuottaa vasta kun pahin paahde hellitti. Siksi my\u00f6s sato j\u00e4i pieneksi, hedelmille ei j\u00e4\u00e4nyt aikaa valmistua.<\/p>\n<p>Kaalinviljelyyn panostimme my\u00f6s kovasti. Tulokset olivat vaihtelevia. Taimiviljely onnistui hyvin. Istutimme taimet harsotunneleihin suojaan kylm\u00e4lt\u00e4 ja tuholaisilta, seurakseen ne saivat samettikukan taimia. Olimme kovin odottavalla mielell\u00e4 suippokaalin suhteen, lajikkeina kahta vihre\u00e4\u00e4 sek\u00e4 ylistetty punainen Kalibos. N\u00e4iden lis\u00e4ksi kokeilimme useaa lehtikaalilajiketta, kyss\u00e4kaalia, muutamia meille uusia broccoliini ja h\u00e4rmekaalilajeja, jopa joitakin ruusukaaleja ja parsakaalia.<\/p>\n\t\t\t\t\t\t\t\t<\/div>\n\t\t\t\t<\/div>\n\t\t\t\t\t<\/div>\n\t\t<\/div>\n\t\t\t\t<div class=\"elementor-column elementor-col-33 elementor-top-column elementor-element elementor-element-2b8cc5e\" data-id=\"2b8cc5e\" data-element_type=\"column\" data-e-type=\"column\">\n\t\t\t<div class=\"elementor-widget-wrap elementor-element-populated\">\n\t\t\t\t\t\t<div class=\"elementor-element elementor-element-397f20d elementor-widget elementor-widget-text-editor\" data-id=\"397f20d\" data-element_type=\"widget\" data-e-type=\"widget\" data-widget_type=\"text-editor.default\">\n\t\t\t\t<div class=\"elementor-widget-container\">\n\t\t\t\t\t\t\t\t\t<p>Tuholaisista oli yll\u00e4tt\u00e4v\u00e4n v\u00e4h\u00e4n riesaa &#8211; taimet kasvoivatkin tunneleissa. Mutta tunneleista tuli my\u00f6s suurin ongelmamme kun helteet alkoivat. Kasvuharso on aivan liian kuuma kaaleille, ilma ei vaihdu ja kasvu lakkaa.<\/p>\n<p>Jo vuonna 2020 mietimme usein, ett\u00e4 marjapensaat ja hedelm\u00e4puut tarvitsisivat enemm\u00e4n huolenpitoa ja maanparannusta. Syksyll\u00e4 2021 investoimme isosti puuhakkeeseen, 58 kuutiota enimm\u00e4kseen koivua. Tavoitteena oli antaa kaikille pensaille ja puille uutta elinvoimaa parantamalla maata niiden juurella, toisin sanoen tukahduttamalla rikkaruohoja ja pist\u00e4m\u00e4ll\u00e4 maan pieneli\u00f6t t\u00f6ihin. L\u00e4hes kaikki puut ja pensaat ehdittiin k\u00e4sitell\u00e4. Tuorlan innostuneet permakulttuuriopiskelijat k\u00e4rr\u00e4siv\u00e4t parin p\u00e4iv\u00e4n aikana kymmeni\u00e4 kuutioita hevosensontakompostia ja puuhaketta. Aluksi pensaiden ja puiden alustat peitettiin sanomalehdill\u00e4. Tryffelitarhaan ei lis\u00e4tty kompostia, vain sanomalehtikate ja puuhaketta sek\u00e4 lis\u00e4ksi, Lars Ingmannin ohjeiden mukaan, v\u00e4h\u00e4n kalkkia.<\/p>\n<p>Olen hyvin tyytyv\u00e4inen kev\u00e4\u00e4ll\u00e4 tehtyihin kukka- ja vihannespenkkien laajennuksiin ja kokonaan uusiin NO DIG-penkkeihin. Ihanin uusiomaa tehtiin mustaherukkapensaiden ja vanhan omenatarhan v\u00e4liin, se sai nimen <em>Ihmesalaattimaa<\/em>. Nurmi peitettiin aluksi sanomalehdill\u00e4\u2006ja pahvilla, sitten lis\u00e4ttiin kompostia noin 15 sentin kerros. Siihen istutettiin saman tien liuskaratamoa, salkoruusua, tarhamaltsaa, hyv\u00e4nheikinsavikkaa, kilpisuolahein\u00e4\u00e4, mustakaalia, malabarinpinaattia, veripeippi\u00e4, keto-orvokkia ja valtavasti samettikukkia. Penkki oli oikein tuottoisa ja kaunis pitk\u00e4lle syksyyn, vaikka emme osanneet edes t\u00e4ysill\u00e4 hy\u00f6dynt\u00e4\u00e4 kaikkien meille uusien salaattikasvien mahdollisuuksia. Se oli sit\u00e4 paitsi hyvin toimiva alku puutarhakierrokselle, sill\u00e4 siin\u00e4 saattoi konkreettisen esimerkin kautta kertoa meille t\u00e4rkeist\u00e4 asioista, NO DIG-penkkien rakentamisesta ja puiden, pensaiden, vihannesten ja kukkien yhteisviljelyst\u00e4. Saatoimme my\u00f6s esitell\u00e4 vanhoja unohtuneita lajeja ja uusia tulokkaita rinta rinnan.<\/p>\n\t\t\t\t\t\t\t\t<\/div>\n\t\t\t\t<\/div>\n\t\t\t\t\t<\/div>\n\t\t<\/div>\n\t\t\t\t\t<\/div>\n\t\t<\/section>\n\t\t\t\t<section class=\"elementor-section elementor-top-section elementor-element elementor-element-6361da0 elementor-section-boxed elementor-section-height-default elementor-section-height-default\" data-id=\"6361da0\" data-element_type=\"section\" data-e-type=\"section\">\n\t\t\t\t\t\t<div class=\"elementor-container elementor-column-gap-default\">\n\t\t\t\t\t<div class=\"elementor-column elementor-col-100 elementor-top-column elementor-element elementor-element-a80f7d3\" data-id=\"a80f7d3\" data-element_type=\"column\" data-e-type=\"column\">\n\t\t\t<div class=\"elementor-widget-wrap elementor-element-populated\">\n\t\t\t\t\t\t<div class=\"elementor-element elementor-element-1992e1b elementor-widget elementor-widget-ucaddon_uc_tiles_grid_image\" data-id=\"1992e1b\" data-element_type=\"widget\" data-e-type=\"widget\" data-widget_type=\"ucaddon_uc_tiles_grid_image.default\">\n\t\t\t\t<div class=\"elementor-widget-container\">\n\t\t\t\t\t\n<!-- start Tile Grid Image Gallery -->\n\t\t<link id='uc_ac_assets_file_unite_gallery_css_30623-css' href='https:\/\/nodig.fi\/wp-content\/uploads\/ac_assets\/uc_tiles_grid_image\/unite-gallery.css' type='text\/css' rel='stylesheet' >\n\n\n<div id=\"uc_uc_tiles_grid_image_elementor_1992e1b\" style=\"display:none;\">\n\t<img decoding=\"async\" alt=\"\"\n          \n     src=\"https:\/\/nodig.fi\/wp-content\/uploads\/2022\/01\/TH21a.jpg\"\n          \n     data-image=\"https:\/\/nodig.fi\/wp-content\/uploads\/2022\/01\/TH21a.jpg\"\n     data-description=\"\">\n<img decoding=\"async\" alt=\"\"\n          \n     src=\"https:\/\/nodig.fi\/wp-content\/uploads\/2022\/01\/TH21c.jpg\"\n          \n     data-image=\"https:\/\/nodig.fi\/wp-content\/uploads\/2022\/01\/TH21c.jpg\"\n     data-description=\"\">\n<img decoding=\"async\" alt=\"\"\n          \n     src=\"https:\/\/nodig.fi\/wp-content\/uploads\/2022\/01\/TH21b.jpg\"\n          \n     data-image=\"https:\/\/nodig.fi\/wp-content\/uploads\/2022\/01\/TH21b.jpg\"\n     data-description=\"\">\n<img decoding=\"async\" alt=\"\"\n          \n     src=\"https:\/\/nodig.fi\/wp-content\/uploads\/2022\/01\/TH21d.jpg\"\n          \n     data-image=\"https:\/\/nodig.fi\/wp-content\/uploads\/2022\/01\/TH21d.jpg\"\n     data-description=\"\">\n<img decoding=\"async\" alt=\"\"\n          \n     src=\"https:\/\/nodig.fi\/wp-content\/uploads\/2022\/01\/TH21e.jpg\"\n          \n     data-image=\"https:\/\/nodig.fi\/wp-content\/uploads\/2022\/01\/TH21e.jpg\"\n     data-description=\"\">\n\n<\/div>\n<!-- end Tile Grid Image Gallery -->\t\t\t\t<\/div>\n\t\t\t\t<\/div>\n\t\t\t\t\t<\/div>\n\t\t<\/div>\n\t\t\t\t\t<\/div>\n\t\t<\/section>\n\t\t\t\t<\/div>\n\t\t","protected":false},"excerpt":{"rendered":"<p>TALLBACKAN VUOSI 2021 Viime talvena 20\/21 aloitimme Facebook- sivuston ja saimme kotisivun hyv\u00e4\u00e4n alkuun. Moni t\u00e4rke\u00e4 asia oli uusi ja suunta hakusessa: kasvihuone, kylv\u00f6 lokerikkoihin ja pikkutaimien koulinta, NO DIG-penkit, kohopenkit nurmelle perustettuna, bokashimultatehdas jne. Tammikuussa valmistui my\u00f6s iso kartta\/viljelysuunnitelma. Siihen tukeutuen tilasimme siemeni\u00e4 ja tarvikkeita. Kev\u00e4\u00e4n kuluessa opimme koko ajan lis\u00e4\u00e4 NO DIG-metodista, sen [&hellip;]<\/p>\n","protected":false},"author":1,"featured_media":0,"parent":0,"menu_order":0,"comment_status":"closed","ping_status":"closed","template":"","meta":{"inline_featured_image":false,"site-sidebar-layout":"no-sidebar","site-content-layout":"page-builder","ast-site-content-layout":"default","site-content-style":"default","site-sidebar-style":"default","ast-global-header-display":"","ast-banner-title-visibility":"","ast-main-header-display":"","ast-hfb-above-header-display":"","ast-hfb-below-header-display":"","ast-hfb-mobile-header-display":"","site-post-title":"disabled","ast-breadcrumbs-content":"","ast-featured-img":"disabled","footer-sml-layout":"","ast-disable-related-posts":"","theme-transparent-header-meta":"","adv-header-id-meta":"","stick-header-meta":"","header-above-stick-meta":"","header-main-stick-meta":"","header-below-stick-meta":"","astra-migrate-meta-layouts":"default","ast-page-background-enabled":"default","ast-page-background-meta":{"desktop":{"background-color":"","background-image":"","background-repeat":"repeat","background-position":"center center","background-size":"auto","background-attachment":"scroll","background-type":"","background-media":"","overlay-type":"","overlay-color":"","overlay-opacity":"","overlay-gradient":""},"tablet":{"background-color":"","background-image":"","background-repeat":"repeat","background-position":"center center","background-size":"auto","background-attachment":"scroll","background-type":"","background-media":"","overlay-type":"","overlay-color":"","overlay-opacity":"","overlay-gradient":""},"mobile":{"background-color":"","background-image":"","background-repeat":"repeat","background-position":"center center","background-size":"auto","background-attachment":"scroll","background-type":"","background-media":"","overlay-type":"","overlay-color":"","overlay-opacity":"","overlay-gradient":""}},"ast-content-background-meta":{"desktop":{"background-color":"var(--ast-global-color-5)","background-image":"","background-repeat":"repeat","background-position":"center center","background-size":"auto","background-attachment":"scroll","background-type":"","background-media":"","overlay-type":"","overlay-color":"","overlay-opacity":"","overlay-gradient":""},"tablet":{"background-color":"var(--ast-global-color-5)","background-image":"","background-repeat":"repeat","background-position":"center center","background-size":"auto","background-attachment":"scroll","background-type":"","background-media":"","overlay-type":"","overlay-color":"","overlay-opacity":"","overlay-gradient":""},"mobile":{"background-color":"var(--ast-global-color-5)","background-image":"","background-repeat":"repeat","background-position":"center center","background-size":"auto","background-attachment":"scroll","background-type":"","background-media":"","overlay-type":"","overlay-color":"","overlay-opacity":"","overlay-gradient":""}},"footnotes":""},"class_list":["post-1646","page","type-page","status-publish","hentry"],"yoast_head":"<!-- This site is optimized with the Yoast SEO plugin v27.5 - https:\/\/yoast.com\/product\/yoast-seo-wordpress\/ -->\n<title>Tallbacka Tr\u00e4dg\u00e5rd 2021 - Tallbacka No Dig Oy Ab<\/title>\n<meta name=\"robots\" content=\"index, follow, max-snippet:-1, max-image-preview:large, max-video-preview:-1\" \/>\n<link rel=\"canonical\" href=\"https:\/\/nodig.fi\/tallbacka-21\/\" \/>\n<meta property=\"og:locale\" content=\"fi_FI\" \/>\n<meta property=\"og:type\" content=\"article\" \/>\n<meta property=\"og:title\" content=\"Tallbacka Tr\u00e4dg\u00e5rd 2021 - Tallbacka No Dig Oy Ab\" \/>\n<meta property=\"og:description\" content=\"TALLBACKAN VUOSI 2021 Viime talvena 20\/21 aloitimme Facebook- sivuston ja saimme kotisivun hyv\u00e4\u00e4n alkuun. Moni t\u00e4rke\u00e4 asia oli uusi ja suunta hakusessa: kasvihuone, kylv\u00f6 lokerikkoihin ja pikkutaimien koulinta, NO DIG-penkit, kohopenkit nurmelle perustettuna, bokashimultatehdas jne. Tammikuussa valmistui my\u00f6s iso kartta\/viljelysuunnitelma. Siihen tukeutuen tilasimme siemeni\u00e4 ja tarvikkeita. Kev\u00e4\u00e4n kuluessa opimme koko ajan lis\u00e4\u00e4 NO DIG-metodista, sen [&hellip;]\" \/>\n<meta property=\"og:url\" content=\"https:\/\/nodig.fi\/tallbacka-21\/\" \/>\n<meta property=\"og:site_name\" content=\"Tallbacka No Dig Oy Ab\" \/>\n<meta property=\"article:publisher\" content=\"https:\/\/www.facebook.com\/TallbackaNoDig\/\" \/>\n<meta property=\"article:modified_time\" content=\"2024-02-29T17:35:58+00:00\" \/>\n<meta property=\"og:image\" content=\"https:\/\/nodig.fi\/wp-content\/uploads\/2022\/01\/TH21a.jpg\" \/>\n<meta name=\"twitter:card\" content=\"summary_large_image\" \/>\n<meta name=\"twitter:label1\" content=\"Arvioitu lukuaika\" \/>\n\t<meta name=\"twitter:data1\" content=\"4 minuuttia\" \/>\n<script type=\"application\/ld+json\" class=\"yoast-schema-graph\">{\"@context\":\"https:\\\/\\\/schema.org\",\"@graph\":[{\"@type\":\"WebPage\",\"@id\":\"https:\\\/\\\/nodig.fi\\\/tallbacka-21\\\/\",\"url\":\"https:\\\/\\\/nodig.fi\\\/tallbacka-21\\\/\",\"name\":\"Tallbacka Tr\u00e4dg\u00e5rd 2021 - Tallbacka No Dig Oy Ab\",\"isPartOf\":{\"@id\":\"https:\\\/\\\/nodig.fi\\\/#website\"},\"primaryImageOfPage\":{\"@id\":\"https:\\\/\\\/nodig.fi\\\/tallbacka-21\\\/#primaryimage\"},\"image\":{\"@id\":\"https:\\\/\\\/nodig.fi\\\/tallbacka-21\\\/#primaryimage\"},\"thumbnailUrl\":\"https:\\\/\\\/nodig.fi\\\/wp-content\\\/uploads\\\/2022\\\/01\\\/TH21a.jpg\",\"datePublished\":\"2022-01-17T14:54:35+00:00\",\"dateModified\":\"2024-02-29T17:35:58+00:00\",\"breadcrumb\":{\"@id\":\"https:\\\/\\\/nodig.fi\\\/tallbacka-21\\\/#breadcrumb\"},\"inLanguage\":\"fi\",\"potentialAction\":[{\"@type\":\"ReadAction\",\"target\":[\"https:\\\/\\\/nodig.fi\\\/tallbacka-21\\\/\"]}]},{\"@type\":\"ImageObject\",\"inLanguage\":\"fi\",\"@id\":\"https:\\\/\\\/nodig.fi\\\/tallbacka-21\\\/#primaryimage\",\"url\":\"https:\\\/\\\/nodig.fi\\\/wp-content\\\/uploads\\\/2022\\\/01\\\/TH21a.jpg\",\"contentUrl\":\"https:\\\/\\\/nodig.fi\\\/wp-content\\\/uploads\\\/2022\\\/01\\\/TH21a.jpg\"},{\"@type\":\"BreadcrumbList\",\"@id\":\"https:\\\/\\\/nodig.fi\\\/tallbacka-21\\\/#breadcrumb\",\"itemListElement\":[{\"@type\":\"ListItem\",\"position\":1,\"name\":\"Hem\",\"item\":\"https:\\\/\\\/nodig.fi\\\/\"},{\"@type\":\"ListItem\",\"position\":2,\"name\":\"Tallbacka Tr\u00e4dg\u00e5rd 2021\"}]},{\"@type\":\"WebSite\",\"@id\":\"https:\\\/\\\/nodig.fi\\\/#website\",\"url\":\"https:\\\/\\\/nodig.fi\\\/\",\"name\":\"Nodig - Tallbacka Tr\u00e4dg\u00e5rd\",\"description\":\"\",\"publisher\":{\"@id\":\"https:\\\/\\\/nodig.fi\\\/#organization\"},\"potentialAction\":[{\"@type\":\"SearchAction\",\"target\":{\"@type\":\"EntryPoint\",\"urlTemplate\":\"https:\\\/\\\/nodig.fi\\\/?s={search_term_string}\"},\"query-input\":{\"@type\":\"PropertyValueSpecification\",\"valueRequired\":true,\"valueName\":\"search_term_string\"}}],\"inLanguage\":\"fi\"},{\"@type\":\"Organization\",\"@id\":\"https:\\\/\\\/nodig.fi\\\/#organization\",\"name\":\"Tallbacka No Dig Oy Ab\",\"url\":\"https:\\\/\\\/nodig.fi\\\/\",\"logo\":{\"@type\":\"ImageObject\",\"inLanguage\":\"fi\",\"@id\":\"https:\\\/\\\/nodig.fi\\\/#\\\/schema\\\/logo\\\/image\\\/\",\"url\":\"https:\\\/\\\/nodig.fi\\\/wp-content\\\/uploads\\\/2024\\\/02\\\/no_dig.png\",\"contentUrl\":\"https:\\\/\\\/nodig.fi\\\/wp-content\\\/uploads\\\/2024\\\/02\\\/no_dig.png\",\"width\":814,\"height\":814,\"caption\":\"Tallbacka No Dig Oy Ab\"},\"image\":{\"@id\":\"https:\\\/\\\/nodig.fi\\\/#\\\/schema\\\/logo\\\/image\\\/\"},\"sameAs\":[\"https:\\\/\\\/www.facebook.com\\\/TallbackaNoDig\\\/\"]}]}<\/script>\n<!-- \/ Yoast SEO plugin. -->","yoast_head_json":{"title":"Tallbacka Tr\u00e4dg\u00e5rd 2021 - Tallbacka No Dig Oy Ab","robots":{"index":"index","follow":"follow","max-snippet":"max-snippet:-1","max-image-preview":"max-image-preview:large","max-video-preview":"max-video-preview:-1"},"canonical":"https:\/\/nodig.fi\/tallbacka-21\/","og_locale":"fi_FI","og_type":"article","og_title":"Tallbacka Tr\u00e4dg\u00e5rd 2021 - Tallbacka No Dig Oy Ab","og_description":"TALLBACKAN VUOSI 2021 Viime talvena 20\/21 aloitimme Facebook- sivuston ja saimme kotisivun hyv\u00e4\u00e4n alkuun. Moni t\u00e4rke\u00e4 asia oli uusi ja suunta hakusessa: kasvihuone, kylv\u00f6 lokerikkoihin ja pikkutaimien koulinta, NO DIG-penkit, kohopenkit nurmelle perustettuna, bokashimultatehdas jne. Tammikuussa valmistui my\u00f6s iso kartta\/viljelysuunnitelma. Siihen tukeutuen tilasimme siemeni\u00e4 ja tarvikkeita. Kev\u00e4\u00e4n kuluessa opimme koko ajan lis\u00e4\u00e4 NO DIG-metodista, sen [&hellip;]","og_url":"https:\/\/nodig.fi\/tallbacka-21\/","og_site_name":"Tallbacka No Dig Oy Ab","article_publisher":"https:\/\/www.facebook.com\/TallbackaNoDig\/","article_modified_time":"2024-02-29T17:35:58+00:00","og_image":[{"url":"https:\/\/nodig.fi\/wp-content\/uploads\/2022\/01\/TH21a.jpg","type":"","width":"","height":""}],"twitter_card":"summary_large_image","twitter_misc":{"Arvioitu lukuaika":"4 minuuttia"},"schema":{"@context":"https:\/\/schema.org","@graph":[{"@type":"WebPage","@id":"https:\/\/nodig.fi\/tallbacka-21\/","url":"https:\/\/nodig.fi\/tallbacka-21\/","name":"Tallbacka Tr\u00e4dg\u00e5rd 2021 - Tallbacka No Dig Oy Ab","isPartOf":{"@id":"https:\/\/nodig.fi\/#website"},"primaryImageOfPage":{"@id":"https:\/\/nodig.fi\/tallbacka-21\/#primaryimage"},"image":{"@id":"https:\/\/nodig.fi\/tallbacka-21\/#primaryimage"},"thumbnailUrl":"https:\/\/nodig.fi\/wp-content\/uploads\/2022\/01\/TH21a.jpg","datePublished":"2022-01-17T14:54:35+00:00","dateModified":"2024-02-29T17:35:58+00:00","breadcrumb":{"@id":"https:\/\/nodig.fi\/tallbacka-21\/#breadcrumb"},"inLanguage":"fi","potentialAction":[{"@type":"ReadAction","target":["https:\/\/nodig.fi\/tallbacka-21\/"]}]},{"@type":"ImageObject","inLanguage":"fi","@id":"https:\/\/nodig.fi\/tallbacka-21\/#primaryimage","url":"https:\/\/nodig.fi\/wp-content\/uploads\/2022\/01\/TH21a.jpg","contentUrl":"https:\/\/nodig.fi\/wp-content\/uploads\/2022\/01\/TH21a.jpg"},{"@type":"BreadcrumbList","@id":"https:\/\/nodig.fi\/tallbacka-21\/#breadcrumb","itemListElement":[{"@type":"ListItem","position":1,"name":"Hem","item":"https:\/\/nodig.fi\/"},{"@type":"ListItem","position":2,"name":"Tallbacka Tr\u00e4dg\u00e5rd 2021"}]},{"@type":"WebSite","@id":"https:\/\/nodig.fi\/#website","url":"https:\/\/nodig.fi\/","name":"Nodig - Tallbacka Tr\u00e4dg\u00e5rd","description":"","publisher":{"@id":"https:\/\/nodig.fi\/#organization"},"potentialAction":[{"@type":"SearchAction","target":{"@type":"EntryPoint","urlTemplate":"https:\/\/nodig.fi\/?s={search_term_string}"},"query-input":{"@type":"PropertyValueSpecification","valueRequired":true,"valueName":"search_term_string"}}],"inLanguage":"fi"},{"@type":"Organization","@id":"https:\/\/nodig.fi\/#organization","name":"Tallbacka No Dig Oy Ab","url":"https:\/\/nodig.fi\/","logo":{"@type":"ImageObject","inLanguage":"fi","@id":"https:\/\/nodig.fi\/#\/schema\/logo\/image\/","url":"https:\/\/nodig.fi\/wp-content\/uploads\/2024\/02\/no_dig.png","contentUrl":"https:\/\/nodig.fi\/wp-content\/uploads\/2024\/02\/no_dig.png","width":814,"height":814,"caption":"Tallbacka No Dig Oy Ab"},"image":{"@id":"https:\/\/nodig.fi\/#\/schema\/logo\/image\/"},"sameAs":["https:\/\/www.facebook.com\/TallbackaNoDig\/"]}]}},"_links":{"self":[{"href":"https:\/\/nodig.fi\/fi\/wp-json\/wp\/v2\/pages\/1646","targetHints":{"allow":["GET"]}}],"collection":[{"href":"https:\/\/nodig.fi\/fi\/wp-json\/wp\/v2\/pages"}],"about":[{"href":"https:\/\/nodig.fi\/fi\/wp-json\/wp\/v2\/types\/page"}],"author":[{"embeddable":true,"href":"https:\/\/nodig.fi\/fi\/wp-json\/wp\/v2\/users\/1"}],"replies":[{"embeddable":true,"href":"https:\/\/nodig.fi\/fi\/wp-json\/wp\/v2\/comments?post=1646"}],"version-history":[{"count":5,"href":"https:\/\/nodig.fi\/fi\/wp-json\/wp\/v2\/pages\/1646\/revisions"}],"predecessor-version":[{"id":3196,"href":"https:\/\/nodig.fi\/fi\/wp-json\/wp\/v2\/pages\/1646\/revisions\/3196"}],"wp:attachment":[{"href":"https:\/\/nodig.fi\/fi\/wp-json\/wp\/v2\/media?parent=1646"}],"curies":[{"name":"wp","href":"https:\/\/api.w.org\/{rel}","templated":true}]}}