{"id":1553,"date":"2021-04-03T18:20:40","date_gmt":"2021-04-03T18:20:40","guid":{"rendered":"https:\/\/nodig.fi\/medlemskap\/"},"modified":"2024-02-28T19:16:15","modified_gmt":"2024-02-28T19:16:15","slug":"medlemskap","status":"publish","type":"page","link":"https:\/\/nodig.fi\/fi\/medlemskap\/","title":{"rendered":"Medlemskap"},"content":{"rendered":"\t\t<div data-elementor-type=\"wp-page\" data-elementor-id=\"1553\" class=\"elementor elementor-1553 elementor-793\" data-elementor-post-type=\"page\">\n\t\t\t\t\t\t<section class=\"elementor-section elementor-top-section elementor-element elementor-element-df25370 elementor-section-boxed elementor-section-height-default elementor-section-height-default\" data-id=\"df25370\" data-element_type=\"section\" data-e-type=\"section\">\n\t\t\t\t\t\t<div class=\"elementor-container elementor-column-gap-default\">\n\t\t\t\t\t<div class=\"elementor-column elementor-col-25 elementor-top-column elementor-element elementor-element-10a8f14\" data-id=\"10a8f14\" data-element_type=\"column\" data-e-type=\"column\">\n\t\t\t<div class=\"elementor-widget-wrap\">\n\t\t\t\t\t\t\t<\/div>\n\t\t<\/div>\n\t\t\t\t<div class=\"elementor-column elementor-col-50 elementor-top-column elementor-element elementor-element-acdabca\" data-id=\"acdabca\" data-element_type=\"column\" data-e-type=\"column\">\n\t\t\t<div class=\"elementor-widget-wrap elementor-element-populated\">\n\t\t\t\t\t\t<div class=\"elementor-element elementor-element-bff0255 eael-team-align-centered elementor-widget elementor-widget-eael-team-member\" data-id=\"bff0255\" data-element_type=\"widget\" data-e-type=\"widget\" data-widget_type=\"eael-team-member.default\">\n\t\t\t\t<div class=\"elementor-widget-container\">\n\t\t\t\t\t\n\n\t<div id=\"eael-team-member-bff0255\" class=\"eael-team-item eael-team-members-simple \">\n\t\t<div class=\"eael-team-item-inner\">\n\t\t\t<div class=\"eael-team-image\">\n\t\t\t\t<figure>\n\t\t\t\t\t\t\t\t\t\t<img decoding=\"async\" src=\"https:\/\/nodig.fi\/wp-content\/uploads\/2021\/02\/solrosor.jpg\" alt=\"\">\n\t\t\t\t\t\t\t\t\t<\/figure>\n\t\t\t\t\n\t\t\t\t\n\t\t\t<\/div>\n\n\t\t\t<div class=\"eael-team-content\">\n\t\t\t\t<h2 class=\"eael-team-member-name\">J\u00e4senyydet<\/h2><h3 class=\"eael-team-member-position\"><\/h3>\n\t\t\t\t\t\t\t\t\t\t\t\t\t\t<p class=\"eael-team-text\"><a href=\"https:\/\/www.auratradgardsvanner.fi\" target=\"_blank\">Aura tr\u00e4dg\u00e5rdsv\u00e4nner<\/a>\r\n<\/br>\r\n<a href=\"https:\/\/hyotykasviyhdistys.fi\/\" target=\"_blank\">Hy\u00f6tykasviyhdistys<\/a>\r\n<\/br>\r\n<a href=\"https:\/\/maatiainen.fi\/\" target=\"_blank\">Maatiainen<\/a><\/p>\n\t\t\t\t\t\t\t<\/div>\n\t\t<\/div>\n\t<\/div>\n\t\t\t\t\t<\/div>\n\t\t\t\t<\/div>\n\t\t\t\t\t<\/div>\n\t\t<\/div>\n\t\t\t\t<div class=\"elementor-column elementor-col-25 elementor-top-column elementor-element elementor-element-bf7f2a9\" data-id=\"bf7f2a9\" data-element_type=\"column\" data-e-type=\"column\">\n\t\t\t<div class=\"elementor-widget-wrap\">\n\t\t\t\t\t\t\t<\/div>\n\t\t<\/div>\n\t\t\t\t\t<\/div>\n\t\t<\/section>\n\t\t\t\t<\/div>\n\t\t","protected":false},"excerpt":{"rendered":"<p>J\u00e4senyydet Aura tr\u00e4dg\u00e5rdsv\u00e4nner Hy\u00f6tykasviyhdistys Maatiainen<\/p>\n","protected":false},"author":1,"featured_media":0,"parent":0,"menu_order":0,"comment_status":"closed","ping_status":"closed","template":"","meta":{"inline_featured_image":false,"site-sidebar-layout":"no-sidebar","site-content-layout":"page-builder","ast-site-content-layout":"default","site-content-style":"default","site-sidebar-style":"default","ast-global-header-display":"","ast-banner-title-visibility":"","ast-main-header-display":"disabled","ast-hfb-above-header-display":"","ast-hfb-below-header-display":"","ast-hfb-mobile-header-display":"","site-post-title":"disabled","ast-breadcrumbs-content":"","ast-featured-img":"disabled","footer-sml-layout":"disabled","ast-disable-related-posts":"","theme-transparent-header-meta":"default","adv-header-id-meta":"","stick-header-meta":"","header-above-stick-meta":"","header-main-stick-meta":"","header-below-stick-meta":"","astra-migrate-meta-layouts":"default","ast-page-background-enabled":"default","ast-page-background-meta":{"desktop":{"background-color":"","background-image":"","background-repeat":"repeat","background-position":"center center","background-size":"auto","background-attachment":"scroll","background-type":"","background-media":"","overlay-type":"","overlay-color":"","overlay-opacity":"","overlay-gradient":""},"tablet":{"background-color":"","background-image":"","background-repeat":"repeat","background-position":"center center","background-size":"auto","background-attachment":"scroll","background-type":"","background-media":"","overlay-type":"","overlay-color":"","overlay-opacity":"","overlay-gradient":""},"mobile":{"background-color":"","background-image":"","background-repeat":"repeat","background-position":"center center","background-size":"auto","background-attachment":"scroll","background-type":"","background-media":"","overlay-type":"","overlay-color":"","overlay-opacity":"","overlay-gradient":""}},"ast-content-background-meta":{"desktop":{"background-color":"var(--ast-global-color-5)","background-image":"","background-repeat":"repeat","background-position":"center center","background-size":"auto","background-attachment":"scroll","background-type":"","background-media":"","overlay-type":"","overlay-color":"","overlay-opacity":"","overlay-gradient":""},"tablet":{"background-color":"var(--ast-global-color-5)","background-image":"","background-repeat":"repeat","background-position":"center center","background-size":"auto","background-attachment":"scroll","background-type":"","background-media":"","overlay-type":"","overlay-color":"","overlay-opacity":"","overlay-gradient":""},"mobile":{"background-color":"var(--ast-global-color-5)","background-image":"","background-repeat":"repeat","background-position":"center center","background-size":"auto","background-attachment":"scroll","background-type":"","background-media":"","overlay-type":"","overlay-color":"","overlay-opacity":"","overlay-gradient":""}},"footnotes":""},"class_list":["post-1553","page","type-page","status-publish","hentry"],"yoast_head":"<!-- This site is optimized with the Yoast SEO plugin v27.4 - https:\/\/yoast.com\/product\/yoast-seo-wordpress\/ -->\n<title>Medlemskap - Tallbacka No Dig Oy Ab<\/title>\n<meta name=\"robots\" content=\"index, follow, max-snippet:-1, max-image-preview:large, max-video-preview:-1\" \/>\n<link rel=\"canonical\" href=\"https:\/\/nodig.fi\/mskap\/\" \/>\n<meta property=\"og:locale\" content=\"fi_FI\" \/>\n<meta property=\"og:type\" content=\"article\" \/>\n<meta property=\"og:title\" content=\"Medlemskap - Tallbacka No Dig Oy Ab\" \/>\n<meta property=\"og:description\" content=\"J\u00e4senyydet Aura tr\u00e4dg\u00e5rdsv\u00e4nner Hy\u00f6tykasviyhdistys Maatiainen\" \/>\n<meta property=\"og:url\" content=\"https:\/\/nodig.fi\/mskap\/\" \/>\n<meta property=\"og:site_name\" content=\"Tallbacka No Dig Oy Ab\" \/>\n<meta property=\"article:publisher\" content=\"https:\/\/www.facebook.com\/TallbackaNoDig\/\" \/>\n<meta property=\"article:modified_time\" content=\"2024-02-28T19:16:15+00:00\" \/>\n<meta property=\"og:image\" content=\"https:\/\/nodig.fi\/wp-content\/uploads\/2021\/02\/solrosor.jpg\" \/>\n<meta name=\"twitter:card\" content=\"summary_large_image\" \/>\n<script type=\"application\/ld+json\" class=\"yoast-schema-graph\">{\"@context\":\"https:\\\/\\\/schema.org\",\"@graph\":[{\"@type\":\"WebPage\",\"@id\":\"https:\\\/\\\/nodig.fi\\\/mskap\\\/\",\"url\":\"https:\\\/\\\/nodig.fi\\\/mskap\\\/\",\"name\":\"Medlemskap - Tallbacka No Dig Oy Ab\",\"isPartOf\":{\"@id\":\"https:\\\/\\\/nodig.fi\\\/#website\"},\"primaryImageOfPage\":{\"@id\":\"https:\\\/\\\/nodig.fi\\\/mskap\\\/#primaryimage\"},\"image\":{\"@id\":\"https:\\\/\\\/nodig.fi\\\/mskap\\\/#primaryimage\"},\"thumbnailUrl\":\"https:\\\/\\\/nodig.fi\\\/wp-content\\\/uploads\\\/2021\\\/02\\\/solrosor.jpg\",\"datePublished\":\"2021-04-03T18:20:40+00:00\",\"dateModified\":\"2024-02-28T19:16:15+00:00\",\"breadcrumb\":{\"@id\":\"https:\\\/\\\/nodig.fi\\\/mskap\\\/#breadcrumb\"},\"inLanguage\":\"fi\",\"potentialAction\":[{\"@type\":\"ReadAction\",\"target\":[\"https:\\\/\\\/nodig.fi\\\/mskap\\\/\"]}]},{\"@type\":\"ImageObject\",\"inLanguage\":\"fi\",\"@id\":\"https:\\\/\\\/nodig.fi\\\/mskap\\\/#primaryimage\",\"url\":\"https:\\\/\\\/nodig.fi\\\/wp-content\\\/uploads\\\/2021\\\/02\\\/solrosor.jpg\",\"contentUrl\":\"https:\\\/\\\/nodig.fi\\\/wp-content\\\/uploads\\\/2021\\\/02\\\/solrosor.jpg\"},{\"@type\":\"BreadcrumbList\",\"@id\":\"https:\\\/\\\/nodig.fi\\\/mskap\\\/#breadcrumb\",\"itemListElement\":[{\"@type\":\"ListItem\",\"position\":1,\"name\":\"Hem\",\"item\":\"https:\\\/\\\/nodig.fi\\\/\"},{\"@type\":\"ListItem\",\"position\":2,\"name\":\"Medlemskap\"}]},{\"@type\":\"WebSite\",\"@id\":\"https:\\\/\\\/nodig.fi\\\/#website\",\"url\":\"https:\\\/\\\/nodig.fi\\\/\",\"name\":\"Nodig - Tallbacka Tr\u00e4dg\u00e5rd\",\"description\":\"\",\"publisher\":{\"@id\":\"https:\\\/\\\/nodig.fi\\\/#organization\"},\"potentialAction\":[{\"@type\":\"SearchAction\",\"target\":{\"@type\":\"EntryPoint\",\"urlTemplate\":\"https:\\\/\\\/nodig.fi\\\/?s={search_term_string}\"},\"query-input\":{\"@type\":\"PropertyValueSpecification\",\"valueRequired\":true,\"valueName\":\"search_term_string\"}}],\"inLanguage\":\"fi\"},{\"@type\":\"Organization\",\"@id\":\"https:\\\/\\\/nodig.fi\\\/#organization\",\"name\":\"Tallbacka No Dig Oy Ab\",\"url\":\"https:\\\/\\\/nodig.fi\\\/\",\"logo\":{\"@type\":\"ImageObject\",\"inLanguage\":\"fi\",\"@id\":\"https:\\\/\\\/nodig.fi\\\/#\\\/schema\\\/logo\\\/image\\\/\",\"url\":\"https:\\\/\\\/nodig.fi\\\/wp-content\\\/uploads\\\/2024\\\/02\\\/no_dig.png\",\"contentUrl\":\"https:\\\/\\\/nodig.fi\\\/wp-content\\\/uploads\\\/2024\\\/02\\\/no_dig.png\",\"width\":814,\"height\":814,\"caption\":\"Tallbacka No Dig Oy Ab\"},\"image\":{\"@id\":\"https:\\\/\\\/nodig.fi\\\/#\\\/schema\\\/logo\\\/image\\\/\"},\"sameAs\":[\"https:\\\/\\\/www.facebook.com\\\/TallbackaNoDig\\\/\"]}]}<\/script>\n<!-- \/ Yoast SEO plugin. -->","yoast_head_json":{"title":"Medlemskap - Tallbacka No Dig Oy Ab","robots":{"index":"index","follow":"follow","max-snippet":"max-snippet:-1","max-image-preview":"max-image-preview:large","max-video-preview":"max-video-preview:-1"},"canonical":"https:\/\/nodig.fi\/mskap\/","og_locale":"fi_FI","og_type":"article","og_title":"Medlemskap - Tallbacka No Dig Oy Ab","og_description":"J\u00e4senyydet Aura tr\u00e4dg\u00e5rdsv\u00e4nner Hy\u00f6tykasviyhdistys Maatiainen","og_url":"https:\/\/nodig.fi\/mskap\/","og_site_name":"Tallbacka No Dig Oy Ab","article_publisher":"https:\/\/www.facebook.com\/TallbackaNoDig\/","article_modified_time":"2024-02-28T19:16:15+00:00","og_image":[{"url":"https:\/\/nodig.fi\/wp-content\/uploads\/2021\/02\/solrosor.jpg","type":"","width":"","height":""}],"twitter_card":"summary_large_image","schema":{"@context":"https:\/\/schema.org","@graph":[{"@type":"WebPage","@id":"https:\/\/nodig.fi\/mskap\/","url":"https:\/\/nodig.fi\/mskap\/","name":"Medlemskap - Tallbacka No Dig Oy Ab","isPartOf":{"@id":"https:\/\/nodig.fi\/#website"},"primaryImageOfPage":{"@id":"https:\/\/nodig.fi\/mskap\/#primaryimage"},"image":{"@id":"https:\/\/nodig.fi\/mskap\/#primaryimage"},"thumbnailUrl":"https:\/\/nodig.fi\/wp-content\/uploads\/2021\/02\/solrosor.jpg","datePublished":"2021-04-03T18:20:40+00:00","dateModified":"2024-02-28T19:16:15+00:00","breadcrumb":{"@id":"https:\/\/nodig.fi\/mskap\/#breadcrumb"},"inLanguage":"fi","potentialAction":[{"@type":"ReadAction","target":["https:\/\/nodig.fi\/mskap\/"]}]},{"@type":"ImageObject","inLanguage":"fi","@id":"https:\/\/nodig.fi\/mskap\/#primaryimage","url":"https:\/\/nodig.fi\/wp-content\/uploads\/2021\/02\/solrosor.jpg","contentUrl":"https:\/\/nodig.fi\/wp-content\/uploads\/2021\/02\/solrosor.jpg"},{"@type":"BreadcrumbList","@id":"https:\/\/nodig.fi\/mskap\/#breadcrumb","itemListElement":[{"@type":"ListItem","position":1,"name":"Hem","item":"https:\/\/nodig.fi\/"},{"@type":"ListItem","position":2,"name":"Medlemskap"}]},{"@type":"WebSite","@id":"https:\/\/nodig.fi\/#website","url":"https:\/\/nodig.fi\/","name":"Nodig - Tallbacka Tr\u00e4dg\u00e5rd","description":"","publisher":{"@id":"https:\/\/nodig.fi\/#organization"},"potentialAction":[{"@type":"SearchAction","target":{"@type":"EntryPoint","urlTemplate":"https:\/\/nodig.fi\/?s={search_term_string}"},"query-input":{"@type":"PropertyValueSpecification","valueRequired":true,"valueName":"search_term_string"}}],"inLanguage":"fi"},{"@type":"Organization","@id":"https:\/\/nodig.fi\/#organization","name":"Tallbacka No Dig Oy Ab","url":"https:\/\/nodig.fi\/","logo":{"@type":"ImageObject","inLanguage":"fi","@id":"https:\/\/nodig.fi\/#\/schema\/logo\/image\/","url":"https:\/\/nodig.fi\/wp-content\/uploads\/2024\/02\/no_dig.png","contentUrl":"https:\/\/nodig.fi\/wp-content\/uploads\/2024\/02\/no_dig.png","width":814,"height":814,"caption":"Tallbacka No Dig Oy Ab"},"image":{"@id":"https:\/\/nodig.fi\/#\/schema\/logo\/image\/"},"sameAs":["https:\/\/www.facebook.com\/TallbackaNoDig\/"]}]}},"_links":{"self":[{"href":"https:\/\/nodig.fi\/fi\/wp-json\/wp\/v2\/pages\/1553","targetHints":{"allow":["GET"]}}],"collection":[{"href":"https:\/\/nodig.fi\/fi\/wp-json\/wp\/v2\/pages"}],"about":[{"href":"https:\/\/nodig.fi\/fi\/wp-json\/wp\/v2\/types\/page"}],"author":[{"embeddable":true,"href":"https:\/\/nodig.fi\/fi\/wp-json\/wp\/v2\/users\/1"}],"replies":[{"embeddable":true,"href":"https:\/\/nodig.fi\/fi\/wp-json\/wp\/v2\/comments?post=1553"}],"version-history":[{"count":3,"href":"https:\/\/nodig.fi\/fi\/wp-json\/wp\/v2\/pages\/1553\/revisions"}],"predecessor-version":[{"id":3162,"href":"https:\/\/nodig.fi\/fi\/wp-json\/wp\/v2\/pages\/1553\/revisions\/3162"}],"wp:attachment":[{"href":"https:\/\/nodig.fi\/fi\/wp-json\/wp\/v2\/media?parent=1553"}],"curies":[{"name":"wp","href":"https:\/\/api.w.org\/{rel}","templated":true}]}}