{"id":1294,"date":"2021-03-05T18:04:13","date_gmt":"2021-03-05T18:04:13","guid":{"rendered":"https:\/\/nodig.fi\/teet\/"},"modified":"2024-02-29T17:46:25","modified_gmt":"2024-02-29T17:46:25","slug":"teet","status":"publish","type":"page","link":"https:\/\/nodig.fi\/fi\/teet\/","title":{"rendered":"Teet"},"content":{"rendered":"\t\t<div data-elementor-type=\"wp-page\" data-elementor-id=\"1294\" class=\"elementor elementor-1294 elementor-1238\" data-elementor-post-type=\"page\">\n\t\t\t\t\t\t<section class=\"elementor-section elementor-top-section elementor-element elementor-element-481cf20 elementor-section-boxed elementor-section-height-default elementor-section-height-default\" data-id=\"481cf20\" data-element_type=\"section\" data-e-type=\"section\">\n\t\t\t\t\t\t<div class=\"elementor-container elementor-column-gap-default\">\n\t\t\t\t\t<div class=\"elementor-column elementor-col-100 elementor-top-column elementor-element elementor-element-1cff1e7\" data-id=\"1cff1e7\" data-element_type=\"column\" data-e-type=\"column\">\n\t\t\t<div class=\"elementor-widget-wrap elementor-element-populated\">\n\t\t\t\t\t\t<div class=\"elementor-element elementor-element-c666498 elementor-widget elementor-widget-heading\" data-id=\"c666498\" data-element_type=\"widget\" data-e-type=\"widget\" data-widget_type=\"heading.default\">\n\t\t\t\t<div class=\"elementor-widget-container\">\n\t\t\t\t\t<h2 class=\"elementor-heading-title elementor-size-default\">Yrttihaudukkeet<\/h2>\t\t\t\t<\/div>\n\t\t\t\t<\/div>\n\t\t\t\t\t<\/div>\n\t\t<\/div>\n\t\t\t\t\t<\/div>\n\t\t<\/section>\n\t\t\t\t<section class=\"elementor-section elementor-top-section elementor-element elementor-element-8dffdcf elementor-section-boxed elementor-section-height-default elementor-section-height-default\" data-id=\"8dffdcf\" data-element_type=\"section\" data-e-type=\"section\">\n\t\t\t\t\t\t<div class=\"elementor-container elementor-column-gap-default\">\n\t\t\t\t\t<div class=\"elementor-column elementor-col-33 elementor-top-column elementor-element elementor-element-335a7cd\" data-id=\"335a7cd\" data-element_type=\"column\" data-e-type=\"column\">\n\t\t\t<div class=\"elementor-widget-wrap\">\n\t\t\t\t\t\t\t<\/div>\n\t\t<\/div>\n\t\t\t\t<div class=\"elementor-column elementor-col-33 elementor-top-column elementor-element elementor-element-20e4153\" data-id=\"20e4153\" data-element_type=\"column\" data-e-type=\"column\">\n\t\t\t<div class=\"elementor-widget-wrap elementor-element-populated\">\n\t\t\t\t\t\t<div class=\"elementor-element elementor-element-f6968cf elementor-widget elementor-widget-text-editor\" data-id=\"f6968cf\" data-element_type=\"widget\" data-e-type=\"widget\" data-widget_type=\"text-editor.default\">\n\t\t\t\t<div class=\"elementor-widget-container\">\n\t\t\t\t\t\t\t\t\t<p lang=\"fi-FI\">Olen kymmeni\u00e4 vuosia kes\u00e4isin ker\u00e4illyt luonnonkasveja teehaudukkeeksi, joskus kuivannutkin. Kun sitten puutarhakoulun my\u00f6t\u00e4 innostuin yrteist\u00e4 ja rakensin ensimm\u00e4isi\u00e4 pikkuisia yrttipenkkej\u00e4, s\u00e4ilyi t\u00e4m\u00e4 t\u00e4rkeimp\u00e4n\u00e4 k\u00e4ytt\u00f6tapana. Vuosien my\u00f6t\u00e4 vaatimustaso on noussut: raaka-aineen puhtaus, viljelt\u00e4vyys, kulttuurihistoria, valmiin juoman maku, tuoksu ja v\u00e4ri, jopa yrtteihin liitetyt mielikuvat ovat t\u00e4rkeit\u00e4.<\/p>\n<p lang=\"fi-FI\">Vuodenvaihteessa 2019\/2020 aloimme rakentaa Teetornia, rakennelmaa, jossa halusimme testata mielenkiintoisia ja lupaavia teeyrttej\u00e4.<\/p>\n<p lang=\"fi-FI\"><img fetchpriority=\"high\" decoding=\"async\" class=\"aligncenter wp-image-1193 size-full\" src=\"https:\/\/nodig.fi\/wp-content\/uploads\/2021\/03\/atbart1.jpg\" alt=\"\" width=\"1000\" height=\"750\" srcset=\"https:\/\/nodig.fi\/wp-content\/uploads\/2021\/03\/atbart1.jpg 1000w, https:\/\/nodig.fi\/wp-content\/uploads\/2021\/03\/atbart1-300x225.jpg 300w, https:\/\/nodig.fi\/wp-content\/uploads\/2021\/03\/atbart1-768x576.jpg 768w\" sizes=\"(max-width: 1000px) 100vw, 1000px\" \/><\/p>\n<p lang=\"fi-FI\">Viljelyteknisesti teimme virheit\u00e4 ja pinta-ala oli kovin pieni, mutta tarkoituskin oli kokeilla. Teimme tuttavuutta moneen entuudestaan outoon yrttiin, esimerkiksi Valkohurtanmittuun ja Huiskuvuoriminttuun. Ennen kes\u00e4n Olavinjuhlaa laadimme kolme ehdokasta koemaisteluun: iltateeksi ajateltu SKYMNINGEN, makean s\u00f6p\u00f6 S\u00d6TNOS ja voimia palauttava REHAB JO JO. Tulos osoittautui melko tasaiseksi, kaikille laaduille l\u00f6ytyi puoltajia. Syksyn mittaan teimme v\u00e4h\u00e4n muutoksia ja jouluna uusiakin viritelmi\u00e4, mutta uuteen kauteen l\u00e4hdet\u00e4\u00e4n paljon selke\u00e4mm\u00e4st\u00e4 tilanteesta. Salvian, kyntelin ja piparmintun viljelyalaa kasvatetaan merkitt\u00e4v\u00e4sti ja keh\u00e4kukka, humala ja malvat s\u00e4ilytt\u00e4v\u00e4t t\u00e4rke\u00e4n roolinsa.<\/p>\n<p lang=\"fi-FI\">Yrttihaudukkeesta tuskin tulee p\u00e4\u00e4tuotettamme, niin ty\u00f6l\u00e4s se on, mutta haluamme ehdottomasti jatkaa Tallbackanallen juoman kehittely\u00e4.<\/p>\n<p lang=\"fi-FI\"><img decoding=\"async\" class=\"aligncenter wp-image-1190 size-full\" src=\"https:\/\/nodig.fi\/wp-content\/uploads\/2021\/03\/atbart2.jpg\" alt=\"\" width=\"1000\" height=\"750\" srcset=\"https:\/\/nodig.fi\/wp-content\/uploads\/2021\/03\/atbart2.jpg 1000w, https:\/\/nodig.fi\/wp-content\/uploads\/2021\/03\/atbart2-300x225.jpg 300w, https:\/\/nodig.fi\/wp-content\/uploads\/2021\/03\/atbart2-768x576.jpg 768w\" sizes=\"(max-width: 1000px) 100vw, 1000px\" \/><\/p>\n\t\t\t\t\t\t\t\t<\/div>\n\t\t\t\t<\/div>\n\t\t\t\t\t<\/div>\n\t\t<\/div>\n\t\t\t\t<div class=\"elementor-column elementor-col-33 elementor-top-column elementor-element elementor-element-81f0f1a\" data-id=\"81f0f1a\" data-element_type=\"column\" data-e-type=\"column\">\n\t\t\t<div class=\"elementor-widget-wrap\">\n\t\t\t\t\t\t\t<\/div>\n\t\t<\/div>\n\t\t\t\t\t<\/div>\n\t\t<\/section>\n\t\t\t\t<\/div>\n\t\t","protected":false},"excerpt":{"rendered":"<p>Yrttihaudukkeet Olen kymmeni\u00e4 vuosia kes\u00e4isin ker\u00e4illyt luonnonkasveja teehaudukkeeksi, joskus kuivannutkin. Kun sitten puutarhakoulun my\u00f6t\u00e4 innostuin yrteist\u00e4 ja rakensin ensimm\u00e4isi\u00e4 pikkuisia yrttipenkkej\u00e4, s\u00e4ilyi t\u00e4m\u00e4 t\u00e4rkeimp\u00e4n\u00e4 k\u00e4ytt\u00f6tapana. Vuosien my\u00f6t\u00e4 vaatimustaso on noussut: raaka-aineen puhtaus, viljelt\u00e4vyys, kulttuurihistoria, valmiin juoman maku, tuoksu ja v\u00e4ri, jopa yrtteihin liitetyt mielikuvat ovat t\u00e4rkeit\u00e4. Vuodenvaihteessa 2019\/2020 aloimme rakentaa Teetornia, rakennelmaa, jossa halusimme testata [&hellip;]<\/p>\n","protected":false},"author":1,"featured_media":0,"parent":0,"menu_order":0,"comment_status":"closed","ping_status":"closed","template":"elementor_header_footer","meta":{"inline_featured_image":false,"site-sidebar-layout":"no-sidebar","site-content-layout":"page-builder","ast-site-content-layout":"default","site-content-style":"default","site-sidebar-style":"default","ast-global-header-display":"","ast-banner-title-visibility":"","ast-main-header-display":"","ast-hfb-above-header-display":"","ast-hfb-below-header-display":"","ast-hfb-mobile-header-display":"","site-post-title":"disabled","ast-breadcrumbs-content":"","ast-featured-img":"disabled","footer-sml-layout":"","ast-disable-related-posts":"","theme-transparent-header-meta":"default","adv-header-id-meta":"","stick-header-meta":"","header-above-stick-meta":"","header-main-stick-meta":"","header-below-stick-meta":"","astra-migrate-meta-layouts":"default","ast-page-background-enabled":"default","ast-page-background-meta":{"desktop":{"background-color":"","background-image":"","background-repeat":"repeat","background-position":"center center","background-size":"auto","background-attachment":"scroll","background-type":"","background-media":"","overlay-type":"","overlay-color":"","overlay-opacity":"","overlay-gradient":""},"tablet":{"background-color":"","background-image":"","background-repeat":"repeat","background-position":"center center","background-size":"auto","background-attachment":"scroll","background-type":"","background-media":"","overlay-type":"","overlay-color":"","overlay-opacity":"","overlay-gradient":""},"mobile":{"background-color":"","background-image":"","background-repeat":"repeat","background-position":"center center","background-size":"auto","background-attachment":"scroll","background-type":"","background-media":"","overlay-type":"","overlay-color":"","overlay-opacity":"","overlay-gradient":""}},"ast-content-background-meta":{"desktop":{"background-color":"var(--ast-global-color-5)","background-image":"","background-repeat":"repeat","background-position":"center center","background-size":"auto","background-attachment":"scroll","background-type":"","background-media":"","overlay-type":"","overlay-color":"","overlay-opacity":"","overlay-gradient":""},"tablet":{"background-color":"var(--ast-global-color-5)","background-image":"","background-repeat":"repeat","background-position":"center center","background-size":"auto","background-attachment":"scroll","background-type":"","background-media":"","overlay-type":"","overlay-color":"","overlay-opacity":"","overlay-gradient":""},"mobile":{"background-color":"var(--ast-global-color-5)","background-image":"","background-repeat":"repeat","background-position":"center center","background-size":"auto","background-attachment":"scroll","background-type":"","background-media":"","overlay-type":"","overlay-color":"","overlay-opacity":"","overlay-gradient":""}},"footnotes":""},"class_list":["post-1294","page","type-page","status-publish","hentry"],"yoast_head":"<!-- This site is optimized with the Yoast SEO plugin v27.5 - https:\/\/yoast.com\/product\/yoast-seo-wordpress\/ -->\n<title>Teet - Tallbacka No Dig Oy Ab<\/title>\n<meta name=\"robots\" content=\"index, follow, max-snippet:-1, max-image-preview:large, max-video-preview:-1\" \/>\n<link rel=\"canonical\" href=\"https:\/\/nodig.fi\/teet\/\" \/>\n<meta property=\"og:locale\" content=\"fi_FI\" \/>\n<meta property=\"og:type\" content=\"article\" \/>\n<meta property=\"og:title\" content=\"Teet - Tallbacka No Dig Oy Ab\" \/>\n<meta property=\"og:description\" content=\"Yrttihaudukkeet Olen kymmeni\u00e4 vuosia kes\u00e4isin ker\u00e4illyt luonnonkasveja teehaudukkeeksi, joskus kuivannutkin. Kun sitten puutarhakoulun my\u00f6t\u00e4 innostuin yrteist\u00e4 ja rakensin ensimm\u00e4isi\u00e4 pikkuisia yrttipenkkej\u00e4, s\u00e4ilyi t\u00e4m\u00e4 t\u00e4rkeimp\u00e4n\u00e4 k\u00e4ytt\u00f6tapana. Vuosien my\u00f6t\u00e4 vaatimustaso on noussut: raaka-aineen puhtaus, viljelt\u00e4vyys, kulttuurihistoria, valmiin juoman maku, tuoksu ja v\u00e4ri, jopa yrtteihin liitetyt mielikuvat ovat t\u00e4rkeit\u00e4. Vuodenvaihteessa 2019\/2020 aloimme rakentaa Teetornia, rakennelmaa, jossa halusimme testata [&hellip;]\" \/>\n<meta property=\"og:url\" content=\"https:\/\/nodig.fi\/teet\/\" \/>\n<meta property=\"og:site_name\" content=\"Tallbacka No Dig Oy Ab\" \/>\n<meta property=\"article:publisher\" content=\"https:\/\/www.facebook.com\/TallbackaNoDig\/\" \/>\n<meta property=\"article:modified_time\" content=\"2024-02-29T17:46:25+00:00\" \/>\n<meta property=\"og:image\" content=\"https:\/\/nodig.fi\/wp-content\/uploads\/2021\/03\/atbart1.jpg\" \/>\n<meta name=\"twitter:card\" content=\"summary_large_image\" \/>\n<meta name=\"twitter:label1\" content=\"Arvioitu lukuaika\" \/>\n\t<meta name=\"twitter:data1\" content=\"1 minuutti\" \/>\n<script type=\"application\/ld+json\" class=\"yoast-schema-graph\">{\"@context\":\"https:\\\/\\\/schema.org\",\"@graph\":[{\"@type\":\"WebPage\",\"@id\":\"https:\\\/\\\/nodig.fi\\\/teet\\\/\",\"url\":\"https:\\\/\\\/nodig.fi\\\/teet\\\/\",\"name\":\"Teet - Tallbacka No Dig Oy Ab\",\"isPartOf\":{\"@id\":\"https:\\\/\\\/nodig.fi\\\/#website\"},\"primaryImageOfPage\":{\"@id\":\"https:\\\/\\\/nodig.fi\\\/teet\\\/#primaryimage\"},\"image\":{\"@id\":\"https:\\\/\\\/nodig.fi\\\/teet\\\/#primaryimage\"},\"thumbnailUrl\":\"https:\\\/\\\/nodig.fi\\\/wp-content\\\/uploads\\\/2021\\\/03\\\/atbart1.jpg\",\"datePublished\":\"2021-03-05T18:04:13+00:00\",\"dateModified\":\"2024-02-29T17:46:25+00:00\",\"breadcrumb\":{\"@id\":\"https:\\\/\\\/nodig.fi\\\/teet\\\/#breadcrumb\"},\"inLanguage\":\"fi\",\"potentialAction\":[{\"@type\":\"ReadAction\",\"target\":[\"https:\\\/\\\/nodig.fi\\\/teet\\\/\"]}]},{\"@type\":\"ImageObject\",\"inLanguage\":\"fi\",\"@id\":\"https:\\\/\\\/nodig.fi\\\/teet\\\/#primaryimage\",\"url\":\"https:\\\/\\\/nodig.fi\\\/wp-content\\\/uploads\\\/2021\\\/03\\\/atbart1.jpg\",\"contentUrl\":\"https:\\\/\\\/nodig.fi\\\/wp-content\\\/uploads\\\/2021\\\/03\\\/atbart1.jpg\"},{\"@type\":\"BreadcrumbList\",\"@id\":\"https:\\\/\\\/nodig.fi\\\/teet\\\/#breadcrumb\",\"itemListElement\":[{\"@type\":\"ListItem\",\"position\":1,\"name\":\"Hem\",\"item\":\"https:\\\/\\\/nodig.fi\\\/\"},{\"@type\":\"ListItem\",\"position\":2,\"name\":\"Teet\"}]},{\"@type\":\"WebSite\",\"@id\":\"https:\\\/\\\/nodig.fi\\\/#website\",\"url\":\"https:\\\/\\\/nodig.fi\\\/\",\"name\":\"Nodig - Tallbacka Tr\u00e4dg\u00e5rd\",\"description\":\"\",\"publisher\":{\"@id\":\"https:\\\/\\\/nodig.fi\\\/#organization\"},\"potentialAction\":[{\"@type\":\"SearchAction\",\"target\":{\"@type\":\"EntryPoint\",\"urlTemplate\":\"https:\\\/\\\/nodig.fi\\\/?s={search_term_string}\"},\"query-input\":{\"@type\":\"PropertyValueSpecification\",\"valueRequired\":true,\"valueName\":\"search_term_string\"}}],\"inLanguage\":\"fi\"},{\"@type\":\"Organization\",\"@id\":\"https:\\\/\\\/nodig.fi\\\/#organization\",\"name\":\"Tallbacka No Dig Oy Ab\",\"url\":\"https:\\\/\\\/nodig.fi\\\/\",\"logo\":{\"@type\":\"ImageObject\",\"inLanguage\":\"fi\",\"@id\":\"https:\\\/\\\/nodig.fi\\\/#\\\/schema\\\/logo\\\/image\\\/\",\"url\":\"https:\\\/\\\/nodig.fi\\\/wp-content\\\/uploads\\\/2024\\\/02\\\/no_dig.png\",\"contentUrl\":\"https:\\\/\\\/nodig.fi\\\/wp-content\\\/uploads\\\/2024\\\/02\\\/no_dig.png\",\"width\":814,\"height\":814,\"caption\":\"Tallbacka No Dig Oy Ab\"},\"image\":{\"@id\":\"https:\\\/\\\/nodig.fi\\\/#\\\/schema\\\/logo\\\/image\\\/\"},\"sameAs\":[\"https:\\\/\\\/www.facebook.com\\\/TallbackaNoDig\\\/\"]}]}<\/script>\n<!-- \/ Yoast SEO plugin. -->","yoast_head_json":{"title":"Teet - Tallbacka No Dig Oy Ab","robots":{"index":"index","follow":"follow","max-snippet":"max-snippet:-1","max-image-preview":"max-image-preview:large","max-video-preview":"max-video-preview:-1"},"canonical":"https:\/\/nodig.fi\/teet\/","og_locale":"fi_FI","og_type":"article","og_title":"Teet - Tallbacka No Dig Oy Ab","og_description":"Yrttihaudukkeet Olen kymmeni\u00e4 vuosia kes\u00e4isin ker\u00e4illyt luonnonkasveja teehaudukkeeksi, joskus kuivannutkin. Kun sitten puutarhakoulun my\u00f6t\u00e4 innostuin yrteist\u00e4 ja rakensin ensimm\u00e4isi\u00e4 pikkuisia yrttipenkkej\u00e4, s\u00e4ilyi t\u00e4m\u00e4 t\u00e4rkeimp\u00e4n\u00e4 k\u00e4ytt\u00f6tapana. Vuosien my\u00f6t\u00e4 vaatimustaso on noussut: raaka-aineen puhtaus, viljelt\u00e4vyys, kulttuurihistoria, valmiin juoman maku, tuoksu ja v\u00e4ri, jopa yrtteihin liitetyt mielikuvat ovat t\u00e4rkeit\u00e4. Vuodenvaihteessa 2019\/2020 aloimme rakentaa Teetornia, rakennelmaa, jossa halusimme testata [&hellip;]","og_url":"https:\/\/nodig.fi\/teet\/","og_site_name":"Tallbacka No Dig Oy Ab","article_publisher":"https:\/\/www.facebook.com\/TallbackaNoDig\/","article_modified_time":"2024-02-29T17:46:25+00:00","og_image":[{"url":"https:\/\/nodig.fi\/wp-content\/uploads\/2021\/03\/atbart1.jpg","type":"","width":"","height":""}],"twitter_card":"summary_large_image","twitter_misc":{"Arvioitu lukuaika":"1 minuutti"},"schema":{"@context":"https:\/\/schema.org","@graph":[{"@type":"WebPage","@id":"https:\/\/nodig.fi\/teet\/","url":"https:\/\/nodig.fi\/teet\/","name":"Teet - Tallbacka No Dig Oy Ab","isPartOf":{"@id":"https:\/\/nodig.fi\/#website"},"primaryImageOfPage":{"@id":"https:\/\/nodig.fi\/teet\/#primaryimage"},"image":{"@id":"https:\/\/nodig.fi\/teet\/#primaryimage"},"thumbnailUrl":"https:\/\/nodig.fi\/wp-content\/uploads\/2021\/03\/atbart1.jpg","datePublished":"2021-03-05T18:04:13+00:00","dateModified":"2024-02-29T17:46:25+00:00","breadcrumb":{"@id":"https:\/\/nodig.fi\/teet\/#breadcrumb"},"inLanguage":"fi","potentialAction":[{"@type":"ReadAction","target":["https:\/\/nodig.fi\/teet\/"]}]},{"@type":"ImageObject","inLanguage":"fi","@id":"https:\/\/nodig.fi\/teet\/#primaryimage","url":"https:\/\/nodig.fi\/wp-content\/uploads\/2021\/03\/atbart1.jpg","contentUrl":"https:\/\/nodig.fi\/wp-content\/uploads\/2021\/03\/atbart1.jpg"},{"@type":"BreadcrumbList","@id":"https:\/\/nodig.fi\/teet\/#breadcrumb","itemListElement":[{"@type":"ListItem","position":1,"name":"Hem","item":"https:\/\/nodig.fi\/"},{"@type":"ListItem","position":2,"name":"Teet"}]},{"@type":"WebSite","@id":"https:\/\/nodig.fi\/#website","url":"https:\/\/nodig.fi\/","name":"Nodig - Tallbacka Tr\u00e4dg\u00e5rd","description":"","publisher":{"@id":"https:\/\/nodig.fi\/#organization"},"potentialAction":[{"@type":"SearchAction","target":{"@type":"EntryPoint","urlTemplate":"https:\/\/nodig.fi\/?s={search_term_string}"},"query-input":{"@type":"PropertyValueSpecification","valueRequired":true,"valueName":"search_term_string"}}],"inLanguage":"fi"},{"@type":"Organization","@id":"https:\/\/nodig.fi\/#organization","name":"Tallbacka No Dig Oy Ab","url":"https:\/\/nodig.fi\/","logo":{"@type":"ImageObject","inLanguage":"fi","@id":"https:\/\/nodig.fi\/#\/schema\/logo\/image\/","url":"https:\/\/nodig.fi\/wp-content\/uploads\/2024\/02\/no_dig.png","contentUrl":"https:\/\/nodig.fi\/wp-content\/uploads\/2024\/02\/no_dig.png","width":814,"height":814,"caption":"Tallbacka No Dig Oy Ab"},"image":{"@id":"https:\/\/nodig.fi\/#\/schema\/logo\/image\/"},"sameAs":["https:\/\/www.facebook.com\/TallbackaNoDig\/"]}]}},"_links":{"self":[{"href":"https:\/\/nodig.fi\/fi\/wp-json\/wp\/v2\/pages\/1294","targetHints":{"allow":["GET"]}}],"collection":[{"href":"https:\/\/nodig.fi\/fi\/wp-json\/wp\/v2\/pages"}],"about":[{"href":"https:\/\/nodig.fi\/fi\/wp-json\/wp\/v2\/types\/page"}],"author":[{"embeddable":true,"href":"https:\/\/nodig.fi\/fi\/wp-json\/wp\/v2\/users\/1"}],"replies":[{"embeddable":true,"href":"https:\/\/nodig.fi\/fi\/wp-json\/wp\/v2\/comments?post=1294"}],"version-history":[{"count":2,"href":"https:\/\/nodig.fi\/fi\/wp-json\/wp\/v2\/pages\/1294\/revisions"}],"predecessor-version":[{"id":1550,"href":"https:\/\/nodig.fi\/fi\/wp-json\/wp\/v2\/pages\/1294\/revisions\/1550"}],"wp:attachment":[{"href":"https:\/\/nodig.fi\/fi\/wp-json\/wp\/v2\/media?parent=1294"}],"curies":[{"name":"wp","href":"https:\/\/api.w.org\/{rel}","templated":true}]}}