{"id":1291,"date":"2021-03-05T18:03:27","date_gmt":"2021-03-05T18:03:27","guid":{"rendered":"https:\/\/nodig.fi\/kateviljelya\/"},"modified":"2024-02-29T17:22:00","modified_gmt":"2024-02-29T17:22:00","slug":"kateviljelya","status":"publish","type":"page","link":"https:\/\/nodig.fi\/fi\/kateviljelya\/","title":{"rendered":"Kateviljely\u00e4"},"content":{"rendered":"\t\t<div data-elementor-type=\"wp-page\" data-elementor-id=\"1291\" class=\"elementor elementor-1291 elementor-1155\" data-elementor-post-type=\"page\">\n\t\t\t\t\t\t<section class=\"elementor-section elementor-top-section elementor-element elementor-element-ff33e7a elementor-section-boxed elementor-section-height-default elementor-section-height-default\" data-id=\"ff33e7a\" data-element_type=\"section\" data-e-type=\"section\">\n\t\t\t\t\t\t<div class=\"elementor-container elementor-column-gap-default\">\n\t\t\t\t\t<div class=\"elementor-column elementor-col-100 elementor-top-column elementor-element elementor-element-25e56fa\" data-id=\"25e56fa\" data-element_type=\"column\" data-e-type=\"column\">\n\t\t\t<div class=\"elementor-widget-wrap elementor-element-populated\">\n\t\t\t\t\t\t<div class=\"elementor-element elementor-element-fceea15 elementor-widget elementor-widget-heading\" data-id=\"fceea15\" data-element_type=\"widget\" data-e-type=\"widget\" data-widget_type=\"heading.default\">\n\t\t\t\t<div class=\"elementor-widget-container\">\n\t\t\t\t\t<h2 class=\"elementor-heading-title elementor-size-default\">KATEVILJELY\u00c4 KOHTI<\/h2>\t\t\t\t<\/div>\n\t\t\t\t<\/div>\n\t\t\t\t\t<\/div>\n\t\t<\/div>\n\t\t\t\t\t<\/div>\n\t\t<\/section>\n\t\t\t\t<section class=\"elementor-section elementor-top-section elementor-element elementor-element-e1ebbf7 elementor-section-boxed elementor-section-height-default elementor-section-height-default\" data-id=\"e1ebbf7\" data-element_type=\"section\" data-e-type=\"section\">\n\t\t\t\t\t\t<div class=\"elementor-container elementor-column-gap-default\">\n\t\t\t\t\t<div class=\"elementor-column elementor-col-33 elementor-top-column elementor-element elementor-element-fc6eeb2\" data-id=\"fc6eeb2\" data-element_type=\"column\" data-e-type=\"column\">\n\t\t\t<div class=\"elementor-widget-wrap\">\n\t\t\t\t\t\t\t<\/div>\n\t\t<\/div>\n\t\t\t\t<div class=\"elementor-column elementor-col-33 elementor-top-column elementor-element elementor-element-56af12a\" data-id=\"56af12a\" data-element_type=\"column\" data-e-type=\"column\">\n\t\t\t<div class=\"elementor-widget-wrap elementor-element-populated\">\n\t\t\t\t\t\t<div class=\"elementor-element elementor-element-6dcf3c7 elementor-widget elementor-widget-text-editor\" data-id=\"6dcf3c7\" data-element_type=\"widget\" data-e-type=\"widget\" data-widget_type=\"text-editor.default\">\n\t\t\t\t<div class=\"elementor-widget-container\">\n\t\t\t\t\t\t\t\t\t<p>Kun aloittelimme marjanviljely\u00e4, oli minulla kova kiire ja h\u00e4t\u00e4 saada hankittua puuhaketta pensaiden juurelle. Tiesin kokemuksesta, ett\u00e4 kev\u00e4\u00e4ll\u00e4 istutetut taimet joutuvat koville kes\u00e4n kuivuudessa. Samoin monivuotiset rikkaruohot, varsinkin juolavehn\u00e4 valtaa nopeasti takaisin paljasta maata. Tiesin toki, ett\u00e4 puuhakkeen k\u00e4yt\u00f6st\u00e4 oltiin montaa mielt\u00e4 ja sekapuuhakkeen sanottiin verottavan maan ravinnetasoja ja havupuitten sis\u00e4lt\u00e4mien terpeenien haittaavan kasvua. Olen kuitenkin sit\u00e4 mielt\u00e4, ett\u00e4 paksu hakekerros pelasti uudet pensaamme ja puumme &#8211; tryffelitarha olisi tarvinnut viel\u00e4 paljon enemm\u00e4nkin suojaa.<\/p>\n<p>Ensimm\u00e4inen mansikkamaamme vuonna 2017 sai kohopenkit ja muovikuitukatteen. Valmiiksi ruudutettu \u201dkangas\u201d on k\u00e4tev\u00e4 istuttaessa ja pit\u00e4\u00e4 rikkaruohot hyvin melko hyvin poissa. Marjat s\u00e4ilyv\u00e4t puhtaina. Kun viime vuosi osoitti, ett\u00e4 mansikkamaa on uudistettava, olin kiitollinen my\u00f6s siit\u00e4 ett\u00e4 katekankaan saa yhten\u00e4 kappaleena pois &#8211; suuri etu tavalliseen mansikkamuoviin verrattuna. Silti p\u00e4\u00e4tin, ettei uusia taimia istuteta en\u00e4\u00e4 muoviin vaan ne saavat olkikatteen. Olkea on tietysti lis\u00e4tt\u00e4v\u00e4 vuosittain eik\u00e4 se ehk\u00e4ise rikkaruohoja yht\u00e4 tehokkaasti kuin muovi, mutta uskon sen olevan yst\u00e4v\u00e4llisempi maan pieneli\u00f6st\u00f6lle.<\/p>\n<p><img fetchpriority=\"high\" decoding=\"async\" class=\"aligncenter wp-image-1196 size-full\" src=\"https:\/\/nodig.fi\/wp-content\/uploads\/2021\/03\/tackodling-1.jpg\" alt=\"\" width=\"1000\" height=\"750\" srcset=\"https:\/\/nodig.fi\/wp-content\/uploads\/2021\/03\/tackodling-1.jpg 1000w, https:\/\/nodig.fi\/wp-content\/uploads\/2021\/03\/tackodling-1-300x225.jpg 300w, https:\/\/nodig.fi\/wp-content\/uploads\/2021\/03\/tackodling-1-768x576.jpg 768w\" sizes=\"(max-width: 1000px) 100vw, 1000px\" \/><\/p>\n<p>Polttavin katekysymys on meill\u00e4 kuitenkin aina ollut vihannesmaalla. Moreenimaa kuivuu nopeasti ja kylv\u00f6t ovat usein ep\u00e4onnistuneet. Kasvimaa on tuntunut kuivalta ja elottomalta, madoista ei n\u00e4kynyt juuri elonmerkkej\u00e4. T\u00e4st\u00e4 samasta syyst\u00e4 maa on ollut my\u00f6s kuorettunutta ja kovaa.<\/p>\n<p>Alkuun aloin k\u00e4ytt\u00e4\u00e4 kasvuharsoa kylv\u00f6jen j\u00e4lkeen kosteutta pid\u00e4ttelem\u00e4ss\u00e4. Kovin suuret harsot ovat hankalia, ne haluavat irtoilla kev\u00e4ttuulessa ja niitten alla rikkaruohot ottavat helposti yliotteen. Maan rikkaruohosiemenpankki on loputon ja kev\u00e4inen jyrsint\u00e4 nosti aina esiin uutta terhakkaa savihein\u00e4kantaa. Kylvetyt pikkusiemenet j\u00e4iv\u00e4t herk\u00e4sti alakynteen.<\/p>\n<p>Ne kirjat ja videot, joista haimme apua ja innoitusta puhuvat tauotta ruohosilpun puolesta. Sen ylivertaisuutta sek\u00e4 katteena rikkaruohon torjunnassa ett\u00e4 varsinkin lannoitteena ja maan pieneli\u00f6toiminnan vilkastuttajana ylist\u00e4v\u00e4t kaikki. Ongelma on vain ruohosilpun saatavuudessa. Oma vanha \u201dnurmikkomme\u201d ei tuota juuri mit\u00e4\u00e4n, se v\u00e4h\u00e4 on syyt\u00e4 j\u00e4tt\u00e4\u00e4 lannoittamaan nurmea itse\u00e4\u00e4n. Hienot nurmikent\u00e4t, joista leikkuj\u00e4te tosiaan ker\u00e4t\u00e4\u00e4n pois, ovat harvassa. Niitten hoitoon kuuluu sit\u00e4 paitsi my\u00f6s raju lannoitus ja kasvinsuojeluaineiden k\u00e4ytt\u00f6, sellaista emme vihannesmaallemme halua. Rikkaruohot sin\u00e4ll\u00e4\u00e4n ovat hyv\u00e4\u00e4 kateainetta, mutta niiss\u00e4 on ongelmana se, etteiv\u00e4t ne saa ehti\u00e4 kukkaan. Olisi my\u00f6s hyv\u00e4 saada aines jollakin tapaa murskattua. Rikkaruohot ehtiv\u00e4t nopeasti liian suuriksi ja n\u00e4ytt\u00e4v\u00e4t rumilta maalle j\u00e4tettyin\u00e4. Eiv\u00e4tk\u00e4 sit\u00e4 paitsi l\u00e4hesk\u00e4\u00e4n aina kuole, vaan jatkavat kasvuaan kitkettyin\u00e4kin. Jos maata kattaa viherkatteella pit\u00e4\u00e4 sit\u00e4 olla paljon, ja silloin vaarana taas ovat etanat, jotka p\u00e4\u00e4sev\u00e4t mellastamaan rauhassa maatuvien kasvinosien suojassa.<\/p>\n<p>Ajattelin ja aion kokeilla my\u00f6s el\u00e4v\u00e4\u00e4, kasvavaa katetta. Melko hankalaksi osoittautui <b>MAA-APILA<\/b>n siementen hankkiminen, mutta onnistui sent\u00e4\u00e4n, Ruotsista, kiitos <b>Kinnekullefr\u00f6<\/b>! Maa-apila on yksivuotinen, matala palkokasvi, joka est\u00e4\u00e4 rikkaruohojen kasvua ja samalla lannoittaa:<\/p>\n<blockquote><p><i>Trifolium subterraneum <\/i><i><b><br \/>\n<\/b><\/i><i><b>Subkl\u00f6ver\/Gr\u00e4vkl\u00f6ver<\/b> <\/i><\/p>\n<p><i>L\u00e5gv\u00e4xande och markt\u00e4ckande gr\u00f6ng\u00f6dslingsgr\u00f6da. Kan anv\u00e4ndas p\u00e5 alla \u00f6ppna ytor i landet, tex i g\u00e5ngar eller mellan raderna av odlade gr\u00f6nsaker. \u00c4ven bra som markt\u00e4ckare vid nyplantering av tr\u00e4d eller buskar. Subkl\u00f6vern hindrar ogr\u00e4s fr\u00e5n att komma upp men konkurerar inte om n\u00e4ring med de gr\u00f6nsaker du odlar, eftersom detta \u00e4r en baljv\u00e4xt s\u00e5 \u00e4r den ocks\u00e5 kv\u00e4ve fixerande och matar jorden med kv\u00e4ve <\/i><\/p><\/blockquote>\n<p>Suurimman ahaa-el\u00e4myksen ja kotiintulon tunteen (<img decoding=\"async\" class=\"emoji\" role=\"img\" draggable=\"false\" src=\"https:\/\/s.w.org\/images\/core\/emoji\/13.0.1\/svg\/2764.svg\" alt=\"\u2764\" \/> ) olen kuitenkin kokenut t\u00e4n\u00e4 talvena tutustuessamme englantilaiseen puutarhuriin nimelt\u00e4 <b>Charles Dowding<\/b>. H\u00e4nen kehitt\u00e4m\u00e4ns\u00e4 NO DIG-metodi suojaa ja hoivaa maan eli\u00f6st\u00f6\u00e4 v\u00e4ltt\u00e4m\u00e4ll\u00e4 kaikin tavoin turhaa kaivamista ja maan rakenteen rikkomista. H\u00e4n k\u00e4ytt\u00e4\u00e4 pahvia katteena suoraan \u201dvanhan\u201d maan p\u00e4\u00e4lle ja peitt\u00e4\u00e4 sen reilulla kerroksella omatekoista kompostia. Kompostia lis\u00e4t\u00e4\u00e4n sitten vuosittain pari tuumaa, kun vanha on painunut kasaan ja antanut maan hajottajille ravintoa. Madot ja muut pieneli\u00f6t puolestaan tuottavat ravinteita kasveille sopivassa muodossa ja huolehtivat maan rakenteesta parhaalla mahdollisella tavalla. Hyvin palanut komposti ei my\u00f6sk\u00e4\u00e4n sis\u00e4ll\u00e4 rikkaruohon siemeni\u00e4 eik\u00e4 taudinaiheuttajia. Dowdingin tapa viljell\u00e4 v\u00e4hent\u00e4\u00e4 kitkemis- ja muokkaamisty\u00f6t\u00e4. Kompostoinnin sen sijaan tulee olla organisoitua ja tehokasta, sill\u00e4 kompostia tarvitaan, ainakin penkkien perustamisvaiheessa PALJON!<\/p>\n<p>Olen hyvin innoissani ja toiveikas. Haluamme oppia, haluamme hoitaa maata ja pieni\u00e4 apujoukkojamme siell\u00e4 niin hyvin kuin mahdollista. Menneet virheet harmittavat hiukan, mutta emme ole tienneet emmek\u00e4 osanneet silloin enemp\u00e4\u00e4. Tulevaisuudessa voimme tehd\u00e4 toisin ja viisaammin. Jos se tuottaa my\u00f6s enemm\u00e4n satoa ja maukkaampia vihanneksia, mik\u00e4 voisi olla ihanampaa!<\/p>\n\t\t\t\t\t\t\t\t<\/div>\n\t\t\t\t<\/div>\n\t\t\t\t\t<\/div>\n\t\t<\/div>\n\t\t\t\t<div class=\"elementor-column elementor-col-33 elementor-top-column elementor-element elementor-element-c185c94\" data-id=\"c185c94\" data-element_type=\"column\" data-e-type=\"column\">\n\t\t\t<div class=\"elementor-widget-wrap\">\n\t\t\t\t\t\t\t<\/div>\n\t\t<\/div>\n\t\t\t\t\t<\/div>\n\t\t<\/section>\n\t\t\t\t<\/div>\n\t\t","protected":false},"excerpt":{"rendered":"<p>KATEVILJELY\u00c4 KOHTI Kun aloittelimme marjanviljely\u00e4, oli minulla kova kiire ja h\u00e4t\u00e4 saada hankittua puuhaketta pensaiden juurelle. Tiesin kokemuksesta, ett\u00e4 kev\u00e4\u00e4ll\u00e4 istutetut taimet joutuvat koville kes\u00e4n kuivuudessa. Samoin monivuotiset rikkaruohot, varsinkin juolavehn\u00e4 valtaa nopeasti takaisin paljasta maata. Tiesin toki, ett\u00e4 puuhakkeen k\u00e4yt\u00f6st\u00e4 oltiin montaa mielt\u00e4 ja sekapuuhakkeen sanottiin verottavan maan ravinnetasoja ja havupuitten sis\u00e4lt\u00e4mien terpeenien haittaavan [&hellip;]<\/p>\n","protected":false},"author":1,"featured_media":0,"parent":0,"menu_order":0,"comment_status":"closed","ping_status":"closed","template":"elementor_header_footer","meta":{"inline_featured_image":false,"site-sidebar-layout":"no-sidebar","site-content-layout":"page-builder","ast-site-content-layout":"default","site-content-style":"default","site-sidebar-style":"default","ast-global-header-display":"","ast-banner-title-visibility":"","ast-main-header-display":"","ast-hfb-above-header-display":"","ast-hfb-below-header-display":"","ast-hfb-mobile-header-display":"","site-post-title":"disabled","ast-breadcrumbs-content":"","ast-featured-img":"disabled","footer-sml-layout":"","ast-disable-related-posts":"","theme-transparent-header-meta":"default","adv-header-id-meta":"","stick-header-meta":"","header-above-stick-meta":"","header-main-stick-meta":"","header-below-stick-meta":"","astra-migrate-meta-layouts":"default","ast-page-background-enabled":"default","ast-page-background-meta":{"desktop":{"background-color":"","background-image":"","background-repeat":"repeat","background-position":"center center","background-size":"auto","background-attachment":"scroll","background-type":"","background-media":"","overlay-type":"","overlay-color":"","overlay-opacity":"","overlay-gradient":""},"tablet":{"background-color":"","background-image":"","background-repeat":"repeat","background-position":"center center","background-size":"auto","background-attachment":"scroll","background-type":"","background-media":"","overlay-type":"","overlay-color":"","overlay-opacity":"","overlay-gradient":""},"mobile":{"background-color":"","background-image":"","background-repeat":"repeat","background-position":"center center","background-size":"auto","background-attachment":"scroll","background-type":"","background-media":"","overlay-type":"","overlay-color":"","overlay-opacity":"","overlay-gradient":""}},"ast-content-background-meta":{"desktop":{"background-color":"var(--ast-global-color-5)","background-image":"","background-repeat":"repeat","background-position":"center center","background-size":"auto","background-attachment":"scroll","background-type":"","background-media":"","overlay-type":"","overlay-color":"","overlay-opacity":"","overlay-gradient":""},"tablet":{"background-color":"var(--ast-global-color-5)","background-image":"","background-repeat":"repeat","background-position":"center center","background-size":"auto","background-attachment":"scroll","background-type":"","background-media":"","overlay-type":"","overlay-color":"","overlay-opacity":"","overlay-gradient":""},"mobile":{"background-color":"var(--ast-global-color-5)","background-image":"","background-repeat":"repeat","background-position":"center center","background-size":"auto","background-attachment":"scroll","background-type":"","background-media":"","overlay-type":"","overlay-color":"","overlay-opacity":"","overlay-gradient":""}},"footnotes":""},"class_list":["post-1291","page","type-page","status-publish","hentry"],"yoast_head":"<!-- This site is optimized with the Yoast SEO plugin v27.5 - https:\/\/yoast.com\/product\/yoast-seo-wordpress\/ -->\n<title>Kateviljely\u00e4 - Tallbacka No Dig Oy Ab<\/title>\n<meta name=\"robots\" content=\"index, follow, max-snippet:-1, max-image-preview:large, max-video-preview:-1\" \/>\n<link rel=\"canonical\" href=\"https:\/\/nodig.fi\/tackod\/\" \/>\n<meta property=\"og:locale\" content=\"fi_FI\" \/>\n<meta property=\"og:type\" content=\"article\" \/>\n<meta property=\"og:title\" content=\"Kateviljely\u00e4 - Tallbacka No Dig Oy Ab\" \/>\n<meta property=\"og:description\" content=\"KATEVILJELY\u00c4 KOHTI Kun aloittelimme marjanviljely\u00e4, oli minulla kova kiire ja h\u00e4t\u00e4 saada hankittua puuhaketta pensaiden juurelle. Tiesin kokemuksesta, ett\u00e4 kev\u00e4\u00e4ll\u00e4 istutetut taimet joutuvat koville kes\u00e4n kuivuudessa. Samoin monivuotiset rikkaruohot, varsinkin juolavehn\u00e4 valtaa nopeasti takaisin paljasta maata. Tiesin toki, ett\u00e4 puuhakkeen k\u00e4yt\u00f6st\u00e4 oltiin montaa mielt\u00e4 ja sekapuuhakkeen sanottiin verottavan maan ravinnetasoja ja havupuitten sis\u00e4lt\u00e4mien terpeenien haittaavan [&hellip;]\" \/>\n<meta property=\"og:url\" content=\"https:\/\/nodig.fi\/tackod\/\" \/>\n<meta property=\"og:site_name\" content=\"Tallbacka No Dig Oy Ab\" \/>\n<meta property=\"article:publisher\" content=\"https:\/\/www.facebook.com\/TallbackaNoDig\/\" \/>\n<meta property=\"article:modified_time\" content=\"2024-02-29T17:22:00+00:00\" \/>\n<meta property=\"og:image\" content=\"https:\/\/nodig.fi\/wp-content\/uploads\/2021\/03\/tackodling-1.jpg\" \/>\n<meta name=\"twitter:card\" content=\"summary_large_image\" \/>\n<meta name=\"twitter:label1\" content=\"Arvioitu lukuaika\" \/>\n\t<meta name=\"twitter:data1\" content=\"4 minuuttia\" \/>\n<script type=\"application\/ld+json\" class=\"yoast-schema-graph\">{\"@context\":\"https:\\\/\\\/schema.org\",\"@graph\":[{\"@type\":\"WebPage\",\"@id\":\"https:\\\/\\\/nodig.fi\\\/tackod\\\/\",\"url\":\"https:\\\/\\\/nodig.fi\\\/tackod\\\/\",\"name\":\"Kateviljely\u00e4 - Tallbacka No Dig Oy Ab\",\"isPartOf\":{\"@id\":\"https:\\\/\\\/nodig.fi\\\/#website\"},\"primaryImageOfPage\":{\"@id\":\"https:\\\/\\\/nodig.fi\\\/tackod\\\/#primaryimage\"},\"image\":{\"@id\":\"https:\\\/\\\/nodig.fi\\\/tackod\\\/#primaryimage\"},\"thumbnailUrl\":\"https:\\\/\\\/nodig.fi\\\/wp-content\\\/uploads\\\/2021\\\/03\\\/tackodling-1.jpg\",\"datePublished\":\"2021-03-05T18:03:27+00:00\",\"dateModified\":\"2024-02-29T17:22:00+00:00\",\"breadcrumb\":{\"@id\":\"https:\\\/\\\/nodig.fi\\\/tackod\\\/#breadcrumb\"},\"inLanguage\":\"fi\",\"potentialAction\":[{\"@type\":\"ReadAction\",\"target\":[\"https:\\\/\\\/nodig.fi\\\/tackod\\\/\"]}]},{\"@type\":\"ImageObject\",\"inLanguage\":\"fi\",\"@id\":\"https:\\\/\\\/nodig.fi\\\/tackod\\\/#primaryimage\",\"url\":\"https:\\\/\\\/nodig.fi\\\/wp-content\\\/uploads\\\/2021\\\/03\\\/tackodling-1.jpg\",\"contentUrl\":\"https:\\\/\\\/nodig.fi\\\/wp-content\\\/uploads\\\/2021\\\/03\\\/tackodling-1.jpg\"},{\"@type\":\"BreadcrumbList\",\"@id\":\"https:\\\/\\\/nodig.fi\\\/tackod\\\/#breadcrumb\",\"itemListElement\":[{\"@type\":\"ListItem\",\"position\":1,\"name\":\"Hem\",\"item\":\"https:\\\/\\\/nodig.fi\\\/\"},{\"@type\":\"ListItem\",\"position\":2,\"name\":\"Kateviljely\u00e4\"}]},{\"@type\":\"WebSite\",\"@id\":\"https:\\\/\\\/nodig.fi\\\/#website\",\"url\":\"https:\\\/\\\/nodig.fi\\\/\",\"name\":\"Nodig - Tallbacka Tr\u00e4dg\u00e5rd\",\"description\":\"\",\"publisher\":{\"@id\":\"https:\\\/\\\/nodig.fi\\\/#organization\"},\"potentialAction\":[{\"@type\":\"SearchAction\",\"target\":{\"@type\":\"EntryPoint\",\"urlTemplate\":\"https:\\\/\\\/nodig.fi\\\/?s={search_term_string}\"},\"query-input\":{\"@type\":\"PropertyValueSpecification\",\"valueRequired\":true,\"valueName\":\"search_term_string\"}}],\"inLanguage\":\"fi\"},{\"@type\":\"Organization\",\"@id\":\"https:\\\/\\\/nodig.fi\\\/#organization\",\"name\":\"Tallbacka No Dig Oy Ab\",\"url\":\"https:\\\/\\\/nodig.fi\\\/\",\"logo\":{\"@type\":\"ImageObject\",\"inLanguage\":\"fi\",\"@id\":\"https:\\\/\\\/nodig.fi\\\/#\\\/schema\\\/logo\\\/image\\\/\",\"url\":\"https:\\\/\\\/nodig.fi\\\/wp-content\\\/uploads\\\/2024\\\/02\\\/no_dig.png\",\"contentUrl\":\"https:\\\/\\\/nodig.fi\\\/wp-content\\\/uploads\\\/2024\\\/02\\\/no_dig.png\",\"width\":814,\"height\":814,\"caption\":\"Tallbacka No Dig Oy Ab\"},\"image\":{\"@id\":\"https:\\\/\\\/nodig.fi\\\/#\\\/schema\\\/logo\\\/image\\\/\"},\"sameAs\":[\"https:\\\/\\\/www.facebook.com\\\/TallbackaNoDig\\\/\"]}]}<\/script>\n<!-- \/ Yoast SEO plugin. -->","yoast_head_json":{"title":"Kateviljely\u00e4 - Tallbacka No Dig Oy Ab","robots":{"index":"index","follow":"follow","max-snippet":"max-snippet:-1","max-image-preview":"max-image-preview:large","max-video-preview":"max-video-preview:-1"},"canonical":"https:\/\/nodig.fi\/tackod\/","og_locale":"fi_FI","og_type":"article","og_title":"Kateviljely\u00e4 - Tallbacka No Dig Oy Ab","og_description":"KATEVILJELY\u00c4 KOHTI Kun aloittelimme marjanviljely\u00e4, oli minulla kova kiire ja h\u00e4t\u00e4 saada hankittua puuhaketta pensaiden juurelle. Tiesin kokemuksesta, ett\u00e4 kev\u00e4\u00e4ll\u00e4 istutetut taimet joutuvat koville kes\u00e4n kuivuudessa. Samoin monivuotiset rikkaruohot, varsinkin juolavehn\u00e4 valtaa nopeasti takaisin paljasta maata. Tiesin toki, ett\u00e4 puuhakkeen k\u00e4yt\u00f6st\u00e4 oltiin montaa mielt\u00e4 ja sekapuuhakkeen sanottiin verottavan maan ravinnetasoja ja havupuitten sis\u00e4lt\u00e4mien terpeenien haittaavan [&hellip;]","og_url":"https:\/\/nodig.fi\/tackod\/","og_site_name":"Tallbacka No Dig Oy Ab","article_publisher":"https:\/\/www.facebook.com\/TallbackaNoDig\/","article_modified_time":"2024-02-29T17:22:00+00:00","og_image":[{"url":"https:\/\/nodig.fi\/wp-content\/uploads\/2021\/03\/tackodling-1.jpg","type":"","width":"","height":""}],"twitter_card":"summary_large_image","twitter_misc":{"Arvioitu lukuaika":"4 minuuttia"},"schema":{"@context":"https:\/\/schema.org","@graph":[{"@type":"WebPage","@id":"https:\/\/nodig.fi\/tackod\/","url":"https:\/\/nodig.fi\/tackod\/","name":"Kateviljely\u00e4 - Tallbacka No Dig Oy Ab","isPartOf":{"@id":"https:\/\/nodig.fi\/#website"},"primaryImageOfPage":{"@id":"https:\/\/nodig.fi\/tackod\/#primaryimage"},"image":{"@id":"https:\/\/nodig.fi\/tackod\/#primaryimage"},"thumbnailUrl":"https:\/\/nodig.fi\/wp-content\/uploads\/2021\/03\/tackodling-1.jpg","datePublished":"2021-03-05T18:03:27+00:00","dateModified":"2024-02-29T17:22:00+00:00","breadcrumb":{"@id":"https:\/\/nodig.fi\/tackod\/#breadcrumb"},"inLanguage":"fi","potentialAction":[{"@type":"ReadAction","target":["https:\/\/nodig.fi\/tackod\/"]}]},{"@type":"ImageObject","inLanguage":"fi","@id":"https:\/\/nodig.fi\/tackod\/#primaryimage","url":"https:\/\/nodig.fi\/wp-content\/uploads\/2021\/03\/tackodling-1.jpg","contentUrl":"https:\/\/nodig.fi\/wp-content\/uploads\/2021\/03\/tackodling-1.jpg"},{"@type":"BreadcrumbList","@id":"https:\/\/nodig.fi\/tackod\/#breadcrumb","itemListElement":[{"@type":"ListItem","position":1,"name":"Hem","item":"https:\/\/nodig.fi\/"},{"@type":"ListItem","position":2,"name":"Kateviljely\u00e4"}]},{"@type":"WebSite","@id":"https:\/\/nodig.fi\/#website","url":"https:\/\/nodig.fi\/","name":"Nodig - Tallbacka Tr\u00e4dg\u00e5rd","description":"","publisher":{"@id":"https:\/\/nodig.fi\/#organization"},"potentialAction":[{"@type":"SearchAction","target":{"@type":"EntryPoint","urlTemplate":"https:\/\/nodig.fi\/?s={search_term_string}"},"query-input":{"@type":"PropertyValueSpecification","valueRequired":true,"valueName":"search_term_string"}}],"inLanguage":"fi"},{"@type":"Organization","@id":"https:\/\/nodig.fi\/#organization","name":"Tallbacka No Dig Oy Ab","url":"https:\/\/nodig.fi\/","logo":{"@type":"ImageObject","inLanguage":"fi","@id":"https:\/\/nodig.fi\/#\/schema\/logo\/image\/","url":"https:\/\/nodig.fi\/wp-content\/uploads\/2024\/02\/no_dig.png","contentUrl":"https:\/\/nodig.fi\/wp-content\/uploads\/2024\/02\/no_dig.png","width":814,"height":814,"caption":"Tallbacka No Dig Oy Ab"},"image":{"@id":"https:\/\/nodig.fi\/#\/schema\/logo\/image\/"},"sameAs":["https:\/\/www.facebook.com\/TallbackaNoDig\/"]}]}},"_links":{"self":[{"href":"https:\/\/nodig.fi\/fi\/wp-json\/wp\/v2\/pages\/1291","targetHints":{"allow":["GET"]}}],"collection":[{"href":"https:\/\/nodig.fi\/fi\/wp-json\/wp\/v2\/pages"}],"about":[{"href":"https:\/\/nodig.fi\/fi\/wp-json\/wp\/v2\/types\/page"}],"author":[{"embeddable":true,"href":"https:\/\/nodig.fi\/fi\/wp-json\/wp\/v2\/users\/1"}],"replies":[{"embeddable":true,"href":"https:\/\/nodig.fi\/fi\/wp-json\/wp\/v2\/comments?post=1291"}],"version-history":[{"count":3,"href":"https:\/\/nodig.fi\/fi\/wp-json\/wp\/v2\/pages\/1291\/revisions"}],"predecessor-version":[{"id":1431,"href":"https:\/\/nodig.fi\/fi\/wp-json\/wp\/v2\/pages\/1291\/revisions\/1431"}],"wp:attachment":[{"href":"https:\/\/nodig.fi\/fi\/wp-json\/wp\/v2\/media?parent=1291"}],"curies":[{"name":"wp","href":"https:\/\/api.w.org\/{rel}","templated":true}]}}