{"id":1288,"date":"2021-03-05T18:02:10","date_gmt":"2021-03-05T18:02:10","guid":{"rendered":"https:\/\/nodig.fi\/orter\/"},"modified":"2024-02-29T17:15:06","modified_gmt":"2024-02-29T17:15:06","slug":"orter","status":"publish","type":"page","link":"https:\/\/nodig.fi\/fi\/orter\/","title":{"rendered":"\u00d6rter"},"content":{"rendered":"\t\t<div data-elementor-type=\"wp-page\" data-elementor-id=\"1288\" class=\"elementor elementor-1288 elementor-1247\" data-elementor-post-type=\"page\">\n\t\t\t\t\t\t<section class=\"elementor-section elementor-top-section elementor-element elementor-element-0bb471c elementor-section-boxed elementor-section-height-default elementor-section-height-default\" data-id=\"0bb471c\" data-element_type=\"section\" data-e-type=\"section\">\n\t\t\t\t\t\t<div class=\"elementor-container elementor-column-gap-default\">\n\t\t\t\t\t<div class=\"elementor-column elementor-col-100 elementor-top-column elementor-element elementor-element-03944c6\" data-id=\"03944c6\" data-element_type=\"column\" data-e-type=\"column\">\n\t\t\t<div class=\"elementor-widget-wrap elementor-element-populated\">\n\t\t\t\t\t\t<div class=\"elementor-element elementor-element-115be5f elementor-widget elementor-widget-heading\" data-id=\"115be5f\" data-element_type=\"widget\" data-e-type=\"widget\" data-widget_type=\"heading.default\">\n\t\t\t\t<div class=\"elementor-widget-container\">\n\t\t\t\t\t<h2 class=\"elementor-heading-title elementor-size-default\">Yrtit<\/h2>\t\t\t\t<\/div>\n\t\t\t\t<\/div>\n\t\t\t\t\t<\/div>\n\t\t<\/div>\n\t\t\t\t\t<\/div>\n\t\t<\/section>\n\t\t\t\t<section class=\"elementor-section elementor-top-section elementor-element elementor-element-1e22a14 elementor-section-boxed elementor-section-height-default elementor-section-height-default\" data-id=\"1e22a14\" data-element_type=\"section\" data-e-type=\"section\">\n\t\t\t\t\t\t<div class=\"elementor-container elementor-column-gap-default\">\n\t\t\t\t\t<div class=\"elementor-column elementor-col-33 elementor-top-column elementor-element elementor-element-eb3b3b1\" data-id=\"eb3b3b1\" data-element_type=\"column\" data-e-type=\"column\">\n\t\t\t<div class=\"elementor-widget-wrap\">\n\t\t\t\t\t\t\t<\/div>\n\t\t<\/div>\n\t\t\t\t<div class=\"elementor-column elementor-col-33 elementor-top-column elementor-element elementor-element-766914d\" data-id=\"766914d\" data-element_type=\"column\" data-e-type=\"column\">\n\t\t\t<div class=\"elementor-widget-wrap elementor-element-populated\">\n\t\t\t\t\t\t<div class=\"elementor-element elementor-element-d5da77c elementor-widget elementor-widget-text-editor\" data-id=\"d5da77c\" data-element_type=\"widget\" data-e-type=\"widget\" data-widget_type=\"text-editor.default\">\n\t\t\t\t<div class=\"elementor-widget-container\">\n\t\t\t\t\t\t\t\t\t<h4 lang=\"fi-FI\" align=\"center\"><b>YRTTITARHA LAAJENEE <\/b><\/h4>\n<p lang=\"fi-FI\">Aluksi yrttitarhamme oli geometrinen 14 lavakauluksen sommitelma. Vihannesmaa ei ollut viel\u00e4 k\u00e4ytt\u00f6kunnossa, joten yrttimaalla kasvoi yht\u00e4 sun toista muutakin, kes\u00e4kurpitsaa ja tomaattia. Samoissa merkeiss\u00e4 jatkettiin tulevinakin vuosina, jotkin yrtit menestyiv\u00e4t hienosti, toiset kehnommin.<\/p>\n<p lang=\"fi-FI\">Viime kes\u00e4n\u00e4 p\u00e4\u00e4huomio oli uusissa teeyrteiss\u00e4 ja aasialaisissa lehtivihanneksissa, joita halusimme kokeilla. Kasvihuone mahdollisti ensi kertaa basilikan viljelyn, joten tavallisten yrttien kuten timjamin, oreganon, rakuunan ja salvian kohtalona oli j\u00e4\u00e4d\u00e4 hieman syrj\u00e4\u00e4n. Toisaalta voi kai sanoa, ett\u00e4 vasta nyt pikkuhiljaa alamme n\u00e4hd\u00e4 miss\u00e4 ne saattaisivat parhaiten viihty\u00e4 ja onko meill\u00e4 kyky\u00e4 k\u00e4ytt\u00e4\u00e4 tai myyd\u00e4 niit\u00e4. Kaikkea kun ei ehdi, vaikka kuinka haluaisi.<\/p>\n<p lang=\"fi-FI\">T\u00e4m\u00e4nhetkinen suunnitelma ensi kes\u00e4ksi n\u00e4ytt\u00e4\u00e4 t\u00e4lt\u00e4:<\/p>\n<p lang=\"fi-FI\"><img fetchpriority=\"high\" decoding=\"async\" class=\"aligncenter wp-image-1175 size-full\" src=\"https:\/\/nodig.fi\/wp-content\/uploads\/2021\/03\/ortagard.jpg\" alt=\"\" width=\"1000\" height=\"750\" srcset=\"https:\/\/nodig.fi\/wp-content\/uploads\/2021\/03\/ortagard.jpg 1000w, https:\/\/nodig.fi\/wp-content\/uploads\/2021\/03\/ortagard-300x225.jpg 300w, https:\/\/nodig.fi\/wp-content\/uploads\/2021\/03\/ortagard-768x576.jpg 768w\" sizes=\"(max-width: 1000px) 100vw, 1000px\" \/><\/p>\n<p lang=\"fi-FI\">Painotus on vahvasti sellaisissa yrteiss\u00e4, joita haluamme k\u00e4ytt\u00e4\u00e4 teesekoituksissa so. talvikynteli ja salvia, erilaiset (aidot) mintut ja huiskuvuoriminttu, lakritsitagetes ja sitruunaverbena. Timjami on l\u00f6yt\u00e4nyt oman paikkansa autotallin p\u00e4\u00e4dyst\u00e4, rakuuna kasvimaan reunalta, lipstikka kasvaa try elimaan kulmassa jne. Jos suunnitelmamme toteutuvat, tulee t\u00e4st\u00e4 kes\u00e4st\u00e4 yrttilaatikoitten viimeinen ja syksyll\u00e4 paikalle aletaan kaivaa orangerian perustuksia. Saapa n\u00e4hd\u00e4.<\/p>\n<p lang=\"fi-FI\">On muutamia yrttej\u00e4, joita kovasti haluaisin viljell\u00e4, mutta tulos ei toistaiseksi ole ollut h\u00e4\u00e4vi. Rosmariini, laventeli, sitruunatimjami, kamomilla&#8230; jatkamme opiskelua.<\/p>\n<h4 lang=\"fi-FI\" align=\"center\">\u201d<b>FIMEAN LISTA\u201d <\/b><\/h4>\n<p lang=\"fi-FI\">Ns. l\u00e4\u00e4kekasvien luettelo on aina her\u00e4tt\u00e4nyt ihmetyst\u00e4 ja kysymyksi\u00e4 . <b>L\u00e4\u00e4kealan turvallisuus- ja kehitt\u00e4miskeskus Fimea<\/b> <span style=\"font-size: small;\">(<\/span><span style=\"color: #1c99e0;\"><span style=\"font-size: small;\">ruots.<\/span><\/span> <span style=\"font-size: small;\"><i>S\u00e4kerhets &#8211; och utvecklingscentret f\u00f6r l\u00e4kemedelsmr\u00e5det<\/i><\/span><span style=\"font-size: small;\">, <\/span><span style=\"color: #1c99e0;\"><span style=\"font-size: small;\">engl.<\/span><\/span> <span style=\"font-size: small;\"><i>Finnish Medicines Agency<\/i><\/span><span style=\"font-size: small;\">) on <\/span><span style=\"color: #1c99e0;\"><span style=\"font-size: small;\">Suomen sosiaali- ja terveysministeri\u00f6n<\/span><\/span><span style=\"font-size: small;\"> alainen keskusvirasto, joka valvoo l\u00e4\u00e4kkeit\u00e4, veri- ja kudostuotteita sek\u00e4 kehitt\u00e4\u00e4 l\u00e4\u00e4kealaa v\u00e4est\u00f6n terveydeksi.<\/span> Jotkut listalle p\u00e4\u00e4tyneist\u00e4 kasveista tai kasvinosista tuntuvat oudoilta (kurpitsansiemenet), toisten riskialttiuden ymm\u00e4rt\u00e4\u00e4 paremmin (belladonna). Yksityinen ihminen ei saa listan kasveja myyd\u00e4 l\u00e4\u00e4kinn\u00e4lliseen k\u00e4ytt\u00f6\u00f6n, mutta kasvattaa toki saa.<\/p>\n<p lang=\"fi-FI\">Niinp\u00e4 Tallbacka Tr\u00e4dg\u00e5rdista l\u00f6ytyy my\u00f6s arveluttava <i><b>kiellettyjen kasvien osasto<\/b><\/i>.<\/p>\n<p lang=\"fi-FI\">Syksyll\u00e4 2020 olivat edustettuna seuraavat: <i>valeriaana eli <\/i><i><b>rohtovirmajuuri, kurkkuyrtti, reunusp\u00e4iv\u00e4nkakkara, kielo, rohtoimikk\u00e4, rohtosuopayrtti, tuoksuruuta, rohtoraunioyrtti, pietaryrtti, talvio, v\u00e4in\u00f6nputki ja kaunopunahattu<\/b><\/i>. Kylv\u00f6listalla ovat ainakin <i><b>koiruoho, nukula, oopiumiunikko <\/b><\/i><i>ja<\/i><i><b> maarianohdake<\/b><\/i>.<\/p>\n<p lang=\"fi-FI\">Mit\u00e4\u00e4n aivan pienin\u00e4 annoksina tappavan myrkyllist\u00e4 emme viljele, haluamme ett\u00e4 \u201dallt \u00e4rbart\u201d- iskulause tarkoittaa \u201duseammin kuin kerran\u201d.<\/p>\n\t\t\t\t\t\t\t\t<\/div>\n\t\t\t\t<\/div>\n\t\t\t\t<div class=\"elementor-element elementor-element-4ab8ecc elementor-widget elementor-widget-heading\" data-id=\"4ab8ecc\" data-element_type=\"widget\" data-e-type=\"widget\" data-widget_type=\"heading.default\">\n\t\t\t\t<div class=\"elementor-widget-container\">\n\t\t\t\t\t<h4 class=\"elementor-heading-title elementor-size-default\">SUOSIKKIYRTTEJ\u00c4 JA UUSIA KOKEILUJA<\/h4>\t\t\t\t<\/div>\n\t\t\t\t<\/div>\n\t\t\t\t<div class=\"elementor-element elementor-element-f2e2d55 elementor-widget elementor-widget-text-editor\" data-id=\"f2e2d55\" data-element_type=\"widget\" data-e-type=\"widget\" data-widget_type=\"text-editor.default\">\n\t\t\t\t<div class=\"elementor-widget-container\">\n\t\t\t\t\t\t\t\t\t<p>On harmillista, ett\u00e4 kaikkea ei vain ehdi. Uusi viljelytapa NO DIG, penkkien rakentaminen ja kompostin teko on vienyt rajallisesta ajastamme leijonanosan. Yrttien viljely ja varsinkin sadonkorjuu on j\u00e4\u00e4nyt paitsioon. Jotakin sent\u00e4\u00e4n on tapahtunut.<\/p>\n<p><strong>TALVIKYNTELI<\/strong> <em>Satureja montana<\/em><\/p>\n<p>Totesimme teekokeilujen yhteydess\u00e4 2020 ett\u00e4 viikinkien pippuriyrtti antaa mukavasti s\u00e4rm\u00e4\u00e4 Rehab jo jo -sekoitukseen. Samalla tuli selv\u00e4ksi, ett\u00e4 tuoretta yrtti\u00e4 tarvitaan PALJON ja ett\u00e4 kuivaus ja perkaus on melkoisen ty\u00f6l\u00e4st\u00e4. Istutimme kev\u00e4\u00e4ll\u00e4 2021 yhden uuden penkin talvikyntelin taimia ja ne l\u00e4htiv\u00e4t hienosti kasvuun. Toisena vuotenaan ne antavat varmasti jo satoa.<\/p>\n<p><img decoding=\"async\" class=\"size-medium wp-image-2148 aligncenter\" src=\"https:\/\/nodig.fi\/wp-content\/uploads\/2022\/02\/herbbed-300x225.jpg\" alt=\"\" width=\"300\" height=\"225\" srcset=\"https:\/\/nodig.fi\/wp-content\/uploads\/2022\/02\/herbbed-300x225.jpg 300w, https:\/\/nodig.fi\/wp-content\/uploads\/2022\/02\/herbbed.jpg 320w\" sizes=\"(max-width: 300px) 100vw, 300px\" \/><\/p>\n<p><strong>SALVIA<\/strong> <em>Salvia officinalis<\/em><\/p>\n<p>Edell\u00e4 kerrottu koskee my\u00f6s salviaa. Kasvina se vain on paljon vaativampi ja hidaskasvuinen, talvehtiminen on aina hieman ep\u00e4varmaa. Salvian kuivaaminen on hankalaa, koska l\u00e4mp\u00f6tila ei saa olla liian korkea etteiv\u00e4t lehdet ruskistu. Kaikki t\u00e4m\u00e4 on silti vaivan arvoista, sanottiinhan jo antiikin aikana,ettei se, jonka pihassa kasvaa salviaa kuole koskaan!<\/p>\n<p><strong>BASILIKA<\/strong> <em>Ocimum<\/em><\/p>\n<p>Basilikan viljely\u00e4 aiomme jatkaa, vaikka vuosi 2021 ei ollutkaan kummoinen. Syy ei ollut yrtin vaan omamme.<br \/>\nTomaatti ja basilika kuuluvat sit\u00e4 paitsi yhteen, ne haluavat kasvaa vierekk\u00e4in. Lajikevalikoima muuttuu hieman. Perusbasilika Genovese on mukana, mutta sen lis\u00e4ksi haluan kokeilla salaattibasilikaa Lettuce Leaf Tallbacka Mixiin, kamferibasilikaa, pyh\u00e4\u00e4 basilikaa (tulsi) sek\u00e4 mausteista thaibasilikaa.<\/p>\n<p><strong>MAUSTEKIRVELI<\/strong> <em>Anthriscus cerefolium<\/em><\/p>\n<p>Ajattelimme kokeilla salaattimixin piristeen\u00e4 my\u00f6s t\u00e4t\u00e4 aniksen makuista herkkua. (Dowdingin innoittamaa, t\u00e4m\u00e4kin)<\/p>\n<p><strong>PERSILJA<\/strong> <em>Petroselinum<\/em><\/p>\n<p>Kylvimme jo syksyll\u00e4 kolmea persiljalajiketta: k\u00e4h\u00e4r\u00e4persiljaa Mosscurled, silopersiljaa Gigante d\u2019Italia ja ranskalaista lehtipersiljaa. Kylm\u00e4 talvi ja kohopeti, jossa vesi ei seiso lupaavat hyv\u00e4\u00e4.<\/p>\n<p><strong>ILTAHELOKKI<\/strong> <em>Oenothera biennis<\/em><\/p>\n<p>T\u00e4st\u00e4 upeasta kasvista olen haaveillut pitk\u00e4\u00e4n, aion yritt\u00e4\u00e4 t\u00e4n\u00e4 kev\u00e4\u00e4n\u00e4 kasvattaa taimia. Iltahelokki on paitsi loistava (kirjaimellisesti) kaunotar my\u00f6s l\u00e4\u00e4kekasvi ja sit\u00e4 on k\u00e4ytetty vihanneksenakin. Houkuttelee perhosia.<\/p>\n<p><strong>V\u00c4IN\u00d6NPUTKI<\/strong> <em>Angelica archangelica<\/em><\/p>\n<p>Ostimme 2020 yhden taimen, koska lukuisat kylv\u00f6t ep\u00e4onnistuivat. Tarpeeksi tuoretta siement\u00e4 on vaikea saada. Pahaksi onneksi taimikin viihtyi huonosti, paikka taisi olla liian aurinkoinen. Mutta en aio antaa periksi. Viel\u00e4 saamme kylliksemme t\u00e4t\u00e4 enkelin mukaan nimetty\u00e4 vihannesta\/yrtti\u00e4\/l\u00e4\u00e4kett\u00e4\u2026.<\/p>\n<p><strong>MINTUT<\/strong> <em>Mentha<\/em><\/p>\n<p>Meill\u00e4 on lavakauluksissa useita eri lajikkeita, mutta olen tullut melko skeptiseksi niiden suhteen. Lajikkeet eiv\u00e4t aina ole sit\u00e4 mit\u00e4 lapussa lukee. Luulen, ett\u00e4 parasta vain maistaa ja todeta itse onko juuri kyseess\u00e4 oleva yksil\u00f6 k\u00e4ytt\u00f6kelpoinen. Joka tapauksessa, minttumme tarvitsevat enemm\u00e4n vett\u00e4ja ehk\u00e4 hieman kompostia kev\u00e4\u00e4ll\u00e4. Kaikki hyv\u00e4lt\u00e4 maistuvat p\u00e4\u00e4tyv\u00e4t \u201dMYNTIX\u201d -teesoitukseen!<\/p>\n\t\t\t\t\t\t\t\t<\/div>\n\t\t\t\t<\/div>\n\t\t\t\t\t<\/div>\n\t\t<\/div>\n\t\t\t\t<div class=\"elementor-column elementor-col-33 elementor-top-column elementor-element elementor-element-f816587\" data-id=\"f816587\" data-element_type=\"column\" data-e-type=\"column\">\n\t\t\t<div class=\"elementor-widget-wrap\">\n\t\t\t\t\t\t\t<\/div>\n\t\t<\/div>\n\t\t\t\t\t<\/div>\n\t\t<\/section>\n\t\t\t\t<\/div>\n\t\t","protected":false},"excerpt":{"rendered":"<p>Yrtit YRTTITARHA LAAJENEE Aluksi yrttitarhamme oli geometrinen 14 lavakauluksen sommitelma. Vihannesmaa ei ollut viel\u00e4 k\u00e4ytt\u00f6kunnossa, joten yrttimaalla kasvoi yht\u00e4 sun toista muutakin, kes\u00e4kurpitsaa ja tomaattia. Samoissa merkeiss\u00e4 jatkettiin tulevinakin vuosina, jotkin yrtit menestyiv\u00e4t hienosti, toiset kehnommin. Viime kes\u00e4n\u00e4 p\u00e4\u00e4huomio oli uusissa teeyrteiss\u00e4 ja aasialaisissa lehtivihanneksissa, joita halusimme kokeilla. Kasvihuone mahdollisti ensi kertaa basilikan viljelyn, joten [&hellip;]<\/p>\n","protected":false},"author":1,"featured_media":0,"parent":0,"menu_order":0,"comment_status":"closed","ping_status":"closed","template":"","meta":{"inline_featured_image":false,"site-sidebar-layout":"no-sidebar","site-content-layout":"page-builder","ast-site-content-layout":"default","site-content-style":"default","site-sidebar-style":"default","ast-global-header-display":"","ast-banner-title-visibility":"","ast-main-header-display":"","ast-hfb-above-header-display":"","ast-hfb-below-header-display":"","ast-hfb-mobile-header-display":"","site-post-title":"disabled","ast-breadcrumbs-content":"","ast-featured-img":"disabled","footer-sml-layout":"","ast-disable-related-posts":"","theme-transparent-header-meta":"default","adv-header-id-meta":"","stick-header-meta":"","header-above-stick-meta":"","header-main-stick-meta":"","header-below-stick-meta":"","astra-migrate-meta-layouts":"default","ast-page-background-enabled":"default","ast-page-background-meta":{"desktop":{"background-color":"","background-image":"","background-repeat":"repeat","background-position":"center center","background-size":"auto","background-attachment":"scroll","background-type":"","background-media":"","overlay-type":"","overlay-color":"","overlay-opacity":"","overlay-gradient":""},"tablet":{"background-color":"","background-image":"","background-repeat":"repeat","background-position":"center center","background-size":"auto","background-attachment":"scroll","background-type":"","background-media":"","overlay-type":"","overlay-color":"","overlay-opacity":"","overlay-gradient":""},"mobile":{"background-color":"","background-image":"","background-repeat":"repeat","background-position":"center center","background-size":"auto","background-attachment":"scroll","background-type":"","background-media":"","overlay-type":"","overlay-color":"","overlay-opacity":"","overlay-gradient":""}},"ast-content-background-meta":{"desktop":{"background-color":"var(--ast-global-color-5)","background-image":"","background-repeat":"repeat","background-position":"center center","background-size":"auto","background-attachment":"scroll","background-type":"","background-media":"","overlay-type":"","overlay-color":"","overlay-opacity":"","overlay-gradient":""},"tablet":{"background-color":"var(--ast-global-color-5)","background-image":"","background-repeat":"repeat","background-position":"center center","background-size":"auto","background-attachment":"scroll","background-type":"","background-media":"","overlay-type":"","overlay-color":"","overlay-opacity":"","overlay-gradient":""},"mobile":{"background-color":"var(--ast-global-color-5)","background-image":"","background-repeat":"repeat","background-position":"center center","background-size":"auto","background-attachment":"scroll","background-type":"","background-media":"","overlay-type":"","overlay-color":"","overlay-opacity":"","overlay-gradient":""}},"footnotes":""},"class_list":["post-1288","page","type-page","status-publish","hentry"],"yoast_head":"<!-- This site is optimized with the Yoast SEO plugin v27.5 - https:\/\/yoast.com\/product\/yoast-seo-wordpress\/ -->\n<title>\u00d6rter - Tallbacka No Dig Oy Ab<\/title>\n<meta name=\"robots\" content=\"index, follow, max-snippet:-1, max-image-preview:large, max-video-preview:-1\" \/>\n<link rel=\"canonical\" href=\"https:\/\/nodig.fi\/orter\/\" \/>\n<meta property=\"og:locale\" content=\"fi_FI\" \/>\n<meta property=\"og:type\" content=\"article\" \/>\n<meta property=\"og:title\" content=\"\u00d6rter - Tallbacka No Dig Oy Ab\" \/>\n<meta property=\"og:description\" content=\"Yrtit YRTTITARHA LAAJENEE Aluksi yrttitarhamme oli geometrinen 14 lavakauluksen sommitelma. Vihannesmaa ei ollut viel\u00e4 k\u00e4ytt\u00f6kunnossa, joten yrttimaalla kasvoi yht\u00e4 sun toista muutakin, kes\u00e4kurpitsaa ja tomaattia. Samoissa merkeiss\u00e4 jatkettiin tulevinakin vuosina, jotkin yrtit menestyiv\u00e4t hienosti, toiset kehnommin. Viime kes\u00e4n\u00e4 p\u00e4\u00e4huomio oli uusissa teeyrteiss\u00e4 ja aasialaisissa lehtivihanneksissa, joita halusimme kokeilla. Kasvihuone mahdollisti ensi kertaa basilikan viljelyn, joten [&hellip;]\" \/>\n<meta property=\"og:url\" content=\"https:\/\/nodig.fi\/orter\/\" \/>\n<meta property=\"og:site_name\" content=\"Tallbacka No Dig Oy Ab\" \/>\n<meta property=\"article:publisher\" content=\"https:\/\/www.facebook.com\/TallbackaNoDig\/\" \/>\n<meta property=\"article:modified_time\" content=\"2024-02-29T17:15:06+00:00\" \/>\n<meta property=\"og:image\" content=\"https:\/\/nodig.fi\/wp-content\/uploads\/2021\/03\/ortagard.jpg\" \/>\n<meta name=\"twitter:card\" content=\"summary_large_image\" \/>\n<meta name=\"twitter:label1\" content=\"Arvioitu lukuaika\" \/>\n\t<meta name=\"twitter:data1\" content=\"4 minuuttia\" \/>\n<script type=\"application\/ld+json\" class=\"yoast-schema-graph\">{\"@context\":\"https:\\\/\\\/schema.org\",\"@graph\":[{\"@type\":\"WebPage\",\"@id\":\"https:\\\/\\\/nodig.fi\\\/orter\\\/\",\"url\":\"https:\\\/\\\/nodig.fi\\\/orter\\\/\",\"name\":\"\u00d6rter - Tallbacka No Dig Oy Ab\",\"isPartOf\":{\"@id\":\"https:\\\/\\\/nodig.fi\\\/#website\"},\"primaryImageOfPage\":{\"@id\":\"https:\\\/\\\/nodig.fi\\\/orter\\\/#primaryimage\"},\"image\":{\"@id\":\"https:\\\/\\\/nodig.fi\\\/orter\\\/#primaryimage\"},\"thumbnailUrl\":\"https:\\\/\\\/nodig.fi\\\/wp-content\\\/uploads\\\/2021\\\/03\\\/ortagard.jpg\",\"datePublished\":\"2021-03-05T18:02:10+00:00\",\"dateModified\":\"2024-02-29T17:15:06+00:00\",\"breadcrumb\":{\"@id\":\"https:\\\/\\\/nodig.fi\\\/orter\\\/#breadcrumb\"},\"inLanguage\":\"fi\",\"potentialAction\":[{\"@type\":\"ReadAction\",\"target\":[\"https:\\\/\\\/nodig.fi\\\/orter\\\/\"]}]},{\"@type\":\"ImageObject\",\"inLanguage\":\"fi\",\"@id\":\"https:\\\/\\\/nodig.fi\\\/orter\\\/#primaryimage\",\"url\":\"https:\\\/\\\/nodig.fi\\\/wp-content\\\/uploads\\\/2021\\\/03\\\/ortagard.jpg\",\"contentUrl\":\"https:\\\/\\\/nodig.fi\\\/wp-content\\\/uploads\\\/2021\\\/03\\\/ortagard.jpg\"},{\"@type\":\"BreadcrumbList\",\"@id\":\"https:\\\/\\\/nodig.fi\\\/orter\\\/#breadcrumb\",\"itemListElement\":[{\"@type\":\"ListItem\",\"position\":1,\"name\":\"Hem\",\"item\":\"https:\\\/\\\/nodig.fi\\\/\"},{\"@type\":\"ListItem\",\"position\":2,\"name\":\"\u00d6rter\"}]},{\"@type\":\"WebSite\",\"@id\":\"https:\\\/\\\/nodig.fi\\\/#website\",\"url\":\"https:\\\/\\\/nodig.fi\\\/\",\"name\":\"Nodig - Tallbacka Tr\u00e4dg\u00e5rd\",\"description\":\"\",\"publisher\":{\"@id\":\"https:\\\/\\\/nodig.fi\\\/#organization\"},\"potentialAction\":[{\"@type\":\"SearchAction\",\"target\":{\"@type\":\"EntryPoint\",\"urlTemplate\":\"https:\\\/\\\/nodig.fi\\\/?s={search_term_string}\"},\"query-input\":{\"@type\":\"PropertyValueSpecification\",\"valueRequired\":true,\"valueName\":\"search_term_string\"}}],\"inLanguage\":\"fi\"},{\"@type\":\"Organization\",\"@id\":\"https:\\\/\\\/nodig.fi\\\/#organization\",\"name\":\"Tallbacka No Dig Oy Ab\",\"url\":\"https:\\\/\\\/nodig.fi\\\/\",\"logo\":{\"@type\":\"ImageObject\",\"inLanguage\":\"fi\",\"@id\":\"https:\\\/\\\/nodig.fi\\\/#\\\/schema\\\/logo\\\/image\\\/\",\"url\":\"https:\\\/\\\/nodig.fi\\\/wp-content\\\/uploads\\\/2024\\\/02\\\/no_dig.png\",\"contentUrl\":\"https:\\\/\\\/nodig.fi\\\/wp-content\\\/uploads\\\/2024\\\/02\\\/no_dig.png\",\"width\":814,\"height\":814,\"caption\":\"Tallbacka No Dig Oy Ab\"},\"image\":{\"@id\":\"https:\\\/\\\/nodig.fi\\\/#\\\/schema\\\/logo\\\/image\\\/\"},\"sameAs\":[\"https:\\\/\\\/www.facebook.com\\\/TallbackaNoDig\\\/\"]}]}<\/script>\n<!-- \/ Yoast SEO plugin. -->","yoast_head_json":{"title":"\u00d6rter - Tallbacka No Dig Oy Ab","robots":{"index":"index","follow":"follow","max-snippet":"max-snippet:-1","max-image-preview":"max-image-preview:large","max-video-preview":"max-video-preview:-1"},"canonical":"https:\/\/nodig.fi\/orter\/","og_locale":"fi_FI","og_type":"article","og_title":"\u00d6rter - Tallbacka No Dig Oy Ab","og_description":"Yrtit YRTTITARHA LAAJENEE Aluksi yrttitarhamme oli geometrinen 14 lavakauluksen sommitelma. Vihannesmaa ei ollut viel\u00e4 k\u00e4ytt\u00f6kunnossa, joten yrttimaalla kasvoi yht\u00e4 sun toista muutakin, kes\u00e4kurpitsaa ja tomaattia. Samoissa merkeiss\u00e4 jatkettiin tulevinakin vuosina, jotkin yrtit menestyiv\u00e4t hienosti, toiset kehnommin. Viime kes\u00e4n\u00e4 p\u00e4\u00e4huomio oli uusissa teeyrteiss\u00e4 ja aasialaisissa lehtivihanneksissa, joita halusimme kokeilla. Kasvihuone mahdollisti ensi kertaa basilikan viljelyn, joten [&hellip;]","og_url":"https:\/\/nodig.fi\/orter\/","og_site_name":"Tallbacka No Dig Oy Ab","article_publisher":"https:\/\/www.facebook.com\/TallbackaNoDig\/","article_modified_time":"2024-02-29T17:15:06+00:00","og_image":[{"url":"https:\/\/nodig.fi\/wp-content\/uploads\/2021\/03\/ortagard.jpg","type":"","width":"","height":""}],"twitter_card":"summary_large_image","twitter_misc":{"Arvioitu lukuaika":"4 minuuttia"},"schema":{"@context":"https:\/\/schema.org","@graph":[{"@type":"WebPage","@id":"https:\/\/nodig.fi\/orter\/","url":"https:\/\/nodig.fi\/orter\/","name":"\u00d6rter - Tallbacka No Dig Oy Ab","isPartOf":{"@id":"https:\/\/nodig.fi\/#website"},"primaryImageOfPage":{"@id":"https:\/\/nodig.fi\/orter\/#primaryimage"},"image":{"@id":"https:\/\/nodig.fi\/orter\/#primaryimage"},"thumbnailUrl":"https:\/\/nodig.fi\/wp-content\/uploads\/2021\/03\/ortagard.jpg","datePublished":"2021-03-05T18:02:10+00:00","dateModified":"2024-02-29T17:15:06+00:00","breadcrumb":{"@id":"https:\/\/nodig.fi\/orter\/#breadcrumb"},"inLanguage":"fi","potentialAction":[{"@type":"ReadAction","target":["https:\/\/nodig.fi\/orter\/"]}]},{"@type":"ImageObject","inLanguage":"fi","@id":"https:\/\/nodig.fi\/orter\/#primaryimage","url":"https:\/\/nodig.fi\/wp-content\/uploads\/2021\/03\/ortagard.jpg","contentUrl":"https:\/\/nodig.fi\/wp-content\/uploads\/2021\/03\/ortagard.jpg"},{"@type":"BreadcrumbList","@id":"https:\/\/nodig.fi\/orter\/#breadcrumb","itemListElement":[{"@type":"ListItem","position":1,"name":"Hem","item":"https:\/\/nodig.fi\/"},{"@type":"ListItem","position":2,"name":"\u00d6rter"}]},{"@type":"WebSite","@id":"https:\/\/nodig.fi\/#website","url":"https:\/\/nodig.fi\/","name":"Nodig - Tallbacka Tr\u00e4dg\u00e5rd","description":"","publisher":{"@id":"https:\/\/nodig.fi\/#organization"},"potentialAction":[{"@type":"SearchAction","target":{"@type":"EntryPoint","urlTemplate":"https:\/\/nodig.fi\/?s={search_term_string}"},"query-input":{"@type":"PropertyValueSpecification","valueRequired":true,"valueName":"search_term_string"}}],"inLanguage":"fi"},{"@type":"Organization","@id":"https:\/\/nodig.fi\/#organization","name":"Tallbacka No Dig Oy Ab","url":"https:\/\/nodig.fi\/","logo":{"@type":"ImageObject","inLanguage":"fi","@id":"https:\/\/nodig.fi\/#\/schema\/logo\/image\/","url":"https:\/\/nodig.fi\/wp-content\/uploads\/2024\/02\/no_dig.png","contentUrl":"https:\/\/nodig.fi\/wp-content\/uploads\/2024\/02\/no_dig.png","width":814,"height":814,"caption":"Tallbacka No Dig Oy Ab"},"image":{"@id":"https:\/\/nodig.fi\/#\/schema\/logo\/image\/"},"sameAs":["https:\/\/www.facebook.com\/TallbackaNoDig\/"]}]}},"_links":{"self":[{"href":"https:\/\/nodig.fi\/fi\/wp-json\/wp\/v2\/pages\/1288","targetHints":{"allow":["GET"]}}],"collection":[{"href":"https:\/\/nodig.fi\/fi\/wp-json\/wp\/v2\/pages"}],"about":[{"href":"https:\/\/nodig.fi\/fi\/wp-json\/wp\/v2\/types\/page"}],"author":[{"embeddable":true,"href":"https:\/\/nodig.fi\/fi\/wp-json\/wp\/v2\/users\/1"}],"replies":[{"embeddable":true,"href":"https:\/\/nodig.fi\/fi\/wp-json\/wp\/v2\/comments?post=1288"}],"version-history":[{"count":5,"href":"https:\/\/nodig.fi\/fi\/wp-json\/wp\/v2\/pages\/1288\/revisions"}],"predecessor-version":[{"id":2154,"href":"https:\/\/nodig.fi\/fi\/wp-json\/wp\/v2\/pages\/1288\/revisions\/2154"}],"wp:attachment":[{"href":"https:\/\/nodig.fi\/fi\/wp-json\/wp\/v2\/media?parent=1288"}],"curies":[{"name":"wp","href":"https:\/\/api.w.org\/{rel}","templated":true}]}}