{"id":1285,"date":"2021-03-05T18:01:12","date_gmt":"2021-03-05T18:01:12","guid":{"rendered":"https:\/\/nodig.fi\/frukt\/"},"modified":"2024-02-28T15:25:49","modified_gmt":"2024-02-28T15:25:49","slug":"frukt","status":"publish","type":"page","link":"https:\/\/nodig.fi\/fi\/frukt\/","title":{"rendered":"Frukt"},"content":{"rendered":"\t\t<div data-elementor-type=\"wp-page\" data-elementor-id=\"1285\" class=\"elementor elementor-1285 elementor-1256\" data-elementor-post-type=\"page\">\n\t\t\t\t\t\t<section class=\"elementor-section elementor-top-section elementor-element elementor-element-9e71312 elementor-section-boxed elementor-section-height-default elementor-section-height-default\" data-id=\"9e71312\" data-element_type=\"section\" data-e-type=\"section\">\n\t\t\t\t\t\t<div class=\"elementor-container elementor-column-gap-default\">\n\t\t\t\t\t<div class=\"elementor-column elementor-col-100 elementor-top-column elementor-element elementor-element-901d223\" data-id=\"901d223\" data-element_type=\"column\" data-e-type=\"column\">\n\t\t\t<div class=\"elementor-widget-wrap elementor-element-populated\">\n\t\t\t\t\t\t<div class=\"elementor-element elementor-element-7f0c022 elementor-widget elementor-widget-heading\" data-id=\"7f0c022\" data-element_type=\"widget\" data-e-type=\"widget\" data-widget_type=\"heading.default\">\n\t\t\t\t<div class=\"elementor-widget-container\">\n\t\t\t\t\t<h2 class=\"elementor-heading-title elementor-size-default\">Hedelm\u00e4t<\/h2>\t\t\t\t<\/div>\n\t\t\t\t<\/div>\n\t\t\t\t\t<\/div>\n\t\t<\/div>\n\t\t\t\t\t<\/div>\n\t\t<\/section>\n\t\t\t\t<section class=\"elementor-section elementor-top-section elementor-element elementor-element-401208d elementor-section-boxed elementor-section-height-default elementor-section-height-default\" data-id=\"401208d\" data-element_type=\"section\" data-e-type=\"section\">\n\t\t\t\t\t\t<div class=\"elementor-container elementor-column-gap-default\">\n\t\t\t\t\t<div class=\"elementor-column elementor-col-33 elementor-top-column elementor-element elementor-element-0e86ae2\" data-id=\"0e86ae2\" data-element_type=\"column\" data-e-type=\"column\">\n\t\t\t<div class=\"elementor-widget-wrap\">\n\t\t\t\t\t\t\t<\/div>\n\t\t<\/div>\n\t\t\t\t<div class=\"elementor-column elementor-col-33 elementor-top-column elementor-element elementor-element-43c8f94\" data-id=\"43c8f94\" data-element_type=\"column\" data-e-type=\"column\">\n\t\t\t<div class=\"elementor-widget-wrap elementor-element-populated\">\n\t\t\t\t\t\t<div class=\"elementor-element elementor-element-12b7513 elementor-widget elementor-widget-text-editor\" data-id=\"12b7513\" data-element_type=\"widget\" data-e-type=\"widget\" data-widget_type=\"text-editor.default\">\n\t\t\t\t<div class=\"elementor-widget-container\">\n\t\t\t\t\t\t\t\t\t<h4 align=\"center\"><b>LUUMUPUUT<\/b><\/h4>\n<p>Meill\u00e4 on yhdeks\u00e4n luumulajiketta ja t\u00e4n\u00e4 vuonna aiomme hankkia lis\u00e4ksi kolme kirsikkaluumulajiketta. Miksik\u00f6?<\/p>\n<blockquote><p>\u201d<i>Kaiken kaikkiaan vuosi 1420 oli Konnussa ihana vuosi. Suloinen auringonpaiste ja vilvoittava sade vuorottelivat oikeassa suhteessa, mutta ei siin\u00e4 kaikki: ilmassa oli rikkauden ja kauneuden tuntu ja kauneuden pilkahdus \u2014 \u2014 \u2014 sato oli niin runsas ett\u00e4 nuoret hobitit melkein kylpiv\u00e4t maidossa ja mansikoissa; ja my\u00f6hemmin syksyll\u00e4 he istuivat nurmikolla luumupuiden alla ja s\u00f6iv\u00e4t kunnes heill\u00e4 oli pieni pyramidi tai valloittajan kallopino luumunsiemeni\u00e4 edess\u00e4\u00e4n ja sitten he siirtyiv\u00e4t seuraavan puun alle.\u201d<\/i><\/p><\/blockquote>\n<p>Siksi .<\/p>\n<h4 align=\"center\"><b>KIRSIKKAPUUT <\/b><\/h4>\n<p>Juuri kirsikkaa Tallbackanalle aikoo puraista logossamme, eik\u00e4 se ole vain esteettisist\u00e4 syist\u00e4 valittu juttu. Kirsikoissa on jotakin villin kaunista ja kiehtovaa. Meill\u00e4 on nelj\u00e4 lajiketta hapankirsikkaa mutta toistaiseksi vain yksi makeakirsikka &#8211; Arthurille hankitaan seuraa t\u00e4n\u00e4 kes\u00e4n\u00e4, <i>Leningradin musta<\/i> luultavimmin. Kaikki n\u00e4m\u00e4 kasvavat vanhan puolen vihannesmaan diagonaalik\u00e4yt\u00e4v\u00e4n varrella &#8211; istuttaessani mietin jonkinlaista kirsikankukkien holvia. K\u00e4yt\u00e4nt\u00f6 on osoittanut ett\u00e4 puut tulivat hiukan liian l\u00e4helle k\u00e4yt\u00e4v\u00e4\u00e4 ja ett\u00e4 niitten juurelle EI kannata kylv\u00e4\u00e4 vihanneksia. Ensi kes\u00e4n\u00e4 aion olla viisaampi ja j\u00e4tt\u00e4\u00e4 riitt\u00e4v\u00e4n kukkakeh\u00e4n runkojen ymp\u00e4rille. Luulen, ett\u00e4 krassi sopii hyvin.<\/p>\n<p><img fetchpriority=\"high\" decoding=\"async\" class=\"aligncenter wp-image-1187 size-full\" src=\"https:\/\/nodig.fi\/wp-content\/uploads\/2021\/03\/frukt1.jpg\" alt=\"\" width=\"1000\" height=\"750\" srcset=\"https:\/\/nodig.fi\/wp-content\/uploads\/2021\/03\/frukt1.jpg 1000w, https:\/\/nodig.fi\/wp-content\/uploads\/2021\/03\/frukt1-300x225.jpg 300w, https:\/\/nodig.fi\/wp-content\/uploads\/2021\/03\/frukt1-768x576.jpg 768w\" sizes=\"(max-width: 1000px) 100vw, 1000px\" \/><\/p>\n<h4 align=\"center\"><b>Omena ja p\u00e4\u00e4ryn\u00e4<\/b><\/h4>\n<p>Paraisilla on pitk\u00e4 historia omenanviljelyss\u00e4. Itse valtaneuvos Erik Fleming istutti R\u00e4\u00e4velist\u00e4 (Tallinna) hankkimiaan omena- ja p\u00e4\u00e4ryn\u00e4puita Kuitiaan jo 1539.<\/p>\n<p>Me istutimme omena- ja p\u00e4\u00e4ryn\u00e4puita niin ik\u00e4\u00e4n heti alkuunsa vuonna 2016. Osaltaan halusimme istuttaa uusia puita vanhasta omenatarhasta poistettujen tilalle, osaltaan halusimme toteuttaa lajien moninaisuuden ihannettamme. Lajit, jotka halusimme s\u00e4ilytt\u00e4\u00e4 olivat tuttuja: Keltakaneli, Antonovka, \u00c5ker\u00f6, Astrakan Gyllenkrok. T\u00e4ydensimme valikoimaa Valkeakuulaalla, Tobiaksella, Punakanelilla ja Konstalla. Omenatarhan laidalle istutimme rivin p\u00e4\u00e4ryn\u00e4\u00e4: Aune, Jukka, Lada, Tohtorin p\u00e4\u00e4ryn\u00e4, Lutsu ja Kustavin p\u00e4\u00e4ryn\u00e4.<\/p>\n<p>My\u00f6hemmin olemme t\u00e4ydent\u00e4neet omenavalikoimaa: Amorosa, Grenman, Heta, Huvitus, Linda, Rubinola ja Summer Red. Olemme monasti my\u00f6hemmin harmitelleet, ettemme olleet riitt\u00e4v\u00e4n hereill\u00e4 perusrunkojen valinnassa. Nyt osaamme jo karttaa k\u00e4\u00e4pi\u00f6ivi\u00e4 lajikkeita, jotka tarvitsevat tukea koko el\u00e4m\u00e4ns\u00e4 ajan.<\/p>\n<p>Uusia lajikkeita tulee markkinoille koko ajan. Pid\u00e4mme silm\u00e4t auki josko jotakin j\u00e4nnitt\u00e4v\u00e4\u00e4 ilmaantuu.<\/p>\n<p style=\"text-align: center;\"><img decoding=\"async\" class=\"alignnone size-medium wp-image-1827\" src=\"https:\/\/nodig.fi\/wp-content\/uploads\/2022\/01\/paron-200x300.jpg\" alt=\"\" width=\"200\" height=\"300\" srcset=\"https:\/\/nodig.fi\/wp-content\/uploads\/2022\/01\/paron-200x300.jpg 200w, https:\/\/nodig.fi\/wp-content\/uploads\/2022\/01\/paron.jpg 213w\" sizes=\"(max-width: 200px) 100vw, 200px\" \/> <img decoding=\"async\" class=\"alignnone size-medium wp-image-1830\" src=\"https:\/\/nodig.fi\/wp-content\/uploads\/2022\/01\/appleblom-200x300.jpg\" alt=\"\" width=\"200\" height=\"300\" srcset=\"https:\/\/nodig.fi\/wp-content\/uploads\/2022\/01\/appleblom-200x300.jpg 200w, https:\/\/nodig.fi\/wp-content\/uploads\/2022\/01\/appleblom.jpg 213w\" sizes=\"(max-width: 200px) 100vw, 200px\" \/><\/p>\n\t\t\t\t\t\t\t\t<\/div>\n\t\t\t\t<\/div>\n\t\t\t\t\t<\/div>\n\t\t<\/div>\n\t\t\t\t<div class=\"elementor-column elementor-col-33 elementor-top-column elementor-element elementor-element-22a0dc9\" data-id=\"22a0dc9\" data-element_type=\"column\" data-e-type=\"column\">\n\t\t\t<div class=\"elementor-widget-wrap\">\n\t\t\t\t\t\t\t<\/div>\n\t\t<\/div>\n\t\t\t\t\t<\/div>\n\t\t<\/section>\n\t\t\t\t<\/div>\n\t\t","protected":false},"excerpt":{"rendered":"<p>Hedelm\u00e4t LUUMUPUUT Meill\u00e4 on yhdeks\u00e4n luumulajiketta ja t\u00e4n\u00e4 vuonna aiomme hankkia lis\u00e4ksi kolme kirsikkaluumulajiketta. Miksik\u00f6? \u201dKaiken kaikkiaan vuosi 1420 oli Konnussa ihana vuosi. Suloinen auringonpaiste ja vilvoittava sade vuorottelivat oikeassa suhteessa, mutta ei siin\u00e4 kaikki: ilmassa oli rikkauden ja kauneuden tuntu ja kauneuden pilkahdus \u2014 \u2014 \u2014 sato oli niin runsas ett\u00e4 nuoret hobitit melkein [&hellip;]<\/p>\n","protected":false},"author":1,"featured_media":0,"parent":0,"menu_order":0,"comment_status":"closed","ping_status":"closed","template":"","meta":{"inline_featured_image":false,"site-sidebar-layout":"no-sidebar","site-content-layout":"page-builder","ast-site-content-layout":"default","site-content-style":"default","site-sidebar-style":"default","ast-global-header-display":"","ast-banner-title-visibility":"","ast-main-header-display":"","ast-hfb-above-header-display":"","ast-hfb-below-header-display":"","ast-hfb-mobile-header-display":"","site-post-title":"disabled","ast-breadcrumbs-content":"","ast-featured-img":"disabled","footer-sml-layout":"","ast-disable-related-posts":"","theme-transparent-header-meta":"default","adv-header-id-meta":"","stick-header-meta":"","header-above-stick-meta":"","header-main-stick-meta":"","header-below-stick-meta":"","astra-migrate-meta-layouts":"default","ast-page-background-enabled":"default","ast-page-background-meta":{"desktop":{"background-color":"","background-image":"","background-repeat":"repeat","background-position":"center center","background-size":"auto","background-attachment":"scroll","background-type":"","background-media":"","overlay-type":"","overlay-color":"","overlay-opacity":"","overlay-gradient":""},"tablet":{"background-color":"","background-image":"","background-repeat":"repeat","background-position":"center center","background-size":"auto","background-attachment":"scroll","background-type":"","background-media":"","overlay-type":"","overlay-color":"","overlay-opacity":"","overlay-gradient":""},"mobile":{"background-color":"","background-image":"","background-repeat":"repeat","background-position":"center center","background-size":"auto","background-attachment":"scroll","background-type":"","background-media":"","overlay-type":"","overlay-color":"","overlay-opacity":"","overlay-gradient":""}},"ast-content-background-meta":{"desktop":{"background-color":"var(--ast-global-color-5)","background-image":"","background-repeat":"repeat","background-position":"center center","background-size":"auto","background-attachment":"scroll","background-type":"","background-media":"","overlay-type":"","overlay-color":"","overlay-opacity":"","overlay-gradient":""},"tablet":{"background-color":"var(--ast-global-color-5)","background-image":"","background-repeat":"repeat","background-position":"center center","background-size":"auto","background-attachment":"scroll","background-type":"","background-media":"","overlay-type":"","overlay-color":"","overlay-opacity":"","overlay-gradient":""},"mobile":{"background-color":"var(--ast-global-color-5)","background-image":"","background-repeat":"repeat","background-position":"center center","background-size":"auto","background-attachment":"scroll","background-type":"","background-media":"","overlay-type":"","overlay-color":"","overlay-opacity":"","overlay-gradient":""}},"footnotes":""},"class_list":["post-1285","page","type-page","status-publish","hentry"],"yoast_head":"<!-- This site is optimized with the Yoast SEO plugin v27.5 - https:\/\/yoast.com\/product\/yoast-seo-wordpress\/ -->\n<title>Frukt - Tallbacka No Dig Oy Ab<\/title>\n<meta name=\"robots\" content=\"index, follow, max-snippet:-1, max-image-preview:large, max-video-preview:-1\" \/>\n<link rel=\"canonical\" href=\"https:\/\/nodig.fi\/frukter\/\" \/>\n<meta property=\"og:locale\" content=\"fi_FI\" \/>\n<meta property=\"og:type\" content=\"article\" \/>\n<meta property=\"og:title\" content=\"Frukt - Tallbacka No Dig Oy Ab\" \/>\n<meta property=\"og:description\" content=\"Hedelm\u00e4t LUUMUPUUT Meill\u00e4 on yhdeks\u00e4n luumulajiketta ja t\u00e4n\u00e4 vuonna aiomme hankkia lis\u00e4ksi kolme kirsikkaluumulajiketta. Miksik\u00f6? \u201dKaiken kaikkiaan vuosi 1420 oli Konnussa ihana vuosi. Suloinen auringonpaiste ja vilvoittava sade vuorottelivat oikeassa suhteessa, mutta ei siin\u00e4 kaikki: ilmassa oli rikkauden ja kauneuden tuntu ja kauneuden pilkahdus \u2014 \u2014 \u2014 sato oli niin runsas ett\u00e4 nuoret hobitit melkein [&hellip;]\" \/>\n<meta property=\"og:url\" content=\"https:\/\/nodig.fi\/frukter\/\" \/>\n<meta property=\"og:site_name\" content=\"Tallbacka No Dig Oy Ab\" \/>\n<meta property=\"article:publisher\" content=\"https:\/\/www.facebook.com\/TallbackaNoDig\/\" \/>\n<meta property=\"article:modified_time\" content=\"2024-02-28T15:25:49+00:00\" \/>\n<meta property=\"og:image\" content=\"https:\/\/nodig.fi\/wp-content\/uploads\/2021\/03\/frukt1.jpg\" \/>\n<meta name=\"twitter:card\" content=\"summary_large_image\" \/>\n<meta name=\"twitter:label1\" content=\"Arvioitu lukuaika\" \/>\n\t<meta name=\"twitter:data1\" content=\"2 minuuttia\" \/>\n<script type=\"application\/ld+json\" class=\"yoast-schema-graph\">{\"@context\":\"https:\\\/\\\/schema.org\",\"@graph\":[{\"@type\":\"WebPage\",\"@id\":\"https:\\\/\\\/nodig.fi\\\/frukter\\\/\",\"url\":\"https:\\\/\\\/nodig.fi\\\/frukter\\\/\",\"name\":\"Frukt - Tallbacka No Dig Oy Ab\",\"isPartOf\":{\"@id\":\"https:\\\/\\\/nodig.fi\\\/#website\"},\"primaryImageOfPage\":{\"@id\":\"https:\\\/\\\/nodig.fi\\\/frukter\\\/#primaryimage\"},\"image\":{\"@id\":\"https:\\\/\\\/nodig.fi\\\/frukter\\\/#primaryimage\"},\"thumbnailUrl\":\"https:\\\/\\\/nodig.fi\\\/wp-content\\\/uploads\\\/2021\\\/03\\\/frukt1.jpg\",\"datePublished\":\"2021-03-05T18:01:12+00:00\",\"dateModified\":\"2024-02-28T15:25:49+00:00\",\"breadcrumb\":{\"@id\":\"https:\\\/\\\/nodig.fi\\\/frukter\\\/#breadcrumb\"},\"inLanguage\":\"fi\",\"potentialAction\":[{\"@type\":\"ReadAction\",\"target\":[\"https:\\\/\\\/nodig.fi\\\/frukter\\\/\"]}]},{\"@type\":\"ImageObject\",\"inLanguage\":\"fi\",\"@id\":\"https:\\\/\\\/nodig.fi\\\/frukter\\\/#primaryimage\",\"url\":\"https:\\\/\\\/nodig.fi\\\/wp-content\\\/uploads\\\/2021\\\/03\\\/frukt1.jpg\",\"contentUrl\":\"https:\\\/\\\/nodig.fi\\\/wp-content\\\/uploads\\\/2021\\\/03\\\/frukt1.jpg\"},{\"@type\":\"BreadcrumbList\",\"@id\":\"https:\\\/\\\/nodig.fi\\\/frukter\\\/#breadcrumb\",\"itemListElement\":[{\"@type\":\"ListItem\",\"position\":1,\"name\":\"Hem\",\"item\":\"https:\\\/\\\/nodig.fi\\\/\"},{\"@type\":\"ListItem\",\"position\":2,\"name\":\"Frukt\"}]},{\"@type\":\"WebSite\",\"@id\":\"https:\\\/\\\/nodig.fi\\\/#website\",\"url\":\"https:\\\/\\\/nodig.fi\\\/\",\"name\":\"Nodig - Tallbacka Tr\u00e4dg\u00e5rd\",\"description\":\"\",\"publisher\":{\"@id\":\"https:\\\/\\\/nodig.fi\\\/#organization\"},\"potentialAction\":[{\"@type\":\"SearchAction\",\"target\":{\"@type\":\"EntryPoint\",\"urlTemplate\":\"https:\\\/\\\/nodig.fi\\\/?s={search_term_string}\"},\"query-input\":{\"@type\":\"PropertyValueSpecification\",\"valueRequired\":true,\"valueName\":\"search_term_string\"}}],\"inLanguage\":\"fi\"},{\"@type\":\"Organization\",\"@id\":\"https:\\\/\\\/nodig.fi\\\/#organization\",\"name\":\"Tallbacka No Dig Oy Ab\",\"url\":\"https:\\\/\\\/nodig.fi\\\/\",\"logo\":{\"@type\":\"ImageObject\",\"inLanguage\":\"fi\",\"@id\":\"https:\\\/\\\/nodig.fi\\\/#\\\/schema\\\/logo\\\/image\\\/\",\"url\":\"https:\\\/\\\/nodig.fi\\\/wp-content\\\/uploads\\\/2024\\\/02\\\/no_dig.png\",\"contentUrl\":\"https:\\\/\\\/nodig.fi\\\/wp-content\\\/uploads\\\/2024\\\/02\\\/no_dig.png\",\"width\":814,\"height\":814,\"caption\":\"Tallbacka No Dig Oy Ab\"},\"image\":{\"@id\":\"https:\\\/\\\/nodig.fi\\\/#\\\/schema\\\/logo\\\/image\\\/\"},\"sameAs\":[\"https:\\\/\\\/www.facebook.com\\\/TallbackaNoDig\\\/\"]}]}<\/script>\n<!-- \/ Yoast SEO plugin. -->","yoast_head_json":{"title":"Frukt - Tallbacka No Dig Oy Ab","robots":{"index":"index","follow":"follow","max-snippet":"max-snippet:-1","max-image-preview":"max-image-preview:large","max-video-preview":"max-video-preview:-1"},"canonical":"https:\/\/nodig.fi\/frukter\/","og_locale":"fi_FI","og_type":"article","og_title":"Frukt - Tallbacka No Dig Oy Ab","og_description":"Hedelm\u00e4t LUUMUPUUT Meill\u00e4 on yhdeks\u00e4n luumulajiketta ja t\u00e4n\u00e4 vuonna aiomme hankkia lis\u00e4ksi kolme kirsikkaluumulajiketta. Miksik\u00f6? \u201dKaiken kaikkiaan vuosi 1420 oli Konnussa ihana vuosi. Suloinen auringonpaiste ja vilvoittava sade vuorottelivat oikeassa suhteessa, mutta ei siin\u00e4 kaikki: ilmassa oli rikkauden ja kauneuden tuntu ja kauneuden pilkahdus \u2014 \u2014 \u2014 sato oli niin runsas ett\u00e4 nuoret hobitit melkein [&hellip;]","og_url":"https:\/\/nodig.fi\/frukter\/","og_site_name":"Tallbacka No Dig Oy Ab","article_publisher":"https:\/\/www.facebook.com\/TallbackaNoDig\/","article_modified_time":"2024-02-28T15:25:49+00:00","og_image":[{"url":"https:\/\/nodig.fi\/wp-content\/uploads\/2021\/03\/frukt1.jpg","type":"","width":"","height":""}],"twitter_card":"summary_large_image","twitter_misc":{"Arvioitu lukuaika":"2 minuuttia"},"schema":{"@context":"https:\/\/schema.org","@graph":[{"@type":"WebPage","@id":"https:\/\/nodig.fi\/frukter\/","url":"https:\/\/nodig.fi\/frukter\/","name":"Frukt - Tallbacka No Dig Oy Ab","isPartOf":{"@id":"https:\/\/nodig.fi\/#website"},"primaryImageOfPage":{"@id":"https:\/\/nodig.fi\/frukter\/#primaryimage"},"image":{"@id":"https:\/\/nodig.fi\/frukter\/#primaryimage"},"thumbnailUrl":"https:\/\/nodig.fi\/wp-content\/uploads\/2021\/03\/frukt1.jpg","datePublished":"2021-03-05T18:01:12+00:00","dateModified":"2024-02-28T15:25:49+00:00","breadcrumb":{"@id":"https:\/\/nodig.fi\/frukter\/#breadcrumb"},"inLanguage":"fi","potentialAction":[{"@type":"ReadAction","target":["https:\/\/nodig.fi\/frukter\/"]}]},{"@type":"ImageObject","inLanguage":"fi","@id":"https:\/\/nodig.fi\/frukter\/#primaryimage","url":"https:\/\/nodig.fi\/wp-content\/uploads\/2021\/03\/frukt1.jpg","contentUrl":"https:\/\/nodig.fi\/wp-content\/uploads\/2021\/03\/frukt1.jpg"},{"@type":"BreadcrumbList","@id":"https:\/\/nodig.fi\/frukter\/#breadcrumb","itemListElement":[{"@type":"ListItem","position":1,"name":"Hem","item":"https:\/\/nodig.fi\/"},{"@type":"ListItem","position":2,"name":"Frukt"}]},{"@type":"WebSite","@id":"https:\/\/nodig.fi\/#website","url":"https:\/\/nodig.fi\/","name":"Nodig - Tallbacka Tr\u00e4dg\u00e5rd","description":"","publisher":{"@id":"https:\/\/nodig.fi\/#organization"},"potentialAction":[{"@type":"SearchAction","target":{"@type":"EntryPoint","urlTemplate":"https:\/\/nodig.fi\/?s={search_term_string}"},"query-input":{"@type":"PropertyValueSpecification","valueRequired":true,"valueName":"search_term_string"}}],"inLanguage":"fi"},{"@type":"Organization","@id":"https:\/\/nodig.fi\/#organization","name":"Tallbacka No Dig Oy Ab","url":"https:\/\/nodig.fi\/","logo":{"@type":"ImageObject","inLanguage":"fi","@id":"https:\/\/nodig.fi\/#\/schema\/logo\/image\/","url":"https:\/\/nodig.fi\/wp-content\/uploads\/2024\/02\/no_dig.png","contentUrl":"https:\/\/nodig.fi\/wp-content\/uploads\/2024\/02\/no_dig.png","width":814,"height":814,"caption":"Tallbacka No Dig Oy Ab"},"image":{"@id":"https:\/\/nodig.fi\/#\/schema\/logo\/image\/"},"sameAs":["https:\/\/www.facebook.com\/TallbackaNoDig\/"]}]}},"_links":{"self":[{"href":"https:\/\/nodig.fi\/fi\/wp-json\/wp\/v2\/pages\/1285","targetHints":{"allow":["GET"]}}],"collection":[{"href":"https:\/\/nodig.fi\/fi\/wp-json\/wp\/v2\/pages"}],"about":[{"href":"https:\/\/nodig.fi\/fi\/wp-json\/wp\/v2\/types\/page"}],"author":[{"embeddable":true,"href":"https:\/\/nodig.fi\/fi\/wp-json\/wp\/v2\/users\/1"}],"replies":[{"embeddable":true,"href":"https:\/\/nodig.fi\/fi\/wp-json\/wp\/v2\/comments?post=1285"}],"version-history":[{"count":5,"href":"https:\/\/nodig.fi\/fi\/wp-json\/wp\/v2\/pages\/1285\/revisions"}],"predecessor-version":[{"id":1836,"href":"https:\/\/nodig.fi\/fi\/wp-json\/wp\/v2\/pages\/1285\/revisions\/1836"}],"wp:attachment":[{"href":"https:\/\/nodig.fi\/fi\/wp-json\/wp\/v2\/media?parent=1285"}],"curies":[{"name":"wp","href":"https:\/\/api.w.org\/{rel}","templated":true}]}}