{"id":1282,"date":"2021-03-05T18:00:50","date_gmt":"2021-03-05T18:00:50","guid":{"rendered":"https:\/\/nodig.fi\/atbara-blommor\/"},"modified":"2024-02-27T19:17:46","modified_gmt":"2024-02-27T19:17:46","slug":"atbara-blommor","status":"publish","type":"page","link":"https:\/\/nodig.fi\/fi\/atbara-blommor\/","title":{"rendered":"\u00c4tbara blommor"},"content":{"rendered":"\t\t<div data-elementor-type=\"wp-page\" data-elementor-id=\"1282\" class=\"elementor elementor-1282 elementor-1232\" data-elementor-post-type=\"page\">\n\t\t\t\t\t\t<section class=\"elementor-section elementor-top-section elementor-element elementor-element-d234004 elementor-section-boxed elementor-section-height-default elementor-section-height-default\" data-id=\"d234004\" data-element_type=\"section\" data-e-type=\"section\">\n\t\t\t\t\t\t<div class=\"elementor-container elementor-column-gap-default\">\n\t\t\t\t\t<div class=\"elementor-column elementor-col-100 elementor-top-column elementor-element elementor-element-ca0271d\" data-id=\"ca0271d\" data-element_type=\"column\" data-e-type=\"column\">\n\t\t\t<div class=\"elementor-widget-wrap elementor-element-populated\">\n\t\t\t\t\t\t<div class=\"elementor-element elementor-element-cf1990a elementor-widget elementor-widget-heading\" data-id=\"cf1990a\" data-element_type=\"widget\" data-e-type=\"widget\" data-widget_type=\"heading.default\">\n\t\t\t\t<div class=\"elementor-widget-container\">\n\t\t\t\t\t<h2 class=\"elementor-heading-title elementor-size-default\">SY\u00d6T\u00c4V\u00c4T KUKAT<\/h2>\t\t\t\t<\/div>\n\t\t\t\t<\/div>\n\t\t\t\t\t<\/div>\n\t\t<\/div>\n\t\t\t\t\t<\/div>\n\t\t<\/section>\n\t\t\t\t<section class=\"elementor-section elementor-top-section elementor-element elementor-element-d646fa9 elementor-section-boxed elementor-section-height-default elementor-section-height-default\" data-id=\"d646fa9\" data-element_type=\"section\" data-e-type=\"section\">\n\t\t\t\t\t\t<div class=\"elementor-container elementor-column-gap-default\">\n\t\t\t\t\t<div class=\"elementor-column elementor-col-33 elementor-top-column elementor-element elementor-element-b967754\" data-id=\"b967754\" data-element_type=\"column\" data-e-type=\"column\">\n\t\t\t<div class=\"elementor-widget-wrap\">\n\t\t\t\t\t\t\t<\/div>\n\t\t<\/div>\n\t\t\t\t<div class=\"elementor-column elementor-col-33 elementor-top-column elementor-element elementor-element-290fbdb\" data-id=\"290fbdb\" data-element_type=\"column\" data-e-type=\"column\">\n\t\t\t<div class=\"elementor-widget-wrap elementor-element-populated\">\n\t\t\t\t\t\t<div class=\"elementor-element elementor-element-622e14a elementor-widget elementor-widget-text-editor\" data-id=\"622e14a\" data-element_type=\"widget\" data-e-type=\"widget\" data-widget_type=\"text-editor.default\">\n\t\t\t\t<div class=\"elementor-widget-container\">\n\t\t\t\t\t\t\t\t\t<h4 lang=\"fi-FI\" align=\"center\"><b>UUSI ALUEVALTAUS KES\u00c4LL\u00c4 2020: <\/b><\/h4>\n<h4 lang=\"fi-FI\" align=\"center\"><b>SY\u00d6T\u00c4V\u00c4T KUKAT <\/b><\/h4>\n<p lang=\"fi-FI\">Asiakkaan toiveesta l\u00e4hti kev\u00e4\u00e4ll\u00e4 2020 sy\u00f6t\u00e4vien kukkien viljelykokeilu. Idea on trendik\u00e4s ja mieluisa, luonnonmukaisesti ja l\u00e4hell\u00e4 kasvatetut kukat sopivat oikein hyvin lajivalikoimamme t\u00e4ydent\u00e4jiksi, ajatukseemme puhtaitten herkkujen tuottamisesta ja uusien asioiden oppimisesta.<\/p>\n<p lang=\"fi-FI\">Alkuun suunnittelimme 17 lupaavan kukan valikoiman. Kes\u00e4n aikana saimme sitten kokemusta ja palautetta. Viljelytulokset vaihtelivat, jotkin lajit ep\u00e4onnistuivat, esimerkiksi tuoksu- ja keto-orvokki ei it\u00e4nyt lainkaan. Ensi vuodeksi kukkaviljelyyn ovat vahvoilla <b>p\u00e4iv\u00e4nliljat<\/b>, kaikenlaiset <b>malvat<\/b>, <b>kurkkuyrtti,<\/b> <b>keh\u00e4kukka<\/b> ja ehdoton oma suosikkimme <b>krassi.<\/b> 2021 on kurpitsan vuosi ja siihen panostamme vahvasti, niinp\u00e4 erikoisherkkuna tarjolla on my\u00f6s <b>kurpitsankukkia<\/b>.<\/p>\n<p style=\"text-align: center;\"><img decoding=\"async\" class=\"alignnone size-medium wp-image-2004\" src=\"https:\/\/nodig.fi\/wp-content\/uploads\/2022\/01\/atbarablommor2-138x300.jpg\" alt=\"\" width=\"138\" height=\"300\" srcset=\"https:\/\/nodig.fi\/wp-content\/uploads\/2022\/01\/atbarablommor2-138x300.jpg 138w, https:\/\/nodig.fi\/wp-content\/uploads\/2022\/01\/atbarablommor2.jpg 221w\" sizes=\"(max-width: 138px) 100vw, 138px\" \/> <img fetchpriority=\"high\" decoding=\"async\" class=\"alignnone size-medium wp-image-1801\" src=\"https:\/\/nodig.fi\/wp-content\/uploads\/2022\/01\/atbarablommor-268x300.jpg\" alt=\"\" width=\"268\" height=\"300\" srcset=\"https:\/\/nodig.fi\/wp-content\/uploads\/2022\/01\/atbarablommor-268x300.jpg 268w, https:\/\/nodig.fi\/wp-content\/uploads\/2022\/01\/atbarablommor.jpg 720w\" sizes=\"(max-width: 268px) 100vw, 268px\" \/><\/p>\n\t\t\t\t\t\t\t\t<\/div>\n\t\t\t\t<\/div>\n\t\t\t\t\t<\/div>\n\t\t<\/div>\n\t\t\t\t<div class=\"elementor-column elementor-col-33 elementor-top-column elementor-element elementor-element-0dbfc43\" data-id=\"0dbfc43\" data-element_type=\"column\" data-e-type=\"column\">\n\t\t\t<div class=\"elementor-widget-wrap\">\n\t\t\t\t\t\t\t<\/div>\n\t\t<\/div>\n\t\t\t\t\t<\/div>\n\t\t<\/section>\n\t\t\t\t<\/div>\n\t\t","protected":false},"excerpt":{"rendered":"<p>SY\u00d6T\u00c4V\u00c4T KUKAT UUSI ALUEVALTAUS KES\u00c4LL\u00c4 2020: SY\u00d6T\u00c4V\u00c4T KUKAT Asiakkaan toiveesta l\u00e4hti kev\u00e4\u00e4ll\u00e4 2020 sy\u00f6t\u00e4vien kukkien viljelykokeilu. Idea on trendik\u00e4s ja mieluisa, luonnonmukaisesti ja l\u00e4hell\u00e4 kasvatetut kukat sopivat oikein hyvin lajivalikoimamme t\u00e4ydent\u00e4jiksi, ajatukseemme puhtaitten herkkujen tuottamisesta ja uusien asioiden oppimisesta. Alkuun suunnittelimme 17 lupaavan kukan valikoiman. Kes\u00e4n aikana saimme sitten kokemusta ja palautetta. Viljelytulokset vaihtelivat, jotkin [&hellip;]<\/p>\n","protected":false},"author":1,"featured_media":0,"parent":0,"menu_order":0,"comment_status":"closed","ping_status":"closed","template":"elementor_header_footer","meta":{"inline_featured_image":false,"site-sidebar-layout":"no-sidebar","site-content-layout":"page-builder","ast-site-content-layout":"default","site-content-style":"default","site-sidebar-style":"default","ast-global-header-display":"","ast-banner-title-visibility":"","ast-main-header-display":"","ast-hfb-above-header-display":"","ast-hfb-below-header-display":"","ast-hfb-mobile-header-display":"","site-post-title":"disabled","ast-breadcrumbs-content":"","ast-featured-img":"disabled","footer-sml-layout":"","ast-disable-related-posts":"","theme-transparent-header-meta":"default","adv-header-id-meta":"","stick-header-meta":"","header-above-stick-meta":"","header-main-stick-meta":"","header-below-stick-meta":"","astra-migrate-meta-layouts":"default","ast-page-background-enabled":"default","ast-page-background-meta":{"desktop":{"background-color":"","background-image":"","background-repeat":"repeat","background-position":"center center","background-size":"auto","background-attachment":"scroll","background-type":"","background-media":"","overlay-type":"","overlay-color":"","overlay-opacity":"","overlay-gradient":""},"tablet":{"background-color":"","background-image":"","background-repeat":"repeat","background-position":"center center","background-size":"auto","background-attachment":"scroll","background-type":"","background-media":"","overlay-type":"","overlay-color":"","overlay-opacity":"","overlay-gradient":""},"mobile":{"background-color":"","background-image":"","background-repeat":"repeat","background-position":"center center","background-size":"auto","background-attachment":"scroll","background-type":"","background-media":"","overlay-type":"","overlay-color":"","overlay-opacity":"","overlay-gradient":""}},"ast-content-background-meta":{"desktop":{"background-color":"var(--ast-global-color-5)","background-image":"","background-repeat":"repeat","background-position":"center center","background-size":"auto","background-attachment":"scroll","background-type":"","background-media":"","overlay-type":"","overlay-color":"","overlay-opacity":"","overlay-gradient":""},"tablet":{"background-color":"var(--ast-global-color-5)","background-image":"","background-repeat":"repeat","background-position":"center center","background-size":"auto","background-attachment":"scroll","background-type":"","background-media":"","overlay-type":"","overlay-color":"","overlay-opacity":"","overlay-gradient":""},"mobile":{"background-color":"var(--ast-global-color-5)","background-image":"","background-repeat":"repeat","background-position":"center center","background-size":"auto","background-attachment":"scroll","background-type":"","background-media":"","overlay-type":"","overlay-color":"","overlay-opacity":"","overlay-gradient":""}},"footnotes":""},"class_list":["post-1282","page","type-page","status-publish","hentry"],"yoast_head":"<!-- This site is optimized with the Yoast SEO plugin v27.6 - https:\/\/yoast.com\/product\/yoast-seo-wordpress\/ -->\n<title>\u00c4tbara blommor - Tallbacka No Dig Oy Ab<\/title>\n<meta name=\"robots\" content=\"index, follow, max-snippet:-1, max-image-preview:large, max-video-preview:-1\" \/>\n<link rel=\"canonical\" href=\"https:\/\/nodig.fi\/atblom\/\" \/>\n<meta property=\"og:locale\" content=\"fi_FI\" \/>\n<meta property=\"og:type\" content=\"article\" \/>\n<meta property=\"og:title\" content=\"\u00c4tbara blommor - Tallbacka No Dig Oy Ab\" \/>\n<meta property=\"og:description\" content=\"SY\u00d6T\u00c4V\u00c4T KUKAT UUSI ALUEVALTAUS KES\u00c4LL\u00c4 2020: SY\u00d6T\u00c4V\u00c4T KUKAT Asiakkaan toiveesta l\u00e4hti kev\u00e4\u00e4ll\u00e4 2020 sy\u00f6t\u00e4vien kukkien viljelykokeilu. Idea on trendik\u00e4s ja mieluisa, luonnonmukaisesti ja l\u00e4hell\u00e4 kasvatetut kukat sopivat oikein hyvin lajivalikoimamme t\u00e4ydent\u00e4jiksi, ajatukseemme puhtaitten herkkujen tuottamisesta ja uusien asioiden oppimisesta. Alkuun suunnittelimme 17 lupaavan kukan valikoiman. Kes\u00e4n aikana saimme sitten kokemusta ja palautetta. Viljelytulokset vaihtelivat, jotkin [&hellip;]\" \/>\n<meta property=\"og:url\" content=\"https:\/\/nodig.fi\/atblom\/\" \/>\n<meta property=\"og:site_name\" content=\"Tallbacka No Dig Oy Ab\" \/>\n<meta property=\"article:publisher\" content=\"https:\/\/www.facebook.com\/TallbackaNoDig\/\" \/>\n<meta property=\"article:modified_time\" content=\"2024-02-27T19:17:46+00:00\" \/>\n<meta property=\"og:image\" content=\"https:\/\/nodig.fi\/wp-content\/uploads\/2022\/01\/atbarablommor2-138x300.jpg\" \/>\n<meta name=\"twitter:card\" content=\"summary_large_image\" \/>\n<meta name=\"twitter:label1\" content=\"Arvioitu lukuaika\" \/>\n\t<meta name=\"twitter:data1\" content=\"1 minuutti\" \/>\n<script type=\"application\/ld+json\" class=\"yoast-schema-graph\">{\"@context\":\"https:\\\/\\\/schema.org\",\"@graph\":[{\"@type\":\"WebPage\",\"@id\":\"https:\\\/\\\/nodig.fi\\\/atblom\\\/\",\"url\":\"https:\\\/\\\/nodig.fi\\\/atblom\\\/\",\"name\":\"\u00c4tbara blommor - Tallbacka No Dig Oy Ab\",\"isPartOf\":{\"@id\":\"https:\\\/\\\/nodig.fi\\\/#website\"},\"primaryImageOfPage\":{\"@id\":\"https:\\\/\\\/nodig.fi\\\/atblom\\\/#primaryimage\"},\"image\":{\"@id\":\"https:\\\/\\\/nodig.fi\\\/atblom\\\/#primaryimage\"},\"thumbnailUrl\":\"https:\\\/\\\/nodig.fi\\\/wp-content\\\/uploads\\\/2022\\\/01\\\/atbarablommor2-138x300.jpg\",\"datePublished\":\"2021-03-05T18:00:50+00:00\",\"dateModified\":\"2024-02-27T19:17:46+00:00\",\"breadcrumb\":{\"@id\":\"https:\\\/\\\/nodig.fi\\\/atblom\\\/#breadcrumb\"},\"inLanguage\":\"fi\",\"potentialAction\":[{\"@type\":\"ReadAction\",\"target\":[\"https:\\\/\\\/nodig.fi\\\/atblom\\\/\"]}]},{\"@type\":\"ImageObject\",\"inLanguage\":\"fi\",\"@id\":\"https:\\\/\\\/nodig.fi\\\/atblom\\\/#primaryimage\",\"url\":\"https:\\\/\\\/nodig.fi\\\/wp-content\\\/uploads\\\/2022\\\/01\\\/atbarablommor2-138x300.jpg\",\"contentUrl\":\"https:\\\/\\\/nodig.fi\\\/wp-content\\\/uploads\\\/2022\\\/01\\\/atbarablommor2-138x300.jpg\"},{\"@type\":\"BreadcrumbList\",\"@id\":\"https:\\\/\\\/nodig.fi\\\/atblom\\\/#breadcrumb\",\"itemListElement\":[{\"@type\":\"ListItem\",\"position\":1,\"name\":\"Hem\",\"item\":\"https:\\\/\\\/nodig.fi\\\/\"},{\"@type\":\"ListItem\",\"position\":2,\"name\":\"\u00c4tbara blommor\"}]},{\"@type\":\"WebSite\",\"@id\":\"https:\\\/\\\/nodig.fi\\\/#website\",\"url\":\"https:\\\/\\\/nodig.fi\\\/\",\"name\":\"Nodig - Tallbacka Tr\u00e4dg\u00e5rd\",\"description\":\"\",\"publisher\":{\"@id\":\"https:\\\/\\\/nodig.fi\\\/#organization\"},\"potentialAction\":[{\"@type\":\"SearchAction\",\"target\":{\"@type\":\"EntryPoint\",\"urlTemplate\":\"https:\\\/\\\/nodig.fi\\\/?s={search_term_string}\"},\"query-input\":{\"@type\":\"PropertyValueSpecification\",\"valueRequired\":true,\"valueName\":\"search_term_string\"}}],\"inLanguage\":\"fi\"},{\"@type\":\"Organization\",\"@id\":\"https:\\\/\\\/nodig.fi\\\/#organization\",\"name\":\"Tallbacka No Dig Oy Ab\",\"url\":\"https:\\\/\\\/nodig.fi\\\/\",\"logo\":{\"@type\":\"ImageObject\",\"inLanguage\":\"fi\",\"@id\":\"https:\\\/\\\/nodig.fi\\\/#\\\/schema\\\/logo\\\/image\\\/\",\"url\":\"https:\\\/\\\/nodig.fi\\\/wp-content\\\/uploads\\\/2024\\\/02\\\/no_dig.png\",\"contentUrl\":\"https:\\\/\\\/nodig.fi\\\/wp-content\\\/uploads\\\/2024\\\/02\\\/no_dig.png\",\"width\":814,\"height\":814,\"caption\":\"Tallbacka No Dig Oy Ab\"},\"image\":{\"@id\":\"https:\\\/\\\/nodig.fi\\\/#\\\/schema\\\/logo\\\/image\\\/\"},\"sameAs\":[\"https:\\\/\\\/www.facebook.com\\\/TallbackaNoDig\\\/\"]}]}<\/script>\n<!-- \/ Yoast SEO plugin. -->","yoast_head_json":{"title":"\u00c4tbara blommor - Tallbacka No Dig Oy Ab","robots":{"index":"index","follow":"follow","max-snippet":"max-snippet:-1","max-image-preview":"max-image-preview:large","max-video-preview":"max-video-preview:-1"},"canonical":"https:\/\/nodig.fi\/atblom\/","og_locale":"fi_FI","og_type":"article","og_title":"\u00c4tbara blommor - Tallbacka No Dig Oy Ab","og_description":"SY\u00d6T\u00c4V\u00c4T KUKAT UUSI ALUEVALTAUS KES\u00c4LL\u00c4 2020: SY\u00d6T\u00c4V\u00c4T KUKAT Asiakkaan toiveesta l\u00e4hti kev\u00e4\u00e4ll\u00e4 2020 sy\u00f6t\u00e4vien kukkien viljelykokeilu. Idea on trendik\u00e4s ja mieluisa, luonnonmukaisesti ja l\u00e4hell\u00e4 kasvatetut kukat sopivat oikein hyvin lajivalikoimamme t\u00e4ydent\u00e4jiksi, ajatukseemme puhtaitten herkkujen tuottamisesta ja uusien asioiden oppimisesta. Alkuun suunnittelimme 17 lupaavan kukan valikoiman. Kes\u00e4n aikana saimme sitten kokemusta ja palautetta. Viljelytulokset vaihtelivat, jotkin [&hellip;]","og_url":"https:\/\/nodig.fi\/atblom\/","og_site_name":"Tallbacka No Dig Oy Ab","article_publisher":"https:\/\/www.facebook.com\/TallbackaNoDig\/","article_modified_time":"2024-02-27T19:17:46+00:00","og_image":[{"url":"https:\/\/nodig.fi\/wp-content\/uploads\/2022\/01\/atbarablommor2-138x300.jpg","type":"","width":"","height":""}],"twitter_card":"summary_large_image","twitter_misc":{"Arvioitu lukuaika":"1 minuutti"},"schema":{"@context":"https:\/\/schema.org","@graph":[{"@type":"WebPage","@id":"https:\/\/nodig.fi\/atblom\/","url":"https:\/\/nodig.fi\/atblom\/","name":"\u00c4tbara blommor - Tallbacka No Dig Oy Ab","isPartOf":{"@id":"https:\/\/nodig.fi\/#website"},"primaryImageOfPage":{"@id":"https:\/\/nodig.fi\/atblom\/#primaryimage"},"image":{"@id":"https:\/\/nodig.fi\/atblom\/#primaryimage"},"thumbnailUrl":"https:\/\/nodig.fi\/wp-content\/uploads\/2022\/01\/atbarablommor2-138x300.jpg","datePublished":"2021-03-05T18:00:50+00:00","dateModified":"2024-02-27T19:17:46+00:00","breadcrumb":{"@id":"https:\/\/nodig.fi\/atblom\/#breadcrumb"},"inLanguage":"fi","potentialAction":[{"@type":"ReadAction","target":["https:\/\/nodig.fi\/atblom\/"]}]},{"@type":"ImageObject","inLanguage":"fi","@id":"https:\/\/nodig.fi\/atblom\/#primaryimage","url":"https:\/\/nodig.fi\/wp-content\/uploads\/2022\/01\/atbarablommor2-138x300.jpg","contentUrl":"https:\/\/nodig.fi\/wp-content\/uploads\/2022\/01\/atbarablommor2-138x300.jpg"},{"@type":"BreadcrumbList","@id":"https:\/\/nodig.fi\/atblom\/#breadcrumb","itemListElement":[{"@type":"ListItem","position":1,"name":"Hem","item":"https:\/\/nodig.fi\/"},{"@type":"ListItem","position":2,"name":"\u00c4tbara blommor"}]},{"@type":"WebSite","@id":"https:\/\/nodig.fi\/#website","url":"https:\/\/nodig.fi\/","name":"Nodig - Tallbacka Tr\u00e4dg\u00e5rd","description":"","publisher":{"@id":"https:\/\/nodig.fi\/#organization"},"potentialAction":[{"@type":"SearchAction","target":{"@type":"EntryPoint","urlTemplate":"https:\/\/nodig.fi\/?s={search_term_string}"},"query-input":{"@type":"PropertyValueSpecification","valueRequired":true,"valueName":"search_term_string"}}],"inLanguage":"fi"},{"@type":"Organization","@id":"https:\/\/nodig.fi\/#organization","name":"Tallbacka No Dig Oy Ab","url":"https:\/\/nodig.fi\/","logo":{"@type":"ImageObject","inLanguage":"fi","@id":"https:\/\/nodig.fi\/#\/schema\/logo\/image\/","url":"https:\/\/nodig.fi\/wp-content\/uploads\/2024\/02\/no_dig.png","contentUrl":"https:\/\/nodig.fi\/wp-content\/uploads\/2024\/02\/no_dig.png","width":814,"height":814,"caption":"Tallbacka No Dig Oy Ab"},"image":{"@id":"https:\/\/nodig.fi\/#\/schema\/logo\/image\/"},"sameAs":["https:\/\/www.facebook.com\/TallbackaNoDig\/"]}]}},"_links":{"self":[{"href":"https:\/\/nodig.fi\/fi\/wp-json\/wp\/v2\/pages\/1282","targetHints":{"allow":["GET"]}}],"collection":[{"href":"https:\/\/nodig.fi\/fi\/wp-json\/wp\/v2\/pages"}],"about":[{"href":"https:\/\/nodig.fi\/fi\/wp-json\/wp\/v2\/types\/page"}],"author":[{"embeddable":true,"href":"https:\/\/nodig.fi\/fi\/wp-json\/wp\/v2\/users\/1"}],"replies":[{"embeddable":true,"href":"https:\/\/nodig.fi\/fi\/wp-json\/wp\/v2\/comments?post=1282"}],"version-history":[{"count":5,"href":"https:\/\/nodig.fi\/fi\/wp-json\/wp\/v2\/pages\/1282\/revisions"}],"predecessor-version":[{"id":2018,"href":"https:\/\/nodig.fi\/fi\/wp-json\/wp\/v2\/pages\/1282\/revisions\/2018"}],"wp:attachment":[{"href":"https:\/\/nodig.fi\/fi\/wp-json\/wp\/v2\/media?parent=1282"}],"curies":[{"name":"wp","href":"https:\/\/api.w.org\/{rel}","templated":true}]}}