{"id":3585,"date":"2025-03-12T09:36:08","date_gmt":"2025-03-12T09:36:08","guid":{"rendered":"https:\/\/nodig.fi\/?page_id=3585"},"modified":"2025-03-17T07:54:19","modified_gmt":"2025-03-17T07:54:19","slug":"olavinlampi","status":"publish","type":"page","link":"https:\/\/nodig.fi\/en\/olavinlampi\/","title":{"rendered":"Olavinlampi"},"content":{"rendered":"\t\t<div data-elementor-type=\"wp-page\" data-elementor-id=\"3585\" class=\"elementor elementor-3585\" data-elementor-post-type=\"page\">\n\t\t\t\t\t\t<section class=\"elementor-section elementor-top-section elementor-element elementor-element-71a8519 elementor-section-boxed elementor-section-height-default elementor-section-height-default\" data-id=\"71a8519\" data-element_type=\"section\" data-e-type=\"section\">\n\t\t\t\t\t\t<div class=\"elementor-container elementor-column-gap-default\">\n\t\t\t\t\t<div class=\"elementor-column elementor-col-100 elementor-top-column elementor-element elementor-element-20939f9\" data-id=\"20939f9\" data-element_type=\"column\" data-e-type=\"column\">\n\t\t\t<div class=\"elementor-widget-wrap elementor-element-populated\">\n\t\t\t\t\t\t<div class=\"elementor-element elementor-element-9a5da2f elementor-widget elementor-widget-heading\" data-id=\"9a5da2f\" data-element_type=\"widget\" data-e-type=\"widget\" data-widget_type=\"heading.default\">\n\t\t\t\t<div class=\"elementor-widget-container\">\n\t\t\t\t\t<h1 class=\"elementor-heading-title elementor-size-default\">Olavinlampi<\/h1>\t\t\t\t<\/div>\n\t\t\t\t<\/div>\n\t\t\t\t\t<\/div>\n\t\t<\/div>\n\t\t\t\t\t<\/div>\n\t\t<\/section>\n\t\t\t\t<section class=\"elementor-section elementor-top-section elementor-element elementor-element-9183059 elementor-section-boxed elementor-section-height-default elementor-section-height-default\" data-id=\"9183059\" data-element_type=\"section\" data-e-type=\"section\">\n\t\t\t\t\t\t<div class=\"elementor-container elementor-column-gap-default\">\n\t\t\t\t\t<div class=\"elementor-column elementor-col-100 elementor-top-column elementor-element elementor-element-20ceef8\" data-id=\"20ceef8\" data-element_type=\"column\" data-e-type=\"column\">\n\t\t\t<div class=\"elementor-widget-wrap elementor-element-populated\">\n\t\t\t\t\t\t<div class=\"elementor-element elementor-element-7e16f18 elementor-widget__width-initial elementor-widget elementor-widget-text-editor\" data-id=\"7e16f18\" data-element_type=\"widget\" data-e-type=\"widget\" data-widget_type=\"text-editor.default\">\n\t\t\t\t<div class=\"elementor-widget-container\">\n\t\t\t\t\t\t\t\t\t<p>Lammen kaivuuta valmisteltiin l\u00e4hemm\u00e4s kolme vuotta, 2022-2024.\u00a0<\/p><p>Alue vuokrattiin Paraisten kaupungilta 2022 ja 2023 kaadettiin enimm\u00e4t alueen puista. Vuonna 2024 kaadettiin viel\u00e4 jokunen puu ja pintamaa kaavittiin pois tulevan lammen alueelta. Lopulta maaliskuussa 2025 lampi kaivettiin. Pohjamaan alle kerrostunutta hienoa savea ja hiekkaa on k\u00e4ytetty tiivist\u00e4m\u00e4\u00e4n lammen pohja noin 85 neli\u00f6n kokoiseksi ja syvimmill\u00e4\u00e4n 2 metriseksi. Vesi juoksee lampeen yl\u00e4puoliselta alueelta ja poistuu ojaan alapuolelle.<br \/><br \/><\/p><p>Vaihtuvavetinen luonnonlampi on houkutteleva ymp\u00e4rist\u00f6 sy\u00f6t\u00e4ville vesikasveille, kuten osmank\u00e4\u00e4mille ja isovesikrassille. Mets\u00e4puutarhaideologian mukaisesti istutamme lammen rannalle hopeapajuja, saarnin ja terv\u00e4lepp\u00e4\u00e4, iiriksi\u00e4 ja miekkaliljoja. Lampeen tulee my\u00f6s lumpeita.<br \/><br \/><\/p><p>Vedess\u00e4 viihtyv\u00e4t vesikirput, sammakot, kalat ja hyttysentoukat. Se vet\u00e4\u00e4 puoleensa sammakkoel\u00e4imi\u00e4, sudenkorentoja, lintuja ja ihmisi\u00e4, jotka nauttivat el\u00e4m\u00e4\u00e4 kuhisevasta vesielementist\u00e4.<\/p>\t\t\t\t\t\t\t\t<\/div>\n\t\t\t\t<\/div>\n\t\t\t\t\t<\/div>\n\t\t<\/div>\n\t\t\t\t\t<\/div>\n\t\t<\/section>\n\t\t\t\t<section class=\"elementor-section elementor-top-section elementor-element elementor-element-6efef15 elementor-section-boxed elementor-section-height-default elementor-section-height-default\" data-id=\"6efef15\" data-element_type=\"section\" data-e-type=\"section\">\n\t\t\t\t\t\t<div class=\"elementor-container elementor-column-gap-default\">\n\t\t\t\t\t<div class=\"elementor-column elementor-col-100 elementor-top-column elementor-element elementor-element-cf46eb2\" data-id=\"cf46eb2\" data-element_type=\"column\" data-e-type=\"column\">\n\t\t\t<div class=\"elementor-widget-wrap elementor-element-populated\">\n\t\t\t\t\t\t<div class=\"elementor-element elementor-element-964b493 elementor-widget elementor-widget-image\" data-id=\"964b493\" data-element_type=\"widget\" data-e-type=\"widget\" data-widget_type=\"image.default\">\n\t\t\t\t<div class=\"elementor-widget-container\">\n\t\t\t\t\t\t\t\t\t\t\t\t\t\t\t<img decoding=\"async\" src=\"https:\/\/nodig.fi\/wp-content\/uploads\/elementor\/thumbs\/Bild-till-hemsidans-NYASTE-NYTT-Olofsdammen-swefi-scaled-r2zf7egvcffurhtto314l4h0hmjpj02oex9sjx0xoo.jpg\" title=\"Bild till hemsidans NYASTE NYTT Olofsdammen swe&#038;fi\" alt=\"Bild till hemsidans NYASTE NYTT Olofsdammen swe&amp;fi\" loading=\"lazy\" \/>\t\t\t\t\t\t\t\t\t\t\t\t\t\t\t<\/div>\n\t\t\t\t<\/div>\n\t\t\t\t\t<\/div>\n\t\t<\/div>\n\t\t\t\t\t<\/div>\n\t\t<\/section>\n\t\t\t\t<\/div>\n\t\t","protected":false},"excerpt":{"rendered":"<p>Olavinlampi Lammen kaivuuta valmisteltiin l\u00e4hemm\u00e4s kolme vuotta, 2022-2024.\u00a0 Alue vuokrattiin Paraisten kaupungilta 2022 ja 2023 kaadettiin enimm\u00e4t alueen puista. Vuonna 2024 kaadettiin viel\u00e4 jokunen puu ja pintamaa kaavittiin pois tulevan lammen alueelta. Lopulta maaliskuussa 2025 lampi kaivettiin. Pohjamaan alle kerrostunutta hienoa savea ja hiekkaa on k\u00e4ytetty tiivist\u00e4m\u00e4\u00e4n lammen pohja noin 85 neli\u00f6n kokoiseksi ja syvimmill\u00e4\u00e4n [&hellip;]<\/p>\n","protected":false},"author":6,"featured_media":0,"parent":0,"menu_order":0,"comment_status":"closed","ping_status":"closed","template":"","meta":{"inline_featured_image":false,"site-sidebar-layout":"no-sidebar","site-content-layout":"page-builder","ast-site-content-layout":"full-width-container","site-content-style":"default","site-sidebar-style":"default","ast-global-header-display":"","ast-banner-title-visibility":"","ast-main-header-display":"","ast-hfb-above-header-display":"","ast-hfb-below-header-display":"","ast-hfb-mobile-header-display":"","site-post-title":"disabled","ast-breadcrumbs-content":"","ast-featured-img":"disabled","footer-sml-layout":"","ast-disable-related-posts":"","theme-transparent-header-meta":"","adv-header-id-meta":"","stick-header-meta":"","header-above-stick-meta":"","header-main-stick-meta":"","header-below-stick-meta":"","astra-migrate-meta-layouts":"default","ast-page-background-enabled":"default","ast-page-background-meta":{"desktop":{"background-color":"","background-image":"","background-repeat":"repeat","background-position":"center center","background-size":"auto","background-attachment":"scroll","background-type":"","background-media":"","overlay-type":"","overlay-color":"","overlay-opacity":"","overlay-gradient":""},"tablet":{"background-color":"","background-image":"","background-repeat":"repeat","background-position":"center center","background-size":"auto","background-attachment":"scroll","background-type":"","background-media":"","overlay-type":"","overlay-color":"","overlay-opacity":"","overlay-gradient":""},"mobile":{"background-color":"","background-image":"","background-repeat":"repeat","background-position":"center center","background-size":"auto","background-attachment":"scroll","background-type":"","background-media":"","overlay-type":"","overlay-color":"","overlay-opacity":"","overlay-gradient":""}},"ast-content-background-meta":{"desktop":{"background-color":"var(--ast-global-color-5)","background-image":"","background-repeat":"repeat","background-position":"center center","background-size":"auto","background-attachment":"scroll","background-type":"","background-media":"","overlay-type":"","overlay-color":"","overlay-opacity":"","overlay-gradient":""},"tablet":{"background-color":"var(--ast-global-color-5)","background-image":"","background-repeat":"repeat","background-position":"center center","background-size":"auto","background-attachment":"scroll","background-type":"","background-media":"","overlay-type":"","overlay-color":"","overlay-opacity":"","overlay-gradient":""},"mobile":{"background-color":"var(--ast-global-color-5)","background-image":"","background-repeat":"repeat","background-position":"center center","background-size":"auto","background-attachment":"scroll","background-type":"","background-media":"","overlay-type":"","overlay-color":"","overlay-opacity":"","overlay-gradient":""}},"footnotes":""},"class_list":["post-3585","page","type-page","status-publish","hentry"],"yoast_head":"<!-- This site is optimized with the Yoast SEO plugin v27.5 - https:\/\/yoast.com\/product\/yoast-seo-wordpress\/ -->\n<title>Olavinlampi - Tallbacka Tr\u00e4dg\u00e5rd\/Dialog<\/title>\n<meta name=\"robots\" content=\"index, follow, max-snippet:-1, max-image-preview:large, max-video-preview:-1\" \/>\n<link rel=\"canonical\" href=\"https:\/\/nodig.fi\/olavinlampi\/\" \/>\n<meta property=\"og:locale\" content=\"en_US\" \/>\n<meta property=\"og:type\" content=\"article\" \/>\n<meta property=\"og:title\" content=\"Olavinlampi - Tallbacka Tr\u00e4dg\u00e5rd\/Dialog\" \/>\n<meta property=\"og:description\" content=\"Olavinlampi Lammen kaivuuta valmisteltiin l\u00e4hemm\u00e4s kolme vuotta, 2022-2024.\u00a0 Alue vuokrattiin Paraisten kaupungilta 2022 ja 2023 kaadettiin enimm\u00e4t alueen puista. Vuonna 2024 kaadettiin viel\u00e4 jokunen puu ja pintamaa kaavittiin pois tulevan lammen alueelta. Lopulta maaliskuussa 2025 lampi kaivettiin. Pohjamaan alle kerrostunutta hienoa savea ja hiekkaa on k\u00e4ytetty tiivist\u00e4m\u00e4\u00e4n lammen pohja noin 85 neli\u00f6n kokoiseksi ja syvimmill\u00e4\u00e4n [&hellip;]\" \/>\n<meta property=\"og:url\" content=\"https:\/\/nodig.fi\/olavinlampi\/\" \/>\n<meta property=\"og:site_name\" content=\"Tallbacka Tr\u00e4dg\u00e5rd\/Dialog\" \/>\n<meta property=\"article:publisher\" content=\"https:\/\/www.facebook.com\/TallbackaNoDig\/\" \/>\n<meta property=\"article:modified_time\" content=\"2025-03-17T07:54:19+00:00\" \/>\n<meta property=\"og:image\" content=\"https:\/\/nodig.fi\/wp-content\/uploads\/elementor\/thumbs\/Bild-till-hemsidans-NYASTE-NYTT-Olofsdammen-swefi-scaled-r2zf7egvcffurhtto314l4h0hmjpj02oex9sjx0xoo.jpg\" \/>\n<meta name=\"twitter:card\" content=\"summary_large_image\" \/>\n<meta name=\"twitter:label1\" content=\"Est. reading time\" \/>\n\t<meta name=\"twitter:data1\" content=\"1 minute\" \/>\n<script type=\"application\/ld+json\" class=\"yoast-schema-graph\">{\"@context\":\"https:\\\/\\\/schema.org\",\"@graph\":[{\"@type\":\"WebPage\",\"@id\":\"https:\\\/\\\/nodig.fi\\\/olavinlampi\\\/\",\"url\":\"https:\\\/\\\/nodig.fi\\\/olavinlampi\\\/\",\"name\":\"Olavinlampi - Tallbacka Tr\u00e4dg\u00e5rd\\\/Dialog\",\"isPartOf\":{\"@id\":\"https:\\\/\\\/nodig.fi\\\/#website\"},\"primaryImageOfPage\":{\"@id\":\"https:\\\/\\\/nodig.fi\\\/olavinlampi\\\/#primaryimage\"},\"image\":{\"@id\":\"https:\\\/\\\/nodig.fi\\\/olavinlampi\\\/#primaryimage\"},\"thumbnailUrl\":\"https:\\\/\\\/nodig.fi\\\/wp-content\\\/uploads\\\/elementor\\\/thumbs\\\/Bild-till-hemsidans-NYASTE-NYTT-Olofsdammen-swefi-scaled-r2zf7egvcffurhtto314l4h0hmjpj02oex9sjx0xoo.jpg\",\"datePublished\":\"2025-03-12T09:36:08+00:00\",\"dateModified\":\"2025-03-17T07:54:19+00:00\",\"breadcrumb\":{\"@id\":\"https:\\\/\\\/nodig.fi\\\/olavinlampi\\\/#breadcrumb\"},\"inLanguage\":\"en-US\",\"potentialAction\":[{\"@type\":\"ReadAction\",\"target\":[\"https:\\\/\\\/nodig.fi\\\/olavinlampi\\\/\"]}]},{\"@type\":\"ImageObject\",\"inLanguage\":\"en-US\",\"@id\":\"https:\\\/\\\/nodig.fi\\\/olavinlampi\\\/#primaryimage\",\"url\":\"https:\\\/\\\/nodig.fi\\\/wp-content\\\/uploads\\\/elementor\\\/thumbs\\\/Bild-till-hemsidans-NYASTE-NYTT-Olofsdammen-swefi-scaled-r2zf7egvcffurhtto314l4h0hmjpj02oex9sjx0xoo.jpg\",\"contentUrl\":\"https:\\\/\\\/nodig.fi\\\/wp-content\\\/uploads\\\/elementor\\\/thumbs\\\/Bild-till-hemsidans-NYASTE-NYTT-Olofsdammen-swefi-scaled-r2zf7egvcffurhtto314l4h0hmjpj02oex9sjx0xoo.jpg\"},{\"@type\":\"BreadcrumbList\",\"@id\":\"https:\\\/\\\/nodig.fi\\\/olavinlampi\\\/#breadcrumb\",\"itemListElement\":[{\"@type\":\"ListItem\",\"position\":1,\"name\":\"Hem\",\"item\":\"https:\\\/\\\/nodig.fi\\\/\"},{\"@type\":\"ListItem\",\"position\":2,\"name\":\"Olavinlampi\"}]},{\"@type\":\"WebSite\",\"@id\":\"https:\\\/\\\/nodig.fi\\\/#website\",\"url\":\"https:\\\/\\\/nodig.fi\\\/\",\"name\":\"Nodig - Tallbacka Tr\u00e4dg\u00e5rd\",\"description\":\"\",\"publisher\":{\"@id\":\"https:\\\/\\\/nodig.fi\\\/#organization\"},\"potentialAction\":[{\"@type\":\"SearchAction\",\"target\":{\"@type\":\"EntryPoint\",\"urlTemplate\":\"https:\\\/\\\/nodig.fi\\\/?s={search_term_string}\"},\"query-input\":{\"@type\":\"PropertyValueSpecification\",\"valueRequired\":true,\"valueName\":\"search_term_string\"}}],\"inLanguage\":\"en-US\"},{\"@type\":\"Organization\",\"@id\":\"https:\\\/\\\/nodig.fi\\\/#organization\",\"name\":\"Tallbacka No Dig Oy Ab\",\"url\":\"https:\\\/\\\/nodig.fi\\\/\",\"logo\":{\"@type\":\"ImageObject\",\"inLanguage\":\"en-US\",\"@id\":\"https:\\\/\\\/nodig.fi\\\/#\\\/schema\\\/logo\\\/image\\\/\",\"url\":\"https:\\\/\\\/nodig.fi\\\/wp-content\\\/uploads\\\/2024\\\/02\\\/no_dig.png\",\"contentUrl\":\"https:\\\/\\\/nodig.fi\\\/wp-content\\\/uploads\\\/2024\\\/02\\\/no_dig.png\",\"width\":814,\"height\":814,\"caption\":\"Tallbacka No Dig Oy Ab\"},\"image\":{\"@id\":\"https:\\\/\\\/nodig.fi\\\/#\\\/schema\\\/logo\\\/image\\\/\"},\"sameAs\":[\"https:\\\/\\\/www.facebook.com\\\/TallbackaNoDig\\\/\"]}]}<\/script>\n<!-- \/ Yoast SEO plugin. -->","yoast_head_json":{"title":"Olavinlampi - Tallbacka Tr\u00e4dg\u00e5rd\/Dialog","robots":{"index":"index","follow":"follow","max-snippet":"max-snippet:-1","max-image-preview":"max-image-preview:large","max-video-preview":"max-video-preview:-1"},"canonical":"https:\/\/nodig.fi\/olavinlampi\/","og_locale":"en_US","og_type":"article","og_title":"Olavinlampi - Tallbacka Tr\u00e4dg\u00e5rd\/Dialog","og_description":"Olavinlampi Lammen kaivuuta valmisteltiin l\u00e4hemm\u00e4s kolme vuotta, 2022-2024.\u00a0 Alue vuokrattiin Paraisten kaupungilta 2022 ja 2023 kaadettiin enimm\u00e4t alueen puista. Vuonna 2024 kaadettiin viel\u00e4 jokunen puu ja pintamaa kaavittiin pois tulevan lammen alueelta. Lopulta maaliskuussa 2025 lampi kaivettiin. Pohjamaan alle kerrostunutta hienoa savea ja hiekkaa on k\u00e4ytetty tiivist\u00e4m\u00e4\u00e4n lammen pohja noin 85 neli\u00f6n kokoiseksi ja syvimmill\u00e4\u00e4n [&hellip;]","og_url":"https:\/\/nodig.fi\/olavinlampi\/","og_site_name":"Tallbacka Tr\u00e4dg\u00e5rd\/Dialog","article_publisher":"https:\/\/www.facebook.com\/TallbackaNoDig\/","article_modified_time":"2025-03-17T07:54:19+00:00","og_image":[{"url":"https:\/\/nodig.fi\/wp-content\/uploads\/elementor\/thumbs\/Bild-till-hemsidans-NYASTE-NYTT-Olofsdammen-swefi-scaled-r2zf7egvcffurhtto314l4h0hmjpj02oex9sjx0xoo.jpg","type":"","width":"","height":""}],"twitter_card":"summary_large_image","twitter_misc":{"Est. reading time":"1 minute"},"schema":{"@context":"https:\/\/schema.org","@graph":[{"@type":"WebPage","@id":"https:\/\/nodig.fi\/olavinlampi\/","url":"https:\/\/nodig.fi\/olavinlampi\/","name":"Olavinlampi - Tallbacka Tr\u00e4dg\u00e5rd\/Dialog","isPartOf":{"@id":"https:\/\/nodig.fi\/#website"},"primaryImageOfPage":{"@id":"https:\/\/nodig.fi\/olavinlampi\/#primaryimage"},"image":{"@id":"https:\/\/nodig.fi\/olavinlampi\/#primaryimage"},"thumbnailUrl":"https:\/\/nodig.fi\/wp-content\/uploads\/elementor\/thumbs\/Bild-till-hemsidans-NYASTE-NYTT-Olofsdammen-swefi-scaled-r2zf7egvcffurhtto314l4h0hmjpj02oex9sjx0xoo.jpg","datePublished":"2025-03-12T09:36:08+00:00","dateModified":"2025-03-17T07:54:19+00:00","breadcrumb":{"@id":"https:\/\/nodig.fi\/olavinlampi\/#breadcrumb"},"inLanguage":"en-US","potentialAction":[{"@type":"ReadAction","target":["https:\/\/nodig.fi\/olavinlampi\/"]}]},{"@type":"ImageObject","inLanguage":"en-US","@id":"https:\/\/nodig.fi\/olavinlampi\/#primaryimage","url":"https:\/\/nodig.fi\/wp-content\/uploads\/elementor\/thumbs\/Bild-till-hemsidans-NYASTE-NYTT-Olofsdammen-swefi-scaled-r2zf7egvcffurhtto314l4h0hmjpj02oex9sjx0xoo.jpg","contentUrl":"https:\/\/nodig.fi\/wp-content\/uploads\/elementor\/thumbs\/Bild-till-hemsidans-NYASTE-NYTT-Olofsdammen-swefi-scaled-r2zf7egvcffurhtto314l4h0hmjpj02oex9sjx0xoo.jpg"},{"@type":"BreadcrumbList","@id":"https:\/\/nodig.fi\/olavinlampi\/#breadcrumb","itemListElement":[{"@type":"ListItem","position":1,"name":"Hem","item":"https:\/\/nodig.fi\/"},{"@type":"ListItem","position":2,"name":"Olavinlampi"}]},{"@type":"WebSite","@id":"https:\/\/nodig.fi\/#website","url":"https:\/\/nodig.fi\/","name":"Nodig - Tallbacka Tr\u00e4dg\u00e5rd","description":"","publisher":{"@id":"https:\/\/nodig.fi\/#organization"},"potentialAction":[{"@type":"SearchAction","target":{"@type":"EntryPoint","urlTemplate":"https:\/\/nodig.fi\/?s={search_term_string}"},"query-input":{"@type":"PropertyValueSpecification","valueRequired":true,"valueName":"search_term_string"}}],"inLanguage":"en-US"},{"@type":"Organization","@id":"https:\/\/nodig.fi\/#organization","name":"Tallbacka No Dig Oy Ab","url":"https:\/\/nodig.fi\/","logo":{"@type":"ImageObject","inLanguage":"en-US","@id":"https:\/\/nodig.fi\/#\/schema\/logo\/image\/","url":"https:\/\/nodig.fi\/wp-content\/uploads\/2024\/02\/no_dig.png","contentUrl":"https:\/\/nodig.fi\/wp-content\/uploads\/2024\/02\/no_dig.png","width":814,"height":814,"caption":"Tallbacka No Dig Oy Ab"},"image":{"@id":"https:\/\/nodig.fi\/#\/schema\/logo\/image\/"},"sameAs":["https:\/\/www.facebook.com\/TallbackaNoDig\/"]}]}},"_links":{"self":[{"href":"https:\/\/nodig.fi\/en\/wp-json\/wp\/v2\/pages\/3585","targetHints":{"allow":["GET"]}}],"collection":[{"href":"https:\/\/nodig.fi\/en\/wp-json\/wp\/v2\/pages"}],"about":[{"href":"https:\/\/nodig.fi\/en\/wp-json\/wp\/v2\/types\/page"}],"author":[{"embeddable":true,"href":"https:\/\/nodig.fi\/en\/wp-json\/wp\/v2\/users\/6"}],"replies":[{"embeddable":true,"href":"https:\/\/nodig.fi\/en\/wp-json\/wp\/v2\/comments?post=3585"}],"version-history":[{"count":6,"href":"https:\/\/nodig.fi\/en\/wp-json\/wp\/v2\/pages\/3585\/revisions"}],"predecessor-version":[{"id":3705,"href":"https:\/\/nodig.fi\/en\/wp-json\/wp\/v2\/pages\/3585\/revisions\/3705"}],"wp:attachment":[{"href":"https:\/\/nodig.fi\/en\/wp-json\/wp\/v2\/media?parent=3585"}],"curies":[{"name":"wp","href":"https:\/\/api.w.org\/{rel}","templated":true}]}}