{"id":28,"date":"2020-03-05T09:38:32","date_gmt":"2020-03-05T09:38:32","guid":{"rendered":"https:\/\/nodig.fi\/?page_id=28"},"modified":"2020-06-25T18:39:35","modified_gmt":"2020-06-25T18:39:35","slug":"tallbacka-tradgard","status":"publish","type":"page","link":"https:\/\/nodig.fi\/en\/tallbacka-tradgard\/","title":{"rendered":"Tallbacka Tr\u00e4dg\u00e5rd"},"content":{"rendered":"<p>Sidor relaterade till Tallbacka Tr\u00e4dg\u00e5rd<img fetchpriority=\"high\" decoding=\"async\" class=\"alignnone size-medium wp-image-25\" src=\"https:\/\/nodig.fi\/wp-content\/uploads\/2020\/03\/378D67C1-F089-4EF1-8080-A2F8FC9AFACE-300x225.jpeg\" alt=\"\" width=\"300\" height=\"225\" srcset=\"https:\/\/nodig.fi\/wp-content\/uploads\/2020\/03\/378D67C1-F089-4EF1-8080-A2F8FC9AFACE-300x225.jpeg 300w, https:\/\/nodig.fi\/wp-content\/uploads\/2020\/03\/378D67C1-F089-4EF1-8080-A2F8FC9AFACE.jpeg 320w\" sizes=\"(max-width: 300px) 100vw, 300px\" \/><br \/>\n<!--more--><\/p>\n","protected":false},"excerpt":{"rendered":"<p>Sidor relaterade till Tallbacka Tr\u00e4dg\u00e5rd<\/p>\n","protected":false},"author":1,"featured_media":0,"parent":0,"menu_order":0,"comment_status":"closed","ping_status":"closed","template":"","meta":{"inline_featured_image":false,"site-sidebar-layout":"default","site-content-layout":"","ast-site-content-layout":"default","site-content-style":"default","site-sidebar-style":"default","ast-global-header-display":"","ast-banner-title-visibility":"","ast-main-header-display":"","ast-hfb-above-header-display":"","ast-hfb-below-header-display":"","ast-hfb-mobile-header-display":"","site-post-title":"","ast-breadcrumbs-content":"","ast-featured-img":"","footer-sml-layout":"","ast-disable-related-posts":"","theme-transparent-header-meta":"","adv-header-id-meta":"","stick-header-meta":"","header-above-stick-meta":"","header-main-stick-meta":"","header-below-stick-meta":"","astra-migrate-meta-layouts":"default","ast-page-background-enabled":"default","ast-page-background-meta":{"desktop":{"background-color":"","background-image":"","background-repeat":"repeat","background-position":"center center","background-size":"auto","background-attachment":"scroll","background-type":"","background-media":"","overlay-type":"","overlay-color":"","overlay-opacity":"","overlay-gradient":""},"tablet":{"background-color":"","background-image":"","background-repeat":"repeat","background-position":"center center","background-size":"auto","background-attachment":"scroll","background-type":"","background-media":"","overlay-type":"","overlay-color":"","overlay-opacity":"","overlay-gradient":""},"mobile":{"background-color":"","background-image":"","background-repeat":"repeat","background-position":"center center","background-size":"auto","background-attachment":"scroll","background-type":"","background-media":"","overlay-type":"","overlay-color":"","overlay-opacity":"","overlay-gradient":""}},"ast-content-background-meta":{"desktop":{"background-color":"var(--ast-global-color-5)","background-image":"","background-repeat":"repeat","background-position":"center center","background-size":"auto","background-attachment":"scroll","background-type":"","background-media":"","overlay-type":"","overlay-color":"","overlay-opacity":"","overlay-gradient":""},"tablet":{"background-color":"var(--ast-global-color-5)","background-image":"","background-repeat":"repeat","background-position":"center center","background-size":"auto","background-attachment":"scroll","background-type":"","background-media":"","overlay-type":"","overlay-color":"","overlay-opacity":"","overlay-gradient":""},"mobile":{"background-color":"var(--ast-global-color-5)","background-image":"","background-repeat":"repeat","background-position":"center center","background-size":"auto","background-attachment":"scroll","background-type":"","background-media":"","overlay-type":"","overlay-color":"","overlay-opacity":"","overlay-gradient":""}},"footnotes":""},"class_list":["post-28","page","type-page","status-publish","hentry"],"yoast_head":"<!-- This site is optimized with the Yoast SEO plugin v27.5 - https:\/\/yoast.com\/product\/yoast-seo-wordpress\/ -->\n<title>Tallbacka Tr\u00e4dg\u00e5rd - Tallbacka Tr\u00e4dg\u00e5rd\/Dialog<\/title>\n<meta name=\"robots\" content=\"index, follow, max-snippet:-1, max-image-preview:large, max-video-preview:-1\" \/>\n<link rel=\"canonical\" href=\"https:\/\/nodig.fi\/en\/tallbacka-tradgard\/\" \/>\n<meta property=\"og:locale\" content=\"en_US\" \/>\n<meta property=\"og:type\" content=\"article\" \/>\n<meta property=\"og:title\" content=\"Tallbacka Tr\u00e4dg\u00e5rd - Tallbacka Tr\u00e4dg\u00e5rd\/Dialog\" \/>\n<meta property=\"og:description\" content=\"Sidor relaterade till Tallbacka Tr\u00e4dg\u00e5rd\" \/>\n<meta property=\"og:url\" content=\"https:\/\/nodig.fi\/en\/tallbacka-tradgard\/\" \/>\n<meta property=\"og:site_name\" content=\"Tallbacka Tr\u00e4dg\u00e5rd\/Dialog\" \/>\n<meta property=\"article:publisher\" content=\"https:\/\/www.facebook.com\/TallbackaNoDig\/\" \/>\n<meta property=\"article:modified_time\" content=\"2020-06-25T18:39:35+00:00\" \/>\n<meta property=\"og:image\" content=\"https:\/\/nodig.fi\/wp-content\/uploads\/2020\/03\/378D67C1-F089-4EF1-8080-A2F8FC9AFACE-300x225.jpeg\" \/>\n<meta name=\"twitter:card\" content=\"summary_large_image\" \/>\n<script type=\"application\/ld+json\" class=\"yoast-schema-graph\">{\"@context\":\"https:\\\/\\\/schema.org\",\"@graph\":[{\"@type\":\"WebPage\",\"@id\":\"https:\\\/\\\/nodig.fi\\\/en\\\/tallbacka-tradgard\\\/\",\"url\":\"https:\\\/\\\/nodig.fi\\\/en\\\/tallbacka-tradgard\\\/\",\"name\":\"Tallbacka Tr\u00e4dg\u00e5rd - Tallbacka Tr\u00e4dg\u00e5rd\\\/Dialog\",\"isPartOf\":{\"@id\":\"https:\\\/\\\/nodig.fi\\\/#website\"},\"primaryImageOfPage\":{\"@id\":\"https:\\\/\\\/nodig.fi\\\/en\\\/tallbacka-tradgard\\\/#primaryimage\"},\"image\":{\"@id\":\"https:\\\/\\\/nodig.fi\\\/en\\\/tallbacka-tradgard\\\/#primaryimage\"},\"thumbnailUrl\":\"https:\\\/\\\/nodig.fi\\\/wp-content\\\/uploads\\\/2020\\\/03\\\/378D67C1-F089-4EF1-8080-A2F8FC9AFACE-300x225.jpeg\",\"datePublished\":\"2020-03-05T09:38:32+00:00\",\"dateModified\":\"2020-06-25T18:39:35+00:00\",\"breadcrumb\":{\"@id\":\"https:\\\/\\\/nodig.fi\\\/en\\\/tallbacka-tradgard\\\/#breadcrumb\"},\"inLanguage\":\"en-US\",\"potentialAction\":[{\"@type\":\"ReadAction\",\"target\":[\"https:\\\/\\\/nodig.fi\\\/en\\\/tallbacka-tradgard\\\/\"]}]},{\"@type\":\"ImageObject\",\"inLanguage\":\"en-US\",\"@id\":\"https:\\\/\\\/nodig.fi\\\/en\\\/tallbacka-tradgard\\\/#primaryimage\",\"url\":\"https:\\\/\\\/nodig.fi\\\/wp-content\\\/uploads\\\/2020\\\/03\\\/378D67C1-F089-4EF1-8080-A2F8FC9AFACE-300x225.jpeg\",\"contentUrl\":\"https:\\\/\\\/nodig.fi\\\/wp-content\\\/uploads\\\/2020\\\/03\\\/378D67C1-F089-4EF1-8080-A2F8FC9AFACE-300x225.jpeg\"},{\"@type\":\"BreadcrumbList\",\"@id\":\"https:\\\/\\\/nodig.fi\\\/en\\\/tallbacka-tradgard\\\/#breadcrumb\",\"itemListElement\":[{\"@type\":\"ListItem\",\"position\":1,\"name\":\"Hem\",\"item\":\"https:\\\/\\\/nodig.fi\\\/\"},{\"@type\":\"ListItem\",\"position\":2,\"name\":\"Tallbacka Tr\u00e4dg\u00e5rd\"}]},{\"@type\":\"WebSite\",\"@id\":\"https:\\\/\\\/nodig.fi\\\/#website\",\"url\":\"https:\\\/\\\/nodig.fi\\\/\",\"name\":\"Nodig - Tallbacka Tr\u00e4dg\u00e5rd\",\"description\":\"\",\"publisher\":{\"@id\":\"https:\\\/\\\/nodig.fi\\\/#organization\"},\"potentialAction\":[{\"@type\":\"SearchAction\",\"target\":{\"@type\":\"EntryPoint\",\"urlTemplate\":\"https:\\\/\\\/nodig.fi\\\/?s={search_term_string}\"},\"query-input\":{\"@type\":\"PropertyValueSpecification\",\"valueRequired\":true,\"valueName\":\"search_term_string\"}}],\"inLanguage\":\"en-US\"},{\"@type\":\"Organization\",\"@id\":\"https:\\\/\\\/nodig.fi\\\/#organization\",\"name\":\"Tallbacka No Dig Oy Ab\",\"url\":\"https:\\\/\\\/nodig.fi\\\/\",\"logo\":{\"@type\":\"ImageObject\",\"inLanguage\":\"en-US\",\"@id\":\"https:\\\/\\\/nodig.fi\\\/#\\\/schema\\\/logo\\\/image\\\/\",\"url\":\"https:\\\/\\\/nodig.fi\\\/wp-content\\\/uploads\\\/2024\\\/02\\\/no_dig.png\",\"contentUrl\":\"https:\\\/\\\/nodig.fi\\\/wp-content\\\/uploads\\\/2024\\\/02\\\/no_dig.png\",\"width\":814,\"height\":814,\"caption\":\"Tallbacka No Dig Oy Ab\"},\"image\":{\"@id\":\"https:\\\/\\\/nodig.fi\\\/#\\\/schema\\\/logo\\\/image\\\/\"},\"sameAs\":[\"https:\\\/\\\/www.facebook.com\\\/TallbackaNoDig\\\/\"]}]}<\/script>\n<!-- \/ Yoast SEO plugin. -->","yoast_head_json":{"title":"Tallbacka Tr\u00e4dg\u00e5rd - Tallbacka Tr\u00e4dg\u00e5rd\/Dialog","robots":{"index":"index","follow":"follow","max-snippet":"max-snippet:-1","max-image-preview":"max-image-preview:large","max-video-preview":"max-video-preview:-1"},"canonical":"https:\/\/nodig.fi\/en\/tallbacka-tradgard\/","og_locale":"en_US","og_type":"article","og_title":"Tallbacka Tr\u00e4dg\u00e5rd - Tallbacka Tr\u00e4dg\u00e5rd\/Dialog","og_description":"Sidor relaterade till Tallbacka Tr\u00e4dg\u00e5rd","og_url":"https:\/\/nodig.fi\/en\/tallbacka-tradgard\/","og_site_name":"Tallbacka Tr\u00e4dg\u00e5rd\/Dialog","article_publisher":"https:\/\/www.facebook.com\/TallbackaNoDig\/","article_modified_time":"2020-06-25T18:39:35+00:00","og_image":[{"url":"https:\/\/nodig.fi\/wp-content\/uploads\/2020\/03\/378D67C1-F089-4EF1-8080-A2F8FC9AFACE-300x225.jpeg","type":"","width":"","height":""}],"twitter_card":"summary_large_image","schema":{"@context":"https:\/\/schema.org","@graph":[{"@type":"WebPage","@id":"https:\/\/nodig.fi\/en\/tallbacka-tradgard\/","url":"https:\/\/nodig.fi\/en\/tallbacka-tradgard\/","name":"Tallbacka Tr\u00e4dg\u00e5rd - Tallbacka Tr\u00e4dg\u00e5rd\/Dialog","isPartOf":{"@id":"https:\/\/nodig.fi\/#website"},"primaryImageOfPage":{"@id":"https:\/\/nodig.fi\/en\/tallbacka-tradgard\/#primaryimage"},"image":{"@id":"https:\/\/nodig.fi\/en\/tallbacka-tradgard\/#primaryimage"},"thumbnailUrl":"https:\/\/nodig.fi\/wp-content\/uploads\/2020\/03\/378D67C1-F089-4EF1-8080-A2F8FC9AFACE-300x225.jpeg","datePublished":"2020-03-05T09:38:32+00:00","dateModified":"2020-06-25T18:39:35+00:00","breadcrumb":{"@id":"https:\/\/nodig.fi\/en\/tallbacka-tradgard\/#breadcrumb"},"inLanguage":"en-US","potentialAction":[{"@type":"ReadAction","target":["https:\/\/nodig.fi\/en\/tallbacka-tradgard\/"]}]},{"@type":"ImageObject","inLanguage":"en-US","@id":"https:\/\/nodig.fi\/en\/tallbacka-tradgard\/#primaryimage","url":"https:\/\/nodig.fi\/wp-content\/uploads\/2020\/03\/378D67C1-F089-4EF1-8080-A2F8FC9AFACE-300x225.jpeg","contentUrl":"https:\/\/nodig.fi\/wp-content\/uploads\/2020\/03\/378D67C1-F089-4EF1-8080-A2F8FC9AFACE-300x225.jpeg"},{"@type":"BreadcrumbList","@id":"https:\/\/nodig.fi\/en\/tallbacka-tradgard\/#breadcrumb","itemListElement":[{"@type":"ListItem","position":1,"name":"Hem","item":"https:\/\/nodig.fi\/"},{"@type":"ListItem","position":2,"name":"Tallbacka Tr\u00e4dg\u00e5rd"}]},{"@type":"WebSite","@id":"https:\/\/nodig.fi\/#website","url":"https:\/\/nodig.fi\/","name":"Nodig - Tallbacka Tr\u00e4dg\u00e5rd","description":"","publisher":{"@id":"https:\/\/nodig.fi\/#organization"},"potentialAction":[{"@type":"SearchAction","target":{"@type":"EntryPoint","urlTemplate":"https:\/\/nodig.fi\/?s={search_term_string}"},"query-input":{"@type":"PropertyValueSpecification","valueRequired":true,"valueName":"search_term_string"}}],"inLanguage":"en-US"},{"@type":"Organization","@id":"https:\/\/nodig.fi\/#organization","name":"Tallbacka No Dig Oy Ab","url":"https:\/\/nodig.fi\/","logo":{"@type":"ImageObject","inLanguage":"en-US","@id":"https:\/\/nodig.fi\/#\/schema\/logo\/image\/","url":"https:\/\/nodig.fi\/wp-content\/uploads\/2024\/02\/no_dig.png","contentUrl":"https:\/\/nodig.fi\/wp-content\/uploads\/2024\/02\/no_dig.png","width":814,"height":814,"caption":"Tallbacka No Dig Oy Ab"},"image":{"@id":"https:\/\/nodig.fi\/#\/schema\/logo\/image\/"},"sameAs":["https:\/\/www.facebook.com\/TallbackaNoDig\/"]}]}},"_links":{"self":[{"href":"https:\/\/nodig.fi\/en\/wp-json\/wp\/v2\/pages\/28","targetHints":{"allow":["GET"]}}],"collection":[{"href":"https:\/\/nodig.fi\/en\/wp-json\/wp\/v2\/pages"}],"about":[{"href":"https:\/\/nodig.fi\/en\/wp-json\/wp\/v2\/types\/page"}],"author":[{"embeddable":true,"href":"https:\/\/nodig.fi\/en\/wp-json\/wp\/v2\/users\/1"}],"replies":[{"embeddable":true,"href":"https:\/\/nodig.fi\/en\/wp-json\/wp\/v2\/comments?post=28"}],"version-history":[{"count":5,"href":"https:\/\/nodig.fi\/en\/wp-json\/wp\/v2\/pages\/28\/revisions"}],"predecessor-version":[{"id":45,"href":"https:\/\/nodig.fi\/en\/wp-json\/wp\/v2\/pages\/28\/revisions\/45"}],"wp:attachment":[{"href":"https:\/\/nodig.fi\/en\/wp-json\/wp\/v2\/media?parent=28"}],"curies":[{"name":"wp","href":"https:\/\/api.w.org\/{rel}","templated":true}]}}