{"id":1895,"date":"2022-01-26T13:55:25","date_gmt":"2022-01-26T13:55:25","guid":{"rendered":"https:\/\/nodig.fi\/nuts\/"},"modified":"2022-01-26T13:56:35","modified_gmt":"2022-01-26T13:56:35","slug":"nuts","status":"publish","type":"page","link":"https:\/\/nodig.fi\/en\/nuts\/","title":{"rendered":"Nuts"},"content":{"rendered":"\t\t<div data-elementor-type=\"wp-page\" data-elementor-id=\"1895\" class=\"elementor elementor-1895 elementor-1852\" data-elementor-post-type=\"page\">\n\t\t\t\t\t\t<section class=\"elementor-section elementor-top-section elementor-element elementor-element-a2ab403 elementor-section-boxed elementor-section-height-default elementor-section-height-default\" data-id=\"a2ab403\" data-element_type=\"section\" data-e-type=\"section\">\n\t\t\t\t\t\t<div class=\"elementor-container elementor-column-gap-default\">\n\t\t\t\t\t<div class=\"elementor-column elementor-col-100 elementor-top-column elementor-element elementor-element-3870ddd\" data-id=\"3870ddd\" data-element_type=\"column\" data-e-type=\"column\">\n\t\t\t<div class=\"elementor-widget-wrap elementor-element-populated\">\n\t\t\t\t\t\t<div class=\"elementor-element elementor-element-6473836 elementor-widget elementor-widget-heading\" data-id=\"6473836\" data-element_type=\"widget\" data-e-type=\"widget\" data-widget_type=\"heading.default\">\n\t\t\t\t<div class=\"elementor-widget-container\">\n\t\t\t\t\t<h2 class=\"elementor-heading-title elementor-size-default\">Nuts<\/h2>\t\t\t\t<\/div>\n\t\t\t\t<\/div>\n\t\t\t\t\t<\/div>\n\t\t<\/div>\n\t\t\t\t\t<\/div>\n\t\t<\/section>\n\t\t\t\t<section class=\"elementor-section elementor-top-section elementor-element elementor-element-a98811e elementor-section-boxed elementor-section-height-default elementor-section-height-default\" data-id=\"a98811e\" data-element_type=\"section\" data-e-type=\"section\">\n\t\t\t\t\t\t<div class=\"elementor-container elementor-column-gap-default\">\n\t\t\t\t\t<div class=\"elementor-column elementor-col-100 elementor-top-column elementor-element elementor-element-58f8ddb\" data-id=\"58f8ddb\" data-element_type=\"column\" data-e-type=\"column\">\n\t\t\t<div class=\"elementor-widget-wrap elementor-element-populated\">\n\t\t\t\t\t\t<div class=\"elementor-element elementor-element-bb57911 elementor-widget elementor-widget-text-editor\" data-id=\"bb57911\" data-element_type=\"widget\" data-e-type=\"widget\" data-widget_type=\"text-editor.default\">\n\t\t\t\t<div class=\"elementor-widget-container\">\n\t\t\t\t\t\t\t\t\t<p>One of the basic ideas of the forest garden ideology is to grow food in the natural environment, hence the name forest garden. The natural growth of trees, bushes and under-vegetation in an area helps us to imitate and understand how plants help each other. Diversity is useful for fruit trees as is the protection and stimulation that, for example, hazel and the insects that thrive with hazel, can add to an orchard.<\/p>\n<p>In the archipelago hazel nuts have been collected despite the natural competition from birds and  red squirrels. The wood that hazel offers has been used for making barrels and kegs. As truffles also thrive together with hazel this can give a double harvest.<\/p>\n<p>We have different varieties of hazel at Tallbacka. Alongside the domestic kind (we have 19) we also  have Turkish hazel (10) which in warmer climes is a tree with clusters of nuts, a red American hazel and a middle European variety with large nuts. Together with these we have different types of walnut trees (7) which we try to grow to see how well they thrive and produce nuts in our ever warmer climate.<\/p>\n<p>A newly started project about nuts (2020) with  Vakka-Suomen taimisto and  Arboretum Mustila involves an attempt to continue refining the domestic varieties of hazel in order to be able to grow hazelnuts in Finland on a commercial scale. The following link takes you to a <a href=\"https:\/\/www.vakkataimi.fi\/_files\/ugd\/c6e88f_22dec9ef8f0448f8afaeb1011a5a070b.pdf\">document about the project<\/a> (in Finnish)<\/p>\n<p>One of the foreground figures in this project is Joel Rosenberg who has written the first Finnish book on nuts <em><strong>P\u00e4hkin\u00f6it\u00e4 omasta puutarhasta<\/strong><\/em> (Nuts from your own garden), Into 2021.<\/p>\n\t\t\t\t\t\t\t\t<\/div>\n\t\t\t\t<\/div>\n\t\t\t\t\t<\/div>\n\t\t<\/div>\n\t\t\t\t\t<\/div>\n\t\t<\/section>\n\t\t\t\t<\/div>\n\t\t","protected":false},"excerpt":{"rendered":"<p>Nuts One of the basic ideas of the forest garden ideology is to grow food in the natural environment, hence the name forest garden. The natural growth of trees, bushes and under-vegetation in an area helps us to imitate and understand how plants help each other. Diversity is useful for fruit trees as is the [&hellip;]<\/p>\n","protected":false},"author":1,"featured_media":0,"parent":0,"menu_order":0,"comment_status":"closed","ping_status":"closed","template":"","meta":{"inline_featured_image":false,"site-sidebar-layout":"no-sidebar","site-content-layout":"page-builder","ast-site-content-layout":"default","site-content-style":"default","site-sidebar-style":"default","ast-global-header-display":"","ast-banner-title-visibility":"","ast-main-header-display":"","ast-hfb-above-header-display":"","ast-hfb-below-header-display":"","ast-hfb-mobile-header-display":"","site-post-title":"disabled","ast-breadcrumbs-content":"","ast-featured-img":"disabled","footer-sml-layout":"","ast-disable-related-posts":"","theme-transparent-header-meta":"","adv-header-id-meta":"","stick-header-meta":"","header-above-stick-meta":"","header-main-stick-meta":"","header-below-stick-meta":"","astra-migrate-meta-layouts":"default","ast-page-background-enabled":"default","ast-page-background-meta":{"desktop":{"background-color":"","background-image":"","background-repeat":"repeat","background-position":"center center","background-size":"auto","background-attachment":"scroll","background-type":"","background-media":"","overlay-type":"","overlay-color":"","overlay-opacity":"","overlay-gradient":""},"tablet":{"background-color":"","background-image":"","background-repeat":"repeat","background-position":"center center","background-size":"auto","background-attachment":"scroll","background-type":"","background-media":"","overlay-type":"","overlay-color":"","overlay-opacity":"","overlay-gradient":""},"mobile":{"background-color":"","background-image":"","background-repeat":"repeat","background-position":"center center","background-size":"auto","background-attachment":"scroll","background-type":"","background-media":"","overlay-type":"","overlay-color":"","overlay-opacity":"","overlay-gradient":""}},"ast-content-background-meta":{"desktop":{"background-color":"var(--ast-global-color-5)","background-image":"","background-repeat":"repeat","background-position":"center center","background-size":"auto","background-attachment":"scroll","background-type":"","background-media":"","overlay-type":"","overlay-color":"","overlay-opacity":"","overlay-gradient":""},"tablet":{"background-color":"var(--ast-global-color-5)","background-image":"","background-repeat":"repeat","background-position":"center center","background-size":"auto","background-attachment":"scroll","background-type":"","background-media":"","overlay-type":"","overlay-color":"","overlay-opacity":"","overlay-gradient":""},"mobile":{"background-color":"var(--ast-global-color-5)","background-image":"","background-repeat":"repeat","background-position":"center center","background-size":"auto","background-attachment":"scroll","background-type":"","background-media":"","overlay-type":"","overlay-color":"","overlay-opacity":"","overlay-gradient":""}},"footnotes":""},"class_list":["post-1895","page","type-page","status-publish","hentry"],"yoast_head":"<!-- This site is optimized with the Yoast SEO plugin v27.5 - https:\/\/yoast.com\/product\/yoast-seo-wordpress\/ -->\n<title>Nuts - Tallbacka Tr\u00e4dg\u00e5rd\/Dialog<\/title>\n<meta name=\"robots\" content=\"index, follow, max-snippet:-1, max-image-preview:large, max-video-preview:-1\" \/>\n<link rel=\"canonical\" href=\"https:\/\/nodig.fi\/en\/nuts\/\" \/>\n<meta property=\"og:locale\" content=\"en_US\" \/>\n<meta property=\"og:type\" content=\"article\" \/>\n<meta property=\"og:title\" content=\"Nuts - Tallbacka Tr\u00e4dg\u00e5rd\/Dialog\" \/>\n<meta property=\"og:description\" content=\"Nuts One of the basic ideas of the forest garden ideology is to grow food in the natural environment, hence the name forest garden. The natural growth of trees, bushes and under-vegetation in an area helps us to imitate and understand how plants help each other. Diversity is useful for fruit trees as is the [&hellip;]\" \/>\n<meta property=\"og:url\" content=\"https:\/\/nodig.fi\/en\/nuts\/\" \/>\n<meta property=\"og:site_name\" content=\"Tallbacka Tr\u00e4dg\u00e5rd\/Dialog\" \/>\n<meta property=\"article:publisher\" content=\"https:\/\/www.facebook.com\/TallbackaNoDig\/\" \/>\n<meta property=\"article:modified_time\" content=\"2022-01-26T13:56:35+00:00\" \/>\n<meta name=\"twitter:card\" content=\"summary_large_image\" \/>\n<meta name=\"twitter:label1\" content=\"Est. reading time\" \/>\n\t<meta name=\"twitter:data1\" content=\"1 minute\" \/>\n<script type=\"application\/ld+json\" class=\"yoast-schema-graph\">{\"@context\":\"https:\\\/\\\/schema.org\",\"@graph\":[{\"@type\":\"WebPage\",\"@id\":\"https:\\\/\\\/nodig.fi\\\/en\\\/nuts\\\/\",\"url\":\"https:\\\/\\\/nodig.fi\\\/en\\\/nuts\\\/\",\"name\":\"Nuts - Tallbacka Tr\u00e4dg\u00e5rd\\\/Dialog\",\"isPartOf\":{\"@id\":\"https:\\\/\\\/nodig.fi\\\/#website\"},\"datePublished\":\"2022-01-26T13:55:25+00:00\",\"dateModified\":\"2022-01-26T13:56:35+00:00\",\"breadcrumb\":{\"@id\":\"https:\\\/\\\/nodig.fi\\\/en\\\/nuts\\\/#breadcrumb\"},\"inLanguage\":\"en-US\",\"potentialAction\":[{\"@type\":\"ReadAction\",\"target\":[\"https:\\\/\\\/nodig.fi\\\/en\\\/nuts\\\/\"]}]},{\"@type\":\"BreadcrumbList\",\"@id\":\"https:\\\/\\\/nodig.fi\\\/en\\\/nuts\\\/#breadcrumb\",\"itemListElement\":[{\"@type\":\"ListItem\",\"position\":1,\"name\":\"Hem\",\"item\":\"https:\\\/\\\/nodig.fi\\\/\"},{\"@type\":\"ListItem\",\"position\":2,\"name\":\"Nuts\"}]},{\"@type\":\"WebSite\",\"@id\":\"https:\\\/\\\/nodig.fi\\\/#website\",\"url\":\"https:\\\/\\\/nodig.fi\\\/\",\"name\":\"Nodig - Tallbacka Tr\u00e4dg\u00e5rd\",\"description\":\"\",\"publisher\":{\"@id\":\"https:\\\/\\\/nodig.fi\\\/#organization\"},\"potentialAction\":[{\"@type\":\"SearchAction\",\"target\":{\"@type\":\"EntryPoint\",\"urlTemplate\":\"https:\\\/\\\/nodig.fi\\\/?s={search_term_string}\"},\"query-input\":{\"@type\":\"PropertyValueSpecification\",\"valueRequired\":true,\"valueName\":\"search_term_string\"}}],\"inLanguage\":\"en-US\"},{\"@type\":\"Organization\",\"@id\":\"https:\\\/\\\/nodig.fi\\\/#organization\",\"name\":\"Tallbacka No Dig Oy Ab\",\"url\":\"https:\\\/\\\/nodig.fi\\\/\",\"logo\":{\"@type\":\"ImageObject\",\"inLanguage\":\"en-US\",\"@id\":\"https:\\\/\\\/nodig.fi\\\/#\\\/schema\\\/logo\\\/image\\\/\",\"url\":\"https:\\\/\\\/nodig.fi\\\/wp-content\\\/uploads\\\/2024\\\/02\\\/no_dig.png\",\"contentUrl\":\"https:\\\/\\\/nodig.fi\\\/wp-content\\\/uploads\\\/2024\\\/02\\\/no_dig.png\",\"width\":814,\"height\":814,\"caption\":\"Tallbacka No Dig Oy Ab\"},\"image\":{\"@id\":\"https:\\\/\\\/nodig.fi\\\/#\\\/schema\\\/logo\\\/image\\\/\"},\"sameAs\":[\"https:\\\/\\\/www.facebook.com\\\/TallbackaNoDig\\\/\"]}]}<\/script>\n<!-- \/ Yoast SEO plugin. -->","yoast_head_json":{"title":"Nuts - Tallbacka Tr\u00e4dg\u00e5rd\/Dialog","robots":{"index":"index","follow":"follow","max-snippet":"max-snippet:-1","max-image-preview":"max-image-preview:large","max-video-preview":"max-video-preview:-1"},"canonical":"https:\/\/nodig.fi\/en\/nuts\/","og_locale":"en_US","og_type":"article","og_title":"Nuts - Tallbacka Tr\u00e4dg\u00e5rd\/Dialog","og_description":"Nuts One of the basic ideas of the forest garden ideology is to grow food in the natural environment, hence the name forest garden. The natural growth of trees, bushes and under-vegetation in an area helps us to imitate and understand how plants help each other. Diversity is useful for fruit trees as is the [&hellip;]","og_url":"https:\/\/nodig.fi\/en\/nuts\/","og_site_name":"Tallbacka Tr\u00e4dg\u00e5rd\/Dialog","article_publisher":"https:\/\/www.facebook.com\/TallbackaNoDig\/","article_modified_time":"2022-01-26T13:56:35+00:00","twitter_card":"summary_large_image","twitter_misc":{"Est. reading time":"1 minute"},"schema":{"@context":"https:\/\/schema.org","@graph":[{"@type":"WebPage","@id":"https:\/\/nodig.fi\/en\/nuts\/","url":"https:\/\/nodig.fi\/en\/nuts\/","name":"Nuts - Tallbacka Tr\u00e4dg\u00e5rd\/Dialog","isPartOf":{"@id":"https:\/\/nodig.fi\/#website"},"datePublished":"2022-01-26T13:55:25+00:00","dateModified":"2022-01-26T13:56:35+00:00","breadcrumb":{"@id":"https:\/\/nodig.fi\/en\/nuts\/#breadcrumb"},"inLanguage":"en-US","potentialAction":[{"@type":"ReadAction","target":["https:\/\/nodig.fi\/en\/nuts\/"]}]},{"@type":"BreadcrumbList","@id":"https:\/\/nodig.fi\/en\/nuts\/#breadcrumb","itemListElement":[{"@type":"ListItem","position":1,"name":"Hem","item":"https:\/\/nodig.fi\/"},{"@type":"ListItem","position":2,"name":"Nuts"}]},{"@type":"WebSite","@id":"https:\/\/nodig.fi\/#website","url":"https:\/\/nodig.fi\/","name":"Nodig - Tallbacka Tr\u00e4dg\u00e5rd","description":"","publisher":{"@id":"https:\/\/nodig.fi\/#organization"},"potentialAction":[{"@type":"SearchAction","target":{"@type":"EntryPoint","urlTemplate":"https:\/\/nodig.fi\/?s={search_term_string}"},"query-input":{"@type":"PropertyValueSpecification","valueRequired":true,"valueName":"search_term_string"}}],"inLanguage":"en-US"},{"@type":"Organization","@id":"https:\/\/nodig.fi\/#organization","name":"Tallbacka No Dig Oy Ab","url":"https:\/\/nodig.fi\/","logo":{"@type":"ImageObject","inLanguage":"en-US","@id":"https:\/\/nodig.fi\/#\/schema\/logo\/image\/","url":"https:\/\/nodig.fi\/wp-content\/uploads\/2024\/02\/no_dig.png","contentUrl":"https:\/\/nodig.fi\/wp-content\/uploads\/2024\/02\/no_dig.png","width":814,"height":814,"caption":"Tallbacka No Dig Oy Ab"},"image":{"@id":"https:\/\/nodig.fi\/#\/schema\/logo\/image\/"},"sameAs":["https:\/\/www.facebook.com\/TallbackaNoDig\/"]}]}},"_links":{"self":[{"href":"https:\/\/nodig.fi\/en\/wp-json\/wp\/v2\/pages\/1895","targetHints":{"allow":["GET"]}}],"collection":[{"href":"https:\/\/nodig.fi\/en\/wp-json\/wp\/v2\/pages"}],"about":[{"href":"https:\/\/nodig.fi\/en\/wp-json\/wp\/v2\/types\/page"}],"author":[{"embeddable":true,"href":"https:\/\/nodig.fi\/en\/wp-json\/wp\/v2\/users\/1"}],"replies":[{"embeddable":true,"href":"https:\/\/nodig.fi\/en\/wp-json\/wp\/v2\/comments?post=1895"}],"version-history":[{"count":3,"href":"https:\/\/nodig.fi\/en\/wp-json\/wp\/v2\/pages\/1895\/revisions"}],"predecessor-version":[{"id":1898,"href":"https:\/\/nodig.fi\/en\/wp-json\/wp\/v2\/pages\/1895\/revisions\/1898"}],"wp:attachment":[{"href":"https:\/\/nodig.fi\/en\/wp-json\/wp\/v2\/media?parent=1895"}],"curies":[{"name":"wp","href":"https:\/\/api.w.org\/{rel}","templated":true}]}}