{"id":1578,"date":"2021-04-08T16:24:57","date_gmt":"2021-04-08T16:24:57","guid":{"rendered":"https:\/\/nodig.fi\/orter\/"},"modified":"2024-02-28T21:04:37","modified_gmt":"2024-02-28T21:04:37","slug":"orter","status":"publish","type":"page","link":"https:\/\/nodig.fi\/en\/orter\/","title":{"rendered":"\u00d6rter"},"content":{"rendered":"\t\t<div data-elementor-type=\"wp-page\" data-elementor-id=\"1578\" class=\"elementor elementor-1578 elementor-1247\" data-elementor-post-type=\"page\">\n\t\t\t\t\t\t<section class=\"elementor-section elementor-top-section elementor-element elementor-element-0bb471c elementor-section-boxed elementor-section-height-default elementor-section-height-default\" data-id=\"0bb471c\" data-element_type=\"section\" data-e-type=\"section\">\n\t\t\t\t\t\t<div class=\"elementor-container elementor-column-gap-default\">\n\t\t\t\t\t<div class=\"elementor-column elementor-col-100 elementor-top-column elementor-element elementor-element-03944c6\" data-id=\"03944c6\" data-element_type=\"column\" data-e-type=\"column\">\n\t\t\t<div class=\"elementor-widget-wrap elementor-element-populated\">\n\t\t\t\t\t\t<div class=\"elementor-element elementor-element-115be5f elementor-widget elementor-widget-heading\" data-id=\"115be5f\" data-element_type=\"widget\" data-e-type=\"widget\" data-widget_type=\"heading.default\">\n\t\t\t\t<div class=\"elementor-widget-container\">\n\t\t\t\t\t<h2 class=\"elementor-heading-title elementor-size-default\">Herbs<\/h2>\t\t\t\t<\/div>\n\t\t\t\t<\/div>\n\t\t\t\t\t<\/div>\n\t\t<\/div>\n\t\t\t\t\t<\/div>\n\t\t<\/section>\n\t\t\t\t<section class=\"elementor-section elementor-top-section elementor-element elementor-element-1e22a14 elementor-section-boxed elementor-section-height-default elementor-section-height-default\" data-id=\"1e22a14\" data-element_type=\"section\" data-e-type=\"section\">\n\t\t\t\t\t\t<div class=\"elementor-container elementor-column-gap-default\">\n\t\t\t\t\t<div class=\"elementor-column elementor-col-33 elementor-top-column elementor-element elementor-element-eb3b3b1\" data-id=\"eb3b3b1\" data-element_type=\"column\" data-e-type=\"column\">\n\t\t\t<div class=\"elementor-widget-wrap\">\n\t\t\t\t\t\t\t<\/div>\n\t\t<\/div>\n\t\t\t\t<div class=\"elementor-column elementor-col-33 elementor-top-column elementor-element elementor-element-766914d\" data-id=\"766914d\" data-element_type=\"column\" data-e-type=\"column\">\n\t\t\t<div class=\"elementor-widget-wrap elementor-element-populated\">\n\t\t\t\t\t\t<div class=\"elementor-element elementor-element-d5da77c elementor-widget elementor-widget-text-editor\" data-id=\"d5da77c\" data-element_type=\"widget\" data-e-type=\"widget\" data-widget_type=\"text-editor.default\">\n\t\t\t\t<div class=\"elementor-widget-container\">\n\t\t\t\t\t\t\t\t\t<h4 style=\"text-align: center;\"><strong>EXTENDING THE HERB GARDEN<\/strong><\/h4>\n<p>Our herb garden was a geometrical construction of 14 pallet collars to begin with. The vegetable plot wasn\u2019t ready so the herb garden contained a lot of other things like squash and tomatoes. We carried on like this for the next few years, some herbs managed OK, others not.<\/p>\n<p>Last year the focus was on herbs for infusions and Asiatic greens, which we wanted to try. Now having a greenhouse it was possible to grow basil for the first time and that\u2019s why the usual herbs like thyme, oregano, tarragon and salvia got a little less attention. But then again we can say that starting from now we can see where they grow best and see if we can manage to use them and sell them. We don\u2019t have time for everything even if we\u2019d like to.<\/p>\n<p>The cultivation plans for next season look like this.<\/p>\n<p><img fetchpriority=\"high\" decoding=\"async\" class=\"aligncenter wp-image-1175 size-full\" src=\"https:\/\/nodig.fi\/wp-content\/uploads\/2021\/03\/ortagard.jpg\" alt=\"\" width=\"1000\" height=\"750\" srcset=\"https:\/\/nodig.fi\/wp-content\/uploads\/2021\/03\/ortagard.jpg 1000w, https:\/\/nodig.fi\/wp-content\/uploads\/2021\/03\/ortagard-300x225.jpg 300w, https:\/\/nodig.fi\/wp-content\/uploads\/2021\/03\/ortagard-768x576.jpg 768w\" sizes=\"(max-width: 1000px) 100vw, 1000px\" \/><br \/>\nThe main emphasis is now on herbs that we would like to use in herbal infusions. This means herbs like winter savory and salvia, different kinds of mints and American wild basil, liquorice marigold and lemon verbena. Thyme has found its home by the storehouse wall while tarragon is on the edge of the vegetable plot and lovage is growing in a corner with the truffle trees etc., etc. If everything goes as planned then this summer will be the last for the pallet collars and we\u2019ll dig the foundations for the Orangery. Only time will tell.<\/p>\n<p>There are a few herbs I would love to grow but the results so far have not been promising. Rosemary, lavender, lemon thyme, camomile&#8230;we\u2019ll keep trying.<\/p>\n<h4 lang=\"fi-FI\" align=\"center\">\u201d<strong>FIMEAS LIST<\/strong><\/h4>\n<p>The so called list of medicinal herbs has always attracted a feeling of awe. The <strong>Finnish Medicines Agency<\/strong> maintains and improves the health of the population by monitoring and developing the domain of medicines. Some of the plants or parts of plants that have been registered on the list seem strange (pumpkin seeds) while others go without saying (belladonna). Private citizens are not allowed to to sell plants on the list for medicinal purposes but are allowed to grow them.<\/p>\n<p>That\u2019s why you can find, within Tallbacka Garden, a section with <strong>questionable forbidden plants<\/strong>. The following plants were represented in the autumn of 2020: <strong>Valerian, Borage, Feverfew, Lily of the Valley, Lungwort, common Soapwort, Rue, Comfrey, Tansy, Ivy, Garden Angelica<\/strong> and <strong>Coneflower<\/strong>. The list for sowing contains at least <strong>Wormwood, Motherwort, Opium Poppy<\/strong> and <strong>Milk Thistle<\/strong>.<\/p>\n<p>We do not grow any plants that are deadly in small doses because our slogan is, after all, \u201cEverything is edible\u201d meaning edible not just once!<\/p>\n\t\t\t\t\t\t\t\t<\/div>\n\t\t\t\t<\/div>\n\t\t\t\t<div class=\"elementor-element elementor-element-4ab8ecc elementor-widget elementor-widget-heading\" data-id=\"4ab8ecc\" data-element_type=\"widget\" data-e-type=\"widget\" data-widget_type=\"heading.default\">\n\t\t\t\t<div class=\"elementor-widget-container\">\n\t\t\t\t\t<h4 class=\"elementor-heading-title elementor-size-default\">Favorit\u00f6rter och nya f\u00f6rs\u00f6k<\/h4>\t\t\t\t<\/div>\n\t\t\t\t<\/div>\n\t\t\t\t<div class=\"elementor-element elementor-element-f2e2d55 elementor-widget elementor-widget-text-editor\" data-id=\"f2e2d55\" data-element_type=\"widget\" data-e-type=\"widget\" data-widget_type=\"text-editor.default\">\n\t\t\t\t<div class=\"elementor-widget-container\">\n\t\t\t\t\t\t\t\t\t<p>It&#8217;s annoying, but you just don&#8217;t have time for everything. The new cultivation method NO-DIG, to build growing beds and make compost, has taken most of our limited time. Herb cultivation and especially the harvest of them has been put on hold. Anyway, something&#8217;s happened.<\/p>\n<p><strong>Satureja montana<\/strong><\/p>\n<p>We were able to conclude when we tested tea blends in 2020 that the Vikings winter savoury gives a sting in the Rehab Jo Jo mixture. At the same time, it also became clear that we need large quantities of fresh herbs and that the drying and handling of herbs is labour intensive. In the spring of 2021 we set up a growing bed with winter savoury plants and it started to grow nicely. I&#8217;m sure they&#8217;ll be harvesting next year.<\/p>\n<p><img decoding=\"async\" class=\"size-medium wp-image-2148 aligncenter\" src=\"https:\/\/nodig.fi\/wp-content\/uploads\/2022\/02\/herbbed-300x225.jpg\" alt=\"\" width=\"300\" height=\"225\" srcset=\"https:\/\/nodig.fi\/wp-content\/uploads\/2022\/02\/herbbed-300x225.jpg 300w, https:\/\/nodig.fi\/wp-content\/uploads\/2022\/02\/herbbed.jpg 320w\" sizes=\"(max-width: 300px) 100vw, 300px\" \/><\/p>\n<p><b>Salvia<\/b> <i>Salvia officinalis<\/i><\/p>\n<p>What we have told you before also concerns sage. It is much more demanding and grows slowly, overwintering is always uncertain. It is difficult to dry sage because the temperature should not be so high that the leaves turn brown. All this is still worth the trouble, it was said already in ancient times that whoever has sage growing on the farm will never die!<\/p>\n<p><b>Basil<\/b><i> Ocimum<\/i><\/p>\n<p>We intend to continue growing basil even though the year 2021 was so-and-so. The cause was not herbal, but our own. Tomato and basil also belong together, they want to grow next to each other. The selection of varieties changes slightly. The usual <i>Genovese<\/i> basil is included but I also want to try the lettuce basil <i>Lettuce Leaf<\/i> in Tallbacka Mix, camphor basil, holy basil (tulsi) and the spicy Thai basil.<\/p>\n<p><b>Chervil<\/b><i> Antriscus cerefolium<\/i><\/p>\n<p>We thought we&#8217;d try this aniseed-flavored delicacy in the salad mix. (inspired by Dowding)<\/p>\n<p><b>Parsley<\/b><i> Petroselinum<\/i><\/p>\n<p>In the autumn, we sowed three different varieties of parsley: Ruffled parsley <i>Mosscurled<\/i>, smooth parsley <i>Gigante d&#8217;Italia<\/i> and French parsley. The cold winter and raised bed bodes well.<\/p>\n<p><b>Evening primrose<\/b><i> Oenothera biennis<\/i><\/p>\n<p>I have long dreamed of this stately plant and am thinking of growing seedlings incoming spring 2022. In addition to a brilliant (literally) beauty, the evening primrose is also a medicinal plant and it has been used as a vegetable. It attracts butterflies.<\/p>\n<p><b>Angelica<\/b><i> Angelica archangelica<\/i><\/p>\n<p>In 2020, we bought a plant as many sowing attempts had failed. It is difficult to get enough fresh seeds. Unfortunately, the plant did not thrive because the place where we planted it was too dry and sunny. But I&#8217;m not giving up. We will get enough of this vegetable\/herbal\/medicine that has been named by the archangel.<\/p>\n<p><b>Mints<\/b><i> Mentha<\/i><\/p>\n<p>We have many varieties of mint in the pallet collars, but I have become sceptical about them. The varieties are not always what it says on the sign. I think it is best to taste and see if the plant in question is useful. In any case, our mints need more irrigation and maybe some compost in the spring. All those that taste good will end up in the Myntix tea blend.<\/p>\n\t\t\t\t\t\t\t\t<\/div>\n\t\t\t\t<\/div>\n\t\t\t\t\t<\/div>\n\t\t<\/div>\n\t\t\t\t<div class=\"elementor-column elementor-col-33 elementor-top-column elementor-element elementor-element-f816587\" data-id=\"f816587\" data-element_type=\"column\" data-e-type=\"column\">\n\t\t\t<div class=\"elementor-widget-wrap\">\n\t\t\t\t\t\t\t<\/div>\n\t\t<\/div>\n\t\t\t\t\t<\/div>\n\t\t<\/section>\n\t\t\t\t<\/div>\n\t\t","protected":false},"excerpt":{"rendered":"<p>Herbs EXTENDING THE HERB GARDEN Our herb garden was a geometrical construction of 14 pallet collars to begin with. The vegetable plot wasn\u2019t ready so the herb garden contained a lot of other things like squash and tomatoes. We carried on like this for the next few years, some herbs managed OK, others not. Last [&hellip;]<\/p>\n","protected":false},"author":1,"featured_media":0,"parent":0,"menu_order":0,"comment_status":"closed","ping_status":"closed","template":"","meta":{"inline_featured_image":false,"site-sidebar-layout":"no-sidebar","site-content-layout":"page-builder","ast-site-content-layout":"default","site-content-style":"default","site-sidebar-style":"default","ast-global-header-display":"","ast-banner-title-visibility":"","ast-main-header-display":"","ast-hfb-above-header-display":"","ast-hfb-below-header-display":"","ast-hfb-mobile-header-display":"","site-post-title":"disabled","ast-breadcrumbs-content":"","ast-featured-img":"disabled","footer-sml-layout":"","ast-disable-related-posts":"","theme-transparent-header-meta":"default","adv-header-id-meta":"","stick-header-meta":"","header-above-stick-meta":"","header-main-stick-meta":"","header-below-stick-meta":"","astra-migrate-meta-layouts":"default","ast-page-background-enabled":"default","ast-page-background-meta":{"desktop":{"background-color":"","background-image":"","background-repeat":"repeat","background-position":"center center","background-size":"auto","background-attachment":"scroll","background-type":"","background-media":"","overlay-type":"","overlay-color":"","overlay-opacity":"","overlay-gradient":""},"tablet":{"background-color":"","background-image":"","background-repeat":"repeat","background-position":"center center","background-size":"auto","background-attachment":"scroll","background-type":"","background-media":"","overlay-type":"","overlay-color":"","overlay-opacity":"","overlay-gradient":""},"mobile":{"background-color":"","background-image":"","background-repeat":"repeat","background-position":"center center","background-size":"auto","background-attachment":"scroll","background-type":"","background-media":"","overlay-type":"","overlay-color":"","overlay-opacity":"","overlay-gradient":""}},"ast-content-background-meta":{"desktop":{"background-color":"var(--ast-global-color-5)","background-image":"","background-repeat":"repeat","background-position":"center center","background-size":"auto","background-attachment":"scroll","background-type":"","background-media":"","overlay-type":"","overlay-color":"","overlay-opacity":"","overlay-gradient":""},"tablet":{"background-color":"var(--ast-global-color-5)","background-image":"","background-repeat":"repeat","background-position":"center center","background-size":"auto","background-attachment":"scroll","background-type":"","background-media":"","overlay-type":"","overlay-color":"","overlay-opacity":"","overlay-gradient":""},"mobile":{"background-color":"var(--ast-global-color-5)","background-image":"","background-repeat":"repeat","background-position":"center center","background-size":"auto","background-attachment":"scroll","background-type":"","background-media":"","overlay-type":"","overlay-color":"","overlay-opacity":"","overlay-gradient":""}},"footnotes":""},"class_list":["post-1578","page","type-page","status-publish","hentry"],"yoast_head":"<!-- This site is optimized with the Yoast SEO plugin v27.5 - https:\/\/yoast.com\/product\/yoast-seo-wordpress\/ -->\n<title>\u00d6rter - Tallbacka Tr\u00e4dg\u00e5rd\/Dialog<\/title>\n<meta name=\"robots\" content=\"index, follow, max-snippet:-1, max-image-preview:large, max-video-preview:-1\" \/>\n<link rel=\"canonical\" href=\"https:\/\/nodig.fi\/orter\/\" \/>\n<meta property=\"og:locale\" content=\"en_US\" \/>\n<meta property=\"og:type\" content=\"article\" \/>\n<meta property=\"og:title\" content=\"\u00d6rter - Tallbacka Tr\u00e4dg\u00e5rd\/Dialog\" \/>\n<meta property=\"og:description\" content=\"Herbs EXTENDING THE HERB GARDEN Our herb garden was a geometrical construction of 14 pallet collars to begin with. The vegetable plot wasn\u2019t ready so the herb garden contained a lot of other things like squash and tomatoes. We carried on like this for the next few years, some herbs managed OK, others not. Last [&hellip;]\" \/>\n<meta property=\"og:url\" content=\"https:\/\/nodig.fi\/orter\/\" \/>\n<meta property=\"og:site_name\" content=\"Tallbacka Tr\u00e4dg\u00e5rd\/Dialog\" \/>\n<meta property=\"article:publisher\" content=\"https:\/\/www.facebook.com\/TallbackaNoDig\/\" \/>\n<meta property=\"article:modified_time\" content=\"2024-02-28T21:04:37+00:00\" \/>\n<meta property=\"og:image\" content=\"https:\/\/nodig.fi\/wp-content\/uploads\/2021\/03\/ortagard.jpg\" \/>\n<meta name=\"twitter:card\" content=\"summary_large_image\" \/>\n<meta name=\"twitter:label1\" content=\"Est. reading time\" \/>\n\t<meta name=\"twitter:data1\" content=\"5 minutes\" \/>\n<script type=\"application\/ld+json\" class=\"yoast-schema-graph\">{\"@context\":\"https:\\\/\\\/schema.org\",\"@graph\":[{\"@type\":\"WebPage\",\"@id\":\"https:\\\/\\\/nodig.fi\\\/orter\\\/\",\"url\":\"https:\\\/\\\/nodig.fi\\\/orter\\\/\",\"name\":\"\u00d6rter - Tallbacka Tr\u00e4dg\u00e5rd\\\/Dialog\",\"isPartOf\":{\"@id\":\"https:\\\/\\\/nodig.fi\\\/#website\"},\"primaryImageOfPage\":{\"@id\":\"https:\\\/\\\/nodig.fi\\\/orter\\\/#primaryimage\"},\"image\":{\"@id\":\"https:\\\/\\\/nodig.fi\\\/orter\\\/#primaryimage\"},\"thumbnailUrl\":\"https:\\\/\\\/nodig.fi\\\/wp-content\\\/uploads\\\/2021\\\/03\\\/ortagard.jpg\",\"datePublished\":\"2021-04-08T16:24:57+00:00\",\"dateModified\":\"2024-02-28T21:04:37+00:00\",\"breadcrumb\":{\"@id\":\"https:\\\/\\\/nodig.fi\\\/orter\\\/#breadcrumb\"},\"inLanguage\":\"en-US\",\"potentialAction\":[{\"@type\":\"ReadAction\",\"target\":[\"https:\\\/\\\/nodig.fi\\\/orter\\\/\"]}]},{\"@type\":\"ImageObject\",\"inLanguage\":\"en-US\",\"@id\":\"https:\\\/\\\/nodig.fi\\\/orter\\\/#primaryimage\",\"url\":\"https:\\\/\\\/nodig.fi\\\/wp-content\\\/uploads\\\/2021\\\/03\\\/ortagard.jpg\",\"contentUrl\":\"https:\\\/\\\/nodig.fi\\\/wp-content\\\/uploads\\\/2021\\\/03\\\/ortagard.jpg\"},{\"@type\":\"BreadcrumbList\",\"@id\":\"https:\\\/\\\/nodig.fi\\\/orter\\\/#breadcrumb\",\"itemListElement\":[{\"@type\":\"ListItem\",\"position\":1,\"name\":\"Hem\",\"item\":\"https:\\\/\\\/nodig.fi\\\/\"},{\"@type\":\"ListItem\",\"position\":2,\"name\":\"\u00d6rter\"}]},{\"@type\":\"WebSite\",\"@id\":\"https:\\\/\\\/nodig.fi\\\/#website\",\"url\":\"https:\\\/\\\/nodig.fi\\\/\",\"name\":\"Nodig - Tallbacka Tr\u00e4dg\u00e5rd\",\"description\":\"\",\"publisher\":{\"@id\":\"https:\\\/\\\/nodig.fi\\\/#organization\"},\"potentialAction\":[{\"@type\":\"SearchAction\",\"target\":{\"@type\":\"EntryPoint\",\"urlTemplate\":\"https:\\\/\\\/nodig.fi\\\/?s={search_term_string}\"},\"query-input\":{\"@type\":\"PropertyValueSpecification\",\"valueRequired\":true,\"valueName\":\"search_term_string\"}}],\"inLanguage\":\"en-US\"},{\"@type\":\"Organization\",\"@id\":\"https:\\\/\\\/nodig.fi\\\/#organization\",\"name\":\"Tallbacka No Dig Oy Ab\",\"url\":\"https:\\\/\\\/nodig.fi\\\/\",\"logo\":{\"@type\":\"ImageObject\",\"inLanguage\":\"en-US\",\"@id\":\"https:\\\/\\\/nodig.fi\\\/#\\\/schema\\\/logo\\\/image\\\/\",\"url\":\"https:\\\/\\\/nodig.fi\\\/wp-content\\\/uploads\\\/2024\\\/02\\\/no_dig.png\",\"contentUrl\":\"https:\\\/\\\/nodig.fi\\\/wp-content\\\/uploads\\\/2024\\\/02\\\/no_dig.png\",\"width\":814,\"height\":814,\"caption\":\"Tallbacka No Dig Oy Ab\"},\"image\":{\"@id\":\"https:\\\/\\\/nodig.fi\\\/#\\\/schema\\\/logo\\\/image\\\/\"},\"sameAs\":[\"https:\\\/\\\/www.facebook.com\\\/TallbackaNoDig\\\/\"]}]}<\/script>\n<!-- \/ Yoast SEO plugin. -->","yoast_head_json":{"title":"\u00d6rter - Tallbacka Tr\u00e4dg\u00e5rd\/Dialog","robots":{"index":"index","follow":"follow","max-snippet":"max-snippet:-1","max-image-preview":"max-image-preview:large","max-video-preview":"max-video-preview:-1"},"canonical":"https:\/\/nodig.fi\/orter\/","og_locale":"en_US","og_type":"article","og_title":"\u00d6rter - Tallbacka Tr\u00e4dg\u00e5rd\/Dialog","og_description":"Herbs EXTENDING THE HERB GARDEN Our herb garden was a geometrical construction of 14 pallet collars to begin with. The vegetable plot wasn\u2019t ready so the herb garden contained a lot of other things like squash and tomatoes. We carried on like this for the next few years, some herbs managed OK, others not. Last [&hellip;]","og_url":"https:\/\/nodig.fi\/orter\/","og_site_name":"Tallbacka Tr\u00e4dg\u00e5rd\/Dialog","article_publisher":"https:\/\/www.facebook.com\/TallbackaNoDig\/","article_modified_time":"2024-02-28T21:04:37+00:00","og_image":[{"url":"https:\/\/nodig.fi\/wp-content\/uploads\/2021\/03\/ortagard.jpg","type":"","width":"","height":""}],"twitter_card":"summary_large_image","twitter_misc":{"Est. reading time":"5 minutes"},"schema":{"@context":"https:\/\/schema.org","@graph":[{"@type":"WebPage","@id":"https:\/\/nodig.fi\/orter\/","url":"https:\/\/nodig.fi\/orter\/","name":"\u00d6rter - Tallbacka Tr\u00e4dg\u00e5rd\/Dialog","isPartOf":{"@id":"https:\/\/nodig.fi\/#website"},"primaryImageOfPage":{"@id":"https:\/\/nodig.fi\/orter\/#primaryimage"},"image":{"@id":"https:\/\/nodig.fi\/orter\/#primaryimage"},"thumbnailUrl":"https:\/\/nodig.fi\/wp-content\/uploads\/2021\/03\/ortagard.jpg","datePublished":"2021-04-08T16:24:57+00:00","dateModified":"2024-02-28T21:04:37+00:00","breadcrumb":{"@id":"https:\/\/nodig.fi\/orter\/#breadcrumb"},"inLanguage":"en-US","potentialAction":[{"@type":"ReadAction","target":["https:\/\/nodig.fi\/orter\/"]}]},{"@type":"ImageObject","inLanguage":"en-US","@id":"https:\/\/nodig.fi\/orter\/#primaryimage","url":"https:\/\/nodig.fi\/wp-content\/uploads\/2021\/03\/ortagard.jpg","contentUrl":"https:\/\/nodig.fi\/wp-content\/uploads\/2021\/03\/ortagard.jpg"},{"@type":"BreadcrumbList","@id":"https:\/\/nodig.fi\/orter\/#breadcrumb","itemListElement":[{"@type":"ListItem","position":1,"name":"Hem","item":"https:\/\/nodig.fi\/"},{"@type":"ListItem","position":2,"name":"\u00d6rter"}]},{"@type":"WebSite","@id":"https:\/\/nodig.fi\/#website","url":"https:\/\/nodig.fi\/","name":"Nodig - Tallbacka Tr\u00e4dg\u00e5rd","description":"","publisher":{"@id":"https:\/\/nodig.fi\/#organization"},"potentialAction":[{"@type":"SearchAction","target":{"@type":"EntryPoint","urlTemplate":"https:\/\/nodig.fi\/?s={search_term_string}"},"query-input":{"@type":"PropertyValueSpecification","valueRequired":true,"valueName":"search_term_string"}}],"inLanguage":"en-US"},{"@type":"Organization","@id":"https:\/\/nodig.fi\/#organization","name":"Tallbacka No Dig Oy Ab","url":"https:\/\/nodig.fi\/","logo":{"@type":"ImageObject","inLanguage":"en-US","@id":"https:\/\/nodig.fi\/#\/schema\/logo\/image\/","url":"https:\/\/nodig.fi\/wp-content\/uploads\/2024\/02\/no_dig.png","contentUrl":"https:\/\/nodig.fi\/wp-content\/uploads\/2024\/02\/no_dig.png","width":814,"height":814,"caption":"Tallbacka No Dig Oy Ab"},"image":{"@id":"https:\/\/nodig.fi\/#\/schema\/logo\/image\/"},"sameAs":["https:\/\/www.facebook.com\/TallbackaNoDig\/"]}]}},"_links":{"self":[{"href":"https:\/\/nodig.fi\/en\/wp-json\/wp\/v2\/pages\/1578","targetHints":{"allow":["GET"]}}],"collection":[{"href":"https:\/\/nodig.fi\/en\/wp-json\/wp\/v2\/pages"}],"about":[{"href":"https:\/\/nodig.fi\/en\/wp-json\/wp\/v2\/types\/page"}],"author":[{"embeddable":true,"href":"https:\/\/nodig.fi\/en\/wp-json\/wp\/v2\/users\/1"}],"replies":[{"embeddable":true,"href":"https:\/\/nodig.fi\/en\/wp-json\/wp\/v2\/comments?post=1578"}],"version-history":[{"count":5,"href":"https:\/\/nodig.fi\/en\/wp-json\/wp\/v2\/pages\/1578\/revisions"}],"predecessor-version":[{"id":3178,"href":"https:\/\/nodig.fi\/en\/wp-json\/wp\/v2\/pages\/1578\/revisions\/3178"}],"wp:attachment":[{"href":"https:\/\/nodig.fi\/en\/wp-json\/wp\/v2\/media?parent=1578"}],"curies":[{"name":"wp","href":"https:\/\/api.w.org\/{rel}","templated":true}]}}