{"id":1485,"date":"2021-03-29T12:12:07","date_gmt":"2021-03-29T12:12:07","guid":{"rendered":"https:\/\/nodig.fi\/fruit\/"},"modified":"2024-02-28T15:22:34","modified_gmt":"2024-02-28T15:22:34","slug":"fruit","status":"publish","type":"page","link":"https:\/\/nodig.fi\/en\/fruit\/","title":{"rendered":"Frukter"},"content":{"rendered":"\t\t<div data-elementor-type=\"wp-page\" data-elementor-id=\"1485\" class=\"elementor elementor-1485 elementor-1256\" data-elementor-post-type=\"page\">\n\t\t\t\t\t\t<section class=\"elementor-section elementor-top-section elementor-element elementor-element-9e71312 elementor-section-boxed elementor-section-height-default elementor-section-height-default\" data-id=\"9e71312\" data-element_type=\"section\" data-e-type=\"section\">\n\t\t\t\t\t\t<div class=\"elementor-container elementor-column-gap-default\">\n\t\t\t\t\t<div class=\"elementor-column elementor-col-100 elementor-top-column elementor-element elementor-element-901d223\" data-id=\"901d223\" data-element_type=\"column\" data-e-type=\"column\">\n\t\t\t<div class=\"elementor-widget-wrap elementor-element-populated\">\n\t\t\t\t\t\t<div class=\"elementor-element elementor-element-7f0c022 elementor-widget elementor-widget-heading\" data-id=\"7f0c022\" data-element_type=\"widget\" data-e-type=\"widget\" data-widget_type=\"heading.default\">\n\t\t\t\t<div class=\"elementor-widget-container\">\n\t\t\t\t\t<h2 class=\"elementor-heading-title elementor-size-default\">Fruit<\/h2>\t\t\t\t<\/div>\n\t\t\t\t<\/div>\n\t\t\t\t\t<\/div>\n\t\t<\/div>\n\t\t\t\t\t<\/div>\n\t\t<\/section>\n\t\t\t\t<section class=\"elementor-section elementor-top-section elementor-element elementor-element-401208d elementor-section-boxed elementor-section-height-default elementor-section-height-default\" data-id=\"401208d\" data-element_type=\"section\" data-e-type=\"section\">\n\t\t\t\t\t\t<div class=\"elementor-container elementor-column-gap-default\">\n\t\t\t\t\t<div class=\"elementor-column elementor-col-33 elementor-top-column elementor-element elementor-element-0e86ae2\" data-id=\"0e86ae2\" data-element_type=\"column\" data-e-type=\"column\">\n\t\t\t<div class=\"elementor-widget-wrap\">\n\t\t\t\t\t\t\t<\/div>\n\t\t<\/div>\n\t\t\t\t<div class=\"elementor-column elementor-col-33 elementor-top-column elementor-element elementor-element-43c8f94\" data-id=\"43c8f94\" data-element_type=\"column\" data-e-type=\"column\">\n\t\t\t<div class=\"elementor-widget-wrap elementor-element-populated\">\n\t\t\t\t\t\t<div class=\"elementor-element elementor-element-12b7513 elementor-widget elementor-widget-text-editor\" data-id=\"12b7513\" data-element_type=\"widget\" data-e-type=\"widget\" data-widget_type=\"text-editor.default\">\n\t\t\t\t<div class=\"elementor-widget-container\">\n\t\t\t\t\t\t\t\t\t<h4 align=\"center\"><b>PLUM TREES<\/b><\/h4>\n<p>We have 9 varieties of plums and this year we are going to get cherry plum varieties. Why?<\/p>\n<blockquote>\n<p>\u201d<i>Altogether 1420 in the Shire was a marvellous year. Not only was there wonderful sunshine and delicious rain, in due times and perfect measure, but there seemed something more: an air of richness and growth \u2026 The fruit was so plentiful that young hobbits very nearly bathed in strawberries and cream; and later they sat on the lawns under the plum-trees and ate, until they had made piles of stones like small pyramids or the heaped skulls of a conqueror, and then they moved on.<\/i>\u201d (The Lord of the Rings, The Return of the King by J. R. R. Tolkien)<\/p>\n<\/blockquote>\n<p>That\u2019s why.<\/p>\n<h4 style=\"text-align: center;\"><strong>CHERRY TREES<\/strong><\/h4>\n<p>In our logo the Tallbacka Teddy bites into a cherry and this was not chosen for just aesthetic reasons. There is something wild, beautiful and fascinating about a cherry.  We have four varieties of sour cherry and so far only one of sweet cherry. This summer we are looking for a companion for Arthur, probably Leningrad black. They all grow beside the old gardens diagonal path. When I planted them I had in mind an arched canopy of cherry blossom. We have realised that the trees came a little too close to the path itself and that it\u2019s not worth sowing vegetables by their roots. I\u2019ll be wiser next summer by leaving a large enough circle of flowers around the tree trunk. I think they will be Nasturtiums.<\/p>\n<p><img fetchpriority=\"high\" decoding=\"async\" class=\"aligncenter wp-image-1187 size-full\" src=\"https:\/\/nodig.fi\/wp-content\/uploads\/2021\/03\/frukt1.jpg\" alt=\"\" width=\"1000\" height=\"750\" srcset=\"https:\/\/nodig.fi\/wp-content\/uploads\/2021\/03\/frukt1.jpg 1000w, https:\/\/nodig.fi\/wp-content\/uploads\/2021\/03\/frukt1-300x225.jpg 300w, https:\/\/nodig.fi\/wp-content\/uploads\/2021\/03\/frukt1-768x576.jpg 768w\" sizes=\"(max-width: 1000px) 100vw, 1000px\" \/><\/p>\n<h4 style=\"text-align: center;\"><strong>Apples and Pears<\/strong><\/h4>\n<p>An interesting historical detail is that Councillor Erik Flemming was the early adopter of cultivated apples at Qvidja in Pargas. He planted his apple orchard in 1539 with both apple and pear varieties from Reval (Tallinn). When we started landscaping the garden in 2016, we also acquired new apple and pear trees. <\/p>\n<p>On the one hand, we needed to supplement the old apple orchard with new trees instead of the old ones we removed, but at the same time we also needed to follow up the idea of a diversity of plants in the garden. The varieties we kept in the apple orchard were partly familiar such as Yellow Cinnamon, Antonovka, \u00c5ker\u00f6 and Astrakan Gyllenkrok. They were complemented with Transparente Blanche, Tobias, Red Cinnamon and Konsta. Outside the apple orchard we planted a row of pear trees in the old garden. The varieties were Aune, Jukka, Lada, Doctor&#8217;s pear, Lutsu and Kustavin p\u00e4\u00e4ryn\u00e4. <\/p>\n<p>Later, we have supplemented the varieties of apple with Amorosa, Grenman, Heta, Huvitus, Linda, Rubinola and Summer Red. One concern is that we were not sufficiently observant when it came to the rootstocks on which the different varieties are grafted. Now we know that in our garden we want to avoid dwarf varieties that require support throughout the life of the apple. <\/p>\n<p>New varieties of both apples and pears are added all the time and we keep our eyes open for new and exciting varieties.<\/p>\n<p style=\"text-align: center;\"><img decoding=\"async\" class=\"alignnone size-medium wp-image-1827\" src=\"https:\/\/nodig.fi\/wp-content\/uploads\/2022\/01\/paron-200x300.jpg\" alt=\"\" width=\"200\" height=\"300\" srcset=\"https:\/\/nodig.fi\/wp-content\/uploads\/2022\/01\/paron-200x300.jpg 200w, https:\/\/nodig.fi\/wp-content\/uploads\/2022\/01\/paron.jpg 213w\" sizes=\"(max-width: 200px) 100vw, 200px\" \/> <img decoding=\"async\" class=\"alignnone size-medium wp-image-1830\" src=\"https:\/\/nodig.fi\/wp-content\/uploads\/2022\/01\/appleblom-200x300.jpg\" alt=\"\" width=\"200\" height=\"300\" srcset=\"https:\/\/nodig.fi\/wp-content\/uploads\/2022\/01\/appleblom-200x300.jpg 200w, https:\/\/nodig.fi\/wp-content\/uploads\/2022\/01\/appleblom.jpg 213w\" sizes=\"(max-width: 200px) 100vw, 200px\" \/><\/p>\n\t\t\t\t\t\t\t\t<\/div>\n\t\t\t\t<\/div>\n\t\t\t\t\t<\/div>\n\t\t<\/div>\n\t\t\t\t<div class=\"elementor-column elementor-col-33 elementor-top-column elementor-element elementor-element-22a0dc9\" data-id=\"22a0dc9\" data-element_type=\"column\" data-e-type=\"column\">\n\t\t\t<div class=\"elementor-widget-wrap\">\n\t\t\t\t\t\t\t<\/div>\n\t\t<\/div>\n\t\t\t\t\t<\/div>\n\t\t<\/section>\n\t\t\t\t<\/div>\n\t\t","protected":false},"excerpt":{"rendered":"<p>Fruit PLUM TREES We have 9 varieties of plums and this year we are going to get cherry plum varieties. Why? \u201dAltogether 1420 in the Shire was a marvellous year. Not only was there wonderful sunshine and delicious rain, in due times and perfect measure, but there seemed something more: an air of richness and [&hellip;]<\/p>\n","protected":false},"author":1,"featured_media":0,"parent":0,"menu_order":0,"comment_status":"closed","ping_status":"closed","template":"","meta":{"inline_featured_image":false,"site-sidebar-layout":"no-sidebar","site-content-layout":"page-builder","ast-site-content-layout":"default","site-content-style":"default","site-sidebar-style":"default","ast-global-header-display":"","ast-banner-title-visibility":"","ast-main-header-display":"","ast-hfb-above-header-display":"","ast-hfb-below-header-display":"","ast-hfb-mobile-header-display":"","site-post-title":"disabled","ast-breadcrumbs-content":"","ast-featured-img":"disabled","footer-sml-layout":"","ast-disable-related-posts":"","theme-transparent-header-meta":"default","adv-header-id-meta":"","stick-header-meta":"","header-above-stick-meta":"","header-main-stick-meta":"","header-below-stick-meta":"","astra-migrate-meta-layouts":"default","ast-page-background-enabled":"default","ast-page-background-meta":{"desktop":{"background-color":"","background-image":"","background-repeat":"repeat","background-position":"center center","background-size":"auto","background-attachment":"scroll","background-type":"","background-media":"","overlay-type":"","overlay-color":"","overlay-opacity":"","overlay-gradient":""},"tablet":{"background-color":"","background-image":"","background-repeat":"repeat","background-position":"center center","background-size":"auto","background-attachment":"scroll","background-type":"","background-media":"","overlay-type":"","overlay-color":"","overlay-opacity":"","overlay-gradient":""},"mobile":{"background-color":"","background-image":"","background-repeat":"repeat","background-position":"center center","background-size":"auto","background-attachment":"scroll","background-type":"","background-media":"","overlay-type":"","overlay-color":"","overlay-opacity":"","overlay-gradient":""}},"ast-content-background-meta":{"desktop":{"background-color":"var(--ast-global-color-5)","background-image":"","background-repeat":"repeat","background-position":"center center","background-size":"auto","background-attachment":"scroll","background-type":"","background-media":"","overlay-type":"","overlay-color":"","overlay-opacity":"","overlay-gradient":""},"tablet":{"background-color":"var(--ast-global-color-5)","background-image":"","background-repeat":"repeat","background-position":"center center","background-size":"auto","background-attachment":"scroll","background-type":"","background-media":"","overlay-type":"","overlay-color":"","overlay-opacity":"","overlay-gradient":""},"mobile":{"background-color":"var(--ast-global-color-5)","background-image":"","background-repeat":"repeat","background-position":"center center","background-size":"auto","background-attachment":"scroll","background-type":"","background-media":"","overlay-type":"","overlay-color":"","overlay-opacity":"","overlay-gradient":""}},"footnotes":""},"class_list":["post-1485","page","type-page","status-publish","hentry"],"yoast_head":"<!-- This site is optimized with the Yoast SEO plugin v27.5 - https:\/\/yoast.com\/product\/yoast-seo-wordpress\/ -->\n<title>Frukter - Tallbacka Tr\u00e4dg\u00e5rd\/Dialog<\/title>\n<meta name=\"robots\" content=\"index, follow, max-snippet:-1, max-image-preview:large, max-video-preview:-1\" \/>\n<link rel=\"canonical\" href=\"https:\/\/nodig.fi\/frukter\/\" \/>\n<meta property=\"og:locale\" content=\"en_US\" \/>\n<meta property=\"og:type\" content=\"article\" \/>\n<meta property=\"og:title\" content=\"Frukter - Tallbacka Tr\u00e4dg\u00e5rd\/Dialog\" \/>\n<meta property=\"og:description\" content=\"Fruit PLUM TREES We have 9 varieties of plums and this year we are going to get cherry plum varieties. Why? \u201dAltogether 1420 in the Shire was a marvellous year. Not only was there wonderful sunshine and delicious rain, in due times and perfect measure, but there seemed something more: an air of richness and [&hellip;]\" \/>\n<meta property=\"og:url\" content=\"https:\/\/nodig.fi\/frukter\/\" \/>\n<meta property=\"og:site_name\" content=\"Tallbacka Tr\u00e4dg\u00e5rd\/Dialog\" \/>\n<meta property=\"article:publisher\" content=\"https:\/\/www.facebook.com\/TallbackaNoDig\/\" \/>\n<meta property=\"article:modified_time\" content=\"2024-02-28T15:22:34+00:00\" \/>\n<meta property=\"og:image\" content=\"https:\/\/nodig.fi\/wp-content\/uploads\/2021\/03\/frukt1.jpg\" \/>\n<meta name=\"twitter:card\" content=\"summary_large_image\" \/>\n<meta name=\"twitter:label1\" content=\"Est. reading time\" \/>\n\t<meta name=\"twitter:data1\" content=\"2 minutes\" \/>\n<script type=\"application\/ld+json\" class=\"yoast-schema-graph\">{\"@context\":\"https:\\\/\\\/schema.org\",\"@graph\":[{\"@type\":\"WebPage\",\"@id\":\"https:\\\/\\\/nodig.fi\\\/frukter\\\/\",\"url\":\"https:\\\/\\\/nodig.fi\\\/frukter\\\/\",\"name\":\"Frukter - Tallbacka Tr\u00e4dg\u00e5rd\\\/Dialog\",\"isPartOf\":{\"@id\":\"https:\\\/\\\/nodig.fi\\\/#website\"},\"primaryImageOfPage\":{\"@id\":\"https:\\\/\\\/nodig.fi\\\/frukter\\\/#primaryimage\"},\"image\":{\"@id\":\"https:\\\/\\\/nodig.fi\\\/frukter\\\/#primaryimage\"},\"thumbnailUrl\":\"https:\\\/\\\/nodig.fi\\\/wp-content\\\/uploads\\\/2021\\\/03\\\/frukt1.jpg\",\"datePublished\":\"2021-03-29T12:12:07+00:00\",\"dateModified\":\"2024-02-28T15:22:34+00:00\",\"breadcrumb\":{\"@id\":\"https:\\\/\\\/nodig.fi\\\/frukter\\\/#breadcrumb\"},\"inLanguage\":\"en-US\",\"potentialAction\":[{\"@type\":\"ReadAction\",\"target\":[\"https:\\\/\\\/nodig.fi\\\/frukter\\\/\"]}]},{\"@type\":\"ImageObject\",\"inLanguage\":\"en-US\",\"@id\":\"https:\\\/\\\/nodig.fi\\\/frukter\\\/#primaryimage\",\"url\":\"https:\\\/\\\/nodig.fi\\\/wp-content\\\/uploads\\\/2021\\\/03\\\/frukt1.jpg\",\"contentUrl\":\"https:\\\/\\\/nodig.fi\\\/wp-content\\\/uploads\\\/2021\\\/03\\\/frukt1.jpg\"},{\"@type\":\"BreadcrumbList\",\"@id\":\"https:\\\/\\\/nodig.fi\\\/frukter\\\/#breadcrumb\",\"itemListElement\":[{\"@type\":\"ListItem\",\"position\":1,\"name\":\"Hem\",\"item\":\"https:\\\/\\\/nodig.fi\\\/\"},{\"@type\":\"ListItem\",\"position\":2,\"name\":\"Frukter\"}]},{\"@type\":\"WebSite\",\"@id\":\"https:\\\/\\\/nodig.fi\\\/#website\",\"url\":\"https:\\\/\\\/nodig.fi\\\/\",\"name\":\"Nodig - Tallbacka Tr\u00e4dg\u00e5rd\",\"description\":\"\",\"publisher\":{\"@id\":\"https:\\\/\\\/nodig.fi\\\/#organization\"},\"potentialAction\":[{\"@type\":\"SearchAction\",\"target\":{\"@type\":\"EntryPoint\",\"urlTemplate\":\"https:\\\/\\\/nodig.fi\\\/?s={search_term_string}\"},\"query-input\":{\"@type\":\"PropertyValueSpecification\",\"valueRequired\":true,\"valueName\":\"search_term_string\"}}],\"inLanguage\":\"en-US\"},{\"@type\":\"Organization\",\"@id\":\"https:\\\/\\\/nodig.fi\\\/#organization\",\"name\":\"Tallbacka No Dig Oy Ab\",\"url\":\"https:\\\/\\\/nodig.fi\\\/\",\"logo\":{\"@type\":\"ImageObject\",\"inLanguage\":\"en-US\",\"@id\":\"https:\\\/\\\/nodig.fi\\\/#\\\/schema\\\/logo\\\/image\\\/\",\"url\":\"https:\\\/\\\/nodig.fi\\\/wp-content\\\/uploads\\\/2024\\\/02\\\/no_dig.png\",\"contentUrl\":\"https:\\\/\\\/nodig.fi\\\/wp-content\\\/uploads\\\/2024\\\/02\\\/no_dig.png\",\"width\":814,\"height\":814,\"caption\":\"Tallbacka No Dig Oy Ab\"},\"image\":{\"@id\":\"https:\\\/\\\/nodig.fi\\\/#\\\/schema\\\/logo\\\/image\\\/\"},\"sameAs\":[\"https:\\\/\\\/www.facebook.com\\\/TallbackaNoDig\\\/\"]}]}<\/script>\n<!-- \/ Yoast SEO plugin. -->","yoast_head_json":{"title":"Frukter - Tallbacka Tr\u00e4dg\u00e5rd\/Dialog","robots":{"index":"index","follow":"follow","max-snippet":"max-snippet:-1","max-image-preview":"max-image-preview:large","max-video-preview":"max-video-preview:-1"},"canonical":"https:\/\/nodig.fi\/frukter\/","og_locale":"en_US","og_type":"article","og_title":"Frukter - Tallbacka Tr\u00e4dg\u00e5rd\/Dialog","og_description":"Fruit PLUM TREES We have 9 varieties of plums and this year we are going to get cherry plum varieties. Why? \u201dAltogether 1420 in the Shire was a marvellous year. Not only was there wonderful sunshine and delicious rain, in due times and perfect measure, but there seemed something more: an air of richness and [&hellip;]","og_url":"https:\/\/nodig.fi\/frukter\/","og_site_name":"Tallbacka Tr\u00e4dg\u00e5rd\/Dialog","article_publisher":"https:\/\/www.facebook.com\/TallbackaNoDig\/","article_modified_time":"2024-02-28T15:22:34+00:00","og_image":[{"url":"https:\/\/nodig.fi\/wp-content\/uploads\/2021\/03\/frukt1.jpg","type":"","width":"","height":""}],"twitter_card":"summary_large_image","twitter_misc":{"Est. reading time":"2 minutes"},"schema":{"@context":"https:\/\/schema.org","@graph":[{"@type":"WebPage","@id":"https:\/\/nodig.fi\/frukter\/","url":"https:\/\/nodig.fi\/frukter\/","name":"Frukter - Tallbacka Tr\u00e4dg\u00e5rd\/Dialog","isPartOf":{"@id":"https:\/\/nodig.fi\/#website"},"primaryImageOfPage":{"@id":"https:\/\/nodig.fi\/frukter\/#primaryimage"},"image":{"@id":"https:\/\/nodig.fi\/frukter\/#primaryimage"},"thumbnailUrl":"https:\/\/nodig.fi\/wp-content\/uploads\/2021\/03\/frukt1.jpg","datePublished":"2021-03-29T12:12:07+00:00","dateModified":"2024-02-28T15:22:34+00:00","breadcrumb":{"@id":"https:\/\/nodig.fi\/frukter\/#breadcrumb"},"inLanguage":"en-US","potentialAction":[{"@type":"ReadAction","target":["https:\/\/nodig.fi\/frukter\/"]}]},{"@type":"ImageObject","inLanguage":"en-US","@id":"https:\/\/nodig.fi\/frukter\/#primaryimage","url":"https:\/\/nodig.fi\/wp-content\/uploads\/2021\/03\/frukt1.jpg","contentUrl":"https:\/\/nodig.fi\/wp-content\/uploads\/2021\/03\/frukt1.jpg"},{"@type":"BreadcrumbList","@id":"https:\/\/nodig.fi\/frukter\/#breadcrumb","itemListElement":[{"@type":"ListItem","position":1,"name":"Hem","item":"https:\/\/nodig.fi\/"},{"@type":"ListItem","position":2,"name":"Frukter"}]},{"@type":"WebSite","@id":"https:\/\/nodig.fi\/#website","url":"https:\/\/nodig.fi\/","name":"Nodig - Tallbacka Tr\u00e4dg\u00e5rd","description":"","publisher":{"@id":"https:\/\/nodig.fi\/#organization"},"potentialAction":[{"@type":"SearchAction","target":{"@type":"EntryPoint","urlTemplate":"https:\/\/nodig.fi\/?s={search_term_string}"},"query-input":{"@type":"PropertyValueSpecification","valueRequired":true,"valueName":"search_term_string"}}],"inLanguage":"en-US"},{"@type":"Organization","@id":"https:\/\/nodig.fi\/#organization","name":"Tallbacka No Dig Oy Ab","url":"https:\/\/nodig.fi\/","logo":{"@type":"ImageObject","inLanguage":"en-US","@id":"https:\/\/nodig.fi\/#\/schema\/logo\/image\/","url":"https:\/\/nodig.fi\/wp-content\/uploads\/2024\/02\/no_dig.png","contentUrl":"https:\/\/nodig.fi\/wp-content\/uploads\/2024\/02\/no_dig.png","width":814,"height":814,"caption":"Tallbacka No Dig Oy Ab"},"image":{"@id":"https:\/\/nodig.fi\/#\/schema\/logo\/image\/"},"sameAs":["https:\/\/www.facebook.com\/TallbackaNoDig\/"]}]}},"_links":{"self":[{"href":"https:\/\/nodig.fi\/en\/wp-json\/wp\/v2\/pages\/1485","targetHints":{"allow":["GET"]}}],"collection":[{"href":"https:\/\/nodig.fi\/en\/wp-json\/wp\/v2\/pages"}],"about":[{"href":"https:\/\/nodig.fi\/en\/wp-json\/wp\/v2\/types\/page"}],"author":[{"embeddable":true,"href":"https:\/\/nodig.fi\/en\/wp-json\/wp\/v2\/users\/1"}],"replies":[{"embeddable":true,"href":"https:\/\/nodig.fi\/en\/wp-json\/wp\/v2\/comments?post=1485"}],"version-history":[{"count":5,"href":"https:\/\/nodig.fi\/en\/wp-json\/wp\/v2\/pages\/1485\/revisions"}],"predecessor-version":[{"id":3123,"href":"https:\/\/nodig.fi\/en\/wp-json\/wp\/v2\/pages\/1485\/revisions\/3123"}],"wp:attachment":[{"href":"https:\/\/nodig.fi\/en\/wp-json\/wp\/v2\/media?parent=1485"}],"curies":[{"name":"wp","href":"https:\/\/api.w.org\/{rel}","templated":true}]}}